{"id":90148,"date":"2026-04-11T12:39:40","date_gmt":"2026-04-11T12:39:40","guid":{"rendered":"https:\/\/leniro.ee\/toode\/tap-and-drill-set-20-pcs\/"},"modified":"2026-04-11T12:39:41","modified_gmt":"2026-04-11T12:39:41","slug":"tap-and-drill-set-20-pcs","status":"publish","type":"product","link":"https:\/\/leniro.ee\/fi\/toode\/tap-and-drill-set-20-pcs\/","title":{"rendered":"Tap and drill set, 20 pcs"},"content":{"rendered":"<p>Set of screw-taps and drills.<\/p>","protected":false},"excerpt":{"rendered":"<ul>\n<li>made of HSS high-speed steel;<\/li>\n<li>packed in a durable, metal cage;<\/li>\n<li>7 screw-taps (M3, M4, M5, M6, M8, M10, M12);<\/li>\n<li>7 drills (\u00d8 2.5 mm, \u00d8 3.3 mm, \u00d8 4.2 mm, \u00d8 5.0 mm, \u00d8 6.8 mm, \u00d8 8.5 mm, \u00d8 10.2 mm);<\/li>\n<li>handle for screw-taps.<\/li>\n<\/ul>","protected":false},"featured_media":88360,"comment_status":"closed","ping_status":"open","template":"","meta":{"site-sidebar-layout":"default","site-content-layout":"","ast-site-content-layout":"default","site-content-style":"default","site-sidebar-style":"default","ast-global-header-display":"","ast-banner-title-visibility":"","ast-main-header-display":"","ast-hfb-above-header-display":"","ast-hfb-below-header-display":"","ast-hfb-mobile-header-display":"","site-post-title":"","ast-breadcrumbs-content":"","ast-featured-img":"","footer-sml-layout":"","ast-disable-related-posts":"","theme-transparent-header-meta":"","adv-header-id-meta":"","stick-header-meta":"","header-above-stick-meta":"","header-main-stick-meta":"","header-below-stick-meta":"","astra-migrate-meta-layouts":"default","ast-page-background-enabled":"default","ast-page-background-meta":{"desktop":{"background-color":"var(--ast-global-color-5)","background-image":"","background-repeat":"repeat","background-position":"center center","background-size":"auto","background-attachment":"scroll","background-type":"","background-media":"","overlay-type":"","overlay-color":"","overlay-opacity":"","overlay-gradient":""},"tablet":{"background-color":"","background-image":"","background-repeat":"repeat","background-position":"center center","background-size":"auto","background-attachment":"scroll","background-type":"","background-media":"","overlay-type":"","overlay-color":"","overlay-opacity":"","overlay-gradient":""},"mobile":{"background-color":"","background-image":"","background-repeat":"repeat","background-position":"center center","background-size":"auto","background-attachment":"scroll","background-type":"","background-media":"","overlay-type":"","overlay-color":"","overlay-opacity":"","overlay-gradient":""}},"ast-content-background-meta":{"desktop":{"background-color":"var(--ast-global-color-4)","background-image":"","background-repeat":"repeat","background-position":"center center","background-size":"auto","background-attachment":"scroll","background-type":"","background-media":"","overlay-type":"","overlay-color":"","overlay-opacity":"","overlay-gradient":""},"tablet":{"background-color":"var(--ast-global-color-4)","background-image":"","background-repeat":"repeat","background-position":"center center","background-size":"auto","background-attachment":"scroll","background-type":"","background-media":"","overlay-type":"","overlay-color":"","overlay-opacity":"","overlay-gradient":""},"mobile":{"background-color":"var(--ast-global-color-4)","background-image":"","background-repeat":"repeat","background-position":"center center","background-size":"auto","background-attachment":"scroll","background-type":"","background-media":"","overlay-type":"","overlay-color":"","overlay-opacity":"","overlay-gradient":""}}},"product_brand":[],"product_cat":[7156,7039,7040,7152,7155],"product_tag":[],"class_list":{"0":"post-90148","1":"product","2":"type-product","3":"status-publish","4":"has-post-thumbnail","6":"product_cat-screw-taps-and-drills-set-15-pcs","7":"product_cat-tools","8":"product_cat-ade","9":"product_cat-taps-and-dies","10":"product_cat-taps-and-drills-set","11":"desktop-align-left","12":"tablet-align-left","13":"mobile-align-left","15":"first","16":"instock","17":"taxable","18":"shipping-taxable","19":"product-type-simple"},"_links":{"self":[{"href":"https:\/\/leniro.ee\/fi\/wp-json\/wp\/v2\/product\/90148","targetHints":{"allow":["GET"]}}],"collection":[{"href":"https:\/\/leniro.ee\/fi\/wp-json\/wp\/v2\/product"}],"about":[{"href":"https:\/\/leniro.ee\/fi\/wp-json\/wp\/v2\/types\/product"}],"replies":[{"embeddable":true,"href":"https:\/\/leniro.ee\/fi\/wp-json\/wp\/v2\/comments?post=90148"}],"wp:featuredmedia":[{"embeddable":true,"href":"https:\/\/leniro.ee\/fi\/wp-json\/wp\/v2\/media\/88360"}],"wp:attachment":[{"href":"https:\/\/leniro.ee\/fi\/wp-json\/wp\/v2\/media?parent=90148"}],"wp:term":[{"taxonomy":"product_brand","embeddable":true,"href":"https:\/\/leniro.ee\/fi\/wp-json\/wp\/v2\/product_brand?post=90148"},{"taxonomy":"product_cat","embeddable":true,"href":"https:\/\/leniro.ee\/fi\/wp-json\/wp\/v2\/product_cat?post=90148"},{"taxonomy":"product_tag","embeddable":true,"href":"https:\/\/leniro.ee\/fi\/wp-json\/wp\/v2\/product_tag?post=90148"}],"curies":[{"name":"wp","href":"https:\/\/api.w.org\/{rel}","templated":true}]}}