{"id":86851,"date":"2026-04-03T18:58:53","date_gmt":"2026-04-03T18:58:53","guid":{"rendered":"https:\/\/leniro.ee\/toode\/3-8kw-gasoline-generator-inwertorowy\/"},"modified":"2026-04-03T18:58:56","modified_gmt":"2026-04-03T18:58:56","slug":"3-8kw-gasoline-generator-inwertorowy","status":"publish","type":"product","link":"https:\/\/leniro.ee\/fi\/toode\/3-8kw-gasoline-generator-inwertorowy\/","title":{"rendered":"3.8KW GASOLINE GENERATOR INWERTOROWY"},"content":{"rendered":"<\/p>\n<table width=\"480\">\n<tbody>\n<tr>\n<td width=\"141\"><\/td>\n<td style=\"text-align:center;\" width=\"176\"><\/td>\n<\/tr>\n<tr>\n<td width=\"141\"><span class=\"HwtZe\" lang=\"en\" xml_lang=\"en\"><span class=\"jCAhz ChMk0b\"><span class=\"ryNqvb\"><strong>Tyyppi<\/strong> <br \/><\/span><\/span><\/span><\/td>\n<td width=\"176\"><span class=\"HwtZe\" lang=\"en\" xml_lang=\"en\"><span class=\"jCAhz ChMk0b\"><span class=\"ryNqvb\">Inverter power generator 3.8 KW<\/span><\/span><\/span><\/td>\n<\/tr>\n<tr>\n<td width=\"141\"><strong><span style=\"color:#060505;\"><\/span><\/strong><span class=\"HwtZe\" lang=\"en\" xml_lang=\"en\"><span class=\"jCAhz ChMk0b\"><span class=\"ryNqvb\">Nimellistaajuus (Hz) <br \/><\/span><\/span><\/span><\/td>\n<td style=\"text-align:center;\" width=\"176\"><span class=\"HwtZe\" lang=\"en\" xml_lang=\"en\"><span class=\"jCAhz ChMk0b\"><span class=\"ryNqvb\">50Hz<\/span><\/span><\/span><\/td>\n<\/tr>\n<tr>\n<td width=\"141\"><span class=\"HwtZe\" lang=\"en\" xml_lang=\"en\"><span class=\"jCAhz ChMk0b\"><span class=\"ryNqvb\">Nimellisj\u00e4nnite (AC) <br \/><\/span><\/span><\/span><\/td>\n<td style=\"text-align:center;\" width=\"176\"><span class=\"HwtZe\" lang=\"en\" xml_lang=\"en\"><span class=\"jCAhz ChMk0b\"><span class=\"ryNqvb\">230V<\/span><\/span><\/span><\/td>\n<\/tr>\n<tr>\n<td width=\"141\"><span class=\"HwtZe\" lang=\"en\" xml_lang=\"en\"><span class=\"jCAhz ChMk0b\"><span class=\"ryNqvb\">Nimellisteho (kW)<br \/><\/span><\/span><\/span><\/td>\n<td style=\"text-align:center;\" width=\"176\">3.6<\/td>\n<\/tr>\n<tr>\n<td width=\"141\"><span class=\"HwtZe\" lang=\"en\" xml_lang=\"en\"><span class=\"jCAhz ChMk0b\"><span class=\"ryNqvb\">Suurin l\u00e4ht\u00f6teho (kW)<\/span><\/span><\/span><\/td>\n<td style=\"text-align:center;\" width=\"176\">3.8<\/td>\n<\/tr>\n<tr>\n<td width=\"141\"><span class=\"HwtZe\" lang=\"en\" xml_lang=\"en\"><span class=\"jCAhz ChMk0b\"><span class=\"ryNqvb\">Pistorasioiden m\u00e4\u00e4r\u00e4<\/span><\/span><\/span><\/td>\n<td style=\"text-align:center;\" width=\"176\">2<\/td>\n<\/tr>\n<tr>\n<td width=\"141\"><span class=\"HwtZe\" lang=\"en\" xml_lang=\"en\"><span class=\"jCAhz ChMk0b\"><span class=\"ryNqvb\">THD <br \/><\/span><\/span><\/span><\/td>\n<td style=\"text-align:center;\" width=\"176\"><span class=\"HwtZe\" lang=\"en\" xml_lang=\"en\"><span class=\"jCAhz ChMk0b\"><span class=\"ryNqvb\">\u22643%<\/span><\/span><\/span><\/td>\n<\/tr>\n<tr>\n<td width=\"141\"><span class=\"HwtZe\" lang=\"en\" xml_lang=\"en\"><span class=\"jCAhz ChMk0b\"><span class=\"ryNqvb\">K\u00e4\u00e4mitys<\/span><\/span><\/span><\/td>\n<td style=\"text-align:center;\" width=\"176\">100% kupari<\/td>\n<\/tr>\n<tr>\n<td width=\"141\"><span class=\"HwtZe\" lang=\"en\" xml_lang=\"en\"><span class=\"jCAhz ChMk0b\"><span class=\"ryNqvb\">Tehokerroin <\/span><\/span><\/span><\/td>\n<td style=\"text-align:center;\" width=\"176\">1.0<\/td>\n<\/tr>\n<tr>\n<td width=\"141\"><span class=\"HwtZe\" lang=\"en\" xml_lang=\"en\"><span class=\"jCAhz ChMk0b C1N51c\"><span class=\"ryNqvb\">Latausj\u00e4nnite (DC)(V)<\/span><\/span><\/span><\/td>\n<td style=\"text-align:center;\" width=\"176\">12<\/td>\n<\/tr>\n<tr>\n<td width=\"141\"><span class=\"HwtZe\" lang=\"en\" xml_lang=\"en\"><span class=\"jCAhz ChMk0b C1N51c\"><span class=\"ryNqvb\">Latausvirta (DC)(A)<\/span><\/span><\/span><\/td>\n<td style=\"text-align:center;\" width=\"176\">8.3<\/td>\n<\/tr>\n<tr>\n<td width=\"141\"><span class=\"HwtZe\" lang=\"en\" xml_lang=\"en\"><span class=\"jCAhz ChMk0b\"><span class=\"ryNqvb\">Vaihe <br \/><\/span><\/span><\/span><\/td>\n<td style=\"text-align:center;\" width=\"176\"><span class=\"HwtZe\" lang=\"en\" xml_lang=\"en\"><span class=\"jCAhz ChMk0b\"><span class=\"ryNqvb\">Yksivaiheinen<\/span><\/span><\/span><\/td>\n<\/tr>\n<tr>\n<td width=\"141\"><span class=\"HwtZe\" lang=\"en\" xml_lang=\"en\"><span class=\"jCAhz ChMk0b\"><span class=\"ryNqvb\">Moottori<\/span><\/span><\/span><\/td>\n<td style=\"text-align:center;\" width=\"176\"><span class=\"HwtZe\" lang=\"en\" xml_lang=\"en\"><span class=\"jCAhz ChMk0b\"><span class=\"ryNqvb\">SA170<\/span><\/span><\/span><\/td>\n<\/tr>\n<tr>\n<td width=\"141\"><span class=\"HwtZe\" lang=\"en\" xml_lang=\"en\"><span class=\"jCAhz ChMk0b\"><span class=\"ryNqvb\">Moottorin tyyppi <br \/><\/span><\/span><\/span><\/td>\n<td style=\"text-align:center;\" width=\"176\"><span class=\"HwtZe\" lang=\"en\" xml_lang=\"en\"><span class=\"jCAhz ChMk0b\"><span class=\"ryNqvb\">4-tahti, pakkoilmaj\u00e4\u00e4hdytys, OHV<\/span><\/span><\/span><\/td>\n<\/tr>\n<tr>\n<td width=\"141\"><span class=\"HwtZe\" lang=\"en\" xml_lang=\"en\"><span class=\"jCAhz ChMk0b\"><span class=\"ryNqvb\">Kapasiteetti (cc)<\/span><\/span><\/span><\/td>\n<td style=\"text-align:center;\" width=\"176\">223<\/td>\n<\/tr>\n<tr>\n<td width=\"141\"><span class=\"HwtZe\" lang=\"en\" xml_lang=\"en\"><span class=\"jCAhz ChMk0b\"><span class=\"ryNqvb\">Polttoainetyyppi <br \/><\/span><\/span><\/span><\/td>\n<td style=\"text-align:center;\" width=\"176\"><span class=\"HwtZe\" lang=\"en\" xml_lang=\"en\"><span class=\"jCAhz ChMk0b\"><span class=\"ryNqvb\">Lyijyt\u00f6n bensiini<\/span><\/span><\/span><\/td>\n<\/tr>\n<tr>\n<td width=\"141\"><span class=\"HwtZe\" lang=\"en\" xml_lang=\"en\"><span class=\"jCAhz ChMk0b\"><span class=\"ryNqvb\">Polttoaines\u00e4ili\u00f6n tilavuus (L)<\/span><\/span><\/span><\/td>\n<td style=\"text-align:center;\" width=\"176\">15<\/td>\n<\/tr>\n<tr>\n<td width=\"141\"><span class=\"HwtZe\" lang=\"en\" xml_lang=\"en\"><span class=\"jCAhz ChMk0b\"><span class=\"ryNqvb\">Polttoaineen kulutus (g\/KW)<\/span><\/span><\/span><\/td>\n<td style=\"text-align:center;\" width=\"176\">390<\/td>\n<\/tr>\n<tr>\n<td width=\"141\"><span class=\"HwtZe\" lang=\"en\" xml_lang=\"en\"><span class=\"jCAhz ChMk0b\"><span class=\"ryNqvb\">Jatkuva k\u00e4ytt\u00f6aika (nimellisteholla) (h)<\/span><\/span><\/span><\/td>\n<td style=\"text-align:center;\" width=\"176\">8<\/td>\n<\/tr>\n<tr>\n<td width=\"141\"><span class=\"HwtZe\" lang=\"en\" xml_lang=\"en\"><span class=\"jCAhz ChMk0b C1N51c\"><span class=\"ryNqvb\">\u00d6ljytilavuus (L)<\/span><\/span><\/span><\/td>\n<td style=\"text-align:center;\" width=\"176\">0.6<\/td>\n<\/tr>\n<tr>\n<td width=\"141\"><span class=\"HwtZe\" lang=\"en\" xml_lang=\"en\"><span class=\"jCAhz ChMk0b\"><span class=\"ryNqvb\">Sytytystulpan malli <br \/><\/span><\/span><\/span><\/td>\n<td style=\"text-align:center;\" width=\"176\"><span class=\"HwtZe\" lang=\"en\" xml_lang=\"en\"><span class=\"jCAhz ChMk0b\"><span class=\"ryNqvb\">F7TC\/F7RTJC<\/span><\/span><\/span><\/td>\n<\/tr>\n<tr>\n<td width=\"141\"><span class=\"HwtZe\" lang=\"en\" xml_lang=\"en\"><span class=\"jCAhz ChMk0b\"><span class=\"ryNqvb\">K\u00e4ynnistystila Manuaalinen k\u00e4ynnistys<\/span><\/span><\/span><\/td>\n<td style=\"text-align:center;\" width=\"176\"><span class=\"HwtZe\" lang=\"en\" xml_lang=\"en\"><span class=\"jCAhz ChMk0b\"><span class=\"ryNqvb\">Manual start<\/span><\/span><\/span><\/td>\n<\/tr>\n<tr>\n<td width=\"141\"><span class=\"HwtZe\" lang=\"en\" xml_lang=\"en\"><span class=\"jCAhz ChMk0b C1N51c\"><span class=\"ryNqvb\">3-in-1-merkkivalo<\/span><\/span><\/span><\/td>\n<td style=\"text-align:center;\" width=\"176\">Kyll\u00e4<\/td>\n<\/tr>\n<tr>\n<td width=\"141\"><span class=\"HwtZe\" lang=\"en\" xml_lang=\"en\"><span class=\"jCAhz ChMk0b\"><span class=\"ryNqvb\">3-in-1 digitaalinen paneeli<\/span><\/span><\/span><\/td>\n<td style=\"text-align:center;\" width=\"176\">Kyll\u00e4<\/td>\n<\/tr>\n<tr>\n<td width=\"141\"><span class=\"HwtZe\" lang=\"en\" xml_lang=\"en\"><span class=\"jCAhz ChMk0b\"><span class=\"ryNqvb\">Alhainen h\u00e4lytys<\/span><\/span><span class=\"jCAhz\"><span class=\"ryNqvb\"> <\/span><\/span><span class=\"jCAhz ChMk0b\"><span class=\"ryNqvb\">\u00f6ljytaso<\/span><\/span><\/span><\/td>\n<td style=\"text-align:center;\" width=\"176\">Kyll\u00e4<\/td>\n<\/tr>\n<tr>\n<td width=\"141\"><span class=\"HwtZe\" lang=\"en\" xml_lang=\"en\"><span class=\"jCAhz ChMk0b\"><span class=\"ryNqvb\">L\u00d7L\u00d7K (mm) <br \/><\/span><\/span><\/span><\/td>\n<td style=\"text-align:center;\" width=\"176\"><span class=\"HwtZe\" lang=\"en\" xml_lang=\"en\"><span class=\"jCAhz ChMk0b\"><span class=\"ryNqvb\">570x450x510<\/span><\/span><\/span><\/td>\n<\/tr>\n<tr>\n<td width=\"141\"><span class=\"HwtZe\" lang=\"en\" xml_lang=\"en\"><span class=\"jCAhz ChMk0b\"><span class=\"ryNqvb\">Nettopaino (kg) <br \/><\/span><\/span><\/span><\/td>\n<td style=\"text-align:center;\" width=\"176\">28<\/td>\n<\/tr>\n<\/tbody>\n<\/table><\/p>","protected":false},"excerpt":{"rendered":"<p>Type Inverter power generator 3.8 KW Rated frequency (Hz) 50Hz Rated voltage (AC) 230V Rated output power (kW) 3.6 Maximum [&hellip;]<\/p>\n","protected":false},"featured_media":86852,"comment_status":"closed","ping_status":"open","template":"","meta":{"site-sidebar-layout":"default","site-content-layout":"","ast-site-content-layout":"default","site-content-style":"default","site-sidebar-style":"default","ast-global-header-display":"","ast-banner-title-visibility":"","ast-main-header-display":"","ast-hfb-above-header-display":"","ast-hfb-below-header-display":"","ast-hfb-mobile-header-display":"","site-post-title":"","ast-breadcrumbs-content":"","ast-featured-img":"","footer-sml-layout":"","ast-disable-related-posts":"","theme-transparent-header-meta":"","adv-header-id-meta":"","stick-header-meta":"","header-above-stick-meta":"","header-main-stick-meta":"","header-below-stick-meta":"","astra-migrate-meta-layouts":"default","ast-page-background-enabled":"default","ast-page-background-meta":{"desktop":{"background-color":"var(--ast-global-color-5)","background-image":"","background-repeat":"repeat","background-position":"center center","background-size":"auto","background-attachment":"scroll","background-type":"","background-media":"","overlay-type":"","overlay-color":"","overlay-opacity":"","overlay-gradient":""},"tablet":{"background-color":"","background-image":"","background-repeat":"repeat","background-position":"center center","background-size":"auto","background-attachment":"scroll","background-type":"","background-media":"","overlay-type":"","overlay-color":"","overlay-opacity":"","overlay-gradient":""},"mobile":{"background-color":"","background-image":"","background-repeat":"repeat","background-position":"center center","background-size":"auto","background-attachment":"scroll","background-type":"","background-media":"","overlay-type":"","overlay-color":"","overlay-opacity":"","overlay-gradient":""}},"ast-content-background-meta":{"desktop":{"background-color":"var(--ast-global-color-4)","background-image":"","background-repeat":"repeat","background-position":"center center","background-size":"auto","background-attachment":"scroll","background-type":"","background-media":"","overlay-type":"","overlay-color":"","overlay-opacity":"","overlay-gradient":""},"tablet":{"background-color":"var(--ast-global-color-4)","background-image":"","background-repeat":"repeat","background-position":"center center","background-size":"auto","background-attachment":"scroll","background-type":"","background-media":"","overlay-type":"","overlay-color":"","overlay-opacity":"","overlay-gradient":""},"mobile":{"background-color":"var(--ast-global-color-4)","background-image":"","background-repeat":"repeat","background-position":"center center","background-size":"auto","background-attachment":"scroll","background-type":"","background-media":"","overlay-type":"","overlay-color":"","overlay-opacity":"","overlay-gradient":""}}},"product_brand":[21],"product_cat":[4385],"product_tag":[],"class_list":{"0":"post-86851","1":"product","2":"type-product","3":"status-publish","4":"has-post-thumbnail","6":"product_brand-satra","7":"product_cat-home","8":"desktop-align-left","9":"tablet-align-left","10":"mobile-align-left","12":"first","13":"instock","14":"taxable","15":"shipping-taxable","16":"purchasable","17":"product-type-simple"},"_links":{"self":[{"href":"https:\/\/leniro.ee\/fi\/wp-json\/wp\/v2\/product\/86851","targetHints":{"allow":["GET"]}}],"collection":[{"href":"https:\/\/leniro.ee\/fi\/wp-json\/wp\/v2\/product"}],"about":[{"href":"https:\/\/leniro.ee\/fi\/wp-json\/wp\/v2\/types\/product"}],"replies":[{"embeddable":true,"href":"https:\/\/leniro.ee\/fi\/wp-json\/wp\/v2\/comments?post=86851"}],"wp:featuredmedia":[{"embeddable":true,"href":"https:\/\/leniro.ee\/fi\/wp-json\/wp\/v2\/media\/86852"}],"wp:attachment":[{"href":"https:\/\/leniro.ee\/fi\/wp-json\/wp\/v2\/media?parent=86851"}],"wp:term":[{"taxonomy":"product_brand","embeddable":true,"href":"https:\/\/leniro.ee\/fi\/wp-json\/wp\/v2\/product_brand?post=86851"},{"taxonomy":"product_cat","embeddable":true,"href":"https:\/\/leniro.ee\/fi\/wp-json\/wp\/v2\/product_cat?post=86851"},{"taxonomy":"product_tag","embeddable":true,"href":"https:\/\/leniro.ee\/fi\/wp-json\/wp\/v2\/product_tag?post=86851"}],"curies":[{"name":"wp","href":"https:\/\/api.w.org\/{rel}","templated":true}]}}