{"id":86632,"date":"2026-04-03T18:58:24","date_gmt":"2026-04-03T18:58:24","guid":{"rendered":"https:\/\/leniro.ee\/toode\/1-2-dr-x-triple-square-xzn10-ball-end-bit-socket\/"},"modified":"2026-04-03T18:58:26","modified_gmt":"2026-04-03T18:58:26","slug":"1-2-dr-x-triple-square-xzn10-ball-end-bit-socket","status":"publish","type":"product","link":"https:\/\/leniro.ee\/fi\/toode\/1-2-dr-x-triple-square-xzn10-ball-end-bit-socket\/","title":{"rendered":"1\/2\u2033 DR. X KOLMINKERTAINEN NELIKULMAINEN XZN10 PALLOP\u00c4\u00c4TER\u00c4INEN PISTORASIA"},"content":{"rendered":"<table class=\"MsoNormalTable\" border=\"1\" cellpadding=\"0\" width=\"482\" style=\"height:358px;border:1pt solid;\">\n<tbody>\n<tr>\n<td style=\"border:1pt solid;padding:.75pt;\">\n<p class=\"MsoNormal\" align=\"center\" style=\"margin-bottom:.0001pt;text-align:center;line-height:normal;\"><span style=\"font-size:10pt;font-family:'Calibri Light', 'sans-serif';color:#0e0c0c;\">Audi<\/span><\/p>\n<\/p>\n<\/td>\n<td style=\"border:1pt solid;padding:.75pt;\">\n<p class=\"MsoNormal\" align=\"center\" style=\"margin-bottom:.0001pt;text-align:center;line-height:normal;\"><span style=\"font-size:10pt;font-family:'Calibri Light', 'sans-serif';color:#0e0c0c;\">A3 8P<\/span><\/p>\n<\/p>\n<\/td>\n<td style=\"border:1pt solid;padding:.75pt;\">\n<p class=\"MsoNormal\" align=\"center\" style=\"margin-bottom:.0001pt;text-align:center;line-height:normal;\"><span style=\"font-size:10pt;font-family:'Calibri Light', 'sans-serif';color:#0e0c0c;\">FWD<\/span><\/p>\n<\/p>\n<\/td>\n<td style=\"border:1pt solid;padding:.75pt;\">\n<p class=\"MsoNormal\" align=\"center\" style=\"margin-bottom:.0001pt;text-align:center;line-height:normal;\"><span style=\"font-size:10pt;font-family:'Calibri Light', 'sans-serif';color:#0e0c0c;\">2.0T<\/span><\/p>\n<\/p>\n<\/td>\n<\/tr>\n<tr>\n<td style=\"border:1pt solid;padding:.75pt;\">\n<p class=\"MsoNormal\" align=\"center\" style=\"margin-bottom:.0001pt;text-align:center;line-height:normal;\"><span style=\"font-size:10pt;font-family:'Calibri Light', 'sans-serif';color:#0e0c0c;\">Audi<\/span><\/p>\n<\/p>\n<\/td>\n<td style=\"border:1pt solid;padding:.75pt;\">\n<p class=\"MsoNormal\" align=\"center\" style=\"margin-bottom:.0001pt;text-align:center;line-height:normal;\"><span style=\"font-size:10pt;font-family:'Calibri Light', 'sans-serif';color:#0e0c0c;\">A3 8P<\/span><\/p>\n<\/p>\n<\/td>\n<td style=\"border:1pt solid;padding:.75pt;\">\n<p class=\"MsoNormal\" align=\"center\" style=\"margin-bottom:.0001pt;text-align:center;line-height:normal;\"><span style=\"font-size:10pt;font-family:'Calibri Light', 'sans-serif';color:#0e0c0c;\">FWD<\/span><\/p>\n<\/p>\n<\/td>\n<td style=\"border:1pt solid;padding:.75pt;\">\n<p class=\"MsoNormal\" align=\"center\" style=\"margin-bottom:.0001pt;text-align:center;line-height:normal;\"><span style=\"font-size:10pt;font-family:'Calibri Light', 'sans-serif';color:#0e0c0c;\">TDI<\/span><\/p>\n<\/p>\n<\/td>\n<\/tr>\n<tr>\n<td style=\"border:1pt solid;padding:.75pt;\">\n<p class=\"MsoNormal\" align=\"center\" style=\"margin-bottom:.0001pt;text-align:center;line-height:normal;\"><span style=\"font-size:10pt;font-family:'Calibri Light', 'sans-serif';color:#0e0c0c;\">Audi<\/span><\/p>\n<\/p>\n<\/td>\n<td style=\"border:1pt solid;padding:.75pt;\">\n<p class=\"MsoNormal\" align=\"center\" style=\"margin-bottom:.0001pt;text-align:center;line-height:normal;\"><span style=\"font-size:10pt;font-family:'Calibri Light', 'sans-serif';color:#0e0c0c;\">A3 8P<\/span><\/p>\n<\/p>\n<\/td>\n<td style=\"border:1pt solid;padding:.75pt;\">\n<p class=\"MsoNormal\" align=\"center\" style=\"margin-bottom:.0001pt;text-align:center;line-height:normal;\"><span style=\"font-size:10pt;font-family:'Calibri Light', 'sans-serif';color:#0e0c0c;\">Quattro<\/span><\/p>\n<\/p>\n<\/td>\n<td style=\"border:1pt solid;padding:.75pt;\">\n<p class=\"MsoNormal\" align=\"center\" style=\"margin-bottom:.0001pt;text-align:center;line-height:normal;\"><span style=\"font-size:10pt;font-family:'Calibri Light', 'sans-serif';color:#0e0c0c;\">2.0T<\/span><\/p>\n<\/p>\n<\/td>\n<\/tr>\n<tr>\n<td style=\"border:1pt solid;padding:.75pt;\">\n<p class=\"MsoNormal\" align=\"center\" style=\"margin-bottom:.0001pt;text-align:center;line-height:normal;\"><span style=\"font-size:10pt;font-family:'Calibri Light', 'sans-serif';color:#0e0c0c;\">Audi<\/span><\/p>\n<\/p>\n<\/td>\n<td style=\"border:1pt solid;padding:.75pt;\">\n<p class=\"MsoNormal\" align=\"center\" style=\"margin-bottom:.0001pt;text-align:center;line-height:normal;\"><span style=\"font-size:10pt;font-family:'Calibri Light', 'sans-serif';color:#0e0c0c;\">A3 8P<\/span><\/p>\n<\/p>\n<\/td>\n<td style=\"border:1pt solid;padding:.75pt;\">\n<p class=\"MsoNormal\" align=\"center\" style=\"margin-bottom:.0001pt;text-align:center;line-height:normal;\"><span style=\"font-size:10pt;font-family:'Calibri Light', 'sans-serif';color:#0e0c0c;\">Quattro<\/span><\/p>\n<\/p>\n<\/td>\n<td style=\"border:1pt solid;padding:.75pt;\">\n<p class=\"MsoNormal\" align=\"center\" style=\"margin-bottom:.0001pt;text-align:center;line-height:normal;\"><span style=\"font-size:10pt;font-family:'Calibri Light', 'sans-serif';color:#0e0c0c;\">3.2L<\/span><\/p>\n<\/p>\n<\/td>\n<\/tr>\n<tr>\n<td style=\"border:1pt solid;padding:.75pt;\">\n<p class=\"MsoNormal\" align=\"center\" style=\"margin-bottom:.0001pt;text-align:center;line-height:normal;\"><span style=\"font-size:10pt;font-family:'Calibri Light', 'sans-serif';color:#0e0c0c;\">Audi<\/span><\/p>\n<\/p>\n<\/td>\n<td style=\"border:1pt solid;padding:.75pt;\">\n<p class=\"MsoNormal\" align=\"center\" style=\"margin-bottom:.0001pt;text-align:center;line-height:normal;\"><span style=\"font-size:10pt;font-family:'Calibri Light', 'sans-serif';color:#0e0c0c;\">A3 8P<\/span><\/p>\n<\/p>\n<\/td>\n<td style=\"border:1pt solid;padding:.75pt;\">\n<p class=\"MsoNormal\" align=\"center\" style=\"margin-bottom:.0001pt;text-align:center;line-height:normal;\"><span style=\"font-size:10pt;font-family:'Calibri Light', 'sans-serif';color:#0e0c0c;\">Quattro<\/span><\/p>\n<\/p>\n<\/td>\n<td style=\"border:1pt solid;padding:.75pt;\">\n<p class=\"MsoNormal\" align=\"center\" style=\"margin-bottom:.0001pt;text-align:center;line-height:normal;\"><span style=\"font-size:10pt;font-family:'Calibri Light', 'sans-serif';color:#0e0c0c;\">V6 3.2L<\/span><\/p>\n<\/p>\n<\/td>\n<\/tr>\n<tr>\n<td style=\"border:1pt solid;padding:.75pt;\">\n<p class=\"MsoNormal\" align=\"center\" style=\"margin-bottom:.0001pt;text-align:center;line-height:normal;\"><span style=\"font-size:10pt;font-family:'Calibri Light', 'sans-serif';color:#0e0c0c;\">Audi<\/span><\/p>\n<\/p>\n<\/td>\n<td style=\"border:1pt solid;padding:.75pt;\">\n<p class=\"MsoNormal\" align=\"center\" style=\"margin-bottom:.0001pt;text-align:center;line-height:normal;\"><span style=\"font-size:10pt;font-family:'Calibri Light', 'sans-serif';color:#0e0c0c;\">A3 8V<\/span><\/p>\n<\/p>\n<\/td>\n<td style=\"border:1pt solid;padding:.75pt;\">\n<p class=\"MsoNormal\" align=\"center\" style=\"margin-bottom:.0001pt;text-align:center;line-height:normal;\"><span style=\"font-size:10pt;font-family:'Calibri Light', 'sans-serif';color:#0e0c0c;\">FWD<\/span><\/p>\n<\/p>\n<\/td>\n<td style=\"border:1pt solid;padding:.75pt;\">\n<p class=\"MsoNormal\" align=\"center\" style=\"margin-bottom:.0001pt;text-align:center;line-height:normal;\"><span style=\"font-size:10pt;font-family:'Calibri Light', 'sans-serif';color:#0e0c0c;\">1.4 e-tron<\/span><\/p>\n<\/p>\n<\/td>\n<\/tr>\n<tr>\n<td style=\"border:1pt solid;padding:.75pt;\">\n<p class=\"MsoNormal\" align=\"center\" style=\"margin-bottom:.0001pt;text-align:center;line-height:normal;\"><span style=\"font-size:10pt;font-family:'Calibri Light', 'sans-serif';color:#0e0c0c;\">Audi<\/span><\/p>\n<\/p>\n<\/td>\n<td style=\"border:1pt solid;padding:.75pt;\">\n<p class=\"MsoNormal\" align=\"center\" style=\"margin-bottom:.0001pt;text-align:center;line-height:normal;\"><span style=\"font-size:10pt;font-family:'Calibri Light', 'sans-serif';color:#0e0c0c;\">A3 8V<\/span><\/p>\n<\/p>\n<\/td>\n<td style=\"border:1pt solid;padding:.75pt;\">\n<p class=\"MsoNormal\" align=\"center\" style=\"margin-bottom:.0001pt;text-align:center;line-height:normal;\"><span style=\"font-size:10pt;font-family:'Calibri Light', 'sans-serif';color:#0e0c0c;\">FWD<\/span><\/p>\n<\/p>\n<\/td>\n<td style=\"border:1pt solid;padding:.75pt;\">\n<p class=\"MsoNormal\" align=\"center\" style=\"margin-bottom:.0001pt;text-align:center;line-height:normal;\"><span style=\"font-size:10pt;font-family:'Calibri Light', 'sans-serif';color:#0e0c0c;\">1.8T<\/span><\/p>\n<\/p>\n<\/td>\n<\/tr>\n<tr>\n<td style=\"border:1pt solid;padding:.75pt;\">\n<p class=\"MsoNormal\" align=\"center\" style=\"margin-bottom:.0001pt;text-align:center;line-height:normal;\"><span style=\"font-size:10pt;font-family:'Calibri Light', 'sans-serif';color:#0e0c0c;\">Audi<\/span><\/p>\n<\/p>\n<\/td>\n<td style=\"border:1pt solid;padding:.75pt;\">\n<p class=\"MsoNormal\" align=\"center\" style=\"margin-bottom:.0001pt;text-align:center;line-height:normal;\"><span style=\"font-size:10pt;font-family:'Calibri Light', 'sans-serif';color:#0e0c0c;\">A3 8V<\/span><\/p>\n<\/p>\n<\/td>\n<td style=\"border:1pt solid;padding:.75pt;\">\n<p class=\"MsoNormal\" align=\"center\" style=\"margin-bottom:.0001pt;text-align:center;line-height:normal;\"><span style=\"font-size:10pt;font-family:'Calibri Light', 'sans-serif';color:#0e0c0c;\">FWD<\/span><\/p>\n<\/p>\n<\/td>\n<td style=\"border:1pt solid;padding:.75pt;\">\n<p class=\"MsoNormal\" align=\"center\" style=\"margin-bottom:.0001pt;text-align:center;line-height:normal;\"><span style=\"font-size:10pt;font-family:'Calibri Light', 'sans-serif';color:#0e0c0c;\">2.0T<\/span><\/p>\n<\/p>\n<\/td>\n<\/tr>\n<tr>\n<td style=\"border:1pt solid;padding:.75pt;\">\n<p class=\"MsoNormal\" align=\"center\" style=\"margin-bottom:.0001pt;text-align:center;line-height:normal;\"><span style=\"font-size:10pt;font-family:'Calibri Light', 'sans-serif';color:#0e0c0c;\">Audi<\/span><\/p>\n<\/p>\n<\/td>\n<td style=\"border:1pt solid;padding:.75pt;\">\n<p class=\"MsoNormal\" align=\"center\" style=\"margin-bottom:.0001pt;text-align:center;line-height:normal;\"><span style=\"font-size:10pt;font-family:'Calibri Light', 'sans-serif';color:#0e0c0c;\">A3 8V<\/span><\/p>\n<\/p>\n<\/td>\n<td style=\"border:1pt solid;padding:.75pt;\">\n<p class=\"MsoNormal\" align=\"center\" style=\"margin-bottom:.0001pt;text-align:center;line-height:normal;\"><span style=\"font-size:10pt;font-family:'Calibri Light', 'sans-serif';color:#0e0c0c;\">FWD<\/span><\/p>\n<\/p>\n<\/td>\n<td style=\"border:1pt solid;padding:.75pt;\">\n<p class=\"MsoNormal\" align=\"center\" style=\"margin-bottom:.0001pt;text-align:center;line-height:normal;\"><span style=\"font-size:10pt;font-family:'Calibri Light', 'sans-serif';color:#0e0c0c;\">TDI<\/span><\/p>\n<\/p>\n<\/td>\n<\/tr>\n<tr>\n<td style=\"border:1pt solid;padding:.75pt;\">\n<p class=\"MsoNormal\" align=\"center\" style=\"margin-bottom:.0001pt;text-align:center;line-height:normal;\"><span style=\"font-size:10pt;font-family:'Calibri Light', 'sans-serif';color:#0e0c0c;\">Audi<\/span><\/p>\n<\/p>\n<\/td>\n<td style=\"border:1pt solid;padding:.75pt;\">\n<p class=\"MsoNormal\" align=\"center\" style=\"margin-bottom:.0001pt;text-align:center;line-height:normal;\"><span style=\"font-size:10pt;font-family:'Calibri Light', 'sans-serif';color:#0e0c0c;\">A3 8V<\/span><\/p>\n<\/p>\n<\/td>\n<td style=\"border:1pt solid;padding:.75pt;\">\n<p class=\"MsoNormal\" align=\"center\" style=\"margin-bottom:.0001pt;text-align:center;line-height:normal;\"><span style=\"font-size:10pt;font-family:'Calibri Light', 'sans-serif';color:#0e0c0c;\">Quattro<\/span><\/p>\n<\/p>\n<\/td>\n<td style=\"border:1pt solid;padding:.75pt;\">\n<p class=\"MsoNormal\" align=\"center\" style=\"margin-bottom:.0001pt;text-align:center;line-height:normal;\"><span style=\"font-size:10pt;font-family:'Calibri Light', 'sans-serif';color:#0e0c0c;\">2.0T<\/span><\/p>\n<\/p>\n<\/td>\n<\/tr>\n<tr>\n<td style=\"border:1pt solid;padding:.75pt;\">\n<p class=\"MsoNormal\" align=\"center\" style=\"margin-bottom:.0001pt;text-align:center;line-height:normal;\"><span style=\"font-size:10pt;font-family:'Calibri Light', 'sans-serif';color:#0e0c0c;\">Volkswagen<\/span><\/p>\n<\/p>\n<\/td>\n<td style=\"border:1pt solid;padding:.75pt;\">\n<p class=\"MsoNormal\" align=\"center\" style=\"margin-bottom:.0001pt;text-align:center;line-height:normal;\"><span style=\"font-size:10pt;font-family:'Calibri Light', 'sans-serif';color:#0e0c0c;\">Beetle<\/span><\/p>\n<\/p>\n<\/td>\n<td style=\"border:1pt solid;padding:.75pt;\">\n<p class=\"MsoNormal\" align=\"center\" style=\"margin-bottom:.0001pt;text-align:center;line-height:normal;\"><span style=\"font-size:10pt;font-family:'Calibri Light', 'sans-serif';color:#0e0c0c;\">All<\/span><\/p>\n<\/p>\n<\/td>\n<td style=\"border:1pt solid;padding:.75pt;\">\n<p class=\"MsoNormal\" align=\"center\" style=\"margin-bottom:.0001pt;text-align:center;line-height:normal;\"><span style=\"font-size:10pt;font-family:'Calibri Light', 'sans-serif';color:#0e0c0c;\">TDI<\/span><\/p>\n<\/td>\n<\/tr>\n<\/tbody>\n<\/table>","protected":false},"excerpt":{"rendered":"<p>Audi A3 8P FWD 2.0T Audi A3 8P FWD TDI Audi A3 8P Quattro 2.0T Audi A3 8P Quattro 3.2L [&hellip;]<\/p>\n","protected":false},"featured_media":86633,"comment_status":"closed","ping_status":"open","template":"","meta":{"site-sidebar-layout":"default","site-content-layout":"","ast-site-content-layout":"default","site-content-style":"default","site-sidebar-style":"default","ast-global-header-display":"","ast-banner-title-visibility":"","ast-main-header-display":"","ast-hfb-above-header-display":"","ast-hfb-below-header-display":"","ast-hfb-mobile-header-display":"","site-post-title":"","ast-breadcrumbs-content":"","ast-featured-img":"","footer-sml-layout":"","ast-disable-related-posts":"","theme-transparent-header-meta":"","adv-header-id-meta":"","stick-header-meta":"","header-above-stick-meta":"","header-main-stick-meta":"","header-below-stick-meta":"","astra-migrate-meta-layouts":"default","ast-page-background-enabled":"default","ast-page-background-meta":{"desktop":{"background-color":"var(--ast-global-color-5)","background-image":"","background-repeat":"repeat","background-position":"center center","background-size":"auto","background-attachment":"scroll","background-type":"","background-media":"","overlay-type":"","overlay-color":"","overlay-opacity":"","overlay-gradient":""},"tablet":{"background-color":"","background-image":"","background-repeat":"repeat","background-position":"center center","background-size":"auto","background-attachment":"scroll","background-type":"","background-media":"","overlay-type":"","overlay-color":"","overlay-opacity":"","overlay-gradient":""},"mobile":{"background-color":"","background-image":"","background-repeat":"repeat","background-position":"center center","background-size":"auto","background-attachment":"scroll","background-type":"","background-media":"","overlay-type":"","overlay-color":"","overlay-opacity":"","overlay-gradient":""}},"ast-content-background-meta":{"desktop":{"background-color":"var(--ast-global-color-4)","background-image":"","background-repeat":"repeat","background-position":"center center","background-size":"auto","background-attachment":"scroll","background-type":"","background-media":"","overlay-type":"","overlay-color":"","overlay-opacity":"","overlay-gradient":""},"tablet":{"background-color":"var(--ast-global-color-4)","background-image":"","background-repeat":"repeat","background-position":"center center","background-size":"auto","background-attachment":"scroll","background-type":"","background-media":"","overlay-type":"","overlay-color":"","overlay-opacity":"","overlay-gradient":""},"mobile":{"background-color":"var(--ast-global-color-4)","background-image":"","background-repeat":"repeat","background-position":"center center","background-size":"auto","background-attachment":"scroll","background-type":"","background-media":"","overlay-type":"","overlay-color":"","overlay-opacity":"","overlay-gradient":""}}},"product_brand":[23],"product_cat":[4385],"product_tag":[],"class_list":{"0":"post-86632","1":"product","2":"type-product","3":"status-publish","4":"has-post-thumbnail","6":"product_brand-asta","7":"product_cat-home","8":"desktop-align-left","9":"tablet-align-left","10":"mobile-align-left","12":"first","13":"instock","14":"taxable","15":"shipping-taxable","16":"purchasable","17":"product-type-simple"},"_links":{"self":[{"href":"https:\/\/leniro.ee\/fi\/wp-json\/wp\/v2\/product\/86632","targetHints":{"allow":["GET"]}}],"collection":[{"href":"https:\/\/leniro.ee\/fi\/wp-json\/wp\/v2\/product"}],"about":[{"href":"https:\/\/leniro.ee\/fi\/wp-json\/wp\/v2\/types\/product"}],"replies":[{"embeddable":true,"href":"https:\/\/leniro.ee\/fi\/wp-json\/wp\/v2\/comments?post=86632"}],"wp:featuredmedia":[{"embeddable":true,"href":"https:\/\/leniro.ee\/fi\/wp-json\/wp\/v2\/media\/86633"}],"wp:attachment":[{"href":"https:\/\/leniro.ee\/fi\/wp-json\/wp\/v2\/media?parent=86632"}],"wp:term":[{"taxonomy":"product_brand","embeddable":true,"href":"https:\/\/leniro.ee\/fi\/wp-json\/wp\/v2\/product_brand?post=86632"},{"taxonomy":"product_cat","embeddable":true,"href":"https:\/\/leniro.ee\/fi\/wp-json\/wp\/v2\/product_cat?post=86632"},{"taxonomy":"product_tag","embeddable":true,"href":"https:\/\/leniro.ee\/fi\/wp-json\/wp\/v2\/product_tag?post=86632"}],"curies":[{"name":"wp","href":"https:\/\/api.w.org\/{rel}","templated":true}]}}