{"id":84775,"date":"2026-04-03T18:54:14","date_gmt":"2026-04-03T18:54:14","guid":{"rendered":"https:\/\/leniro.ee\/toode\/tig-rod-er308lsi-stainless-steel\/"},"modified":"2026-04-03T18:54:17","modified_gmt":"2026-04-03T18:54:17","slug":"tig-rod-er308lsi-stainless-steel","status":"publish","type":"product","link":"https:\/\/leniro.ee\/fi\/toode\/tig-rod-er308lsi-stainless-steel\/","title":{"rendered":"TIG ROD ER308LSi ruostumatonta ter\u00e4st\u00e4"},"content":{"rendered":"<p class=\"MsoNormal\" style=\"margin-bottom:.0001pt;\">\n<p class=\"MsoNormal\"><span style=\"color:#020202;\">The main ingredient of ER308LSi is ultra C-18Cr-8Ni, austanitic stainless steel welding material widely used, can be used for all-position welding. <\/span><\/p>\n<p class=\"MsoNormal\"><span style=\"color:#020202;\">By the addition of Si, the molten iron flow very well, thus forming more beautiful bead, feeding smooth, stable arc, fewer spatter.<\/span><\/p>\n<p class=\"MsoNormal\"><span style=\"color:#020202;\"><strong>K\u00e4ytt\u00e4\u00e4:<\/strong><\/span><\/p>\n<p class=\"MsoNormal\"><span style=\"color:#020202;\">Widely used for welding petrochemical, pressure vessels, food machinery, medical equipment and other related industries, such as welding 022Cr19Ni10 (SUS 304L) and other materials.<\/span><\/p>\n<p class=\"MsoNormal\"><span style=\"color:#020202;\">\u00a0<\/span><\/p>\n<p class=\"MsoNormal\"><span style=\"color:#020202;\"><strong>Chemical composition of welding wire (%)<\/strong><\/span><\/p>\n<p class=\"MsoNormal\"><span style=\"color:#020202;\">C: 0.023 \/ Mn: 2.20 \/ Si: 0.75 \/ Cr: 19.80 \/ Ni: 10.54 \/ Mo: 0.36<\/span><br \/><span style=\"color:#020202;\"> Others: P: 0.018 \/ S: 0.011<\/span><\/p>\n<p class=\"MsoNormal\"><span style=\"color:#020202;\">\u00a0<\/span><\/p>\n<p class=\"MsoNormal\"><span style=\"color:#020202;\"><strong>Classification<\/strong>:<\/span><\/p>\n<p class=\"MsoNormal\"><span style=\"color:#020202;\">AWS A5.9 ER308LSi<\/span><\/p>\n<p class=\"MsoNormal\"><span style=\"color:#020202;\">BS EN ISO 143-43-B-SS308LSi<\/span><\/p>\n<p class=\"MsoNormal\"><span style=\"color:#020202;\">JIS Z3321 Y308LSi<\/span><\/p>\n<p class=\"MsoNormal\"><span style=\"color:#020202;\">GB 4241\/2 H03Cr21Ni10Si1<\/span><\/p>\n<p class=\"MsoNormal\"><\/p>","protected":false},"excerpt":{"rendered":"<p>The main ingredient of ER308LSi is ultra C-18Cr-8Ni, austanitic stainless steel welding material widely used, can be used for all-position [&hellip;]<\/p>\n","protected":false},"featured_media":84776,"comment_status":"closed","ping_status":"open","template":"","meta":{"site-sidebar-layout":"default","site-content-layout":"","ast-site-content-layout":"default","site-content-style":"default","site-sidebar-style":"default","ast-global-header-display":"","ast-banner-title-visibility":"","ast-main-header-display":"","ast-hfb-above-header-display":"","ast-hfb-below-header-display":"","ast-hfb-mobile-header-display":"","site-post-title":"","ast-breadcrumbs-content":"","ast-featured-img":"","footer-sml-layout":"","ast-disable-related-posts":"","theme-transparent-header-meta":"","adv-header-id-meta":"","stick-header-meta":"","header-above-stick-meta":"","header-main-stick-meta":"","header-below-stick-meta":"","astra-migrate-meta-layouts":"default","ast-page-background-enabled":"default","ast-page-background-meta":{"desktop":{"background-color":"var(--ast-global-color-5)","background-image":"","background-repeat":"repeat","background-position":"center center","background-size":"auto","background-attachment":"scroll","background-type":"","background-media":"","overlay-type":"","overlay-color":"","overlay-opacity":"","overlay-gradient":""},"tablet":{"background-color":"","background-image":"","background-repeat":"repeat","background-position":"center center","background-size":"auto","background-attachment":"scroll","background-type":"","background-media":"","overlay-type":"","overlay-color":"","overlay-opacity":"","overlay-gradient":""},"mobile":{"background-color":"","background-image":"","background-repeat":"repeat","background-position":"center center","background-size":"auto","background-attachment":"scroll","background-type":"","background-media":"","overlay-type":"","overlay-color":"","overlay-opacity":"","overlay-gradient":""}},"ast-content-background-meta":{"desktop":{"background-color":"var(--ast-global-color-4)","background-image":"","background-repeat":"repeat","background-position":"center center","background-size":"auto","background-attachment":"scroll","background-type":"","background-media":"","overlay-type":"","overlay-color":"","overlay-opacity":"","overlay-gradient":""},"tablet":{"background-color":"var(--ast-global-color-4)","background-image":"","background-repeat":"repeat","background-position":"center center","background-size":"auto","background-attachment":"scroll","background-type":"","background-media":"","overlay-type":"","overlay-color":"","overlay-opacity":"","overlay-gradient":""},"mobile":{"background-color":"var(--ast-global-color-4)","background-image":"","background-repeat":"repeat","background-position":"center center","background-size":"auto","background-attachment":"scroll","background-type":"","background-media":"","overlay-type":"","overlay-color":"","overlay-opacity":"","overlay-gradient":""}}},"product_brand":[21],"product_cat":[4374],"product_tag":[],"class_list":{"0":"post-84775","1":"product","2":"type-product","3":"status-publish","4":"has-post-thumbnail","6":"product_brand-satra","7":"product_cat-industrial-safety","8":"desktop-align-left","9":"tablet-align-left","10":"mobile-align-left","12":"first","13":"instock","14":"taxable","15":"shipping-taxable","16":"purchasable","17":"product-type-simple"},"_links":{"self":[{"href":"https:\/\/leniro.ee\/fi\/wp-json\/wp\/v2\/product\/84775","targetHints":{"allow":["GET"]}}],"collection":[{"href":"https:\/\/leniro.ee\/fi\/wp-json\/wp\/v2\/product"}],"about":[{"href":"https:\/\/leniro.ee\/fi\/wp-json\/wp\/v2\/types\/product"}],"replies":[{"embeddable":true,"href":"https:\/\/leniro.ee\/fi\/wp-json\/wp\/v2\/comments?post=84775"}],"wp:featuredmedia":[{"embeddable":true,"href":"https:\/\/leniro.ee\/fi\/wp-json\/wp\/v2\/media\/84776"}],"wp:attachment":[{"href":"https:\/\/leniro.ee\/fi\/wp-json\/wp\/v2\/media?parent=84775"}],"wp:term":[{"taxonomy":"product_brand","embeddable":true,"href":"https:\/\/leniro.ee\/fi\/wp-json\/wp\/v2\/product_brand?post=84775"},{"taxonomy":"product_cat","embeddable":true,"href":"https:\/\/leniro.ee\/fi\/wp-json\/wp\/v2\/product_cat?post=84775"},{"taxonomy":"product_tag","embeddable":true,"href":"https:\/\/leniro.ee\/fi\/wp-json\/wp\/v2\/product_tag?post=84775"}],"curies":[{"name":"wp","href":"https:\/\/api.w.org\/{rel}","templated":true}]}}