{"id":81626,"date":"2026-04-03T18:47:25","date_gmt":"2026-04-03T18:47:25","guid":{"rendered":"https:\/\/leniro.ee\/toode\/air-operated-waste-oil-drainer-4\/"},"modified":"2026-04-03T18:47:26","modified_gmt":"2026-04-03T18:47:26","slug":"air-operated-waste-oil-drainer-4","status":"publish","type":"product","link":"https:\/\/leniro.ee\/fi\/toode\/air-operated-waste-oil-drainer-4\/","title":{"rendered":"PAINEILMAK\u00c4YTT\u00d6INEN J\u00c4TE\u00d6LJYN TYHJENNYSPUTKI"},"content":{"rendered":"<table class=\"MsoNormalTable\" border=\"0\" cellspacing=\"0\" cellpadding=\"0\" width=\"541\" style=\"height:762px;width:500px;background:#f7f7f7;border-collapse:collapse;\">\n<tbody>\n<tr style=\"height:25.45pt;\">\n<td style=\"background:#F1F0F0;padding:15pt 0cm 15pt 15pt;height:25.45pt;\">\n<p class=\"MsoNormal\"><span style=\"color:#070707;\">S\u00e4ili\u00f6n tilavuus <\/span><\/p>\n<\/p>\n<\/td>\n<td style=\"background:#F1F0F0;padding:15pt 0cm 15pt 15pt;height:25.45pt;\">\n<p class=\"MsoNormal\"><span style=\"color:#070707;\">90 l<\/span><\/p>\n<\/p>\n<\/td>\n<\/tr>\n<tr style=\"height:25.45pt;\">\n<td style=\"background:#FFFFFF;padding:15pt 0cm 15pt 15pt;height:25.45pt;\">\n<p class=\"MsoNormal\"><span lang=\"en-us\" style=\"color:#070707;\" xml_lang=\"en-us\">Kapasiteetti t\u00e4ytt\u00e4\u00e4 nesteell\u00e4<\/span><\/p>\n<\/p>\n<\/td>\n<td style=\"background:#FFFFFF;padding:15pt 0cm 15pt 15pt;height:25.45pt;\">\n<p class=\"MsoNormal\"><span style=\"color:#070707;\">18 l<\/span><\/p>\n<\/p>\n<\/td>\n<\/tr>\n<tr style=\"height:25.45pt;\">\n<td style=\"background:#F1F0F0;padding:15pt 0cm 15pt 15pt;height:25.45pt;\">\n<p class=\"MsoNormal\"><span style=\"color:#070707;\">Halkaisija kulhomallisto<\/span><\/p>\n<\/p>\n<\/td>\n<td style=\"background:#F1F0F0;padding:15pt 0cm 15pt 15pt;height:25.45pt;\">\n<p class=\"MsoNormal\"><span style=\"color:#070707;\">400 mm<\/span><\/p>\n<\/p>\n<\/td>\n<\/tr>\n<tr style=\"height:25.45pt;\">\n<td style=\"background:#FFFFFF;padding:15pt 0cm 15pt 15pt;height:25.45pt;\">\n<p class=\"MsoNormal\"><span style=\"color:#070707;\">Suurin korkeus<\/span><\/p>\n<\/p>\n<\/td>\n<td style=\"background:#FFFFFF;padding:15pt 0cm 15pt 15pt;height:25.45pt;\">\n<p class=\"MsoNormal\"><span style=\"color:#070707;\">1950 mm<\/span><\/p>\n<\/p>\n<\/td>\n<\/tr>\n<tr style=\"height:25.45pt;\">\n<td style=\"background:#F1F0F0;padding:15pt 0cm 15pt 15pt;height:25.45pt;\">\n<p class=\"MsoNormal\"><span style=\"color:#070707;\">V\u00e4himm\u00e4iskorkeus<\/span><\/p>\n<\/p>\n<\/td>\n<td style=\"background:#F1F0F0;padding:15pt 0cm 15pt 15pt;height:25.45pt;\">\n<p class=\"MsoNormal\"><span style=\"color:#070707;\">1250 mm<\/span><\/p>\n<\/p>\n<\/td>\n<\/tr>\n<tr style=\"height:25.45pt;\">\n<td style=\"background:#FFFFFF;padding:15pt 0cm 15pt 15pt;height:25.45pt;\">\n<p class=\"MsoNormal\"><span style=\"color:#070707;\">Imuputken pituus<\/span><\/p>\n<\/p>\n<\/td>\n<td style=\"background:#FFFFFF;padding:15pt 0cm 15pt 15pt;height:25.45pt;\">\n<p class=\"MsoNormal\"><span style=\"color:#070707;\">2000 mm<\/span><\/p>\n<\/p>\n<\/td>\n<\/tr>\n<tr style=\"height:25.45pt;\">\n<td style=\"background:#F1F0F0;padding:15pt 0cm 15pt 15pt;height:25.45pt;\">\n<p class=\"MsoNormal\"><span style=\"color:#070707;\">Max. Betriebsdruck<\/span><\/p>\n<\/p>\n<\/td>\n<td style=\"background:#F1F0F0;padding:15pt 0cm 15pt 15pt;height:25.45pt;\">\n<p class=\"MsoNormal\"><span style=\"color:#070707;\">1 baari<\/span><\/p>\n<\/p>\n<\/td>\n<\/tr>\n<tr style=\"height:25.45pt;\">\n<td style=\"background:#FFFFFF;padding:15pt 0cm 15pt 15pt;height:25.45pt;\">\n<p class=\"MsoNormal\"><span style=\"color:#070707;\">Ilman tuloilmaliitin<\/span><\/p>\n<\/p>\n<\/td>\n<td style=\"background:#FFFFFF;padding:15pt 0cm 15pt 15pt;height:25.45pt;\">\n<p class=\"MsoNormal\"><span style=\"color:#070707;\">1\/4\u2033 (pikaliitin); 1\/4\u2033 NPT, mutteri<\/span><\/p>\n<\/p>\n<\/td>\n<\/tr>\n<tr style=\"height:25.45pt;\">\n<td style=\"background:#F1F0F0;padding:15pt 0cm 15pt 15pt;height:25.45pt;\">\n<p class=\"MsoNormal\"><span style=\"color:#070707;\">Halkaisija zoomausrengas<\/span><\/p>\n<\/p>\n<\/td>\n<td style=\"background:#F1F0F0;padding:15pt 0cm 15pt 15pt;height:25.45pt;\">\n<p class=\"MsoNormal\"><span style=\"color:#070707;\">606 mm<\/span><\/p>\n<\/p>\n<\/td>\n<\/tr>\n<tr style=\"height:25.45pt;\">\n<td style=\"background:#FFFFFF;padding:15pt 0cm 15pt 15pt;height:25.45pt;\">\n<p class=\"MsoNormal\"><span style=\"color:#070707;\">Paino<\/span><\/p>\n<\/p>\n<\/td>\n<td style=\"background:#FFFFFF;padding:15pt 0cm 15pt 15pt;height:25.45pt;\">\n<p class=\"MsoNormal\"><span style=\"color:#070707;\">34 kg<\/span><\/p>\n<\/p>\n<\/td>\n<\/tr>\n<tr style=\"height:1pt;\">\n<td style=\"background:#F1F0F0;padding:15pt 0cm 15pt 15pt;height:1pt;\">\n<p class=\"MsoNormal\"><span style=\"color:#070707;\">Pakkauksen mitat<\/span><\/p>\n<\/p>\n<\/td>\n<td style=\"background:#F1F0F0;padding:15pt 0cm 15pt 15pt;height:1pt;\">\n<p class=\"MsoNormal\"><span style=\"color:#070707;\">0,269 m\u00b3 (2 kartony)<\/span><\/p>\n<\/p>\n<\/td>\n<\/tr>\n<\/tbody>\n<\/table><\/p>","protected":false},"excerpt":{"rendered":"<p>Tank capacity 90 l Capacity to fill with liquid 18 l Diameter bowl collection 400 mm Maximum height 1950 mm [&hellip;]<\/p>\n","protected":false},"featured_media":81627,"comment_status":"closed","ping_status":"open","template":"","meta":{"site-sidebar-layout":"default","site-content-layout":"","ast-site-content-layout":"default","site-content-style":"default","site-sidebar-style":"default","ast-global-header-display":"","ast-banner-title-visibility":"","ast-main-header-display":"","ast-hfb-above-header-display":"","ast-hfb-below-header-display":"","ast-hfb-mobile-header-display":"","site-post-title":"","ast-breadcrumbs-content":"","ast-featured-img":"","footer-sml-layout":"","ast-disable-related-posts":"","theme-transparent-header-meta":"","adv-header-id-meta":"","stick-header-meta":"","header-above-stick-meta":"","header-main-stick-meta":"","header-below-stick-meta":"","astra-migrate-meta-layouts":"default","ast-page-background-enabled":"default","ast-page-background-meta":{"desktop":{"background-color":"var(--ast-global-color-5)","background-image":"","background-repeat":"repeat","background-position":"center center","background-size":"auto","background-attachment":"scroll","background-type":"","background-media":"","overlay-type":"","overlay-color":"","overlay-opacity":"","overlay-gradient":""},"tablet":{"background-color":"","background-image":"","background-repeat":"repeat","background-position":"center center","background-size":"auto","background-attachment":"scroll","background-type":"","background-media":"","overlay-type":"","overlay-color":"","overlay-opacity":"","overlay-gradient":""},"mobile":{"background-color":"","background-image":"","background-repeat":"repeat","background-position":"center center","background-size":"auto","background-attachment":"scroll","background-type":"","background-media":"","overlay-type":"","overlay-color":"","overlay-opacity":"","overlay-gradient":""}},"ast-content-background-meta":{"desktop":{"background-color":"var(--ast-global-color-4)","background-image":"","background-repeat":"repeat","background-position":"center center","background-size":"auto","background-attachment":"scroll","background-type":"","background-media":"","overlay-type":"","overlay-color":"","overlay-opacity":"","overlay-gradient":""},"tablet":{"background-color":"var(--ast-global-color-4)","background-image":"","background-repeat":"repeat","background-position":"center center","background-size":"auto","background-attachment":"scroll","background-type":"","background-media":"","overlay-type":"","overlay-color":"","overlay-opacity":"","overlay-gradient":""},"mobile":{"background-color":"var(--ast-global-color-4)","background-image":"","background-repeat":"repeat","background-position":"center center","background-size":"auto","background-attachment":"scroll","background-type":"","background-media":"","overlay-type":"","overlay-color":"","overlay-opacity":"","overlay-gradient":""}}},"product_brand":[23],"product_cat":[4331],"product_tag":[],"class_list":{"0":"post-81626","1":"product","2":"type-product","3":"status-publish","4":"has-post-thumbnail","6":"product_brand-asta","7":"product_cat-air-operated-waste-oli-drainer","8":"desktop-align-left","9":"tablet-align-left","10":"mobile-align-left","12":"first","13":"instock","14":"taxable","15":"shipping-taxable","16":"purchasable","17":"product-type-simple"},"_links":{"self":[{"href":"https:\/\/leniro.ee\/fi\/wp-json\/wp\/v2\/product\/81626","targetHints":{"allow":["GET"]}}],"collection":[{"href":"https:\/\/leniro.ee\/fi\/wp-json\/wp\/v2\/product"}],"about":[{"href":"https:\/\/leniro.ee\/fi\/wp-json\/wp\/v2\/types\/product"}],"replies":[{"embeddable":true,"href":"https:\/\/leniro.ee\/fi\/wp-json\/wp\/v2\/comments?post=81626"}],"wp:featuredmedia":[{"embeddable":true,"href":"https:\/\/leniro.ee\/fi\/wp-json\/wp\/v2\/media\/81627"}],"wp:attachment":[{"href":"https:\/\/leniro.ee\/fi\/wp-json\/wp\/v2\/media?parent=81626"}],"wp:term":[{"taxonomy":"product_brand","embeddable":true,"href":"https:\/\/leniro.ee\/fi\/wp-json\/wp\/v2\/product_brand?post=81626"},{"taxonomy":"product_cat","embeddable":true,"href":"https:\/\/leniro.ee\/fi\/wp-json\/wp\/v2\/product_cat?post=81626"},{"taxonomy":"product_tag","embeddable":true,"href":"https:\/\/leniro.ee\/fi\/wp-json\/wp\/v2\/product_tag?post=81626"}],"curies":[{"name":"wp","href":"https:\/\/api.w.org\/{rel}","templated":true}]}}