{"id":81596,"date":"2026-04-03T18:47:20","date_gmt":"2026-04-03T18:47:20","guid":{"rendered":"https:\/\/leniro.ee\/toode\/2-in-1-waste-oil-drainer-and-changer-2\/"},"modified":"2026-04-03T18:47:22","modified_gmt":"2026-04-03T18:47:22","slug":"2-in-1-waste-oil-drainer-and-changer-2","status":"publish","type":"product","link":"https:\/\/leniro.ee\/fi\/toode\/2-in-1-waste-oil-drainer-and-changer-2\/","title":{"rendered":"2-IN-1 J\u00c4TE\u00d6LJYN TYHJENNYS- JA VAIHTOLAITE"},"content":{"rendered":"<table class=\"MsoNormalTable\" border=\"0\" cellspacing=\"0\" cellpadding=\"0\" style=\"height:1193px;background:#F7F7F7;border-collapse:collapse;\" width=\"467\">\n<tbody>\n<tr>\n<td style=\"background:#F1F0F0;padding:15pt 0cm 15pt 15pt;\">\n<p class=\"MsoNormal\"><span style=\"color:#0b0a0a;\">S\u00e4ili\u00f6n tilavuus<\/span><\/p>\n<\/p>\n<\/td>\n<td style=\"background:#F1F0F0;padding:15pt 0cm 15pt 15pt;\">\n<p class=\"MsoNormal\"><span style=\"color:#0b0a0a;\">65 l<\/span><\/p>\n<\/p>\n<\/td>\n<\/tr>\n<tr>\n<td style=\"background:#FFFFFF;padding:15pt 0cm 15pt 15pt;\">\n<p class=\"MsoNormal\"><span lang=\"en-us\" style=\"color:#0b0a0a;\" xml_lang=\"en-us\">Kapasiteetti t\u00e4ytt\u00e4\u00e4 nesteell\u00e4 <\/span><\/p>\n<\/p>\n<\/td>\n<td style=\"background:#FFFFFF;padding:15pt 0cm 15pt 15pt;\">\n<p class=\"MsoNormal\"><span style=\"color:#0b0a0a;\">42-45<\/span><\/p>\n<\/p>\n<\/td>\n<\/tr>\n<tr>\n<td style=\"background:#F1F0F0;padding:15pt 0cm 15pt 15pt;\">\n<p class=\"MsoNormal\"><span style=\"color:#0b0a0a;\">imuilman paine<\/span><\/p>\n<\/p>\n<\/td>\n<td style=\"background:#F1F0F0;padding:15pt 0cm 15pt 15pt;\">\n<p class=\"MsoNormal\"><span style=\"color:#0b0a0a;\">7-8 bar<\/span><\/p>\n<\/p>\n<\/td>\n<\/tr>\n<tr>\n<td style=\"background:#FFFFFF;padding:15pt 0cm 15pt 15pt;\">\n<p class=\"MsoNormal\"><span style=\"color:#0b0a0a;\">Aika sinet\u00f6innin poistaminen<\/span><\/p>\n<\/p>\n<\/td>\n<td style=\"background:#FFFFFF;padding:15pt 0cm 15pt 15pt;\">\n<p class=\"MsoNormal\"><span style=\"color:#0b0a0a;\">120-150 s<\/span><\/p>\n<\/p>\n<\/td>\n<\/tr>\n<tr>\n<td style=\"background:#F1F0F0;padding:15pt 0cm 15pt 15pt;\">\n<p class=\"MsoNormal\"><span style=\"color:#0b0a0a;\">Sis\u00e4\u00e4nottokapasiteetti<\/span><\/p>\n<\/p>\n<\/td>\n<td style=\"background:#F1F0F0;padding:15pt 0cm 15pt 15pt;\">\n<p class=\"MsoNormal\"><span style=\"color:#0b0a0a;\">1,5-2 l\/min<\/span><\/p>\n<\/p>\n<\/td>\n<\/tr>\n<tr>\n<td style=\"background:#FFFFFF;padding:15pt 0cm 15pt 15pt;\">\n<p class=\"MsoNormal\"><span style=\"color:#0b0a0a;\">Imuputken pituus<\/span><\/p>\n<\/p>\n<\/td>\n<td style=\"background:#FFFFFF;padding:15pt 0cm 15pt 15pt;\">\n<p class=\"MsoNormal\"><span style=\"color:#0b0a0a;\">2000 mm<\/span><\/p>\n<\/p>\n<\/td>\n<\/tr>\n<tr>\n<td style=\"background:#F1F0F0;padding:15pt 0cm 15pt 15pt;\">\n<p class=\"MsoNormal\"><span style=\"color:#0b0a0a;\">Ker\u00e4ysastian kapasiteetti<\/span><\/p>\n<\/p>\n<\/td>\n<td style=\"background:#F1F0F0;padding:15pt 0cm 15pt 15pt;\">\n<p class=\"MsoNormal\"><span style=\"color:#0b0a0a;\">18 l<\/span><\/p>\n<\/p>\n<\/td>\n<\/tr>\n<tr>\n<td style=\"background:#FFFFFF;padding:15pt 0cm 15pt 15pt;\">\n<p class=\"MsoNormal\"><span style=\"color:#0b0a0a;\">Halkaisija kulhomallisto<\/span><\/p>\n<\/p>\n<\/td>\n<td style=\"background:#FFFFFF;padding:15pt 0cm 15pt 15pt;\">\n<p class=\"MsoNormal\"><span style=\"color:#0b0a0a;\">400 mm<\/span><\/p>\n<\/p>\n<\/td>\n<\/tr>\n<tr>\n<td style=\"background:#F1F0F0;padding:15pt 0cm 15pt 15pt;\">\n<p class=\"MsoNormal\"><span style=\"color:#0b0a0a;\">Suurin korkeus<\/span><\/p>\n<\/p>\n<\/td>\n<td style=\"background:#F1F0F0;padding:15pt 0cm 15pt 15pt;\">\n<p class=\"MsoNormal\"><span style=\"color:#0b0a0a;\">1560 mm<\/span><\/p>\n<\/p>\n<\/td>\n<\/tr>\n<tr>\n<td style=\"background:#FFFFFF;padding:15pt 0cm 15pt 15pt;\">\n<p class=\"MsoNormal\"><span style=\"color:#0b0a0a;\">V\u00e4himm\u00e4iskorkeus<\/span><\/p>\n<\/p>\n<\/td>\n<td style=\"background:#FFFFFF;padding:15pt 0cm 15pt 15pt;\">\n<p class=\"MsoNormal\"><span style=\"color:#0b0a0a;\">1000 mm<\/span><\/p>\n<\/p>\n<\/td>\n<\/tr>\n<tr>\n<td style=\"background:#F1F0F0;padding:15pt 0cm 15pt 15pt;\">\n<p class=\"MsoNormal\"><span style=\"color:#0b0a0a;\">Halkaisija zoomausrengas<\/span><\/p>\n<\/p>\n<\/td>\n<td style=\"background:#F1F0F0;padding:15pt 0cm 15pt 15pt;\">\n<p class=\"MsoNormal\"><span style=\"color:#0b0a0a;\">606 mm<\/span><\/p>\n<\/p>\n<\/td>\n<\/tr>\n<tr>\n<td style=\"background:#FFFFFF;padding:15pt 0cm 15pt 15pt;\">\n<p class=\"MsoNormal\"><span lang=\"en-us\" style=\"color:#0b0a0a;\" xml_lang=\"en-us\">Tyhjennyksen enimm\u00e4isk\u00e4ytt\u00f6paine<\/span><\/p>\n<\/p>\n<\/td>\n<td style=\"background:#FFFFFF;padding:15pt 0cm 15pt 15pt;\">\n<p class=\"MsoNormal\"><span style=\"color:#0b0a0a;\">45 l<\/span><\/p>\n<\/p>\n<\/td>\n<\/tr>\n<tr>\n<td style=\"background:#F1F0F0;padding:15pt 0cm 15pt 15pt;\">\n<p class=\"MsoNormal\"><span lang=\"en-us\" style=\"color:#0b0a0a;\" xml_lang=\"en-us\">Tyhjennyksen enimm\u00e4isk\u00e4ytt\u00f6paine<\/span><\/p>\n<\/p>\n<\/td>\n<td style=\"background:#F1F0F0;padding:15pt 0cm 15pt 15pt;\">\n<p class=\"MsoNormal\"><span style=\"color:#0b0a0a;\">1 baari<\/span><\/p>\n<\/p>\n<\/td>\n<\/tr>\n<tr>\n<td style=\"background:#FFFFFF;padding:15pt 0cm 15pt 15pt;\">\n<p class=\"MsoNormal\"><span style=\"color:#0b0a0a;\">Tyhjennysjohdon pituus<\/span><\/p>\n<\/p>\n<\/td>\n<td style=\"background:#FFFFFF;padding:15pt 0cm 15pt 15pt;\">\n<p class=\"MsoNormal\"><span style=\"color:#0b0a0a;\">2000 mm<\/span><\/p>\n<\/p>\n<\/td>\n<\/tr>\n<tr>\n<td style=\"background:#F1F0F0;padding:15pt 0cm 15pt 15pt;\">\n<p class=\"MsoNormal\"><span style=\"color:#0b0a0a;\">Ilman tuloilmaliitin<\/span><\/p>\n<\/p>\n<\/td>\n<td style=\"background:#F1F0F0;padding:15pt 0cm 15pt 15pt;\">\n<p class=\"MsoNormal\"><span style=\"color:#0b0a0a;\">1\/4\u2033 (pikaliitin); 1\/4\u2033 NPT, mutteri<\/span><\/p>\n<\/p>\n<\/td>\n<\/tr>\n<tr>\n<td style=\"background:#FFFFFF;padding:15pt 0cm 15pt 15pt;\">\n<p class=\"MsoNormal\"><span style=\"color:#0b0a0a;\">Paino<\/span><\/p>\n<\/p>\n<\/td>\n<td style=\"background:#FFFFFF;padding:15pt 0cm 15pt 15pt;\">\n<p class=\"MsoNormal\"><span style=\"color:#0b0a0a;\">37<\/span><\/p>\n<\/p>\n<\/td>\n<\/tr>\n<\/tbody>\n<\/table>","protected":false},"excerpt":{"rendered":"<p>Tank capacity 65 l Capacity to fill with liquid 42-45 suction air pressure 7-8 bar Time unsealing 120-150 s Intake [&hellip;]<\/p>\n","protected":false},"featured_media":81597,"comment_status":"closed","ping_status":"open","template":"","meta":{"site-sidebar-layout":"default","site-content-layout":"","ast-site-content-layout":"default","site-content-style":"default","site-sidebar-style":"default","ast-global-header-display":"","ast-banner-title-visibility":"","ast-main-header-display":"","ast-hfb-above-header-display":"","ast-hfb-below-header-display":"","ast-hfb-mobile-header-display":"","site-post-title":"","ast-breadcrumbs-content":"","ast-featured-img":"","footer-sml-layout":"","ast-disable-related-posts":"","theme-transparent-header-meta":"","adv-header-id-meta":"","stick-header-meta":"","header-above-stick-meta":"","header-main-stick-meta":"","header-below-stick-meta":"","astra-migrate-meta-layouts":"default","ast-page-background-enabled":"default","ast-page-background-meta":{"desktop":{"background-color":"var(--ast-global-color-5)","background-image":"","background-repeat":"repeat","background-position":"center center","background-size":"auto","background-attachment":"scroll","background-type":"","background-media":"","overlay-type":"","overlay-color":"","overlay-opacity":"","overlay-gradient":""},"tablet":{"background-color":"","background-image":"","background-repeat":"repeat","background-position":"center center","background-size":"auto","background-attachment":"scroll","background-type":"","background-media":"","overlay-type":"","overlay-color":"","overlay-opacity":"","overlay-gradient":""},"mobile":{"background-color":"","background-image":"","background-repeat":"repeat","background-position":"center center","background-size":"auto","background-attachment":"scroll","background-type":"","background-media":"","overlay-type":"","overlay-color":"","overlay-opacity":"","overlay-gradient":""}},"ast-content-background-meta":{"desktop":{"background-color":"var(--ast-global-color-4)","background-image":"","background-repeat":"repeat","background-position":"center center","background-size":"auto","background-attachment":"scroll","background-type":"","background-media":"","overlay-type":"","overlay-color":"","overlay-opacity":"","overlay-gradient":""},"tablet":{"background-color":"var(--ast-global-color-4)","background-image":"","background-repeat":"repeat","background-position":"center center","background-size":"auto","background-attachment":"scroll","background-type":"","background-media":"","overlay-type":"","overlay-color":"","overlay-opacity":"","overlay-gradient":""},"mobile":{"background-color":"var(--ast-global-color-4)","background-image":"","background-repeat":"repeat","background-position":"center center","background-size":"auto","background-attachment":"scroll","background-type":"","background-media":"","overlay-type":"","overlay-color":"","overlay-opacity":"","overlay-gradient":""}}},"product_brand":[23],"product_cat":[4331],"product_tag":[],"class_list":{"0":"post-81596","1":"product","2":"type-product","3":"status-publish","4":"has-post-thumbnail","6":"product_brand-asta","7":"product_cat-air-operated-waste-oli-drainer","8":"desktop-align-left","9":"tablet-align-left","10":"mobile-align-left","12":"first","13":"instock","14":"taxable","15":"shipping-taxable","16":"purchasable","17":"product-type-simple"},"_links":{"self":[{"href":"https:\/\/leniro.ee\/fi\/wp-json\/wp\/v2\/product\/81596","targetHints":{"allow":["GET"]}}],"collection":[{"href":"https:\/\/leniro.ee\/fi\/wp-json\/wp\/v2\/product"}],"about":[{"href":"https:\/\/leniro.ee\/fi\/wp-json\/wp\/v2\/types\/product"}],"replies":[{"embeddable":true,"href":"https:\/\/leniro.ee\/fi\/wp-json\/wp\/v2\/comments?post=81596"}],"wp:featuredmedia":[{"embeddable":true,"href":"https:\/\/leniro.ee\/fi\/wp-json\/wp\/v2\/media\/81597"}],"wp:attachment":[{"href":"https:\/\/leniro.ee\/fi\/wp-json\/wp\/v2\/media?parent=81596"}],"wp:term":[{"taxonomy":"product_brand","embeddable":true,"href":"https:\/\/leniro.ee\/fi\/wp-json\/wp\/v2\/product_brand?post=81596"},{"taxonomy":"product_cat","embeddable":true,"href":"https:\/\/leniro.ee\/fi\/wp-json\/wp\/v2\/product_cat?post=81596"},{"taxonomy":"product_tag","embeddable":true,"href":"https:\/\/leniro.ee\/fi\/wp-json\/wp\/v2\/product_tag?post=81596"}],"curies":[{"name":"wp","href":"https:\/\/api.w.org\/{rel}","templated":true}]}}