{"id":81183,"date":"2026-04-03T18:46:27","date_gmt":"2026-04-03T18:46:27","guid":{"rendered":"https:\/\/leniro.ee\/toode\/auxiliary-stretch-belt-removal-tool\/"},"modified":"2026-04-03T18:46:28","modified_gmt":"2026-04-03T18:46:28","slug":"auxiliary-stretch-belt-removal-tool","status":"publish","type":"product","link":"https:\/\/leniro.ee\/fi\/toode\/auxiliary-stretch-belt-removal-tool\/","title":{"rendered":"YLIM\u00c4\u00c4R\u00c4INEN VENYTYSHIHNAN IRROTUSTY\u00d6KALU"},"content":{"rendered":"<p><span style=\"color:#070707;\"><strong>APPLICABLE TO:<\/strong><\/span><\/p>\n<p><span style=\"color:#070707;\"><strong>ENGINE TYPES :<\/strong><\/span><\/p>\n<p><span style=\"color:#070707;\">\u2022BMW: 118, 120, 318, 320, 325, 330, 335, 520, 525, 530, 535, 635, 730, X3, X5; Silniki:2.0D M47N,2.5D M57N256D2,3.0D M57N,N57N,M57306D3, M57306D4, M57306D5, M57D30A, M57N206D3, M57N2306D3, M57N306D2, M57N306D3, M57N306D5,N57N306D2, N57N306D3 razem z SFT004<\/span><\/p>\n<p><span style=\"color:#070707;\">\u2022CHRYSLER (USA), Grand Voyager, Voyager; Silniki: 2.5D EDK, ENC, ENJ, 2.8D ENR\u00a0<\/span><\/p>\n<p><span style=\"color:#070707;\">\u2022CITRO\u00cbN C2, C3, C4, Jumper, Relay;<\/span><\/p>\n<p><span style=\"color:#070707;\">Silniki:1.4D DV4TD, DV4ATED, DV4ATED4, 1.6D DV6ATED4, DV6TED4,2.2D 22DT, 3.0D F30DT\u00a0<\/span><\/p>\n<p><span style=\"color:#070707;\">\u2022FIAT Albea, Doblo, Ducato, Fiorino, Fiorino Qubo, Linea, Palio, Siena, Stilo, Strada Pick Up; Silniki: 1.6 182B6000, 1.3JTD 188A, 199A, 223A, 2.2D 4HV, 3D F1AE, 3.0D F1ACE<\/span><\/p>\n<p><span style=\"color:#070707;\">\u2022FORD (EUROPE) C-Max, Focus, Focus C-Max, Mondeo, Tourneo, Transit; Silnik: 1.4 C14HDEZ,ZH14ASDA, 1.6 C16HDDZ, C16HDEZ, ZH16HWDA, ZH16HXDA, 1.8 C18HDEA, ZH18CSDA, ZH18Q7DA, ZH18Q7DE, ZH18Q7FA, ZH18QQDA,ZH18QQDB, 2.0 C20HDEA, C20HDEH, ZH20AODA, ZH20AODB, ZH20HDEA, 2.0D ABFA, ABFB, D3FA, F3FA, FIFA, 2.2D P8FA, PGFA, QVFA,QWFA<\/span><\/p>\n<p><span style=\"color:#070707;\">\u2022IVECO Daily; Silniki: 2.3D F1AE, 3.0D F1CE<\/span><\/p>\n<p><span style=\"color:#070707;\">\u2022MAZDA 3, 5, Axela; Silniki:1.8 L823, 2.0 LF50, LF5H, LF5W, LF72, LFD7, LFF7, LFN7, LFN8, LFZ2<\/span><\/p>\n<p><span style=\"color:#070707;\">\u2022MERCEDES Sprinter, Viano, Vito; Silniki:3.0D 642990, 642992, 642993 razem z GAT4843<\/span><\/p>\n<p><span style=\"color:#070707;\">\u2022PEUGEOT 206, 207,307, Boxer; Silniki:1.4D DV4TD, DV4ATED, DV4ATED4, 1.6D DV6ATED4, DV6TED4, 2.2D 22DT, 3.0D F30DT<\/span><\/p>\n<p><span style=\"color:#070707;\">\u2022VOLVO C30, S40, V50;10 Silniki:1.6 B4164S3, 1.8 B4118S8, B4184S11,2.0 B4204S3<\/span><\/p>","protected":false},"excerpt":{"rendered":"<p>APPLICABLE TO: ENGINE TYPES : \u2022BMW: 118, 120, 318, 320, 325, 330, 335, 520, 525, 530, 535, 635, 730, X3, [&hellip;]<\/p>\n","protected":false},"featured_media":81184,"comment_status":"closed","ping_status":"open","template":"","meta":{"site-sidebar-layout":"default","site-content-layout":"","ast-site-content-layout":"default","site-content-style":"default","site-sidebar-style":"default","ast-global-header-display":"","ast-banner-title-visibility":"","ast-main-header-display":"","ast-hfb-above-header-display":"","ast-hfb-below-header-display":"","ast-hfb-mobile-header-display":"","site-post-title":"","ast-breadcrumbs-content":"","ast-featured-img":"","footer-sml-layout":"","ast-disable-related-posts":"","theme-transparent-header-meta":"","adv-header-id-meta":"","stick-header-meta":"","header-above-stick-meta":"","header-main-stick-meta":"","header-below-stick-meta":"","astra-migrate-meta-layouts":"default","ast-page-background-enabled":"default","ast-page-background-meta":{"desktop":{"background-color":"var(--ast-global-color-5)","background-image":"","background-repeat":"repeat","background-position":"center center","background-size":"auto","background-attachment":"scroll","background-type":"","background-media":"","overlay-type":"","overlay-color":"","overlay-opacity":"","overlay-gradient":""},"tablet":{"background-color":"","background-image":"","background-repeat":"repeat","background-position":"center center","background-size":"auto","background-attachment":"scroll","background-type":"","background-media":"","overlay-type":"","overlay-color":"","overlay-opacity":"","overlay-gradient":""},"mobile":{"background-color":"","background-image":"","background-repeat":"repeat","background-position":"center center","background-size":"auto","background-attachment":"scroll","background-type":"","background-media":"","overlay-type":"","overlay-color":"","overlay-opacity":"","overlay-gradient":""}},"ast-content-background-meta":{"desktop":{"background-color":"var(--ast-global-color-4)","background-image":"","background-repeat":"repeat","background-position":"center center","background-size":"auto","background-attachment":"scroll","background-type":"","background-media":"","overlay-type":"","overlay-color":"","overlay-opacity":"","overlay-gradient":""},"tablet":{"background-color":"var(--ast-global-color-4)","background-image":"","background-repeat":"repeat","background-position":"center center","background-size":"auto","background-attachment":"scroll","background-type":"","background-media":"","overlay-type":"","overlay-color":"","overlay-opacity":"","overlay-gradient":""},"mobile":{"background-color":"var(--ast-global-color-4)","background-image":"","background-repeat":"repeat","background-position":"center center","background-size":"auto","background-attachment":"scroll","background-type":"","background-media":"","overlay-type":"","overlay-color":"","overlay-opacity":"","overlay-gradient":""}}},"product_brand":[23],"product_cat":[4326],"product_tag":[],"class_list":{"0":"post-81183","1":"product","2":"type-product","3":"status-publish","4":"has-post-thumbnail","6":"product_brand-asta","7":"product_cat-other-2","8":"desktop-align-left","9":"tablet-align-left","10":"mobile-align-left","12":"first","13":"instock","14":"taxable","15":"shipping-taxable","16":"purchasable","17":"product-type-simple"},"_links":{"self":[{"href":"https:\/\/leniro.ee\/fi\/wp-json\/wp\/v2\/product\/81183","targetHints":{"allow":["GET"]}}],"collection":[{"href":"https:\/\/leniro.ee\/fi\/wp-json\/wp\/v2\/product"}],"about":[{"href":"https:\/\/leniro.ee\/fi\/wp-json\/wp\/v2\/types\/product"}],"replies":[{"embeddable":true,"href":"https:\/\/leniro.ee\/fi\/wp-json\/wp\/v2\/comments?post=81183"}],"wp:featuredmedia":[{"embeddable":true,"href":"https:\/\/leniro.ee\/fi\/wp-json\/wp\/v2\/media\/81184"}],"wp:attachment":[{"href":"https:\/\/leniro.ee\/fi\/wp-json\/wp\/v2\/media?parent=81183"}],"wp:term":[{"taxonomy":"product_brand","embeddable":true,"href":"https:\/\/leniro.ee\/fi\/wp-json\/wp\/v2\/product_brand?post=81183"},{"taxonomy":"product_cat","embeddable":true,"href":"https:\/\/leniro.ee\/fi\/wp-json\/wp\/v2\/product_cat?post=81183"},{"taxonomy":"product_tag","embeddable":true,"href":"https:\/\/leniro.ee\/fi\/wp-json\/wp\/v2\/product_tag?post=81183"}],"curies":[{"name":"wp","href":"https:\/\/api.w.org\/{rel}","templated":true}]}}