{"id":80732,"date":"2026-04-03T18:45:25","date_gmt":"2026-04-03T18:45:25","guid":{"rendered":"https:\/\/leniro.ee\/toode\/electric-brake-bleeding-device-with-accessory\/"},"modified":"2026-04-03T18:45:28","modified_gmt":"2026-04-03T18:45:28","slug":"electric-brake-bleeding-device-with-accessory","status":"publish","type":"product","link":"https:\/\/leniro.ee\/fi\/toode\/electric-brake-bleeding-device-with-accessory\/","title":{"rendered":"S\u00c4HK\u00d6INEN JARRUJEN TYHJENNYSLAITE LIS\u00c4VARUSTEINEEN"},"content":{"rendered":"<p><span style=\"color:#0e0d0d;\">Electric brake maintenance device made of stainless steel. Compact and mobile version with pressure gauge, hoses and 12V battery connection cable. The device is characterized by its fast, easy and safe operation.:<\/span><\/p>\n<p><span style=\"color:#0e0d0d;\">\u2022 Automatic switch-off when the container is empty &#8211; no pressure build-up<\/span><\/p>\n<p><span style=\"color:#0e0d0d;\">\u2022 Automatic pressure reduction allows unpressurized removal of the adapter onthe vehicle expansion tank<\/span><\/p>\n<p><span style=\"color:#0e0d0d;\">\u2022One-man operation<\/span><\/p>\n<p><span style=\"color:#0e0d0d;\">\u2022 Device construction prevents any leakage of brake fluid &#8211; safe for the environment<\/span><\/p>\n<p><span style=\"color:#0e0d0d;\">\u2022 Application also with ABS systems<\/span><\/p>\n<p><span style=\"color:#0e0d0d;\">\u2022 Housing, INOX (stainless steel)<\/span><\/p>\n<p><span style=\"color:#0e0d0d;\">\u20220 \u2013 2,5 bar adjustable pressure<\/span><\/p>\n<p><span style=\"color:#0e0d0d;\">\u2022Container size: 5 liters<\/span><\/p>\n<p><span style=\"color:#0e0d0d;\">\u2022 Filling hose length, 3m with quick coupling<\/span><\/p>\n<p><span style=\"color:#0e0d0d;\">\u2022 Voltage: 12V &#8211; car battery power<\/span><\/p>\n<p><span style=\"color:#0e0d0d;\">\u2022 Weight about 13.20kg<\/span><\/p>\n<p><span style=\"color:#0e0d0d;\">\u2022 Dimensions (H x W x D), 830mm x330mmx290mm<\/span><\/p>\n<p><span style=\"color:#0e0d0d;\">Delivery:<\/span><\/p>\n<p><span style=\"color:#0e0d0d;\">\u2022 Brake bleeding device<\/span><\/p>\n<p><span style=\"color:#0e0d0d;\">\u2022 3m filling hose with quick coupling<\/span><\/p>\n<p><span style=\"color:#0e0d0d;\">\u2022 Brake fluid expansion tank adapter &#8211; European vehicles<\/span><\/p>","protected":false},"excerpt":{"rendered":"<p>Electric brake maintenance device made of stainless steel. Compact and mobile version with pressure gauge, hoses and 12V battery connection [&hellip;]<\/p>\n","protected":false},"featured_media":80733,"comment_status":"closed","ping_status":"open","template":"","meta":{"site-sidebar-layout":"default","site-content-layout":"","ast-site-content-layout":"default","site-content-style":"default","site-sidebar-style":"default","ast-global-header-display":"","ast-banner-title-visibility":"","ast-main-header-display":"","ast-hfb-above-header-display":"","ast-hfb-below-header-display":"","ast-hfb-mobile-header-display":"","site-post-title":"","ast-breadcrumbs-content":"","ast-featured-img":"","footer-sml-layout":"","ast-disable-related-posts":"","theme-transparent-header-meta":"","adv-header-id-meta":"","stick-header-meta":"","header-above-stick-meta":"","header-main-stick-meta":"","header-below-stick-meta":"","astra-migrate-meta-layouts":"default","ast-page-background-enabled":"default","ast-page-background-meta":{"desktop":{"background-color":"var(--ast-global-color-5)","background-image":"","background-repeat":"repeat","background-position":"center center","background-size":"auto","background-attachment":"scroll","background-type":"","background-media":"","overlay-type":"","overlay-color":"","overlay-opacity":"","overlay-gradient":""},"tablet":{"background-color":"","background-image":"","background-repeat":"repeat","background-position":"center center","background-size":"auto","background-attachment":"scroll","background-type":"","background-media":"","overlay-type":"","overlay-color":"","overlay-opacity":"","overlay-gradient":""},"mobile":{"background-color":"","background-image":"","background-repeat":"repeat","background-position":"center center","background-size":"auto","background-attachment":"scroll","background-type":"","background-media":"","overlay-type":"","overlay-color":"","overlay-opacity":"","overlay-gradient":""}},"ast-content-background-meta":{"desktop":{"background-color":"var(--ast-global-color-4)","background-image":"","background-repeat":"repeat","background-position":"center center","background-size":"auto","background-attachment":"scroll","background-type":"","background-media":"","overlay-type":"","overlay-color":"","overlay-opacity":"","overlay-gradient":""},"tablet":{"background-color":"var(--ast-global-color-4)","background-image":"","background-repeat":"repeat","background-position":"center center","background-size":"auto","background-attachment":"scroll","background-type":"","background-media":"","overlay-type":"","overlay-color":"","overlay-opacity":"","overlay-gradient":""},"mobile":{"background-color":"var(--ast-global-color-4)","background-image":"","background-repeat":"repeat","background-position":"center center","background-size":"auto","background-attachment":"scroll","background-type":"","background-media":"","overlay-type":"","overlay-color":"","overlay-opacity":"","overlay-gradient":""}}},"product_brand":[23],"product_cat":[4344],"product_tag":[],"class_list":{"0":"post-80732","1":"product","2":"type-product","3":"status-publish","4":"has-post-thumbnail","6":"product_brand-asta","7":"product_cat-brakes-system","8":"desktop-align-left","9":"tablet-align-left","10":"mobile-align-left","12":"first","13":"instock","14":"taxable","15":"shipping-taxable","16":"purchasable","17":"product-type-simple"},"_links":{"self":[{"href":"https:\/\/leniro.ee\/fi\/wp-json\/wp\/v2\/product\/80732","targetHints":{"allow":["GET"]}}],"collection":[{"href":"https:\/\/leniro.ee\/fi\/wp-json\/wp\/v2\/product"}],"about":[{"href":"https:\/\/leniro.ee\/fi\/wp-json\/wp\/v2\/types\/product"}],"replies":[{"embeddable":true,"href":"https:\/\/leniro.ee\/fi\/wp-json\/wp\/v2\/comments?post=80732"}],"wp:featuredmedia":[{"embeddable":true,"href":"https:\/\/leniro.ee\/fi\/wp-json\/wp\/v2\/media\/80733"}],"wp:attachment":[{"href":"https:\/\/leniro.ee\/fi\/wp-json\/wp\/v2\/media?parent=80732"}],"wp:term":[{"taxonomy":"product_brand","embeddable":true,"href":"https:\/\/leniro.ee\/fi\/wp-json\/wp\/v2\/product_brand?post=80732"},{"taxonomy":"product_cat","embeddable":true,"href":"https:\/\/leniro.ee\/fi\/wp-json\/wp\/v2\/product_cat?post=80732"},{"taxonomy":"product_tag","embeddable":true,"href":"https:\/\/leniro.ee\/fi\/wp-json\/wp\/v2\/product_tag?post=80732"}],"curies":[{"name":"wp","href":"https:\/\/api.w.org\/{rel}","templated":true}]}}