{"id":80379,"date":"2026-04-03T18:44:45","date_gmt":"2026-04-03T18:44:45","guid":{"rendered":"https:\/\/leniro.ee\/toode\/laser-pyrometer\/"},"modified":"2026-04-03T18:44:45","modified_gmt":"2026-04-03T18:44:45","slug":"laserpyrometri","status":"publish","type":"product","link":"https:\/\/leniro.ee\/fi\/toode\/laser-pyrometer\/","title":{"rendered":"LASERPYROMETRI"},"content":{"rendered":"<p><span style=\"color:#0a0808;\"><strong>LASERINDIKAATTORIN TEKNISET OMINAISUUDET: <\/strong><\/span><\/p>\n<p><span style=\"color:#0a0808;\">-Turvallisuusluokka: 2<\/span><\/p>\n<p><span style=\"color:#0a0808;\">-Aallonpituus: punainen valo 630 - 670 mm.<\/span><\/p>\n<p><span style=\"color:#0a0808;\">-V\u00e4li: 0,6...15m<\/span><\/p>\n<p><span style=\"color:#0a0808;\">-Teho: 1 mW, luokka 2.<\/span><\/p>\n<\/p>\n<p><span style=\"color:#0a0808;\"><strong>S\u00c4HK\u00d6ISET OMINAISUUDET:<\/strong><\/span><\/p>\n<p><span style=\"color:#0a0808;\">-Mittausalue: -30oC...550oC (-22oF...1022oF).\u00a0<\/span><\/p>\n<p><span style=\"color:#0a0808;\">-N\u00e4yt\u00f6n erottelukyky: 0.5oC\/1oC (automaattinen), 1oF<\/span><\/p>\n<p><span style=\"color:#0a0808;\">-Tarkkuus: \u00b1(2oC\/4oF) alueella -30oC...100oC (-22oF...212oF);<\/span><\/p>\n<p><span style=\"color:#0a0808;\">\u00b1(2% ilmoitettu) alueella 101oC...550oC (213oF...1022oF).<\/span><\/p>\n<p><span style=\"color:#0a0808;\">-L\u00e4mp\u00f6tilakerroin: mittaustarkkuuden muuttaminen 1oC (oF) ymp\u00e4rist\u00f6n l\u00e4mp\u00f6tilan ollessa alle 18oC (64.4oF), tai<\/span><\/p>\n<p><span style=\"color:#0a0808;\">yli 28oC (82.4oF): \u00b1 0.2% ilmoitettu tai \u00b1 0.2oC \/ 0.36oF (kumpi on suurempi).<\/span><\/p>\n<p><span style=\"color:#0a0808;\">-Vastausaika: 0,25 sekuntia<\/span><\/p>\n<p><span style=\"color:#0a0808;\">-Spektri: 6...14\u00b5m<\/span><\/p>\n<p><span style=\"color:#0a0808;\">-p\u00e4\u00e4st\u00f6t (Eps): 0.95<\/span><\/p>\n<p><span style=\"color:#0a0808;\">-Mittausanturi: l\u00e4mp\u00f6s\u00e4hk\u00f6inen kasa.\u00a0<\/span><\/p>\n<p><span style=\"color:#0a0808;\">-Optinen linssi: Fresnel-linssi<\/span><\/p>\n<p><span style=\"color:#0a0808;\">-Indikaattori: yksis\u00e4teinen laserindikaattori &lt;1mW (luokka 2).<\/span><\/p>\n<p><span style=\"color:#0a0808;\">-Mittauskentt\u00e4: o 100 mm 1000 mm:n et\u00e4isyydell\u00e4 (o3.9\u201d 39.0\u201d:n et\u00e4isyydell\u00e4).<\/span><\/p>\n<p><span style=\"color:#0a0808;\">-mittauskartioiden ominaisuudet 10:1<\/span><\/p>\n<p><span style=\"color:#0a0808;\">(et\u00e4isyys kohteesta: mittauskent\u00e4n halkaisija).<\/span><\/p>\n<\/p><\/p>","protected":false},"excerpt":{"rendered":"<p>TECHNICAL CHARACTERISTICS OF THE LASER INDICATOR: -Safety category: 2 -Wavelength: red light 630 \u2013 670 mm -Range: 0.6\u202615m -Power: 1 [&hellip;]<\/p>\n","protected":false},"featured_media":80380,"comment_status":"closed","ping_status":"open","template":"","meta":{"site-sidebar-layout":"default","site-content-layout":"","ast-site-content-layout":"default","site-content-style":"default","site-sidebar-style":"default","ast-global-header-display":"","ast-banner-title-visibility":"","ast-main-header-display":"","ast-hfb-above-header-display":"","ast-hfb-below-header-display":"","ast-hfb-mobile-header-display":"","site-post-title":"","ast-breadcrumbs-content":"","ast-featured-img":"","footer-sml-layout":"","ast-disable-related-posts":"","theme-transparent-header-meta":"","adv-header-id-meta":"","stick-header-meta":"","header-above-stick-meta":"","header-main-stick-meta":"","header-below-stick-meta":"","astra-migrate-meta-layouts":"default","ast-page-background-enabled":"default","ast-page-background-meta":{"desktop":{"background-color":"var(--ast-global-color-5)","background-image":"","background-repeat":"repeat","background-position":"center center","background-size":"auto","background-attachment":"scroll","background-type":"","background-media":"","overlay-type":"","overlay-color":"","overlay-opacity":"","overlay-gradient":""},"tablet":{"background-color":"","background-image":"","background-repeat":"repeat","background-position":"center center","background-size":"auto","background-attachment":"scroll","background-type":"","background-media":"","overlay-type":"","overlay-color":"","overlay-opacity":"","overlay-gradient":""},"mobile":{"background-color":"","background-image":"","background-repeat":"repeat","background-position":"center center","background-size":"auto","background-attachment":"scroll","background-type":"","background-media":"","overlay-type":"","overlay-color":"","overlay-opacity":"","overlay-gradient":""}},"ast-content-background-meta":{"desktop":{"background-color":"var(--ast-global-color-4)","background-image":"","background-repeat":"repeat","background-position":"center center","background-size":"auto","background-attachment":"scroll","background-type":"","background-media":"","overlay-type":"","overlay-color":"","overlay-opacity":"","overlay-gradient":""},"tablet":{"background-color":"var(--ast-global-color-4)","background-image":"","background-repeat":"repeat","background-position":"center center","background-size":"auto","background-attachment":"scroll","background-type":"","background-media":"","overlay-type":"","overlay-color":"","overlay-opacity":"","overlay-gradient":""},"mobile":{"background-color":"var(--ast-global-color-4)","background-image":"","background-repeat":"repeat","background-position":"center center","background-size":"auto","background-attachment":"scroll","background-type":"","background-media":"","overlay-type":"","overlay-color":"","overlay-opacity":"","overlay-gradient":""}}},"product_brand":[23],"product_cat":[4354],"product_tag":[],"class_list":{"0":"post-80379","1":"product","2":"type-product","3":"status-publish","4":"has-post-thumbnail","6":"product_brand-asta","7":"product_cat-measuring-tools","8":"desktop-align-left","9":"tablet-align-left","10":"mobile-align-left","12":"first","13":"instock","14":"taxable","15":"shipping-taxable","16":"purchasable","17":"product-type-simple"},"_links":{"self":[{"href":"https:\/\/leniro.ee\/fi\/wp-json\/wp\/v2\/product\/80379","targetHints":{"allow":["GET"]}}],"collection":[{"href":"https:\/\/leniro.ee\/fi\/wp-json\/wp\/v2\/product"}],"about":[{"href":"https:\/\/leniro.ee\/fi\/wp-json\/wp\/v2\/types\/product"}],"replies":[{"embeddable":true,"href":"https:\/\/leniro.ee\/fi\/wp-json\/wp\/v2\/comments?post=80379"}],"wp:featuredmedia":[{"embeddable":true,"href":"https:\/\/leniro.ee\/fi\/wp-json\/wp\/v2\/media\/80380"}],"wp:attachment":[{"href":"https:\/\/leniro.ee\/fi\/wp-json\/wp\/v2\/media?parent=80379"}],"wp:term":[{"taxonomy":"product_brand","embeddable":true,"href":"https:\/\/leniro.ee\/fi\/wp-json\/wp\/v2\/product_brand?post=80379"},{"taxonomy":"product_cat","embeddable":true,"href":"https:\/\/leniro.ee\/fi\/wp-json\/wp\/v2\/product_cat?post=80379"},{"taxonomy":"product_tag","embeddable":true,"href":"https:\/\/leniro.ee\/fi\/wp-json\/wp\/v2\/product_tag?post=80379"}],"curies":[{"name":"wp","href":"https:\/\/api.w.org\/{rel}","templated":true}]}}