{"id":92584,"date":"2026-04-11T12:51:10","date_gmt":"2026-04-11T12:51:10","guid":{"rendered":"https:\/\/leniro.ee\/toode\/set-of-drills-for-metal-25-pcs\/"},"modified":"2026-04-11T12:51:11","modified_gmt":"2026-04-11T12:51:11","slug":"set-of-drills-for-metal-25-pcs","status":"publish","type":"product","link":"https:\/\/leniro.ee\/et\/toode\/set-of-drills-for-metal-25-pcs\/","title":{"rendered":"Metallipuuride komplekt 25 tk."},"content":{"rendered":"<p>Sisestage t\u00f6\u00f6riistakappidesse komplekt valitud t\u00f6\u00f6riistu, mis on vajalikud t\u00f6\u00f6koja, k\u00e4sit\u00f6\u00f6- v\u00f5i renoveerimis- ja ehitust\u00f6\u00f6de jaoks. Kasulik iga professionaali kabinetis.<\/p>","protected":false},"excerpt":{"rendered":"<ul>\n<li>19 metallpuuri komplekt suurusega 1 - 10 mm, mis on valmistatud spetsiaalsest legeeritud terasest HSS4341, terase, malmi, v\u00e4rviliste metallide ja karastatud plastide puurimiseks ja aukude tegemiseks;<\/li>\n<li>3-osaline komplekt astmepuuridest 4-32 mm, mis on kaetud titaannitriidiga ja mis on kohandatud erinevate teraset\u00fc\u00fcpide, v\u00e4rviliste metallide, plastide ja puidu puurimiseks;<\/li>\n<li>ketaslihvimisketas \u00d8125 mm x 22,2 mm tavalise ja roostevaba terase, samuti kivi, puidu v\u00f5i plasti lihvimiseks ja koorimiseks;<\/li>\n<li>kahest L-kujulisest magnetkeevitusp\u00fcstolist koosnev komplekt kuni 9 kg raskuste keevitatud metallplaatide, torude ja -varraste toetamiseks;<\/li>\n<li>EVA tehniline vaht v\u00f5imaldab teil s\u00e4ilitada t\u00f6\u00f6koha korda, pakkudes lihtsat ja mugavat ligip\u00e4\u00e4su sageli kasutatavatele t\u00f6\u00f6riistadele.<\/li>\n<\/ul>\n<p>\u00a0<\/p>\n<p>Komplekti kuuluvad:<\/p>\n<p>Spiraalpuurid HT6D181<\/p>\n<p>Astmepuurid HT6D325<\/p>\n<p>Mittekootud lihvketas HT8D190<\/p>\n<p>Magnetilised keevitusnurgad, 2 tk. HT3B665<\/p>","protected":false},"featured_media":89821,"comment_status":"closed","ping_status":"open","template":"","meta":{"site-sidebar-layout":"default","site-content-layout":"","ast-site-content-layout":"default","site-content-style":"default","site-sidebar-style":"default","ast-global-header-display":"","ast-banner-title-visibility":"","ast-main-header-display":"","ast-hfb-above-header-display":"","ast-hfb-below-header-display":"","ast-hfb-mobile-header-display":"","site-post-title":"","ast-breadcrumbs-content":"","ast-featured-img":"","footer-sml-layout":"","ast-disable-related-posts":"","theme-transparent-header-meta":"","adv-header-id-meta":"","stick-header-meta":"","header-above-stick-meta":"","header-main-stick-meta":"","header-below-stick-meta":"","astra-migrate-meta-layouts":"default","ast-page-background-enabled":"default","ast-page-background-meta":{"desktop":{"background-color":"var(--ast-global-color-5)","background-image":"","background-repeat":"repeat","background-position":"center center","background-size":"auto","background-attachment":"scroll","background-type":"","background-media":"","overlay-type":"","overlay-color":"","overlay-opacity":"","overlay-gradient":""},"tablet":{"background-color":"","background-image":"","background-repeat":"repeat","background-position":"center center","background-size":"auto","background-attachment":"scroll","background-type":"","background-media":"","overlay-type":"","overlay-color":"","overlay-opacity":"","overlay-gradient":""},"mobile":{"background-color":"","background-image":"","background-repeat":"repeat","background-position":"center center","background-size":"auto","background-attachment":"scroll","background-type":"","background-media":"","overlay-type":"","overlay-color":"","overlay-opacity":"","overlay-gradient":""}},"ast-content-background-meta":{"desktop":{"background-color":"var(--ast-global-color-4)","background-image":"","background-repeat":"repeat","background-position":"center center","background-size":"auto","background-attachment":"scroll","background-type":"","background-media":"","overlay-type":"","overlay-color":"","overlay-opacity":"","overlay-gradient":""},"tablet":{"background-color":"var(--ast-global-color-4)","background-image":"","background-repeat":"repeat","background-position":"center center","background-size":"auto","background-attachment":"scroll","background-type":"","background-media":"","overlay-type":"","overlay-color":"","overlay-opacity":"","overlay-gradient":""},"mobile":{"background-color":"var(--ast-global-color-4)","background-image":"","background-repeat":"repeat","background-position":"center center","background-size":"auto","background-attachment":"scroll","background-type":"","background-media":"","overlay-type":"","overlay-color":"","overlay-opacity":"","overlay-gradient":""}}},"product_brand":[],"product_cat":[7039,8379,8417,8457],"product_tag":[],"class_list":{"0":"post-92584","1":"product","2":"type-product","3":"status-publish","4":"has-post-thumbnail","6":"product_cat-tools","7":"product_cat-tool-storage","8":"product_cat-drawer-inserts-with-tools","9":"product_cat-eva-cartridges-for-tool-cabinets-drill-bits-for-metal-25-pcs","10":"desktop-align-left","11":"tablet-align-left","12":"mobile-align-left","14":"first","15":"instock","16":"taxable","17":"shipping-taxable","18":"product-type-simple"},"_links":{"self":[{"href":"https:\/\/leniro.ee\/et\/wp-json\/wp\/v2\/product\/92584","targetHints":{"allow":["GET"]}}],"collection":[{"href":"https:\/\/leniro.ee\/et\/wp-json\/wp\/v2\/product"}],"about":[{"href":"https:\/\/leniro.ee\/et\/wp-json\/wp\/v2\/types\/product"}],"replies":[{"embeddable":true,"href":"https:\/\/leniro.ee\/et\/wp-json\/wp\/v2\/comments?post=92584"}],"wp:featuredmedia":[{"embeddable":true,"href":"https:\/\/leniro.ee\/et\/wp-json\/wp\/v2\/media\/89821"}],"wp:attachment":[{"href":"https:\/\/leniro.ee\/et\/wp-json\/wp\/v2\/media?parent=92584"}],"wp:term":[{"taxonomy":"product_brand","embeddable":true,"href":"https:\/\/leniro.ee\/et\/wp-json\/wp\/v2\/product_brand?post=92584"},{"taxonomy":"product_cat","embeddable":true,"href":"https:\/\/leniro.ee\/et\/wp-json\/wp\/v2\/product_cat?post=92584"},{"taxonomy":"product_tag","embeddable":true,"href":"https:\/\/leniro.ee\/et\/wp-json\/wp\/v2\/product_tag?post=92584"}],"curies":[{"name":"wp","href":"https:\/\/api.w.org\/{rel}","templated":true}]}}