{"id":92583,"date":"2026-04-11T12:51:10","date_gmt":"2026-04-11T12:51:10","guid":{"rendered":"https:\/\/leniro.ee\/toode\/set-of-grinding-wheels-for-cutting-metal-and-stainless-steel-60-pcs\/"},"modified":"2026-04-11T12:51:11","modified_gmt":"2026-04-11T12:51:11","slug":"set-of-grinding-wheels-for-cutting-metal-and-stainless-steel-60-pcs","status":"publish","type":"product","link":"https:\/\/leniro.ee\/et\/toode\/set-of-grinding-wheels-for-cutting-metal-and-stainless-steel-60-pcs\/","title":{"rendered":"Lihvimisrataste komplekt metalli ja roostevaba terase l\u00f5ikamiseks 60 tk."},"content":{"rendered":"<p>T\u00f6\u00f6riistakappide sisestus, mis sisaldab komplekti k\u00f5ige sagedamini kasutatavatest materjalidest l\u00f5ikamiseks ja metallit\u00f6\u00f6tluseks. Metallkastidesse pakitud korundrataste komplektid v\u00f5imaldavad nende mugavat hoiustamist ja h\u00f5lpsat juurdep\u00e4\u00e4su igal ajal. V\u00e4ga populaarsete ja sageli kasutatavate materjalide kombinatsioon, mida kasutatakse laialdaselt igas mehaanika-, k\u00e4sit\u00f6\u00f6- ja autot\u00f6\u00f6kojas.<\/p>","protected":false},"excerpt":{"rendered":"<ul>\n<li>1,0 mm paksuse metalli ja roostevaba terase l\u00f5ikamiseks m\u00f5eldud korundrattad tagavad kiire ja t\u00e4pse l\u00f5ikamise minimaalse materjalikahjuga;<\/li>\n<li>erinevate omaduste ja hammaste arvuga saeterad metalli l\u00f5ikamiseks v\u00f5imaldavad lehtmetalli l\u00f5ikamist puusaagiga;<\/li>\n<li>125 mm l\u00e4bim\u00f5\u00f5duga abrasiivsed kettad koos Velcro-kinnitusega on ideaalsed metallpindade t\u00f6\u00f6tlemiseks ja viimistlemiseks p\u00e4rast l\u00f5ikamist;<\/li>\n<li>EVA tehniline vaht v\u00f5imaldab hoida t\u00f6\u00f6koha korras, tagades lihtsa ja mugava juurdep\u00e4\u00e4su sageli kasutatavatele t\u00f6\u00f6riistadele.<\/li>\n<\/ul>\n<p>\u00a0<\/p>\n<p>Komplekti kuuluvad:<\/p>\n<p>Korundrattad metalli ja inoxi l\u00f5ikamiseks<br \/>\nHT6D630 &#8211; 115 x 1,0 x 22,23 mm \u2013 20 pcs<br \/>\nHT6D631 - 125 x 1,0 x 22,23 mm - 20 tk.<\/p>\n<p>Abrasive disc with Velcro for sanding metal and wood G40 HT8D101 &#8211; 125 mm &#8211; 5 pcs.<\/p>\n<p>Saeterad metalli l\u00f5ikamiseks<br \/>\nHT6D671 - 12 TPI ,76 mm - 5 tk<br \/>\nHT6D672 - 8 TPI, 100 mm - 5 tk.<br \/>\nHT6D673 - 21 TPI, 132 mm - 5 tk.<\/p>","protected":false},"featured_media":89820,"comment_status":"closed","ping_status":"open","template":"","meta":{"site-sidebar-layout":"default","site-content-layout":"","ast-site-content-layout":"default","site-content-style":"default","site-sidebar-style":"default","ast-global-header-display":"","ast-banner-title-visibility":"","ast-main-header-display":"","ast-hfb-above-header-display":"","ast-hfb-below-header-display":"","ast-hfb-mobile-header-display":"","site-post-title":"","ast-breadcrumbs-content":"","ast-featured-img":"","footer-sml-layout":"","ast-disable-related-posts":"","theme-transparent-header-meta":"","adv-header-id-meta":"","stick-header-meta":"","header-above-stick-meta":"","header-main-stick-meta":"","header-below-stick-meta":"","astra-migrate-meta-layouts":"default","ast-page-background-enabled":"default","ast-page-background-meta":{"desktop":{"background-color":"var(--ast-global-color-5)","background-image":"","background-repeat":"repeat","background-position":"center center","background-size":"auto","background-attachment":"scroll","background-type":"","background-media":"","overlay-type":"","overlay-color":"","overlay-opacity":"","overlay-gradient":""},"tablet":{"background-color":"","background-image":"","background-repeat":"repeat","background-position":"center center","background-size":"auto","background-attachment":"scroll","background-type":"","background-media":"","overlay-type":"","overlay-color":"","overlay-opacity":"","overlay-gradient":""},"mobile":{"background-color":"","background-image":"","background-repeat":"repeat","background-position":"center center","background-size":"auto","background-attachment":"scroll","background-type":"","background-media":"","overlay-type":"","overlay-color":"","overlay-opacity":"","overlay-gradient":""}},"ast-content-background-meta":{"desktop":{"background-color":"var(--ast-global-color-4)","background-image":"","background-repeat":"repeat","background-position":"center center","background-size":"auto","background-attachment":"scroll","background-type":"","background-media":"","overlay-type":"","overlay-color":"","overlay-opacity":"","overlay-gradient":""},"tablet":{"background-color":"var(--ast-global-color-4)","background-image":"","background-repeat":"repeat","background-position":"center center","background-size":"auto","background-attachment":"scroll","background-type":"","background-media":"","overlay-type":"","overlay-color":"","overlay-opacity":"","overlay-gradient":""},"mobile":{"background-color":"var(--ast-global-color-4)","background-image":"","background-repeat":"repeat","background-position":"center center","background-size":"auto","background-attachment":"scroll","background-type":"","background-media":"","overlay-type":"","overlay-color":"","overlay-opacity":"","overlay-gradient":""}}},"product_brand":[],"product_cat":[7039,8379,8417,8456],"product_tag":[],"class_list":{"0":"post-92583","1":"product","2":"type-product","3":"status-publish","4":"has-post-thumbnail","6":"product_cat-tools","7":"product_cat-tool-storage","8":"product_cat-drawer-inserts-with-tools","9":"product_cat-eva-cartridges-for-tool-cabinets-metal-cutting-discs-60-pcs","10":"desktop-align-left","11":"tablet-align-left","12":"mobile-align-left","14":"first","15":"instock","16":"taxable","17":"shipping-taxable","18":"product-type-simple"},"_links":{"self":[{"href":"https:\/\/leniro.ee\/et\/wp-json\/wp\/v2\/product\/92583","targetHints":{"allow":["GET"]}}],"collection":[{"href":"https:\/\/leniro.ee\/et\/wp-json\/wp\/v2\/product"}],"about":[{"href":"https:\/\/leniro.ee\/et\/wp-json\/wp\/v2\/types\/product"}],"replies":[{"embeddable":true,"href":"https:\/\/leniro.ee\/et\/wp-json\/wp\/v2\/comments?post=92583"}],"wp:featuredmedia":[{"embeddable":true,"href":"https:\/\/leniro.ee\/et\/wp-json\/wp\/v2\/media\/89820"}],"wp:attachment":[{"href":"https:\/\/leniro.ee\/et\/wp-json\/wp\/v2\/media?parent=92583"}],"wp:term":[{"taxonomy":"product_brand","embeddable":true,"href":"https:\/\/leniro.ee\/et\/wp-json\/wp\/v2\/product_brand?post=92583"},{"taxonomy":"product_cat","embeddable":true,"href":"https:\/\/leniro.ee\/et\/wp-json\/wp\/v2\/product_cat?post=92583"},{"taxonomy":"product_tag","embeddable":true,"href":"https:\/\/leniro.ee\/et\/wp-json\/wp\/v2\/product_tag?post=92583"}],"curies":[{"name":"wp","href":"https:\/\/api.w.org\/{rel}","templated":true}]}}