{"id":92579,"date":"2026-04-11T12:51:10","date_gmt":"2026-04-11T12:51:10","guid":{"rendered":"https:\/\/leniro.ee\/toode\/hex-wrenches-set-53-pcs\/"},"modified":"2026-04-11T12:51:10","modified_gmt":"2026-04-11T12:51:10","slug":"hex-wrenches-set-53-pcs","status":"publish","type":"product","link":"https:\/\/leniro.ee\/et\/toode\/hex-wrenches-set-53-pcs\/","title":{"rendered":"Kuuskantv\u00f5tmete komplekt 53 tk."},"content":{"rendered":"<p>T\u00f6\u00f6riistakappide sisseehitus koos 1\/4\u201d tarvikutega kuuskantv\u00f5tmete ja mutriv\u00f5tmete komplektiga, v\u00f5imaldab valida kruvide l\u00f5dvendamisel vajaliku \u00f5ige mutriv\u00f5tme. V\u00e4ltimatu iga professionaali t\u00f6\u00f6riistakapis.<\/p>","protected":false},"excerpt":{"rendered":"<ul>\n<li>kvaliteetsest kroomvanaadiumisulamist terasest valmistatud kuuskantv\u00f5tmed, mutriv\u00f5tmed ja tarvikud;<\/li>\n<li>k\u00f5rgeima kvaliteediga S2 terasest valmistatud kruvikeerajaotsad;<\/li>\n<li>t\u00e4pne rat\u0161imehhanism, mille 72-hambaline ratss on valmistatud kvaliteetsest kroom-mol\u00fcbdeenisulamkiudterasest;<\/li>\n<li>EVA tehniline vaht v\u00f5imaldab hoida t\u00f6\u00f6koha korras, tagades lihtsa ja mugava juurdep\u00e4\u00e4su sageli kasutatavatele t\u00f6\u00f6riistadele.<\/li>\n<\/ul>\n<p>\u00a0<\/p>\n<p>Komplekti kuuluvad:<\/p>\n<p>L\u00fchike kuuskantv\u00f5ti HT1W802<\/p>\n<p>Pikad kuuskantv\u00f5tmed palliga HT1W804<\/p>\n<p>Pikad torx-v\u00f5tmed HT1W809<\/p>\n<p>37 mm kuuskantv\u00f5tmed<\/p>\n<p>3 mm &#8211; HT1S623, 4 mm &#8211; HT1S624, 5 mm &#8211; HT1S625, 6 mm &#8211; HT1S626, 7 mm &#8211; HT1S627, 8 mm &#8211; HT1S628<\/p>\n<p>37 mm Torx mutriv\u00f5tmed auguga<\/p>\n<p>6 mm &#8211; HT1S670, 7 mm &#8211; HT1S671, 8 mm &#8211; HT1S672, 9 mm &#8211; HT1S673, 10 mm &#8211; HT1S674, 15 mm &#8211; HT1S675, 20 mm &#8211; HT1S676, 25 mm &#8211; HT1S677, 27 mm &#8211; HT1S678, 30 mm &#8211; HT1S679, 40 mm &#8211; HT1S680<\/p>\n<p>1\/4\"37mm PH kuuskantv\u00f5tmed<\/p>\n<p>PH1 HT1S601, PH2 HT1S602, PH3 HT1S603<\/p>\n<p>1\/4\"37 mm PZ kuuskantv\u00f5tmed<\/p>\n<p>PZ1 HT1S606, PZ2 HT1S607, PZ3 HT1S608<\/p>\n<p>1\/4 \"HT1R324 ratas<\/p>\n<p>Paindlik pikendus 1\/4\"150 mm HT1A740<\/p>\n<p>1\/4\" T-k\u00e4epide 152,4mm HT1A745<\/p>","protected":false},"featured_media":89816,"comment_status":"closed","ping_status":"open","template":"","meta":{"site-sidebar-layout":"default","site-content-layout":"","ast-site-content-layout":"default","site-content-style":"default","site-sidebar-style":"default","ast-global-header-display":"","ast-banner-title-visibility":"","ast-main-header-display":"","ast-hfb-above-header-display":"","ast-hfb-below-header-display":"","ast-hfb-mobile-header-display":"","site-post-title":"","ast-breadcrumbs-content":"","ast-featured-img":"","footer-sml-layout":"","ast-disable-related-posts":"","theme-transparent-header-meta":"","adv-header-id-meta":"","stick-header-meta":"","header-above-stick-meta":"","header-main-stick-meta":"","header-below-stick-meta":"","astra-migrate-meta-layouts":"default","ast-page-background-enabled":"default","ast-page-background-meta":{"desktop":{"background-color":"var(--ast-global-color-5)","background-image":"","background-repeat":"repeat","background-position":"center center","background-size":"auto","background-attachment":"scroll","background-type":"","background-media":"","overlay-type":"","overlay-color":"","overlay-opacity":"","overlay-gradient":""},"tablet":{"background-color":"","background-image":"","background-repeat":"repeat","background-position":"center center","background-size":"auto","background-attachment":"scroll","background-type":"","background-media":"","overlay-type":"","overlay-color":"","overlay-opacity":"","overlay-gradient":""},"mobile":{"background-color":"","background-image":"","background-repeat":"repeat","background-position":"center center","background-size":"auto","background-attachment":"scroll","background-type":"","background-media":"","overlay-type":"","overlay-color":"","overlay-opacity":"","overlay-gradient":""}},"ast-content-background-meta":{"desktop":{"background-color":"var(--ast-global-color-4)","background-image":"","background-repeat":"repeat","background-position":"center center","background-size":"auto","background-attachment":"scroll","background-type":"","background-media":"","overlay-type":"","overlay-color":"","overlay-opacity":"","overlay-gradient":""},"tablet":{"background-color":"var(--ast-global-color-4)","background-image":"","background-repeat":"repeat","background-position":"center center","background-size":"auto","background-attachment":"scroll","background-type":"","background-media":"","overlay-type":"","overlay-color":"","overlay-opacity":"","overlay-gradient":""},"mobile":{"background-color":"var(--ast-global-color-4)","background-image":"","background-repeat":"repeat","background-position":"center center","background-size":"auto","background-attachment":"scroll","background-type":"","background-media":"","overlay-type":"","overlay-color":"","overlay-opacity":"","overlay-gradient":""}}},"product_brand":[],"product_cat":[7039,8379,8417,8452],"product_tag":[],"class_list":{"0":"post-92579","1":"product","2":"type-product","3":"status-publish","4":"has-post-thumbnail","6":"product_cat-tools","7":"product_cat-tool-storage","8":"product_cat-drawer-inserts-with-tools","9":"product_cat-eva-cartridges-for-tool-cabinets-allen-keys-53-pcs","10":"desktop-align-left","11":"tablet-align-left","12":"mobile-align-left","14":"first","15":"instock","16":"taxable","17":"shipping-taxable","18":"product-type-simple"},"_links":{"self":[{"href":"https:\/\/leniro.ee\/et\/wp-json\/wp\/v2\/product\/92579","targetHints":{"allow":["GET"]}}],"collection":[{"href":"https:\/\/leniro.ee\/et\/wp-json\/wp\/v2\/product"}],"about":[{"href":"https:\/\/leniro.ee\/et\/wp-json\/wp\/v2\/types\/product"}],"replies":[{"embeddable":true,"href":"https:\/\/leniro.ee\/et\/wp-json\/wp\/v2\/comments?post=92579"}],"wp:featuredmedia":[{"embeddable":true,"href":"https:\/\/leniro.ee\/et\/wp-json\/wp\/v2\/media\/89816"}],"wp:attachment":[{"href":"https:\/\/leniro.ee\/et\/wp-json\/wp\/v2\/media?parent=92579"}],"wp:term":[{"taxonomy":"product_brand","embeddable":true,"href":"https:\/\/leniro.ee\/et\/wp-json\/wp\/v2\/product_brand?post=92579"},{"taxonomy":"product_cat","embeddable":true,"href":"https:\/\/leniro.ee\/et\/wp-json\/wp\/v2\/product_cat?post=92579"},{"taxonomy":"product_tag","embeddable":true,"href":"https:\/\/leniro.ee\/et\/wp-json\/wp\/v2\/product_tag?post=92579"}],"curies":[{"name":"wp","href":"https:\/\/api.w.org\/{rel}","templated":true}]}}