{"id":92578,"date":"2026-04-11T12:51:10","date_gmt":"2026-04-11T12:51:10","guid":{"rendered":"https:\/\/leniro.ee\/toode\/tools-for-brake-lines-4-pcs\/"},"modified":"2026-04-11T12:51:10","modified_gmt":"2026-04-11T12:51:10","slug":"tools-for-brake-lines-4-pcs","status":"publish","type":"product","link":"https:\/\/leniro.ee\/et\/toode\/tools-for-brake-lines-4-pcs\/","title":{"rendered":"T\u00f6\u00f6riistad pidurijuhtmete jaoks 4 tk."},"content":{"rendered":"<p>T\u00f6\u00f6riistakappide sisseehitus koos valitud t\u00f6\u00f6riistade komplektiga, mis on vajalikud t\u00f6\u00f6ks pidurijuhtmetega. Kasulik iga professionaali kabinetis.<\/p>","protected":false},"excerpt":{"rendered":"<ul>\n<li>press for manual expansion of pipes in the range of 3 &#8211; 19 mm, made of steel, non-ferrous metals, aluminum and copper;<\/li>\n<li>l\u00f5ikur torudele l\u00e4bim\u00f5\u00f5duga 3-32 mm, mis on valmistatud Cu, Al v\u00f5i plastist, nt PVC, PU, PP, PEX-AL, PEX;<\/li>\n<li>manuaalne tester, mis on m\u00f5eldud pidurivedeliku DOT-3, DOT-4, DOT-5 kvaliteedi kontrollimiseks;<\/li>\n<li>bending machine with 2 rollers necessary for bending brake lines with a diameter in the range of 4.75 &#8211; 9.53\u00a0mm;<\/li>\n<li>EVA tehniline vaht v\u00f5imaldab teil s\u00e4ilitada t\u00f6\u00f6koha korda, pakkudes lihtsat ja mugavat ligip\u00e4\u00e4su sageli kasutatavatele t\u00f6\u00f6riistadele.<\/li>\n<\/ul>\n<p>\u00a0<\/p>\n<p>Komplekti kuuluvad:<\/p>\n<p>Toru \u00e4\u00e4rikupress HT1P626<\/p>\n<p>Teleskoopiline torul\u00f5ikur HT1P611<\/p>\n<p>K\u00e4sitsi kasutatav pidurivedeliku tester HT8G434<\/p>\n<p>Pidurivooliku painutusmasin HT8G375<br \/>\n\u00a0<\/p>","protected":false},"featured_media":89815,"comment_status":"closed","ping_status":"open","template":"","meta":{"site-sidebar-layout":"default","site-content-layout":"","ast-site-content-layout":"default","site-content-style":"default","site-sidebar-style":"default","ast-global-header-display":"","ast-banner-title-visibility":"","ast-main-header-display":"","ast-hfb-above-header-display":"","ast-hfb-below-header-display":"","ast-hfb-mobile-header-display":"","site-post-title":"","ast-breadcrumbs-content":"","ast-featured-img":"","footer-sml-layout":"","ast-disable-related-posts":"","theme-transparent-header-meta":"","adv-header-id-meta":"","stick-header-meta":"","header-above-stick-meta":"","header-main-stick-meta":"","header-below-stick-meta":"","astra-migrate-meta-layouts":"default","ast-page-background-enabled":"default","ast-page-background-meta":{"desktop":{"background-color":"var(--ast-global-color-5)","background-image":"","background-repeat":"repeat","background-position":"center center","background-size":"auto","background-attachment":"scroll","background-type":"","background-media":"","overlay-type":"","overlay-color":"","overlay-opacity":"","overlay-gradient":""},"tablet":{"background-color":"","background-image":"","background-repeat":"repeat","background-position":"center center","background-size":"auto","background-attachment":"scroll","background-type":"","background-media":"","overlay-type":"","overlay-color":"","overlay-opacity":"","overlay-gradient":""},"mobile":{"background-color":"","background-image":"","background-repeat":"repeat","background-position":"center center","background-size":"auto","background-attachment":"scroll","background-type":"","background-media":"","overlay-type":"","overlay-color":"","overlay-opacity":"","overlay-gradient":""}},"ast-content-background-meta":{"desktop":{"background-color":"var(--ast-global-color-4)","background-image":"","background-repeat":"repeat","background-position":"center center","background-size":"auto","background-attachment":"scroll","background-type":"","background-media":"","overlay-type":"","overlay-color":"","overlay-opacity":"","overlay-gradient":""},"tablet":{"background-color":"var(--ast-global-color-4)","background-image":"","background-repeat":"repeat","background-position":"center center","background-size":"auto","background-attachment":"scroll","background-type":"","background-media":"","overlay-type":"","overlay-color":"","overlay-opacity":"","overlay-gradient":""},"mobile":{"background-color":"var(--ast-global-color-4)","background-image":"","background-repeat":"repeat","background-position":"center center","background-size":"auto","background-attachment":"scroll","background-type":"","background-media":"","overlay-type":"","overlay-color":"","overlay-opacity":"","overlay-gradient":""}}},"product_brand":[],"product_cat":[7039,8379,8417,8451],"product_tag":[],"class_list":{"0":"post-92578","1":"product","2":"type-product","3":"status-publish","4":"has-post-thumbnail","6":"product_cat-tools","7":"product_cat-tool-storage","8":"product_cat-drawer-inserts-with-tools","9":"product_cat-eva-inserts-for-tool-cabinets-for-brake-lines-4-pcs","10":"desktop-align-left","11":"tablet-align-left","12":"mobile-align-left","14":"first","15":"instock","16":"taxable","17":"shipping-taxable","18":"product-type-simple"},"_links":{"self":[{"href":"https:\/\/leniro.ee\/et\/wp-json\/wp\/v2\/product\/92578","targetHints":{"allow":["GET"]}}],"collection":[{"href":"https:\/\/leniro.ee\/et\/wp-json\/wp\/v2\/product"}],"about":[{"href":"https:\/\/leniro.ee\/et\/wp-json\/wp\/v2\/types\/product"}],"replies":[{"embeddable":true,"href":"https:\/\/leniro.ee\/et\/wp-json\/wp\/v2\/comments?post=92578"}],"wp:featuredmedia":[{"embeddable":true,"href":"https:\/\/leniro.ee\/et\/wp-json\/wp\/v2\/media\/89815"}],"wp:attachment":[{"href":"https:\/\/leniro.ee\/et\/wp-json\/wp\/v2\/media?parent=92578"}],"wp:term":[{"taxonomy":"product_brand","embeddable":true,"href":"https:\/\/leniro.ee\/et\/wp-json\/wp\/v2\/product_brand?post=92578"},{"taxonomy":"product_cat","embeddable":true,"href":"https:\/\/leniro.ee\/et\/wp-json\/wp\/v2\/product_cat?post=92578"},{"taxonomy":"product_tag","embeddable":true,"href":"https:\/\/leniro.ee\/et\/wp-json\/wp\/v2\/product_tag?post=92578"}],"curies":[{"name":"wp","href":"https:\/\/api.w.org\/{rel}","templated":true}]}}