{"id":92543,"date":"2026-04-11T12:50:58","date_gmt":"2026-04-11T12:50:58","guid":{"rendered":"https:\/\/leniro.ee\/toode\/pliers-for-crimping-bands-5-pcs\/"},"modified":"2026-04-11T12:51:05","modified_gmt":"2026-04-11T12:51:05","slug":"pliers-for-crimping-bands-5-pcs","status":"publish","type":"product","link":"https:\/\/leniro.ee\/et\/toode\/pliers-for-crimping-bands-5-pcs\/","title":{"rendered":"Pliers for crimping bands 5 pcs."},"content":{"rendered":"<p>Insert for tool cabinets with a set of selected tools necessary for workshop work. Useful in the cabinet of any professional.<\/p>","protected":false},"excerpt":{"rendered":"<ul>\n<li>pliers for dismantling steel bands protecting the rubber axle guards of vehicles;<\/li>\n<li>3 sizes of pliers for loosening and crimping reusable cable ties on rubber wires (175 mm &#8211; HT8G347, 230 mm &#8211; HT8G344, 45\u00b0 &#8211; HT8G345);<\/li>\n<li>leaf gap gauge, used for precise setting and checking the width of the gap;<\/li>\n<li>flexible, telescopic magnetic holder with LED flashlight, designed to lift metal elements from hard-to-reach places;<\/li>\n<li>EVA tehniline vaht v\u00f5imaldab teil s\u00e4ilitada t\u00f6\u00f6koha korda, pakkudes lihtsat ja mugavat ligip\u00e4\u00e4su sageli kasutatavatele t\u00f6\u00f6riistadele.<\/li>\n<\/ul>\n<p>\u00a0<\/p>\n<p>Komplekti kuuluvad:<\/p>\n<p>Pliers for steel bands HT8G340<\/p>\n<p>Cable tie pliers HT8G347, HT8G344, HT8G345<\/p>\n<p>9-blade feeler gauge HT8G330<\/p>\n<p>Flexible Telescopic Magnetic Gripper with LED Flashlight HT4R507<\/p>","protected":false},"featured_media":89780,"comment_status":"closed","ping_status":"open","template":"","meta":{"site-sidebar-layout":"default","site-content-layout":"","ast-site-content-layout":"default","site-content-style":"default","site-sidebar-style":"default","ast-global-header-display":"","ast-banner-title-visibility":"","ast-main-header-display":"","ast-hfb-above-header-display":"","ast-hfb-below-header-display":"","ast-hfb-mobile-header-display":"","site-post-title":"","ast-breadcrumbs-content":"","ast-featured-img":"","footer-sml-layout":"","ast-disable-related-posts":"","theme-transparent-header-meta":"","adv-header-id-meta":"","stick-header-meta":"","header-above-stick-meta":"","header-main-stick-meta":"","header-below-stick-meta":"","astra-migrate-meta-layouts":"default","ast-page-background-enabled":"default","ast-page-background-meta":{"desktop":{"background-color":"var(--ast-global-color-5)","background-image":"","background-repeat":"repeat","background-position":"center center","background-size":"auto","background-attachment":"scroll","background-type":"","background-media":"","overlay-type":"","overlay-color":"","overlay-opacity":"","overlay-gradient":""},"tablet":{"background-color":"","background-image":"","background-repeat":"repeat","background-position":"center center","background-size":"auto","background-attachment":"scroll","background-type":"","background-media":"","overlay-type":"","overlay-color":"","overlay-opacity":"","overlay-gradient":""},"mobile":{"background-color":"","background-image":"","background-repeat":"repeat","background-position":"center center","background-size":"auto","background-attachment":"scroll","background-type":"","background-media":"","overlay-type":"","overlay-color":"","overlay-opacity":"","overlay-gradient":""}},"ast-content-background-meta":{"desktop":{"background-color":"var(--ast-global-color-4)","background-image":"","background-repeat":"repeat","background-position":"center center","background-size":"auto","background-attachment":"scroll","background-type":"","background-media":"","overlay-type":"","overlay-color":"","overlay-opacity":"","overlay-gradient":""},"tablet":{"background-color":"var(--ast-global-color-4)","background-image":"","background-repeat":"repeat","background-position":"center center","background-size":"auto","background-attachment":"scroll","background-type":"","background-media":"","overlay-type":"","overlay-color":"","overlay-opacity":"","overlay-gradient":""},"mobile":{"background-color":"var(--ast-global-color-4)","background-image":"","background-repeat":"repeat","background-position":"center center","background-size":"auto","background-attachment":"scroll","background-type":"","background-media":"","overlay-type":"","overlay-color":"","overlay-opacity":"","overlay-gradient":""}}},"product_brand":[],"product_cat":[7039,8379,8417,8420],"product_tag":[],"class_list":{"0":"post-92543","1":"product","2":"type-product","3":"status-publish","4":"has-post-thumbnail","6":"product_cat-tools","7":"product_cat-tool-storage","8":"product_cat-drawer-inserts-with-tools","9":"product_cat-eva-insert-for-tool-panes-pliers-for-crimping-bands-6-pcs","10":"desktop-align-left","11":"tablet-align-left","12":"mobile-align-left","14":"first","15":"instock","16":"taxable","17":"shipping-taxable","18":"product-type-simple"},"_links":{"self":[{"href":"https:\/\/leniro.ee\/et\/wp-json\/wp\/v2\/product\/92543","targetHints":{"allow":["GET"]}}],"collection":[{"href":"https:\/\/leniro.ee\/et\/wp-json\/wp\/v2\/product"}],"about":[{"href":"https:\/\/leniro.ee\/et\/wp-json\/wp\/v2\/types\/product"}],"replies":[{"embeddable":true,"href":"https:\/\/leniro.ee\/et\/wp-json\/wp\/v2\/comments?post=92543"}],"wp:featuredmedia":[{"embeddable":true,"href":"https:\/\/leniro.ee\/et\/wp-json\/wp\/v2\/media\/89780"}],"wp:attachment":[{"href":"https:\/\/leniro.ee\/et\/wp-json\/wp\/v2\/media?parent=92543"}],"wp:term":[{"taxonomy":"product_brand","embeddable":true,"href":"https:\/\/leniro.ee\/et\/wp-json\/wp\/v2\/product_brand?post=92543"},{"taxonomy":"product_cat","embeddable":true,"href":"https:\/\/leniro.ee\/et\/wp-json\/wp\/v2\/product_cat?post=92543"},{"taxonomy":"product_tag","embeddable":true,"href":"https:\/\/leniro.ee\/et\/wp-json\/wp\/v2\/product_tag?post=92543"}],"curies":[{"name":"wp","href":"https:\/\/api.w.org\/{rel}","templated":true}]}}