{"id":92213,"date":"2026-04-11T12:48:31","date_gmt":"2026-04-11T12:48:31","guid":{"rendered":"https:\/\/leniro.ee\/toode\/usb-led-workshop-headlamp-with-7-functions\/"},"modified":"2026-04-11T12:48:38","modified_gmt":"2026-04-11T12:48:38","slug":"usb-led-workshop-headlamp-with-7-functions","status":"publish","type":"product","link":"https:\/\/leniro.ee\/et\/toode\/usb-led-workshop-headlamp-with-7-functions\/","title":{"rendered":"USB LED workshop headlamp with 7 functions"},"content":{"rendered":"<p>USB LED headlamp is equipped with a motion sensor and 7 operating modes. It provides very good illumination. The battery lasts up to 3 in operating mode hours without charging. It is designed for professional use, recommended to car mechanics when working on car repairs.<\/p>","protected":false},"excerpt":{"rendered":"<ul>\n<li>power supply <strong>3.7V 1200 mAh Li-Ion;<\/strong><\/li>\n<li>6 operating modes:<\/li>\n<\/ul>\n<p>&#8211; light 5000K strong;<br \/>\n&#8211; light 5000K economical;<br \/>\n&#8211; light 3000K strong;<br \/>\n&#8211; light 3000K economical;<br \/>\n&#8211; red light;<br \/>\n&#8211; emergency light (red flashing);<\/p>\n<ul>\n<li>motion sensor;<\/li>\n<li><strong>IPX<\/strong> moisture protection;<\/li>\n<li>luminous flux <strong>315 lm;<\/strong><\/li>\n<li>power: <strong>COB 5W<\/strong><strong>;<\/strong><\/li>\n<li>battery charge indicator;<\/li>\n<li>drop resistance up to 1 meter;<\/li>\n<li>light colour temperature 5000K;<\/li>\n<li>strap &#8211; elastic headband;<\/li>\n<li>made of ABS plastic.<\/li>\n<\/ul>\n<hr \/>\n<p><a><\/a><\/p>\n<p>\u00a0<a href=\"#_msoanchor_1\">[Rzadkowsk1]<\/a>Reszt\u0119 uzupe\u0142ni\u0107 musi PM PM will fill in the rest<\/p>\n","protected":false},"featured_media":0,"comment_status":"closed","ping_status":"open","template":"","meta":{"site-sidebar-layout":"default","site-content-layout":"","ast-site-content-layout":"default","site-content-style":"default","site-sidebar-style":"default","ast-global-header-display":"","ast-banner-title-visibility":"","ast-main-header-display":"","ast-hfb-above-header-display":"","ast-hfb-below-header-display":"","ast-hfb-mobile-header-display":"","site-post-title":"","ast-breadcrumbs-content":"","ast-featured-img":"","footer-sml-layout":"","ast-disable-related-posts":"","theme-transparent-header-meta":"","adv-header-id-meta":"","stick-header-meta":"","header-above-stick-meta":"","header-main-stick-meta":"","header-below-stick-meta":"","astra-migrate-meta-layouts":"default","ast-page-background-enabled":"default","ast-page-background-meta":{"desktop":{"background-color":"var(--ast-global-color-5)","background-image":"","background-repeat":"repeat","background-position":"center center","background-size":"auto","background-attachment":"scroll","background-type":"","background-media":"","overlay-type":"","overlay-color":"","overlay-opacity":"","overlay-gradient":""},"tablet":{"background-color":"","background-image":"","background-repeat":"repeat","background-position":"center center","background-size":"auto","background-attachment":"scroll","background-type":"","background-media":"","overlay-type":"","overlay-color":"","overlay-opacity":"","overlay-gradient":""},"mobile":{"background-color":"","background-image":"","background-repeat":"repeat","background-position":"center center","background-size":"auto","background-attachment":"scroll","background-type":"","background-media":"","overlay-type":"","overlay-color":"","overlay-opacity":"","overlay-gradient":""}},"ast-content-background-meta":{"desktop":{"background-color":"var(--ast-global-color-4)","background-image":"","background-repeat":"repeat","background-position":"center center","background-size":"auto","background-attachment":"scroll","background-type":"","background-media":"","overlay-type":"","overlay-color":"","overlay-opacity":"","overlay-gradient":""},"tablet":{"background-color":"var(--ast-global-color-4)","background-image":"","background-repeat":"repeat","background-position":"center center","background-size":"auto","background-attachment":"scroll","background-type":"","background-media":"","overlay-type":"","overlay-color":"","overlay-opacity":"","overlay-gradient":""},"mobile":{"background-color":"var(--ast-global-color-4)","background-image":"","background-repeat":"repeat","background-position":"center center","background-size":"auto","background-attachment":"scroll","background-type":"","background-media":"","overlay-type":"","overlay-color":"","overlay-opacity":"","overlay-gradient":""}}},"product_brand":[],"product_cat":[8156,8159,7039,8031,8149],"product_tag":[],"class_list":{"0":"post-92213","1":"product","2":"type-product","3":"status-publish","5":"product_cat-torches","6":"product_cat-headlamp","7":"product_cat-tools","8":"product_cat-automotive-tools-tools","9":"product_cat-lighting","10":"desktop-align-left","11":"tablet-align-left","12":"mobile-align-left","14":"first","15":"instock","16":"taxable","17":"shipping-taxable","18":"product-type-simple"},"_links":{"self":[{"href":"https:\/\/leniro.ee\/et\/wp-json\/wp\/v2\/product\/92213","targetHints":{"allow":["GET"]}}],"collection":[{"href":"https:\/\/leniro.ee\/et\/wp-json\/wp\/v2\/product"}],"about":[{"href":"https:\/\/leniro.ee\/et\/wp-json\/wp\/v2\/types\/product"}],"replies":[{"embeddable":true,"href":"https:\/\/leniro.ee\/et\/wp-json\/wp\/v2\/comments?post=92213"}],"wp:attachment":[{"href":"https:\/\/leniro.ee\/et\/wp-json\/wp\/v2\/media?parent=92213"}],"wp:term":[{"taxonomy":"product_brand","embeddable":true,"href":"https:\/\/leniro.ee\/et\/wp-json\/wp\/v2\/product_brand?post=92213"},{"taxonomy":"product_cat","embeddable":true,"href":"https:\/\/leniro.ee\/et\/wp-json\/wp\/v2\/product_cat?post=92213"},{"taxonomy":"product_tag","embeddable":true,"href":"https:\/\/leniro.ee\/et\/wp-json\/wp\/v2\/product_tag?post=92213"}],"curies":[{"name":"wp","href":"https:\/\/api.w.org\/{rel}","templated":true}]}}