{"id":91395,"date":"2026-04-11T12:45:44","date_gmt":"2026-04-11T12:45:44","guid":{"rendered":"https:\/\/leniro.ee\/toode\/torque-wrench-1-2-20-110nm\/"},"modified":"2026-04-11T12:45:47","modified_gmt":"2026-04-11T12:45:47","slug":"torque-wrench-1-2-20-110nm","status":"publish","type":"product","link":"https:\/\/leniro.ee\/et\/toode\/torque-wrench-1-2-20-110nm\/","title":{"rendered":"Torque wrench 1\/2&#8243;, 20-110Nm"},"content":{"rendered":"<p>Torque wrench is used to tighten the screws with the correct torque. It enables tighting the screw in accordance with the manufacturer&#039;s recommendations and at the same time it prevents screw from dragging.<\/p>","protected":false},"excerpt":{"rendered":"<ul>\n<li>valmistatud kroom-vanaadiumisulamist terasest<\/li>\n<li>1\/2\u201d ajamiga p\u00f6\u00f6rdemomendiv\u00f5ti<\/li>\n<li>24 hambaga rat\u0161kmehhanism<\/li>\n<li>tarnitakse eelkalibreerituna t\u00e4psusega +\/- 4%.<\/li>\n<li>t\u00f6\u00f6vahemik:20-110 Nm (HT1W706)42-210 Nm (HT1W707)50-350 Nm (HT1W708)<\/li>\n<li>vasakule\/paremale p\u00f6\u00f6ramise l\u00fcliti<\/li>\n<\/ul>","protected":false},"featured_media":0,"comment_status":"closed","ping_status":"open","template":"","meta":{"site-sidebar-layout":"default","site-content-layout":"","ast-site-content-layout":"default","site-content-style":"default","site-sidebar-style":"default","ast-global-header-display":"","ast-banner-title-visibility":"","ast-main-header-display":"","ast-hfb-above-header-display":"","ast-hfb-below-header-display":"","ast-hfb-mobile-header-display":"","site-post-title":"","ast-breadcrumbs-content":"","ast-featured-img":"","footer-sml-layout":"","ast-disable-related-posts":"","theme-transparent-header-meta":"","adv-header-id-meta":"","stick-header-meta":"","header-above-stick-meta":"","header-main-stick-meta":"","header-below-stick-meta":"","astra-migrate-meta-layouts":"default","ast-page-background-enabled":"default","ast-page-background-meta":{"desktop":{"background-color":"var(--ast-global-color-5)","background-image":"","background-repeat":"repeat","background-position":"center center","background-size":"auto","background-attachment":"scroll","background-type":"","background-media":"","overlay-type":"","overlay-color":"","overlay-opacity":"","overlay-gradient":""},"tablet":{"background-color":"","background-image":"","background-repeat":"repeat","background-position":"center center","background-size":"auto","background-attachment":"scroll","background-type":"","background-media":"","overlay-type":"","overlay-color":"","overlay-opacity":"","overlay-gradient":""},"mobile":{"background-color":"","background-image":"","background-repeat":"repeat","background-position":"center center","background-size":"auto","background-attachment":"scroll","background-type":"","background-media":"","overlay-type":"","overlay-color":"","overlay-opacity":"","overlay-gradient":""}},"ast-content-background-meta":{"desktop":{"background-color":"var(--ast-global-color-4)","background-image":"","background-repeat":"repeat","background-position":"center center","background-size":"auto","background-attachment":"scroll","background-type":"","background-media":"","overlay-type":"","overlay-color":"","overlay-opacity":"","overlay-gradient":""},"tablet":{"background-color":"var(--ast-global-color-4)","background-image":"","background-repeat":"repeat","background-position":"center center","background-size":"auto","background-attachment":"scroll","background-type":"","background-media":"","overlay-type":"","overlay-color":"","overlay-opacity":"","overlay-gradient":""},"mobile":{"background-color":"var(--ast-global-color-4)","background-image":"","background-repeat":"repeat","background-position":"center center","background-size":"auto","background-attachment":"scroll","background-type":"","background-media":"","overlay-type":"","overlay-color":"","overlay-opacity":"","overlay-gradient":""}}},"product_brand":[],"product_cat":[7039,7755,7756,7774,7775],"product_tag":[],"class_list":{"0":"post-91395","1":"product","2":"type-product","3":"status-publish","5":"product_cat-tools","6":"product_cat-mechanical-tools","7":"product_cat-ratchet-handles","8":"product_cat-torque-wrenches","9":"product_cat-torque-wrench-1-2","10":"desktop-align-left","11":"tablet-align-left","12":"mobile-align-left","14":"first","15":"instock","16":"taxable","17":"shipping-taxable","18":"product-type-simple"},"_links":{"self":[{"href":"https:\/\/leniro.ee\/et\/wp-json\/wp\/v2\/product\/91395","targetHints":{"allow":["GET"]}}],"collection":[{"href":"https:\/\/leniro.ee\/et\/wp-json\/wp\/v2\/product"}],"about":[{"href":"https:\/\/leniro.ee\/et\/wp-json\/wp\/v2\/types\/product"}],"replies":[{"embeddable":true,"href":"https:\/\/leniro.ee\/et\/wp-json\/wp\/v2\/comments?post=91395"}],"wp:attachment":[{"href":"https:\/\/leniro.ee\/et\/wp-json\/wp\/v2\/media?parent=91395"}],"wp:term":[{"taxonomy":"product_brand","embeddable":true,"href":"https:\/\/leniro.ee\/et\/wp-json\/wp\/v2\/product_brand?post=91395"},{"taxonomy":"product_cat","embeddable":true,"href":"https:\/\/leniro.ee\/et\/wp-json\/wp\/v2\/product_cat?post=91395"},{"taxonomy":"product_tag","embeddable":true,"href":"https:\/\/leniro.ee\/et\/wp-json\/wp\/v2\/product_tag?post=91395"}],"curies":[{"name":"wp","href":"https:\/\/api.w.org\/{rel}","templated":true}]}}