{"id":91359,"date":"2026-04-11T12:45:34","date_gmt":"2026-04-11T12:45:34","guid":{"rendered":"https:\/\/leniro.ee\/toode\/nylon-cable-ties-9-x-600-mm-25-pcs-white\/"},"modified":"2026-04-11T12:45:35","modified_gmt":"2026-04-11T12:45:35","slug":"nylon-cable-ties-9-x-600-mm-25-pcs-white","status":"publish","type":"product","link":"https:\/\/leniro.ee\/et\/toode\/nylon-cable-ties-9-x-600-mm-25-pcs-white\/","title":{"rendered":"Nylon Cable Ties 9 x 600 mm, 25 pcs, White"},"content":{"rendered":"<p>T\u00e4nu vastupidavusele ultraviolettkiirgusele ning madalatele ja k\u00f5rgetele temperatuuridele v\u00f5ib kaablisideme abil kinnitada elemente ka v\u00e4litingimustes, ka tugeva p\u00e4ikesevalguse k\u00e4es olevates kohtades.<br \/>\nSee on valmistatud PA66 nailonist, millele on lisatud UV-stabilisaator.<br \/>\nSeda saab paigaldada laias temperatuurivahemikus -10\u00b0C kuni 85\u00b0C ja see v\u00f5ib t\u00f6\u00f6tada temperatuurivahemikus -40\u00b0C kuni 85\u00b0C.<br \/>\nSeet\u00f5ttu saab kaablisidet edukalt kasutada rasketele ilmastikutingimustele avatud materjalide, nagu kaablid, paigaldised, b\u00e4nnerid, infotahvlid jne, kinnitamiseks.<br \/>\nVastupidavus k\u00f5rgele temperatuurile ja lisaks sellele leegi isekustumine p\u00e4rast leegi kustumist muudavad kaablisidemed praktiliselt mittep\u00f5levaks, mis on eriti oluline k\u00fctte- ja elektripaigaldistes.<br \/>\nLisaks sellele on kaablisidemel suur rebenemistugevus, mis koos vastupidavusega ilmastikutingimustele ja tulekahjule muudab selle vastupidavaks ja kiireks viisiks erinevate elementide kinnitamiseks aladel, mis n\u00f5uavad vastupidavust.<br \/>\nSee leiab k\u00f5ige laiemat rakendust p\u00e4ikese-, tuule- ja traditsiooniliste energiat\u00f6\u00f6de, samuti ehituse, raudtee- ja teedeehituse ning reklaamit\u00f6\u00f6stuse puhul.<\/p>","protected":false},"excerpt":{"rendered":"<p>Size &#8211; 9 x 600 mm;<br \/>\nUV-kindlus - jah;<br \/>\ntulekindel - tulekindel;<br \/>\npurustusj\u00f5ud - 8 kg;<br \/>\npaigaldustemperatuur - -10\u00b0C kuni 85\u00b0C;<br \/>\nt\u00f6\u00f6temperatuur - -40\u00b0C kuni 85\u00b0C;<br \/>\nMaterjal - PA66 nailon;<br \/>\nkogus pakendis - 25 tk.<\/p>","protected":false},"featured_media":89079,"comment_status":"closed","ping_status":"open","template":"","meta":{"site-sidebar-layout":"default","site-content-layout":"","ast-site-content-layout":"default","site-content-style":"default","site-sidebar-style":"default","ast-global-header-display":"","ast-banner-title-visibility":"","ast-main-header-display":"","ast-hfb-above-header-display":"","ast-hfb-below-header-display":"","ast-hfb-mobile-header-display":"","site-post-title":"","ast-breadcrumbs-content":"","ast-featured-img":"","footer-sml-layout":"","ast-disable-related-posts":"","theme-transparent-header-meta":"","adv-header-id-meta":"","stick-header-meta":"","header-above-stick-meta":"","header-main-stick-meta":"","header-below-stick-meta":"","astra-migrate-meta-layouts":"default","ast-page-background-enabled":"default","ast-page-background-meta":{"desktop":{"background-color":"var(--ast-global-color-5)","background-image":"","background-repeat":"repeat","background-position":"center center","background-size":"auto","background-attachment":"scroll","background-type":"","background-media":"","overlay-type":"","overlay-color":"","overlay-opacity":"","overlay-gradient":""},"tablet":{"background-color":"","background-image":"","background-repeat":"repeat","background-position":"center center","background-size":"auto","background-attachment":"scroll","background-type":"","background-media":"","overlay-type":"","overlay-color":"","overlay-opacity":"","overlay-gradient":""},"mobile":{"background-color":"","background-image":"","background-repeat":"repeat","background-position":"center center","background-size":"auto","background-attachment":"scroll","background-type":"","background-media":"","overlay-type":"","overlay-color":"","overlay-opacity":"","overlay-gradient":""}},"ast-content-background-meta":{"desktop":{"background-color":"var(--ast-global-color-4)","background-image":"","background-repeat":"repeat","background-position":"center center","background-size":"auto","background-attachment":"scroll","background-type":"","background-media":"","overlay-type":"","overlay-color":"","overlay-opacity":"","overlay-gradient":""},"tablet":{"background-color":"var(--ast-global-color-4)","background-image":"","background-repeat":"repeat","background-position":"center center","background-size":"auto","background-attachment":"scroll","background-type":"","background-media":"","overlay-type":"","overlay-color":"","overlay-opacity":"","overlay-gradient":""},"mobile":{"background-color":"var(--ast-global-color-4)","background-image":"","background-repeat":"repeat","background-position":"center center","background-size":"auto","background-attachment":"scroll","background-type":"","background-media":"","overlay-type":"","overlay-color":"","overlay-opacity":"","overlay-gradient":""}}},"product_brand":[],"product_cat":[7697,7717,7718,7039],"product_tag":[],"class_list":{"0":"post-91359","1":"product","2":"type-product","3":"status-publish","4":"has-post-thumbnail","6":"product_cat-joining-tools","7":"product_cat-cable-ties","8":"product_cat-cable-ties-cable-ties","9":"product_cat-tools","10":"desktop-align-left","11":"tablet-align-left","12":"mobile-align-left","14":"first","15":"instock","16":"taxable","17":"shipping-taxable","18":"product-type-simple"},"_links":{"self":[{"href":"https:\/\/leniro.ee\/et\/wp-json\/wp\/v2\/product\/91359","targetHints":{"allow":["GET"]}}],"collection":[{"href":"https:\/\/leniro.ee\/et\/wp-json\/wp\/v2\/product"}],"about":[{"href":"https:\/\/leniro.ee\/et\/wp-json\/wp\/v2\/types\/product"}],"replies":[{"embeddable":true,"href":"https:\/\/leniro.ee\/et\/wp-json\/wp\/v2\/comments?post=91359"}],"wp:featuredmedia":[{"embeddable":true,"href":"https:\/\/leniro.ee\/et\/wp-json\/wp\/v2\/media\/89079"}],"wp:attachment":[{"href":"https:\/\/leniro.ee\/et\/wp-json\/wp\/v2\/media?parent=91359"}],"wp:term":[{"taxonomy":"product_brand","embeddable":true,"href":"https:\/\/leniro.ee\/et\/wp-json\/wp\/v2\/product_brand?post=91359"},{"taxonomy":"product_cat","embeddable":true,"href":"https:\/\/leniro.ee\/et\/wp-json\/wp\/v2\/product_cat?post=91359"},{"taxonomy":"product_tag","embeddable":true,"href":"https:\/\/leniro.ee\/et\/wp-json\/wp\/v2\/product_tag?post=91359"}],"curies":[{"name":"wp","href":"https:\/\/api.w.org\/{rel}","templated":true}]}}