{"id":90724,"date":"2026-04-11T12:42:24","date_gmt":"2026-04-11T12:42:24","guid":{"rendered":"https:\/\/leniro.ee\/toode\/hot-air-gun-2000w-3\/"},"modified":"2026-04-11T12:42:31","modified_gmt":"2026-04-11T12:42:31","slug":"hot-air-gun-2000w-3","status":"publish","type":"product","link":"https:\/\/leniro.ee\/et\/toode\/hot-air-gun-2000w-3\/","title":{"rendered":"Kuum\u00f5hup\u00fcstol 2000W"},"content":{"rendered":"<p>The torch is designed for removing old coatings and paints, for installing pipes and other plastic components, andfor burning, drying and heating. It will also work well in soldering, tinning and welding. For both professional and hobby use.<\/p>","protected":false},"excerpt":{"rendered":"<ul>\n<li>kaheastmeline reguleerimine v\u00f5imaldab reguleerida \u00f5hutemperatuuri ja k\u00fcttev\u00f5imsust s\u00f5ltuvalt tehtava t\u00f6\u00f6 t\u00fc\u00fcbist:<\/li>\n<\/ul>\n<p style=\"margin-left:40px\">I: 300 l\/min \/ 350\u00b0C<\/p>\n<p style=\"margin-left:40px\">II: 500 l\/min \/ 600\u00b0C<\/p>\n<ul>\n<li>varustatud termostaadiga \u00fclekuumenemise v\u00e4ltimiseks;<\/li>\n<li>ABS plastikust korpus;<\/li>\n<li>kahekomponentne, ergonoomiline k\u00e4epide, millel on profi led TPR libisemisvastane pind, tagab k\u00e4te v\u00e4iksema v\u00e4simuse ka pikema t\u00f6\u00f6 ajal;<\/li>\n<li>korpus on profileeritud nii, et t\u00f6\u00f6riista saab asetada vertikaalselt lauaplaadile ja t\u00f6\u00f6tada m\u00f5lema k\u00e4ega;<\/li>\n<li>k\u00f5rge t\u00f6\u00f6kvaliteet tagab t\u00f5rgeteta t\u00f6\u00f6;<\/li>\n<li>lisatud lisatarvikud: 4 erineva ristl\u00f5ikega otsikut, toitejuhe H05RR-R 2G l\u00e4bim\u00f5\u00f5duga 1,0 mm2 ja pikkusega 2 m.<\/li>\n<\/ul>\n<p>\u00a0<\/p>","protected":false},"featured_media":0,"comment_status":"closed","ping_status":"open","template":"","meta":{"site-sidebar-layout":"default","site-content-layout":"","ast-site-content-layout":"default","site-content-style":"default","site-sidebar-style":"default","ast-global-header-display":"","ast-banner-title-visibility":"","ast-main-header-display":"","ast-hfb-above-header-display":"","ast-hfb-below-header-display":"","ast-hfb-mobile-header-display":"","site-post-title":"","ast-breadcrumbs-content":"","ast-featured-img":"","footer-sml-layout":"","ast-disable-related-posts":"","theme-transparent-header-meta":"","adv-header-id-meta":"","stick-header-meta":"","header-above-stick-meta":"","header-main-stick-meta":"","header-below-stick-meta":"","astra-migrate-meta-layouts":"default","ast-page-background-enabled":"default","ast-page-background-meta":{"desktop":{"background-color":"var(--ast-global-color-5)","background-image":"","background-repeat":"repeat","background-position":"center center","background-size":"auto","background-attachment":"scroll","background-type":"","background-media":"","overlay-type":"","overlay-color":"","overlay-opacity":"","overlay-gradient":""},"tablet":{"background-color":"","background-image":"","background-repeat":"repeat","background-position":"center center","background-size":"auto","background-attachment":"scroll","background-type":"","background-media":"","overlay-type":"","overlay-color":"","overlay-opacity":"","overlay-gradient":""},"mobile":{"background-color":"","background-image":"","background-repeat":"repeat","background-position":"center center","background-size":"auto","background-attachment":"scroll","background-type":"","background-media":"","overlay-type":"","overlay-color":"","overlay-opacity":"","overlay-gradient":""}},"ast-content-background-meta":{"desktop":{"background-color":"var(--ast-global-color-4)","background-image":"","background-repeat":"repeat","background-position":"center center","background-size":"auto","background-attachment":"scroll","background-type":"","background-media":"","overlay-type":"","overlay-color":"","overlay-opacity":"","overlay-gradient":""},"tablet":{"background-color":"var(--ast-global-color-4)","background-image":"","background-repeat":"repeat","background-position":"center center","background-size":"auto","background-attachment":"scroll","background-type":"","background-media":"","overlay-type":"","overlay-color":"","overlay-opacity":"","overlay-gradient":""},"mobile":{"background-color":"var(--ast-global-color-4)","background-image":"","background-repeat":"repeat","background-position":"center center","background-size":"auto","background-attachment":"scroll","background-type":"","background-media":"","overlay-type":"","overlay-color":"","overlay-opacity":"","overlay-gradient":""}}},"product_brand":[],"product_cat":[7039,7226,7277,7280],"product_tag":[],"class_list":{"0":"post-90724","1":"product","2":"type-product","3":"status-publish","5":"product_cat-tools","6":"product_cat-power-tools","7":"product_cat-hot-air-guns","8":"product_cat-hot-air-gun-2000w-2-speed","9":"desktop-align-left","10":"tablet-align-left","11":"mobile-align-left","13":"first","14":"instock","15":"taxable","16":"shipping-taxable","17":"product-type-simple"},"_links":{"self":[{"href":"https:\/\/leniro.ee\/et\/wp-json\/wp\/v2\/product\/90724","targetHints":{"allow":["GET"]}}],"collection":[{"href":"https:\/\/leniro.ee\/et\/wp-json\/wp\/v2\/product"}],"about":[{"href":"https:\/\/leniro.ee\/et\/wp-json\/wp\/v2\/types\/product"}],"replies":[{"embeddable":true,"href":"https:\/\/leniro.ee\/et\/wp-json\/wp\/v2\/comments?post=90724"}],"wp:attachment":[{"href":"https:\/\/leniro.ee\/et\/wp-json\/wp\/v2\/media?parent=90724"}],"wp:term":[{"taxonomy":"product_brand","embeddable":true,"href":"https:\/\/leniro.ee\/et\/wp-json\/wp\/v2\/product_brand?post=90724"},{"taxonomy":"product_cat","embeddable":true,"href":"https:\/\/leniro.ee\/et\/wp-json\/wp\/v2\/product_cat?post=90724"},{"taxonomy":"product_tag","embeddable":true,"href":"https:\/\/leniro.ee\/et\/wp-json\/wp\/v2\/product_tag?post=90724"}],"curies":[{"name":"wp","href":"https:\/\/api.w.org\/{rel}","templated":true}]}}