{"id":90723,"date":"2026-04-11T12:42:24","date_gmt":"2026-04-11T12:42:24","guid":{"rendered":"https:\/\/leniro.ee\/toode\/hot-air-gun-2000w-2\/"},"modified":"2026-04-11T12:42:30","modified_gmt":"2026-04-11T12:42:30","slug":"hot-air-gun-2000w-2","status":"publish","type":"product","link":"https:\/\/leniro.ee\/et\/toode\/hot-air-gun-2000w-2\/","title":{"rendered":"Kuum\u00f5hup\u00fcstol 2000W"},"content":{"rendered":"<p>The torch is designed for removing old coatings and paints, for installing pipes and other plastic components, and for burning, drying and heating. It will also work well in soldering, tinning and welding. For both professional and hobby use.<\/p>","protected":false},"excerpt":{"rendered":"<ul>\n<li>t wo-stage air\ufb02 ow control and eight-stage temperature control enable precise adjustment of heating power, depending on the type of work performed:I: 300 l\/min \/ 60-350\u00b0C (eight-stage temperature control option);<\/li>\n<li>II: 500 l\/min \/ 60-600\u00b0C (eight-stage temperature control option);<\/li>\n<li>varustatud termostaadiga \u00fclekuumenemise v\u00e4ltimiseks;<\/li>\n<li>ABS plastikust korpus;<\/li>\n<li>a\u00a0 dual-component, ergonomic handle with a pro\ufb01 led TPR anti-slip surface ensures less hand fatigue, even during longer operation;<\/li>\n<li>the housing is pro\ufb01 led in a way enabling to put the tool away and work with both hands;<\/li>\n<li>k\u00f5rge t\u00f6\u00f6kvaliteet tagab t\u00f5rgeteta t\u00f6\u00f6;<\/li>\n<li>additional accessories included: 4 nozzles with different cross-sections, power cable H05RR-R 2G with a diameter of 1,0 mm2 and a length of 2 m.<\/li>\n<\/ul>\n<p>\u00a0<\/p>","protected":false},"featured_media":0,"comment_status":"closed","ping_status":"open","template":"","meta":{"site-sidebar-layout":"default","site-content-layout":"","ast-site-content-layout":"default","site-content-style":"default","site-sidebar-style":"default","ast-global-header-display":"","ast-banner-title-visibility":"","ast-main-header-display":"","ast-hfb-above-header-display":"","ast-hfb-below-header-display":"","ast-hfb-mobile-header-display":"","site-post-title":"","ast-breadcrumbs-content":"","ast-featured-img":"","footer-sml-layout":"","ast-disable-related-posts":"","theme-transparent-header-meta":"","adv-header-id-meta":"","stick-header-meta":"","header-above-stick-meta":"","header-main-stick-meta":"","header-below-stick-meta":"","astra-migrate-meta-layouts":"default","ast-page-background-enabled":"default","ast-page-background-meta":{"desktop":{"background-color":"var(--ast-global-color-5)","background-image":"","background-repeat":"repeat","background-position":"center center","background-size":"auto","background-attachment":"scroll","background-type":"","background-media":"","overlay-type":"","overlay-color":"","overlay-opacity":"","overlay-gradient":""},"tablet":{"background-color":"","background-image":"","background-repeat":"repeat","background-position":"center center","background-size":"auto","background-attachment":"scroll","background-type":"","background-media":"","overlay-type":"","overlay-color":"","overlay-opacity":"","overlay-gradient":""},"mobile":{"background-color":"","background-image":"","background-repeat":"repeat","background-position":"center center","background-size":"auto","background-attachment":"scroll","background-type":"","background-media":"","overlay-type":"","overlay-color":"","overlay-opacity":"","overlay-gradient":""}},"ast-content-background-meta":{"desktop":{"background-color":"var(--ast-global-color-4)","background-image":"","background-repeat":"repeat","background-position":"center center","background-size":"auto","background-attachment":"scroll","background-type":"","background-media":"","overlay-type":"","overlay-color":"","overlay-opacity":"","overlay-gradient":""},"tablet":{"background-color":"var(--ast-global-color-4)","background-image":"","background-repeat":"repeat","background-position":"center center","background-size":"auto","background-attachment":"scroll","background-type":"","background-media":"","overlay-type":"","overlay-color":"","overlay-opacity":"","overlay-gradient":""},"mobile":{"background-color":"var(--ast-global-color-4)","background-image":"","background-repeat":"repeat","background-position":"center center","background-size":"auto","background-attachment":"scroll","background-type":"","background-media":"","overlay-type":"","overlay-color":"","overlay-opacity":"","overlay-gradient":""}}},"product_brand":[],"product_cat":[7039,7226,7277,7279],"product_tag":[],"class_list":{"0":"post-90723","1":"product","2":"type-product","3":"status-publish","5":"product_cat-tools","6":"product_cat-power-tools","7":"product_cat-hot-air-guns","8":"product_cat-hot-air-gun-2000w-2-speed-with-temperature-adjustment","9":"desktop-align-left","10":"tablet-align-left","11":"mobile-align-left","13":"first","14":"instock","15":"taxable","16":"shipping-taxable","17":"product-type-simple"},"_links":{"self":[{"href":"https:\/\/leniro.ee\/et\/wp-json\/wp\/v2\/product\/90723","targetHints":{"allow":["GET"]}}],"collection":[{"href":"https:\/\/leniro.ee\/et\/wp-json\/wp\/v2\/product"}],"about":[{"href":"https:\/\/leniro.ee\/et\/wp-json\/wp\/v2\/types\/product"}],"replies":[{"embeddable":true,"href":"https:\/\/leniro.ee\/et\/wp-json\/wp\/v2\/comments?post=90723"}],"wp:attachment":[{"href":"https:\/\/leniro.ee\/et\/wp-json\/wp\/v2\/media?parent=90723"}],"wp:term":[{"taxonomy":"product_brand","embeddable":true,"href":"https:\/\/leniro.ee\/et\/wp-json\/wp\/v2\/product_brand?post=90723"},{"taxonomy":"product_cat","embeddable":true,"href":"https:\/\/leniro.ee\/et\/wp-json\/wp\/v2\/product_cat?post=90723"},{"taxonomy":"product_tag","embeddable":true,"href":"https:\/\/leniro.ee\/et\/wp-json\/wp\/v2\/product_tag?post=90723"}],"curies":[{"name":"wp","href":"https:\/\/api.w.org\/{rel}","templated":true}]}}