{"id":90128,"date":"2026-04-11T12:39:33","date_gmt":"2026-04-11T12:39:33","guid":{"rendered":"https:\/\/leniro.ee\/toode\/screwdriver-bit-set-33-pcs\/"},"modified":"2026-04-11T12:39:34","modified_gmt":"2026-04-11T12:39:34","slug":"screwdriver-bit-set-33-pcs","status":"publish","type":"product","link":"https:\/\/leniro.ee\/et\/toode\/screwdriver-bit-set-33-pcs\/","title":{"rendered":"Screwdriver bit set 33 pcs."},"content":{"rendered":"<p>A versatile set of screwdriver bits designed for precise assembly and service work. It includes flat, cross, Torx and Hex bits made of heavy-duty S2 steel and a 1\/4&#34; SLIM magnetic chuck with lock, allowing you to work in hard-to-reach areas.<\/p>\n<p>The practical, ergonomic packaging of the second generation and modular combination allows the set to be combined with other H\u00f6gert sets (e.g. HT1S401-1) to create a customised tool storage system.<\/p>","protected":false},"excerpt":{"rendered":"<ul>\n<li>vastupidav, valmistatud kvaliteetsest S2 legeeritud terasest<\/li>\n<li>vastupidav deformatsioonile<\/li>\n<li>profileeritud SLIM magnetiline k\u00e4epide koos bitilukuga, mis h\u00f5lbustab t\u00f6\u00f6tamist kitsastes avades<\/li>\n<li>ergonoomiline, k\u00e4ep\u00e4rane pakend koos integreeritud v\u00f6\u00f6klambriga.<\/li>\n<li>SL3, SL4, SL5, SL5.5, SL6.5 mm<\/li>\n<li>PH1, 2 x PH2, PH3<\/li>\n<li>PZ1, 2 x PZ2, PZ3<\/li>\n<li>T8, T9, T10, 2 x T15, 2 x T20, 2 x T25, T30, T40<\/li>\n<li>H2, H2.5, H3, H4, H5, H6<\/li>\n<li>\u00bc\u201d pistikupesa adapter<\/li>\n<li>\u00bc\u201d magnetiline k\u00e4epide<\/li>\n<\/ul>","protected":false},"featured_media":0,"comment_status":"closed","ping_status":"open","template":"","meta":{"site-sidebar-layout":"default","site-content-layout":"","ast-site-content-layout":"default","site-content-style":"default","site-sidebar-style":"default","ast-global-header-display":"","ast-banner-title-visibility":"","ast-main-header-display":"","ast-hfb-above-header-display":"","ast-hfb-below-header-display":"","ast-hfb-mobile-header-display":"","site-post-title":"","ast-breadcrumbs-content":"","ast-featured-img":"","footer-sml-layout":"","ast-disable-related-posts":"","theme-transparent-header-meta":"","adv-header-id-meta":"","stick-header-meta":"","header-above-stick-meta":"","header-main-stick-meta":"","header-below-stick-meta":"","astra-migrate-meta-layouts":"default","ast-page-background-enabled":"default","ast-page-background-meta":{"desktop":{"background-color":"var(--ast-global-color-5)","background-image":"","background-repeat":"repeat","background-position":"center center","background-size":"auto","background-attachment":"scroll","background-type":"","background-media":"","overlay-type":"","overlay-color":"","overlay-opacity":"","overlay-gradient":""},"tablet":{"background-color":"","background-image":"","background-repeat":"repeat","background-position":"center center","background-size":"auto","background-attachment":"scroll","background-type":"","background-media":"","overlay-type":"","overlay-color":"","overlay-opacity":"","overlay-gradient":""},"mobile":{"background-color":"","background-image":"","background-repeat":"repeat","background-position":"center center","background-size":"auto","background-attachment":"scroll","background-type":"","background-media":"","overlay-type":"","overlay-color":"","overlay-opacity":"","overlay-gradient":""}},"ast-content-background-meta":{"desktop":{"background-color":"var(--ast-global-color-4)","background-image":"","background-repeat":"repeat","background-position":"center center","background-size":"auto","background-attachment":"scroll","background-type":"","background-media":"","overlay-type":"","overlay-color":"","overlay-opacity":"","overlay-gradient":""},"tablet":{"background-color":"var(--ast-global-color-4)","background-image":"","background-repeat":"repeat","background-position":"center center","background-size":"auto","background-attachment":"scroll","background-type":"","background-media":"","overlay-type":"","overlay-color":"","overlay-opacity":"","overlay-gradient":""},"mobile":{"background-color":"var(--ast-global-color-4)","background-image":"","background-repeat":"repeat","background-position":"center center","background-size":"auto","background-attachment":"scroll","background-type":"","background-media":"","overlay-type":"","overlay-color":"","overlay-opacity":"","overlay-gradient":""}}},"product_brand":[],"product_cat":[7039,7040,7113,7142,7149],"product_tag":[],"class_list":{"0":"post-90128","1":"product","2":"type-product","3":"status-publish","5":"product_cat-tools","6":"product_cat-ade","7":"product_cat-screwdriver-bits-ade","8":"product_cat-screwdriver-bit-sets","9":"product_cat-screwdriver-bits-set-33-pcs","10":"desktop-align-left","11":"tablet-align-left","12":"mobile-align-left","14":"first","15":"instock","16":"taxable","17":"shipping-taxable","18":"product-type-simple"},"_links":{"self":[{"href":"https:\/\/leniro.ee\/et\/wp-json\/wp\/v2\/product\/90128","targetHints":{"allow":["GET"]}}],"collection":[{"href":"https:\/\/leniro.ee\/et\/wp-json\/wp\/v2\/product"}],"about":[{"href":"https:\/\/leniro.ee\/et\/wp-json\/wp\/v2\/types\/product"}],"replies":[{"embeddable":true,"href":"https:\/\/leniro.ee\/et\/wp-json\/wp\/v2\/comments?post=90128"}],"wp:attachment":[{"href":"https:\/\/leniro.ee\/et\/wp-json\/wp\/v2\/media?parent=90128"}],"wp:term":[{"taxonomy":"product_brand","embeddable":true,"href":"https:\/\/leniro.ee\/et\/wp-json\/wp\/v2\/product_brand?post=90128"},{"taxonomy":"product_cat","embeddable":true,"href":"https:\/\/leniro.ee\/et\/wp-json\/wp\/v2\/product_cat?post=90128"},{"taxonomy":"product_tag","embeddable":true,"href":"https:\/\/leniro.ee\/et\/wp-json\/wp\/v2\/product_tag?post=90128"}],"curies":[{"name":"wp","href":"https:\/\/api.w.org\/{rel}","templated":true}]}}