{"id":90126,"date":"2026-04-11T12:39:33","date_gmt":"2026-04-11T12:39:33","guid":{"rendered":"https:\/\/leniro.ee\/toode\/32-piece-screwdriver-bits-set-s2-steel\/"},"modified":"2026-04-11T12:39:34","modified_gmt":"2026-04-11T12:39:34","slug":"32-piece-screwdriver-bits-set-s2-steel","status":"publish","type":"product","link":"https:\/\/leniro.ee\/et\/toode\/32-piece-screwdriver-bits-set-s2-steel\/","title":{"rendered":"32-osaline kruvikeerajate komplekt, S2 teras"},"content":{"rendered":"<p>A set of bits and accessories for corded drills and rechargeable cordless drills, as well as hammer drills.<\/p>","protected":false},"excerpt":{"rendered":"<ul>\n<li>tootekirjeldusotsakute ja tarvikute komplekt juhtmega puuridele ja akutrellidele, samuti haamripuuridele.omadused<\/li>\n<li>k\u00f5vadus 50-54 HRC<\/li>\n<li>valmistatud kvaliteetsest s2 terasest<\/li>\n<li>spetsiaalne \u00f5huke profiil, mis v\u00f5imaldab kasutajal p\u00e4\u00e4seda kitsamatesse raskesti ligip\u00e4\u00e4setavatesse kohtadesse<\/li>\n<li>pv\u00e4rvikodeeritud bitt\u00fc\u00fcbid<\/li>\n<li>pakitud plastkarbis v\u00f6\u00f6klambriga komplekt sisaldab:<\/li>\n<li>augustatud bitid: 3\/ 4\/ 5\/ 6<\/li>\n<li>Phillips bits: ph1\/ ph2\/ ph3\/ ph4<\/li>\n<li>pozi-drive bitid: pz1\/ pz2\/ pz3<\/li>\n<li>hex: h3\/ h4\/ h5\/ h6<\/li>\n<li>Torx: t10\/ t15\/ t20\/ t25\/ t27\/ t30\/ t40<\/li>\n<li>Torx puuriga: t10\/ t15\/ t20\/ t25\/ t27\/ t30\/ t40<\/li>\n<li>adapter<\/li>\n<li>magnetiline biti hoidja<\/li>\n<\/ul>","protected":false},"featured_media":88342,"comment_status":"closed","ping_status":"open","template":"","meta":{"site-sidebar-layout":"default","site-content-layout":"","ast-site-content-layout":"default","site-content-style":"default","site-sidebar-style":"default","ast-global-header-display":"","ast-banner-title-visibility":"","ast-main-header-display":"","ast-hfb-above-header-display":"","ast-hfb-below-header-display":"","ast-hfb-mobile-header-display":"","site-post-title":"","ast-breadcrumbs-content":"","ast-featured-img":"","footer-sml-layout":"","ast-disable-related-posts":"","theme-transparent-header-meta":"","adv-header-id-meta":"","stick-header-meta":"","header-above-stick-meta":"","header-main-stick-meta":"","header-below-stick-meta":"","astra-migrate-meta-layouts":"default","ast-page-background-enabled":"default","ast-page-background-meta":{"desktop":{"background-color":"var(--ast-global-color-5)","background-image":"","background-repeat":"repeat","background-position":"center center","background-size":"auto","background-attachment":"scroll","background-type":"","background-media":"","overlay-type":"","overlay-color":"","overlay-opacity":"","overlay-gradient":""},"tablet":{"background-color":"","background-image":"","background-repeat":"repeat","background-position":"center center","background-size":"auto","background-attachment":"scroll","background-type":"","background-media":"","overlay-type":"","overlay-color":"","overlay-opacity":"","overlay-gradient":""},"mobile":{"background-color":"","background-image":"","background-repeat":"repeat","background-position":"center center","background-size":"auto","background-attachment":"scroll","background-type":"","background-media":"","overlay-type":"","overlay-color":"","overlay-opacity":"","overlay-gradient":""}},"ast-content-background-meta":{"desktop":{"background-color":"var(--ast-global-color-4)","background-image":"","background-repeat":"repeat","background-position":"center center","background-size":"auto","background-attachment":"scroll","background-type":"","background-media":"","overlay-type":"","overlay-color":"","overlay-opacity":"","overlay-gradient":""},"tablet":{"background-color":"var(--ast-global-color-4)","background-image":"","background-repeat":"repeat","background-position":"center center","background-size":"auto","background-attachment":"scroll","background-type":"","background-media":"","overlay-type":"","overlay-color":"","overlay-opacity":"","overlay-gradient":""},"mobile":{"background-color":"var(--ast-global-color-4)","background-image":"","background-repeat":"repeat","background-position":"center center","background-size":"auto","background-attachment":"scroll","background-type":"","background-media":"","overlay-type":"","overlay-color":"","overlay-opacity":"","overlay-gradient":""}}},"product_brand":[],"product_cat":[7039,7040,7113,7142,7148],"product_tag":[],"class_list":{"0":"post-90126","1":"product","2":"type-product","3":"status-publish","4":"has-post-thumbnail","6":"product_cat-tools","7":"product_cat-ade","8":"product_cat-screwdriver-bits-ade","9":"product_cat-screwdriver-bit-sets","10":"product_cat-screwdriver-bits-set-32-pcs","11":"desktop-align-left","12":"tablet-align-left","13":"mobile-align-left","15":"first","16":"instock","17":"taxable","18":"shipping-taxable","19":"product-type-simple"},"_links":{"self":[{"href":"https:\/\/leniro.ee\/et\/wp-json\/wp\/v2\/product\/90126","targetHints":{"allow":["GET"]}}],"collection":[{"href":"https:\/\/leniro.ee\/et\/wp-json\/wp\/v2\/product"}],"about":[{"href":"https:\/\/leniro.ee\/et\/wp-json\/wp\/v2\/types\/product"}],"replies":[{"embeddable":true,"href":"https:\/\/leniro.ee\/et\/wp-json\/wp\/v2\/comments?post=90126"}],"wp:featuredmedia":[{"embeddable":true,"href":"https:\/\/leniro.ee\/et\/wp-json\/wp\/v2\/media\/88342"}],"wp:attachment":[{"href":"https:\/\/leniro.ee\/et\/wp-json\/wp\/v2\/media?parent=90126"}],"wp:term":[{"taxonomy":"product_brand","embeddable":true,"href":"https:\/\/leniro.ee\/et\/wp-json\/wp\/v2\/product_brand?post=90126"},{"taxonomy":"product_cat","embeddable":true,"href":"https:\/\/leniro.ee\/et\/wp-json\/wp\/v2\/product_cat?post=90126"},{"taxonomy":"product_tag","embeddable":true,"href":"https:\/\/leniro.ee\/et\/wp-json\/wp\/v2\/product_tag?post=90126"}],"curies":[{"name":"wp","href":"https:\/\/api.w.org\/{rel}","templated":true}]}}