{"id":90124,"date":"2026-04-11T12:39:30","date_gmt":"2026-04-11T12:39:30","guid":{"rendered":"https:\/\/leniro.ee\/toode\/17-piece-screwdriver-bits-set\/"},"modified":"2026-04-11T12:39:31","modified_gmt":"2026-04-11T12:39:31","slug":"17-piece-screwdriver-bits-set","status":"publish","type":"product","link":"https:\/\/leniro.ee\/et\/toode\/17-piece-screwdriver-bits-set\/","title":{"rendered":"17-osaline kruvikeerajate komplekt"},"content":{"rendered":"<p>Set of screwdriver bits with a 1\/4\u201d magnetic gripper designed for use in manual work and in combination with battery-powered power tools.Characteristics<\/p>","protected":false},"excerpt":{"rendered":"<ul>\n<li>vastupidav, valmistatud kvaliteetsest S2 legeeritud terasest<\/li>\n<li>vastupidav deformatsioonile<\/li>\n<li>magnetiline k\u00e4epide koos bitilukuga<\/li>\n<li>ergonoomiline, k\u00e4ep\u00e4rane pakend, mida saab kasutada k\u00e4epidemena, et suurendada t\u00f6\u00f6tulemusi.<\/li>\n<li>SL4, SL5.5, SL7 mm<\/li>\n<li>PH0, PH1, PH2, PH3<\/li>\n<li>PZ0, PZ1, PZ2, PZ3<\/li>\n<li>T10, T15, T20, T25, T30<\/li>\n<li>\u00bc\u201d magnetiline k\u00e4epide<\/li>\n<\/ul>","protected":false},"featured_media":88341,"comment_status":"closed","ping_status":"open","template":"","meta":{"site-sidebar-layout":"default","site-content-layout":"","ast-site-content-layout":"default","site-content-style":"default","site-sidebar-style":"default","ast-global-header-display":"","ast-banner-title-visibility":"","ast-main-header-display":"","ast-hfb-above-header-display":"","ast-hfb-below-header-display":"","ast-hfb-mobile-header-display":"","site-post-title":"","ast-breadcrumbs-content":"","ast-featured-img":"","footer-sml-layout":"","ast-disable-related-posts":"","theme-transparent-header-meta":"","adv-header-id-meta":"","stick-header-meta":"","header-above-stick-meta":"","header-main-stick-meta":"","header-below-stick-meta":"","astra-migrate-meta-layouts":"default","ast-page-background-enabled":"default","ast-page-background-meta":{"desktop":{"background-color":"var(--ast-global-color-5)","background-image":"","background-repeat":"repeat","background-position":"center center","background-size":"auto","background-attachment":"scroll","background-type":"","background-media":"","overlay-type":"","overlay-color":"","overlay-opacity":"","overlay-gradient":""},"tablet":{"background-color":"","background-image":"","background-repeat":"repeat","background-position":"center center","background-size":"auto","background-attachment":"scroll","background-type":"","background-media":"","overlay-type":"","overlay-color":"","overlay-opacity":"","overlay-gradient":""},"mobile":{"background-color":"","background-image":"","background-repeat":"repeat","background-position":"center center","background-size":"auto","background-attachment":"scroll","background-type":"","background-media":"","overlay-type":"","overlay-color":"","overlay-opacity":"","overlay-gradient":""}},"ast-content-background-meta":{"desktop":{"background-color":"var(--ast-global-color-4)","background-image":"","background-repeat":"repeat","background-position":"center center","background-size":"auto","background-attachment":"scroll","background-type":"","background-media":"","overlay-type":"","overlay-color":"","overlay-opacity":"","overlay-gradient":""},"tablet":{"background-color":"var(--ast-global-color-4)","background-image":"","background-repeat":"repeat","background-position":"center center","background-size":"auto","background-attachment":"scroll","background-type":"","background-media":"","overlay-type":"","overlay-color":"","overlay-opacity":"","overlay-gradient":""},"mobile":{"background-color":"var(--ast-global-color-4)","background-image":"","background-repeat":"repeat","background-position":"center center","background-size":"auto","background-attachment":"scroll","background-type":"","background-media":"","overlay-type":"","overlay-color":"","overlay-opacity":"","overlay-gradient":""}}},"product_brand":[],"product_cat":[7039,7040,7113,7142,7147],"product_tag":[],"class_list":{"0":"post-90124","1":"product","2":"type-product","3":"status-publish","4":"has-post-thumbnail","6":"product_cat-tools","7":"product_cat-ade","8":"product_cat-screwdriver-bits-ade","9":"product_cat-screwdriver-bit-sets","10":"product_cat-screwdriver-bits-set-17-pcs","11":"desktop-align-left","12":"tablet-align-left","13":"mobile-align-left","15":"first","16":"instock","17":"taxable","18":"shipping-taxable","19":"product-type-simple"},"_links":{"self":[{"href":"https:\/\/leniro.ee\/et\/wp-json\/wp\/v2\/product\/90124","targetHints":{"allow":["GET"]}}],"collection":[{"href":"https:\/\/leniro.ee\/et\/wp-json\/wp\/v2\/product"}],"about":[{"href":"https:\/\/leniro.ee\/et\/wp-json\/wp\/v2\/types\/product"}],"replies":[{"embeddable":true,"href":"https:\/\/leniro.ee\/et\/wp-json\/wp\/v2\/comments?post=90124"}],"wp:featuredmedia":[{"embeddable":true,"href":"https:\/\/leniro.ee\/et\/wp-json\/wp\/v2\/media\/88341"}],"wp:attachment":[{"href":"https:\/\/leniro.ee\/et\/wp-json\/wp\/v2\/media?parent=90124"}],"wp:term":[{"taxonomy":"product_brand","embeddable":true,"href":"https:\/\/leniro.ee\/et\/wp-json\/wp\/v2\/product_brand?post=90124"},{"taxonomy":"product_cat","embeddable":true,"href":"https:\/\/leniro.ee\/et\/wp-json\/wp\/v2\/product_cat?post=90124"},{"taxonomy":"product_tag","embeddable":true,"href":"https:\/\/leniro.ee\/et\/wp-json\/wp\/v2\/product_tag?post=90124"}],"curies":[{"name":"wp","href":"https:\/\/api.w.org\/{rel}","templated":true}]}}