{"id":90123,"date":"2026-04-11T12:39:30","date_gmt":"2026-04-11T12:39:30","guid":{"rendered":"https:\/\/leniro.ee\/toode\/100-pcs-combination-drill-bit-set\/"},"modified":"2026-04-11T12:39:31","modified_gmt":"2026-04-11T12:39:31","slug":"100-tk-kombineeritud-puurimispuuri-komplekt","status":"publish","type":"product","link":"https:\/\/leniro.ee\/et\/toode\/100-pcs-combination-drill-bit-set\/","title":{"rendered":"100 tk kombineeritud puurimispuuri komplekt"},"content":{"rendered":"<p>100 piece set of accessories for drilling and screwing is a complete solution for every professional. The content of the set is carefully packed in a durable plastic box, which ensures safe storage and easy transport of the tools.<\/p>","protected":false},"excerpt":{"rendered":"<ul>\n<li>pakitud vastupidavasse plastkarbi;<\/li>\n<li>komplekt sisaldab:<\/li>\n<\/ul>\n<p>- 11 HSS-puuriotsikut, mis on valmistatud legeeritud terasest, mustalt oks\u00fcdeeritud suurustes: 6,3 mm\/ 4,8 mm\/ 4,0 mm\/ 3,5 mm\/ 3,2 mm\/ 2,8 mm\/ 2,4 mm\/ 2,0 mm(2 tk.)\/ 1,6 mm(2 tk.) );<br \/>\n- 3 s\u00fcsihappest terasest valmistatud labidapuuri suurustes: 19 mm\/ 16 mm\/ 13 mm;<br \/>\n- 6 betoonipuuriotsikut, mis on valmistatud legeeritud terasest suurustes: 6,5 mm\/ 5,5 mm\/ 5,0 mm\/ 4,5 mm\/ 4,0 mm\/ 3,0 mm;<br \/>\n- 5 s\u00fcsineterasest valmistatud puidut\u00f6\u00f6de puurimispuuri suurustes: 9,5 mm\/ 8,0 mm\/ 6,35 mm\/ 5,0 mm\/ 3,2 mm: 9,5 mm\/ 8,0 mm\/ 6,35 mm\/ 5,0 mm\/ 3,2 mm;<br \/>\n- 3 kinnitusr\u00f5ngast suurustes: 9,5 mm\/ 8 mm\/ 5 mm;<br \/>\n- 1 kuuskantv\u00f5ti 2,8 mm;<br \/>\n- 18 kruvikeerajaotsikut, valmistatud kvaliteetsest legeeritud terasest, 50 mm pikkused, suurused: PH3(2 tk)\/PH2(5 tk)\/ PH1(2 tk)\/ SL10-12\/ SL8-10\/ SL6-8\/ SQ3\/ SQ2(2 tk)\/ SQ1\/ HEX 4 mm\/ HEX 2,8 mm;<br \/>\n- 9 lahtikeeratavat pistikupesa, mis on valmistatud legeeritud terasest suurustes: 9 mm\/ 8 mm\/ 7 mm\/ 6 mm (2 tk)\/ 5,5 mm\/ 5 mm (2 tk)\/ 4 mm;<br \/>\n- 1 magnetiline kruvikeeraja;<br \/>\n- 43 kruvikeerajaotsikut, mis on valmistatud kvaliteetsest S2 legeeritud terasest, 50 mm pikkused, suurused: HEX 6,5 mm\/ HEX 5,5 mm\/ HEX 5,0 mm\/ HEX 4,0 mm\/ HEX 3,5 mm\/ HEX 3,0 mm\/ HEX 2,8 mm\/ HEX 2,5 mm\/ HEX 2,0 mm\/ HEX 1.5 mm\/ SQ3 (2 tk)\/ SQ2 (5 tk)\/ SQ1 (2 tk)\/ SL10-12\/ SL8-10\/ SL6-8 (2 tk)\/ SL3-4\/ PH2 (15 tk)\/ PH2 (2 tk)\/ PH1 (2 tk).<\/p>","protected":false},"featured_media":88340,"comment_status":"closed","ping_status":"open","template":"","meta":{"site-sidebar-layout":"default","site-content-layout":"","ast-site-content-layout":"default","site-content-style":"default","site-sidebar-style":"default","ast-global-header-display":"","ast-banner-title-visibility":"","ast-main-header-display":"","ast-hfb-above-header-display":"","ast-hfb-below-header-display":"","ast-hfb-mobile-header-display":"","site-post-title":"","ast-breadcrumbs-content":"","ast-featured-img":"","footer-sml-layout":"","ast-disable-related-posts":"","theme-transparent-header-meta":"","adv-header-id-meta":"","stick-header-meta":"","header-above-stick-meta":"","header-main-stick-meta":"","header-below-stick-meta":"","astra-migrate-meta-layouts":"default","ast-page-background-enabled":"default","ast-page-background-meta":{"desktop":{"background-color":"var(--ast-global-color-5)","background-image":"","background-repeat":"repeat","background-position":"center center","background-size":"auto","background-attachment":"scroll","background-type":"","background-media":"","overlay-type":"","overlay-color":"","overlay-opacity":"","overlay-gradient":""},"tablet":{"background-color":"","background-image":"","background-repeat":"repeat","background-position":"center center","background-size":"auto","background-attachment":"scroll","background-type":"","background-media":"","overlay-type":"","overlay-color":"","overlay-opacity":"","overlay-gradient":""},"mobile":{"background-color":"","background-image":"","background-repeat":"repeat","background-position":"center center","background-size":"auto","background-attachment":"scroll","background-type":"","background-media":"","overlay-type":"","overlay-color":"","overlay-opacity":"","overlay-gradient":""}},"ast-content-background-meta":{"desktop":{"background-color":"var(--ast-global-color-4)","background-image":"","background-repeat":"repeat","background-position":"center center","background-size":"auto","background-attachment":"scroll","background-type":"","background-media":"","overlay-type":"","overlay-color":"","overlay-opacity":"","overlay-gradient":""},"tablet":{"background-color":"var(--ast-global-color-4)","background-image":"","background-repeat":"repeat","background-position":"center center","background-size":"auto","background-attachment":"scroll","background-type":"","background-media":"","overlay-type":"","overlay-color":"","overlay-opacity":"","overlay-gradient":""},"mobile":{"background-color":"var(--ast-global-color-4)","background-image":"","background-repeat":"repeat","background-position":"center center","background-size":"auto","background-attachment":"scroll","background-type":"","background-media":"","overlay-type":"","overlay-color":"","overlay-opacity":"","overlay-gradient":""}}},"product_brand":[],"product_cat":[7039,7040,7113,7142,7146],"product_tag":[],"class_list":{"0":"post-90123","1":"product","2":"type-product","3":"status-publish","4":"has-post-thumbnail","6":"product_cat-tools","7":"product_cat-ade","8":"product_cat-screwdriver-bits-ade","9":"product_cat-screwdriver-bit-sets","10":"product_cat-screwdriver-bit-sets-screwdriver-bit-sets","11":"desktop-align-left","12":"tablet-align-left","13":"mobile-align-left","15":"first","16":"instock","17":"taxable","18":"shipping-taxable","19":"product-type-simple"},"_links":{"self":[{"href":"https:\/\/leniro.ee\/et\/wp-json\/wp\/v2\/product\/90123","targetHints":{"allow":["GET"]}}],"collection":[{"href":"https:\/\/leniro.ee\/et\/wp-json\/wp\/v2\/product"}],"about":[{"href":"https:\/\/leniro.ee\/et\/wp-json\/wp\/v2\/types\/product"}],"replies":[{"embeddable":true,"href":"https:\/\/leniro.ee\/et\/wp-json\/wp\/v2\/comments?post=90123"}],"wp:featuredmedia":[{"embeddable":true,"href":"https:\/\/leniro.ee\/et\/wp-json\/wp\/v2\/media\/88340"}],"wp:attachment":[{"href":"https:\/\/leniro.ee\/et\/wp-json\/wp\/v2\/media?parent=90123"}],"wp:term":[{"taxonomy":"product_brand","embeddable":true,"href":"https:\/\/leniro.ee\/et\/wp-json\/wp\/v2\/product_brand?post=90123"},{"taxonomy":"product_cat","embeddable":true,"href":"https:\/\/leniro.ee\/et\/wp-json\/wp\/v2\/product_cat?post=90123"},{"taxonomy":"product_tag","embeddable":true,"href":"https:\/\/leniro.ee\/et\/wp-json\/wp\/v2\/product_tag?post=90123"}],"curies":[{"name":"wp","href":"https:\/\/api.w.org\/{rel}","templated":true}]}}