{"id":90034,"date":"2026-04-11T12:39:14","date_gmt":"2026-04-11T12:39:14","guid":{"rendered":"https:\/\/leniro.ee\/toode\/32-pcs-impact-bits-set\/"},"modified":"2026-04-11T12:39:18","modified_gmt":"2026-04-11T12:39:18","slug":"32-pcs-impact-bits-set","status":"publish","type":"product","link":"https:\/\/leniro.ee\/et\/toode\/32-pcs-impact-bits-set\/","title":{"rendered":"32 tk. L\u00f6\u00f6gimispiitide komplekt"},"content":{"rendered":"<p>The set of impact bits dedicated to professionals, guaranteeing high efficiency and durability. Accessories made of high quality S2 material are resistant to damage and have long life time.<\/p>","protected":false},"excerpt":{"rendered":"<ul>\n<li>Valmistatud kvaliteetsest S2 legeeritud terasest;<\/li>\n<li>K\u00e4epide: 1\/4\";<\/li>\n<li>magnetiseeritud otsad tagavad parema haardumise montaa\u017eivahendile, mis suurendab t\u00f6\u00f6 stabiilsust ja t\u00e4psust;<\/li>\n<p>\tvastupidav <\/p>\n<li>deformatsioonile;<\/li>\n<li>pakitud praktilisse plastpakendisse.<\/li>\n<li>Tarne ulatus:<br \/>\n\t25 mm kruvikeerajaotsad: 2x PH1; 4xPH2; 3xPH3<br \/>\n\tPZ1; 4x IP2; 3xPZ3<br \/>\n\tT10; 15; 20; 25; 27; 30; 40<br \/>\n\t50 mm kruvikeerajaotsad: PH1; PH2; PH3<br \/>\n\tT10; 15; 20; 25<\/li>\n<li>Pikendus 1\/4\" 80 mm<br \/>\n\t2 x 1\/4\" mutteripesa: 6,8 mm<\/li>\n<\/ul>","protected":false},"featured_media":88288,"comment_status":"closed","ping_status":"open","template":"","meta":{"site-sidebar-layout":"default","site-content-layout":"","ast-site-content-layout":"default","site-content-style":"default","site-sidebar-style":"default","ast-global-header-display":"","ast-banner-title-visibility":"","ast-main-header-display":"","ast-hfb-above-header-display":"","ast-hfb-below-header-display":"","ast-hfb-mobile-header-display":"","site-post-title":"","ast-breadcrumbs-content":"","ast-featured-img":"","footer-sml-layout":"","ast-disable-related-posts":"","theme-transparent-header-meta":"","adv-header-id-meta":"","stick-header-meta":"","header-above-stick-meta":"","header-main-stick-meta":"","header-below-stick-meta":"","astra-migrate-meta-layouts":"default","ast-page-background-enabled":"default","ast-page-background-meta":{"desktop":{"background-color":"var(--ast-global-color-5)","background-image":"","background-repeat":"repeat","background-position":"center center","background-size":"auto","background-attachment":"scroll","background-type":"","background-media":"","overlay-type":"","overlay-color":"","overlay-opacity":"","overlay-gradient":""},"tablet":{"background-color":"","background-image":"","background-repeat":"repeat","background-position":"center center","background-size":"auto","background-attachment":"scroll","background-type":"","background-media":"","overlay-type":"","overlay-color":"","overlay-opacity":"","overlay-gradient":""},"mobile":{"background-color":"","background-image":"","background-repeat":"repeat","background-position":"center center","background-size":"auto","background-attachment":"scroll","background-type":"","background-media":"","overlay-type":"","overlay-color":"","overlay-opacity":"","overlay-gradient":""}},"ast-content-background-meta":{"desktop":{"background-color":"var(--ast-global-color-4)","background-image":"","background-repeat":"repeat","background-position":"center center","background-size":"auto","background-attachment":"scroll","background-type":"","background-media":"","overlay-type":"","overlay-color":"","overlay-opacity":"","overlay-gradient":""},"tablet":{"background-color":"var(--ast-global-color-4)","background-image":"","background-repeat":"repeat","background-position":"center center","background-size":"auto","background-attachment":"scroll","background-type":"","background-media":"","overlay-type":"","overlay-color":"","overlay-opacity":"","overlay-gradient":""},"mobile":{"background-color":"var(--ast-global-color-4)","background-image":"","background-repeat":"repeat","background-position":"center center","background-size":"auto","background-attachment":"scroll","background-type":"","background-media":"","overlay-type":"","overlay-color":"","overlay-opacity":"","overlay-gradient":""}}},"product_brand":[],"product_cat":[7039,7040,7087,7088],"product_tag":[],"class_list":{"0":"post-90034","1":"product","2":"type-product","3":"status-publish","4":"has-post-thumbnail","6":"product_cat-tools","7":"product_cat-ade","8":"product_cat-impact-screwdriver-bits","9":"product_cat-impact-screwdriver-bits-impact-screwdriver-bits","10":"desktop-align-left","11":"tablet-align-left","12":"mobile-align-left","14":"first","15":"instock","16":"taxable","17":"shipping-taxable","18":"product-type-simple"},"_links":{"self":[{"href":"https:\/\/leniro.ee\/et\/wp-json\/wp\/v2\/product\/90034","targetHints":{"allow":["GET"]}}],"collection":[{"href":"https:\/\/leniro.ee\/et\/wp-json\/wp\/v2\/product"}],"about":[{"href":"https:\/\/leniro.ee\/et\/wp-json\/wp\/v2\/types\/product"}],"replies":[{"embeddable":true,"href":"https:\/\/leniro.ee\/et\/wp-json\/wp\/v2\/comments?post=90034"}],"wp:featuredmedia":[{"embeddable":true,"href":"https:\/\/leniro.ee\/et\/wp-json\/wp\/v2\/media\/88288"}],"wp:attachment":[{"href":"https:\/\/leniro.ee\/et\/wp-json\/wp\/v2\/media?parent=90034"}],"wp:term":[{"taxonomy":"product_brand","embeddable":true,"href":"https:\/\/leniro.ee\/et\/wp-json\/wp\/v2\/product_brand?post=90034"},{"taxonomy":"product_cat","embeddable":true,"href":"https:\/\/leniro.ee\/et\/wp-json\/wp\/v2\/product_cat?post=90034"},{"taxonomy":"product_tag","embeddable":true,"href":"https:\/\/leniro.ee\/et\/wp-json\/wp\/v2\/product_tag?post=90034"}],"curies":[{"name":"wp","href":"https:\/\/api.w.org\/{rel}","templated":true}]}}