{"id":89899,"date":"2026-04-11T12:38:16","date_gmt":"2026-04-11T12:38:16","guid":{"rendered":"https:\/\/leniro.ee\/toode\/150-mm-universal-reciprocating-saw-blade-6-tpi-and-10-tpi-teeth-per-inch-double-edged-blade-that-cuts-both-ways-2-pcs\/"},"modified":"2026-04-11T12:38:17","modified_gmt":"2026-04-11T12:38:17","slug":"150-mm-universal-reciprocating-saw-blade-6-tpi-and-10-tpi-teeth-per-inch-double-edged-blade-that-cuts-both-ways-2-pcs","status":"publish","type":"product","link":"https:\/\/leniro.ee\/et\/toode\/150-mm-universal-reciprocating-saw-blade-6-tpi-and-10-tpi-teeth-per-inch-double-edged-blade-that-cuts-both-ways-2-pcs\/","title":{"rendered":"150 mm universaalne vastassaha l\u00f5iketera, 6 TPI ja 10 TPI hammastega tolli kohta (kahepoolne l\u00f5iketera, mis l\u00f5ikab m\u00f5lemas suunas); 2 tk"},"content":{"rendered":"<p>Reciprocating saw blade for cutting wood, wood-like materials, metal and plastic. Ideal for demolition work.<\/p>","protected":false},"excerpt":{"rendered":"<ul>\n<li>8% koobalti lisandiga bimetalltera v\u00f5imaldab l\u00f5igata erineva k\u00f5vadusega materjale;<\/li>\n<li>kiire ja t\u00e4pne l\u00f5ikamine;<\/li>\n<li>suurem vastupidavus, pikk kasutusiga;<\/li>\n<li>freesitud hambad;<\/li>\n<li>6 TPI hambad tolli kohta;<\/li>\n<li>k\u00e4epide, mis v\u00f5imaldab kahepoolset t\u00f6\u00f6d (\u00fclevalt ja alt).<\/li>\n<\/ul>\n<p>\u00a0<\/p>","protected":false},"featured_media":88196,"comment_status":"closed","ping_status":"open","template":"","meta":{"site-sidebar-layout":"default","site-content-layout":"","ast-site-content-layout":"default","site-content-style":"default","site-sidebar-style":"default","ast-global-header-display":"","ast-banner-title-visibility":"","ast-main-header-display":"","ast-hfb-above-header-display":"","ast-hfb-below-header-display":"","ast-hfb-mobile-header-display":"","site-post-title":"","ast-breadcrumbs-content":"","ast-featured-img":"","footer-sml-layout":"","ast-disable-related-posts":"","theme-transparent-header-meta":"","adv-header-id-meta":"","stick-header-meta":"","header-above-stick-meta":"","header-main-stick-meta":"","header-below-stick-meta":"","astra-migrate-meta-layouts":"default","ast-page-background-enabled":"default","ast-page-background-meta":{"desktop":{"background-color":"var(--ast-global-color-5)","background-image":"","background-repeat":"repeat","background-position":"center center","background-size":"auto","background-attachment":"scroll","background-type":"","background-media":"","overlay-type":"","overlay-color":"","overlay-opacity":"","overlay-gradient":""},"tablet":{"background-color":"","background-image":"","background-repeat":"repeat","background-position":"center center","background-size":"auto","background-attachment":"scroll","background-type":"","background-media":"","overlay-type":"","overlay-color":"","overlay-opacity":"","overlay-gradient":""},"mobile":{"background-color":"","background-image":"","background-repeat":"repeat","background-position":"center center","background-size":"auto","background-attachment":"scroll","background-type":"","background-media":"","overlay-type":"","overlay-color":"","overlay-opacity":"","overlay-gradient":""}},"ast-content-background-meta":{"desktop":{"background-color":"var(--ast-global-color-4)","background-image":"","background-repeat":"repeat","background-position":"center center","background-size":"auto","background-attachment":"scroll","background-type":"","background-media":"","overlay-type":"","overlay-color":"","overlay-opacity":"","overlay-gradient":""},"tablet":{"background-color":"var(--ast-global-color-4)","background-image":"","background-repeat":"repeat","background-position":"center center","background-size":"auto","background-attachment":"scroll","background-type":"","background-media":"","overlay-type":"","overlay-color":"","overlay-opacity":"","overlay-gradient":""},"mobile":{"background-color":"var(--ast-global-color-4)","background-image":"","background-repeat":"repeat","background-position":"center center","background-size":"auto","background-attachment":"scroll","background-type":"","background-media":"","overlay-type":"","overlay-color":"","overlay-opacity":"","overlay-gradient":""}}},"product_brand":[],"product_cat":[7039,7040,7062,7063,7064],"product_tag":[],"class_list":{"0":"post-89899","1":"product","2":"type-product","3":"status-publish","4":"has-post-thumbnail","6":"product_cat-tools","7":"product_cat-ade","8":"product_cat-saw-blades","9":"product_cat-for-reciprocating-saws","10":"product_cat-reciprocating-saw-blade-for-steel-cutting","11":"desktop-align-left","12":"tablet-align-left","13":"mobile-align-left","15":"first","16":"instock","17":"taxable","18":"shipping-taxable","19":"product-type-simple"},"_links":{"self":[{"href":"https:\/\/leniro.ee\/et\/wp-json\/wp\/v2\/product\/89899","targetHints":{"allow":["GET"]}}],"collection":[{"href":"https:\/\/leniro.ee\/et\/wp-json\/wp\/v2\/product"}],"about":[{"href":"https:\/\/leniro.ee\/et\/wp-json\/wp\/v2\/types\/product"}],"replies":[{"embeddable":true,"href":"https:\/\/leniro.ee\/et\/wp-json\/wp\/v2\/comments?post=89899"}],"wp:featuredmedia":[{"embeddable":true,"href":"https:\/\/leniro.ee\/et\/wp-json\/wp\/v2\/media\/88196"}],"wp:attachment":[{"href":"https:\/\/leniro.ee\/et\/wp-json\/wp\/v2\/media?parent=89899"}],"wp:term":[{"taxonomy":"product_brand","embeddable":true,"href":"https:\/\/leniro.ee\/et\/wp-json\/wp\/v2\/product_brand?post=89899"},{"taxonomy":"product_cat","embeddable":true,"href":"https:\/\/leniro.ee\/et\/wp-json\/wp\/v2\/product_cat?post=89899"},{"taxonomy":"product_tag","embeddable":true,"href":"https:\/\/leniro.ee\/et\/wp-json\/wp\/v2\/product_tag?post=89899"}],"curies":[{"name":"wp","href":"https:\/\/api.w.org\/{rel}","templated":true}]}}