{"id":89863,"date":"2026-04-11T12:38:09","date_gmt":"2026-04-11T12:38:09","guid":{"rendered":"https:\/\/leniro.ee\/toode\/abrasive-cloth-150x200mm-3pcs\/"},"modified":"2026-04-11T12:38:10","modified_gmt":"2026-04-11T12:38:10","slug":"abrasive-cloth-150x200mm-3pcs","status":"publish","type":"product","link":"https:\/\/leniro.ee\/et\/toode\/abrasive-cloth-150x200mm-3pcs\/","title":{"rendered":"Abrasiivkangas 150x200mm 3tk"},"content":{"rendered":"<p>Abrasive non-woven fabric designed especially for work in hard-to-reach places. For grinding ordinary and stainless steel, wood, plastic, glass and ceramics. It enables the removal of paint coatings, rust from the treated surface, cleaning of welds as well as grinding of sharp edges and burrs. Mainly used in industry, crafts and construction. Dedicated for professional use.<\/p>","protected":false},"excerpt":{"rendered":"<ul>\n<li>kvaliteetne nailonkiud tiheda struktuuriga tagab vastupidavuse ja pika eluea<\/li>\n<li>alumiiniumoksiidi paisj\u00e4rv<\/li>\n<li>G400 gradatsioon - keskmise abrasiivsusega<\/li>\n<li>kuiv- ja m\u00e4rgt\u00f6\u00f6de v\u00f5imalus<\/li>\n<li>suurus 150 x 200 mm<\/li>\n<li>suur paindlikkus, mis v\u00f5imaldab v\u00e4ikeste elementide t\u00f6\u00f6tlemist ja t\u00f6\u00f6d raskesti ligip\u00e4\u00e4setavates kohtades<\/li>\n<li>panga kleepumise v\u00e4hendamine pikendab oluliselt ketta t\u00f5husust ja kasutusiga<\/li>\n<li>vastupidavus eemaldajatele ja puhastusvahenditele<\/li>\n<li>3 tk pakendis.<\/li>\n<\/ul>","protected":false},"featured_media":88181,"comment_status":"closed","ping_status":"open","template":"","meta":{"site-sidebar-layout":"default","site-content-layout":"","ast-site-content-layout":"default","site-content-style":"default","site-sidebar-style":"default","ast-global-header-display":"","ast-banner-title-visibility":"","ast-main-header-display":"","ast-hfb-above-header-display":"","ast-hfb-below-header-display":"","ast-hfb-mobile-header-display":"","site-post-title":"","ast-breadcrumbs-content":"","ast-featured-img":"","footer-sml-layout":"","ast-disable-related-posts":"","theme-transparent-header-meta":"","adv-header-id-meta":"","stick-header-meta":"","header-above-stick-meta":"","header-main-stick-meta":"","header-below-stick-meta":"","astra-migrate-meta-layouts":"default","ast-page-background-enabled":"default","ast-page-background-meta":{"desktop":{"background-color":"var(--ast-global-color-5)","background-image":"","background-repeat":"repeat","background-position":"center center","background-size":"auto","background-attachment":"scroll","background-type":"","background-media":"","overlay-type":"","overlay-color":"","overlay-opacity":"","overlay-gradient":""},"tablet":{"background-color":"","background-image":"","background-repeat":"repeat","background-position":"center center","background-size":"auto","background-attachment":"scroll","background-type":"","background-media":"","overlay-type":"","overlay-color":"","overlay-opacity":"","overlay-gradient":""},"mobile":{"background-color":"","background-image":"","background-repeat":"repeat","background-position":"center center","background-size":"auto","background-attachment":"scroll","background-type":"","background-media":"","overlay-type":"","overlay-color":"","overlay-opacity":"","overlay-gradient":""}},"ast-content-background-meta":{"desktop":{"background-color":"var(--ast-global-color-4)","background-image":"","background-repeat":"repeat","background-position":"center center","background-size":"auto","background-attachment":"scroll","background-type":"","background-media":"","overlay-type":"","overlay-color":"","overlay-opacity":"","overlay-gradient":""},"tablet":{"background-color":"var(--ast-global-color-4)","background-image":"","background-repeat":"repeat","background-position":"center center","background-size":"auto","background-attachment":"scroll","background-type":"","background-media":"","overlay-type":"","overlay-color":"","overlay-opacity":"","overlay-gradient":""},"mobile":{"background-color":"var(--ast-global-color-4)","background-image":"","background-repeat":"repeat","background-position":"center center","background-size":"auto","background-attachment":"scroll","background-type":"","background-media":"","overlay-type":"","overlay-color":"","overlay-opacity":"","overlay-gradient":""}}},"product_brand":[],"product_cat":[7039,7040,7042,7051,7052],"product_tag":[],"class_list":{"0":"post-89863","1":"product","2":"type-product","3":"status-publish","4":"has-post-thumbnail","6":"product_cat-tools","7":"product_cat-ade","8":"product_cat-abrasives","9":"product_cat-abrasive-non-woven-fabric","10":"product_cat-abrasive-fleece-150x200mm","11":"desktop-align-left","12":"tablet-align-left","13":"mobile-align-left","15":"first","16":"instock","17":"taxable","18":"shipping-taxable","19":"product-type-simple"},"_links":{"self":[{"href":"https:\/\/leniro.ee\/et\/wp-json\/wp\/v2\/product\/89863","targetHints":{"allow":["GET"]}}],"collection":[{"href":"https:\/\/leniro.ee\/et\/wp-json\/wp\/v2\/product"}],"about":[{"href":"https:\/\/leniro.ee\/et\/wp-json\/wp\/v2\/types\/product"}],"replies":[{"embeddable":true,"href":"https:\/\/leniro.ee\/et\/wp-json\/wp\/v2\/comments?post=89863"}],"wp:featuredmedia":[{"embeddable":true,"href":"https:\/\/leniro.ee\/et\/wp-json\/wp\/v2\/media\/88181"}],"wp:attachment":[{"href":"https:\/\/leniro.ee\/et\/wp-json\/wp\/v2\/media?parent=89863"}],"wp:term":[{"taxonomy":"product_brand","embeddable":true,"href":"https:\/\/leniro.ee\/et\/wp-json\/wp\/v2\/product_brand?post=89863"},{"taxonomy":"product_cat","embeddable":true,"href":"https:\/\/leniro.ee\/et\/wp-json\/wp\/v2\/product_cat?post=89863"},{"taxonomy":"product_tag","embeddable":true,"href":"https:\/\/leniro.ee\/et\/wp-json\/wp\/v2\/product_tag?post=89863"}],"curies":[{"name":"wp","href":"https:\/\/api.w.org\/{rel}","templated":true}]}}