{"id":89841,"date":"2026-04-11T12:38:04","date_gmt":"2026-04-11T12:38:04","guid":{"rendered":"https:\/\/leniro.ee\/toode\/abrasice-disc-w-holes-for-metal-wood-150mm-g120-5pcs\/"},"modified":"2026-04-11T12:38:07","modified_gmt":"2026-04-11T12:38:07","slug":"abrasice-disc-w-holes-for-metal-wood-150mm-g120-5pcs","status":"publish","type":"product","link":"https:\/\/leniro.ee\/et\/toode\/abrasice-disc-w-holes-for-metal-wood-150mm-g120-5pcs\/","title":{"rendered":"Lihvimiskettad metallile\/puidule 150mm G120 5tk 5tk"},"content":{"rendered":"<p>Abrasive disc with Velcro, 150 mm in diameter, designed to work with angle and eccentric grinders, drills or screwdrivers equipped with appropriate attachments. Designed for grinding metal materials, wood and wood-based materials. A wide range of gradations from G40 to G320. Mainly used in industry, crafts and construction. Dedicated for professional use.<\/p>","protected":false},"excerpt":{"rendered":"<ul>\n<li>alumiiniumoksiidist valmistatud poolavatud paisj\u00e4rv<\/li>\n<li>s\u00fcnteetilisest vaigust valmistatud sideaine<\/li>\n<li>Velcro-kinnitusega kinnituse k\u00fclge kinnitatud ketas tagab kiire paigalduse v\u00f5i vahetuse<\/li>\n<li>tolmueemalduss\u00fcsteem - 6, 9 v\u00f5i 15 auguga tolmueemalduss\u00fcsteemiga varustatud seadmetega \u00fchilduvad rihmarattad<\/li>\n<li>panga kleepumise v\u00e4hendamine pikendab oluliselt ketta t\u00f5husust ja kasutusiga<\/li>\n<li>5 tk pakendis.<\/li>\n<\/ul>","protected":false},"featured_media":88174,"comment_status":"closed","ping_status":"open","template":"","meta":{"site-sidebar-layout":"default","site-content-layout":"","ast-site-content-layout":"default","site-content-style":"default","site-sidebar-style":"default","ast-global-header-display":"","ast-banner-title-visibility":"","ast-main-header-display":"","ast-hfb-above-header-display":"","ast-hfb-below-header-display":"","ast-hfb-mobile-header-display":"","site-post-title":"","ast-breadcrumbs-content":"","ast-featured-img":"","footer-sml-layout":"","ast-disable-related-posts":"","theme-transparent-header-meta":"","adv-header-id-meta":"","stick-header-meta":"","header-above-stick-meta":"","header-main-stick-meta":"","header-below-stick-meta":"","astra-migrate-meta-layouts":"default","ast-page-background-enabled":"default","ast-page-background-meta":{"desktop":{"background-color":"var(--ast-global-color-5)","background-image":"","background-repeat":"repeat","background-position":"center center","background-size":"auto","background-attachment":"scroll","background-type":"","background-media":"","overlay-type":"","overlay-color":"","overlay-opacity":"","overlay-gradient":""},"tablet":{"background-color":"","background-image":"","background-repeat":"repeat","background-position":"center center","background-size":"auto","background-attachment":"scroll","background-type":"","background-media":"","overlay-type":"","overlay-color":"","overlay-opacity":"","overlay-gradient":""},"mobile":{"background-color":"","background-image":"","background-repeat":"repeat","background-position":"center center","background-size":"auto","background-attachment":"scroll","background-type":"","background-media":"","overlay-type":"","overlay-color":"","overlay-opacity":"","overlay-gradient":""}},"ast-content-background-meta":{"desktop":{"background-color":"var(--ast-global-color-4)","background-image":"","background-repeat":"repeat","background-position":"center center","background-size":"auto","background-attachment":"scroll","background-type":"","background-media":"","overlay-type":"","overlay-color":"","overlay-opacity":"","overlay-gradient":""},"tablet":{"background-color":"var(--ast-global-color-4)","background-image":"","background-repeat":"repeat","background-position":"center center","background-size":"auto","background-attachment":"scroll","background-type":"","background-media":"","overlay-type":"","overlay-color":"","overlay-opacity":"","overlay-gradient":""},"mobile":{"background-color":"var(--ast-global-color-4)","background-image":"","background-repeat":"repeat","background-position":"center center","background-size":"auto","background-attachment":"scroll","background-type":"","background-media":"","overlay-type":"","overlay-color":"","overlay-opacity":"","overlay-gradient":""}}},"product_brand":[],"product_cat":[7047,7048,7039,7040,7042,7045],"product_tag":[],"class_list":{"0":"post-89841","1":"product","2":"type-product","3":"status-publish","4":"has-post-thumbnail","6":"product_cat-abrasive-discs-for-metal","7":"product_cat-o150-mm","8":"product_cat-tools","9":"product_cat-ade","10":"product_cat-abrasives","11":"product_cat-abrasive-disc","12":"desktop-align-left","13":"tablet-align-left","14":"mobile-align-left","16":"first","17":"instock","18":"taxable","19":"shipping-taxable","20":"product-type-simple"},"_links":{"self":[{"href":"https:\/\/leniro.ee\/et\/wp-json\/wp\/v2\/product\/89841","targetHints":{"allow":["GET"]}}],"collection":[{"href":"https:\/\/leniro.ee\/et\/wp-json\/wp\/v2\/product"}],"about":[{"href":"https:\/\/leniro.ee\/et\/wp-json\/wp\/v2\/types\/product"}],"replies":[{"embeddable":true,"href":"https:\/\/leniro.ee\/et\/wp-json\/wp\/v2\/comments?post=89841"}],"wp:featuredmedia":[{"embeddable":true,"href":"https:\/\/leniro.ee\/et\/wp-json\/wp\/v2\/media\/88174"}],"wp:attachment":[{"href":"https:\/\/leniro.ee\/et\/wp-json\/wp\/v2\/media?parent=89841"}],"wp:term":[{"taxonomy":"product_brand","embeddable":true,"href":"https:\/\/leniro.ee\/et\/wp-json\/wp\/v2\/product_brand?post=89841"},{"taxonomy":"product_cat","embeddable":true,"href":"https:\/\/leniro.ee\/et\/wp-json\/wp\/v2\/product_cat?post=89841"},{"taxonomy":"product_tag","embeddable":true,"href":"https:\/\/leniro.ee\/et\/wp-json\/wp\/v2\/product_tag?post=89841"}],"curies":[{"name":"wp","href":"https:\/\/api.w.org\/{rel}","templated":true}]}}