{"id":89836,"date":"2026-04-11T12:38:04","date_gmt":"2026-04-11T12:38:04","guid":{"rendered":"https:\/\/leniro.ee\/toode\/abrasice-disc-w-holes-for-paint-filler-150mm-g400-5pcs\/"},"modified":"2026-04-11T12:38:06","modified_gmt":"2026-04-11T12:38:06","slug":"abrasice-disc-w-holes-for-paint-filler-150mm-g400-5pcs","status":"publish","type":"product","link":"https:\/\/leniro.ee\/et\/toode\/abrasice-disc-w-holes-for-paint-filler-150mm-g400-5pcs\/","title":{"rendered":"Abrasiivketas koos aukudega v\u00e4rvile \/ t\u00e4iteainele 150mm G400 5tk"},"content":{"rendered":"<p>Abrasive disc with Velcro, 150 mm in diameter, designed to work with angle and eccentric grinders, drills or screwdrivers equipped with appropriate attachments. Designed for sanding putties, paints and varnishes. A wide range of granulation from G60 to G400. Mainly used in industry, crafts and construction. Dedicated for professional use.<\/p>","protected":false},"excerpt":{"rendered":"<ul>\n<li>alumiiniumoksiidist valmistatud avatud tamm, millele on lisatud naatriumstearaati<\/li>\n<li>s\u00fcnteetilisest vaigust valmistatud sideaine<\/li>\n<li>Velcro-kinnitusega kinnituse k\u00fclge kinnitatud ketas tagab kiire paigalduse v\u00f5i vahetuse<\/li>\n<li>tolmueemalduss\u00fcsteem - 6, 9 v\u00f5i 15 auguga tolmueemalduss\u00fcsteemiga varustatud seadmetega \u00fchilduvad rihmarattad<\/li>\n<li>naatriumstearaadi lisamise t\u00f5ttu v\u00e4heneb panga kleepumine, mis pikendab oluliselt ketta t\u00f5husust ja kasutusiga.<\/li>\n<li>5 tk pakendis.<\/li>\n<\/ul>","protected":false},"featured_media":88169,"comment_status":"closed","ping_status":"open","template":"","meta":{"site-sidebar-layout":"default","site-content-layout":"","ast-site-content-layout":"default","site-content-style":"default","site-sidebar-style":"default","ast-global-header-display":"","ast-banner-title-visibility":"","ast-main-header-display":"","ast-hfb-above-header-display":"","ast-hfb-below-header-display":"","ast-hfb-mobile-header-display":"","site-post-title":"","ast-breadcrumbs-content":"","ast-featured-img":"","footer-sml-layout":"","ast-disable-related-posts":"","theme-transparent-header-meta":"","adv-header-id-meta":"","stick-header-meta":"","header-above-stick-meta":"","header-main-stick-meta":"","header-below-stick-meta":"","astra-migrate-meta-layouts":"default","ast-page-background-enabled":"default","ast-page-background-meta":{"desktop":{"background-color":"var(--ast-global-color-5)","background-image":"","background-repeat":"repeat","background-position":"center center","background-size":"auto","background-attachment":"scroll","background-type":"","background-media":"","overlay-type":"","overlay-color":"","overlay-opacity":"","overlay-gradient":""},"tablet":{"background-color":"","background-image":"","background-repeat":"repeat","background-position":"center center","background-size":"auto","background-attachment":"scroll","background-type":"","background-media":"","overlay-type":"","overlay-color":"","overlay-opacity":"","overlay-gradient":""},"mobile":{"background-color":"","background-image":"","background-repeat":"repeat","background-position":"center center","background-size":"auto","background-attachment":"scroll","background-type":"","background-media":"","overlay-type":"","overlay-color":"","overlay-opacity":"","overlay-gradient":""}},"ast-content-background-meta":{"desktop":{"background-color":"var(--ast-global-color-4)","background-image":"","background-repeat":"repeat","background-position":"center center","background-size":"auto","background-attachment":"scroll","background-type":"","background-media":"","overlay-type":"","overlay-color":"","overlay-opacity":"","overlay-gradient":""},"tablet":{"background-color":"var(--ast-global-color-4)","background-image":"","background-repeat":"repeat","background-position":"center center","background-size":"auto","background-attachment":"scroll","background-type":"","background-media":"","overlay-type":"","overlay-color":"","overlay-opacity":"","overlay-gradient":""},"mobile":{"background-color":"var(--ast-global-color-4)","background-image":"","background-repeat":"repeat","background-position":"center center","background-size":"auto","background-attachment":"scroll","background-type":"","background-media":"","overlay-type":"","overlay-color":"","overlay-opacity":"","overlay-gradient":""}}},"product_brand":[],"product_cat":[7040,7042,7045,7046,7039],"product_tag":[],"class_list":{"0":"post-89836","1":"product","2":"type-product","3":"status-publish","4":"has-post-thumbnail","6":"product_cat-ade","7":"product_cat-abrasives","8":"product_cat-abrasive-disc","9":"product_cat-abrasive-discs-for-varnish-and-putty-o150-mm","10":"product_cat-tools","11":"desktop-align-left","12":"tablet-align-left","13":"mobile-align-left","15":"first","16":"instock","17":"taxable","18":"shipping-taxable","19":"product-type-simple"},"_links":{"self":[{"href":"https:\/\/leniro.ee\/et\/wp-json\/wp\/v2\/product\/89836","targetHints":{"allow":["GET"]}}],"collection":[{"href":"https:\/\/leniro.ee\/et\/wp-json\/wp\/v2\/product"}],"about":[{"href":"https:\/\/leniro.ee\/et\/wp-json\/wp\/v2\/types\/product"}],"replies":[{"embeddable":true,"href":"https:\/\/leniro.ee\/et\/wp-json\/wp\/v2\/comments?post=89836"}],"wp:featuredmedia":[{"embeddable":true,"href":"https:\/\/leniro.ee\/et\/wp-json\/wp\/v2\/media\/88169"}],"wp:attachment":[{"href":"https:\/\/leniro.ee\/et\/wp-json\/wp\/v2\/media?parent=89836"}],"wp:term":[{"taxonomy":"product_brand","embeddable":true,"href":"https:\/\/leniro.ee\/et\/wp-json\/wp\/v2\/product_brand?post=89836"},{"taxonomy":"product_cat","embeddable":true,"href":"https:\/\/leniro.ee\/et\/wp-json\/wp\/v2\/product_cat?post=89836"},{"taxonomy":"product_tag","embeddable":true,"href":"https:\/\/leniro.ee\/et\/wp-json\/wp\/v2\/product_tag?post=89836"}],"curies":[{"name":"wp","href":"https:\/\/api.w.org\/{rel}","templated":true}]}}