{"id":86851,"date":"2026-04-03T18:58:53","date_gmt":"2026-04-03T18:58:53","guid":{"rendered":"https:\/\/leniro.ee\/toode\/3-8kw-gasoline-generator-inwertorowy\/"},"modified":"2026-04-03T18:58:56","modified_gmt":"2026-04-03T18:58:56","slug":"3-8kw-gasoline-generator-inwertorowy","status":"publish","type":"product","link":"https:\/\/leniro.ee\/et\/toode\/3-8kw-gasoline-generator-inwertorowy\/","title":{"rendered":"3.8KW GASOLINE GENERATOR INWERTOROWY"},"content":{"rendered":"<\/p>\n<table width=\"480\">\n<tbody>\n<tr>\n<td width=\"141\"><\/td>\n<td style=\"text-align:center;\" width=\"176\"><\/td>\n<\/tr>\n<tr>\n<td width=\"141\"><span class=\"HwtZe\" lang=\"en\" xml_lang=\"en\"><span class=\"jCAhz ChMk0b\"><span class=\"ryNqvb\"><strong>T\u00fc\u00fcp<\/strong> <br \/><\/span><\/span><\/span><\/td>\n<td width=\"176\"><span class=\"HwtZe\" lang=\"en\" xml_lang=\"en\"><span class=\"jCAhz ChMk0b\"><span class=\"ryNqvb\">Inverter power generator 3.8 KW<\/span><\/span><\/span><\/td>\n<\/tr>\n<tr>\n<td width=\"141\"><strong><span style=\"color:#060505;\"><\/span><\/strong><span class=\"HwtZe\" lang=\"en\" xml_lang=\"en\"><span class=\"jCAhz ChMk0b\"><span class=\"ryNqvb\">Nimisagedus (Hz) <br \/><\/span><\/span><\/span><\/td>\n<td style=\"text-align:center;\" width=\"176\"><span class=\"HwtZe\" lang=\"en\" xml_lang=\"en\"><span class=\"jCAhz ChMk0b\"><span class=\"ryNqvb\">50Hz<\/span><\/span><\/span><\/td>\n<\/tr>\n<tr>\n<td width=\"141\"><span class=\"HwtZe\" lang=\"en\" xml_lang=\"en\"><span class=\"jCAhz ChMk0b\"><span class=\"ryNqvb\">Nimipinge (vahelduvvool) <br \/><\/span><\/span><\/span><\/td>\n<td style=\"text-align:center;\" width=\"176\"><span class=\"HwtZe\" lang=\"en\" xml_lang=\"en\"><span class=\"jCAhz ChMk0b\"><span class=\"ryNqvb\">230V<\/span><\/span><\/span><\/td>\n<\/tr>\n<tr>\n<td width=\"141\"><span class=\"HwtZe\" lang=\"en\" xml_lang=\"en\"><span class=\"jCAhz ChMk0b\"><span class=\"ryNqvb\">Nimiv\u00e4ljundv\u00f5imsus (kW)<br \/><\/span><\/span><\/span><\/td>\n<td style=\"text-align:center;\" width=\"176\">3.6<\/td>\n<\/tr>\n<tr>\n<td width=\"141\"><span class=\"HwtZe\" lang=\"en\" xml_lang=\"en\"><span class=\"jCAhz ChMk0b\"><span class=\"ryNqvb\">Maksimaalne v\u00e4ljundv\u00f5imsus (kW)<\/span><\/span><\/span><\/td>\n<td style=\"text-align:center;\" width=\"176\">3.8<\/td>\n<\/tr>\n<tr>\n<td width=\"141\"><span class=\"HwtZe\" lang=\"en\" xml_lang=\"en\"><span class=\"jCAhz ChMk0b\"><span class=\"ryNqvb\">Pistikupesade arv<\/span><\/span><\/span><\/td>\n<td style=\"text-align:center;\" width=\"176\">2<\/td>\n<\/tr>\n<tr>\n<td width=\"141\"><span class=\"HwtZe\" lang=\"en\" xml_lang=\"en\"><span class=\"jCAhz ChMk0b\"><span class=\"ryNqvb\">THD <br \/><\/span><\/span><\/span><\/td>\n<td style=\"text-align:center;\" width=\"176\"><span class=\"HwtZe\" lang=\"en\" xml_lang=\"en\"><span class=\"jCAhz ChMk0b\"><span class=\"ryNqvb\">\u22643%<\/span><\/span><\/span><\/td>\n<\/tr>\n<tr>\n<td width=\"141\"><span class=\"HwtZe\" lang=\"en\" xml_lang=\"en\"><span class=\"jCAhz ChMk0b\"><span class=\"ryNqvb\">Tuulestik<\/span><\/span><\/span><\/td>\n<td style=\"text-align:center;\" width=\"176\">100% vask<\/td>\n<\/tr>\n<tr>\n<td width=\"141\"><span class=\"HwtZe\" lang=\"en\" xml_lang=\"en\"><span class=\"jCAhz ChMk0b\"><span class=\"ryNqvb\">V\u00f5imsustegur <\/span><\/span><\/span><\/td>\n<td style=\"text-align:center;\" width=\"176\">1.0<\/td>\n<\/tr>\n<tr>\n<td width=\"141\"><span class=\"HwtZe\" lang=\"en\" xml_lang=\"en\"><span class=\"jCAhz ChMk0b C1N51c\"><span class=\"ryNqvb\">Laadimispinge (DC) (V)<\/span><\/span><\/span><\/td>\n<td style=\"text-align:center;\" width=\"176\">12<\/td>\n<\/tr>\n<tr>\n<td width=\"141\"><span class=\"HwtZe\" lang=\"en\" xml_lang=\"en\"><span class=\"jCAhz ChMk0b C1N51c\"><span class=\"ryNqvb\">Laadimisvool (alalisvool) (A)<\/span><\/span><\/span><\/td>\n<td style=\"text-align:center;\" width=\"176\">8.3<\/td>\n<\/tr>\n<tr>\n<td width=\"141\"><span class=\"HwtZe\" lang=\"en\" xml_lang=\"en\"><span class=\"jCAhz ChMk0b\"><span class=\"ryNqvb\">Faas <br \/><\/span><\/span><\/span><\/td>\n<td style=\"text-align:center;\" width=\"176\"><span class=\"HwtZe\" lang=\"en\" xml_lang=\"en\"><span class=\"jCAhz ChMk0b\"><span class=\"ryNqvb\">\u00dchefaasiline<\/span><\/span><\/span><\/td>\n<\/tr>\n<tr>\n<td width=\"141\"><span class=\"HwtZe\" lang=\"en\" xml_lang=\"en\"><span class=\"jCAhz ChMk0b\"><span class=\"ryNqvb\">Mootor<\/span><\/span><\/span><\/td>\n<td style=\"text-align:center;\" width=\"176\"><span class=\"HwtZe\" lang=\"en\" xml_lang=\"en\"><span class=\"jCAhz ChMk0b\"><span class=\"ryNqvb\">SA170<\/span><\/span><\/span><\/td>\n<\/tr>\n<tr>\n<td width=\"141\"><span class=\"HwtZe\" lang=\"en\" xml_lang=\"en\"><span class=\"jCAhz ChMk0b\"><span class=\"ryNqvb\">Mootori t\u00fc\u00fcp <br \/><\/span><\/span><\/span><\/td>\n<td style=\"text-align:center;\" width=\"176\"><span class=\"HwtZe\" lang=\"en\" xml_lang=\"en\"><span class=\"jCAhz ChMk0b\"><span class=\"ryNqvb\">4-taktiline, sund\u00f5hu jahutus, OHV<\/span><\/span><\/span><\/td>\n<\/tr>\n<tr>\n<td width=\"141\"><span class=\"HwtZe\" lang=\"en\" xml_lang=\"en\"><span class=\"jCAhz ChMk0b\"><span class=\"ryNqvb\">Mahutavus (cm3)<\/span><\/span><\/span><\/td>\n<td style=\"text-align:center;\" width=\"176\">223<\/td>\n<\/tr>\n<tr>\n<td width=\"141\"><span class=\"HwtZe\" lang=\"en\" xml_lang=\"en\"><span class=\"jCAhz ChMk0b\"><span class=\"ryNqvb\">K\u00fctuse t\u00fc\u00fcp <br \/><\/span><\/span><\/span><\/td>\n<td style=\"text-align:center;\" width=\"176\"><span class=\"HwtZe\" lang=\"en\" xml_lang=\"en\"><span class=\"jCAhz ChMk0b\"><span class=\"ryNqvb\">Pliivaba bensiin<\/span><\/span><\/span><\/td>\n<\/tr>\n<tr>\n<td width=\"141\"><span class=\"HwtZe\" lang=\"en\" xml_lang=\"en\"><span class=\"jCAhz ChMk0b\"><span class=\"ryNqvb\">K\u00fctusepaagi mahutavus (L)<\/span><\/span><\/span><\/td>\n<td style=\"text-align:center;\" width=\"176\">15<\/td>\n<\/tr>\n<tr>\n<td width=\"141\"><span class=\"HwtZe\" lang=\"en\" xml_lang=\"en\"><span class=\"jCAhz ChMk0b\"><span class=\"ryNqvb\">K\u00fctusekulu (g\/KW)<\/span><\/span><\/span><\/td>\n<td style=\"text-align:center;\" width=\"176\">390<\/td>\n<\/tr>\n<tr>\n<td width=\"141\"><span class=\"HwtZe\" lang=\"en\" xml_lang=\"en\"><span class=\"jCAhz ChMk0b\"><span class=\"ryNqvb\">J\u00e4tkuv t\u00f6\u00f6aeg (nimiv\u00f5imsusel) (h)<\/span><\/span><\/span><\/td>\n<td style=\"text-align:center;\" width=\"176\">8<\/td>\n<\/tr>\n<tr>\n<td width=\"141\"><span class=\"HwtZe\" lang=\"en\" xml_lang=\"en\"><span class=\"jCAhz ChMk0b C1N51c\"><span class=\"ryNqvb\">\u00d5li mahutavus (L)<\/span><\/span><\/span><\/td>\n<td style=\"text-align:center;\" width=\"176\">0.6<\/td>\n<\/tr>\n<tr>\n<td width=\"141\"><span class=\"HwtZe\" lang=\"en\" xml_lang=\"en\"><span class=\"jCAhz ChMk0b\"><span class=\"ryNqvb\">S\u00fc\u00fctek\u00fc\u00fcnla mudel <br \/><\/span><\/span><\/span><\/td>\n<td style=\"text-align:center;\" width=\"176\"><span class=\"HwtZe\" lang=\"en\" xml_lang=\"en\"><span class=\"jCAhz ChMk0b\"><span class=\"ryNqvb\">F7TC\/F7RTJC<\/span><\/span><\/span><\/td>\n<\/tr>\n<tr>\n<td width=\"141\"><span class=\"HwtZe\" lang=\"en\" xml_lang=\"en\"><span class=\"jCAhz ChMk0b\"><span class=\"ryNqvb\">K\u00e4ivitusre\u017eiim K\u00e4sitsi k\u00e4ivitamine<\/span><\/span><\/span><\/td>\n<td style=\"text-align:center;\" width=\"176\"><span class=\"HwtZe\" lang=\"en\" xml_lang=\"en\"><span class=\"jCAhz ChMk0b\"><span class=\"ryNqvb\">Manual start<\/span><\/span><\/span><\/td>\n<\/tr>\n<tr>\n<td width=\"141\"><span class=\"HwtZe\" lang=\"en\" xml_lang=\"en\"><span class=\"jCAhz ChMk0b C1N51c\"><span class=\"ryNqvb\">3-in-1 m\u00e4rgutuli<\/span><\/span><\/span><\/td>\n<td style=\"text-align:center;\" width=\"176\">Jah<\/td>\n<\/tr>\n<tr>\n<td width=\"141\"><span class=\"HwtZe\" lang=\"en\" xml_lang=\"en\"><span class=\"jCAhz ChMk0b\"><span class=\"ryNqvb\">3-in-1 digitaalne paneel<\/span><\/span><\/span><\/td>\n<td style=\"text-align:center;\" width=\"176\">Jah<\/td>\n<\/tr>\n<tr>\n<td width=\"141\"><span class=\"HwtZe\" lang=\"en\" xml_lang=\"en\"><span class=\"jCAhz ChMk0b\"><span class=\"ryNqvb\">Madal h\u00e4ire<\/span><\/span><span class=\"jCAhz\"><span class=\"ryNqvb\"> <\/span><\/span><span class=\"jCAhz ChMk0b\"><span class=\"ryNqvb\">\u00f5litase<\/span><\/span><\/span><\/td>\n<td style=\"text-align:center;\" width=\"176\">Jah<\/td>\n<\/tr>\n<tr>\n<td width=\"141\"><span class=\"HwtZe\" lang=\"en\" xml_lang=\"en\"><span class=\"jCAhz ChMk0b\"><span class=\"ryNqvb\">L\u00d7S\u00d7K (mm) <br \/><\/span><\/span><\/span><\/td>\n<td style=\"text-align:center;\" width=\"176\"><span class=\"HwtZe\" lang=\"en\" xml_lang=\"en\"><span class=\"jCAhz ChMk0b\"><span class=\"ryNqvb\">570x450x510<\/span><\/span><\/span><\/td>\n<\/tr>\n<tr>\n<td width=\"141\"><span class=\"HwtZe\" lang=\"en\" xml_lang=\"en\"><span class=\"jCAhz ChMk0b\"><span class=\"ryNqvb\">Netokaal (kg) <br \/><\/span><\/span><\/span><\/td>\n<td style=\"text-align:center;\" width=\"176\">28<\/td>\n<\/tr>\n<\/tbody>\n<\/table><\/p>","protected":false},"excerpt":{"rendered":"<p>Type Inverter power generator 3.8 KW Rated frequency (Hz) 50Hz Rated voltage (AC) 230V Rated output power (kW) 3.6 Maximum [&hellip;]<\/p>\n","protected":false},"featured_media":86852,"comment_status":"closed","ping_status":"open","template":"","meta":{"site-sidebar-layout":"default","site-content-layout":"","ast-site-content-layout":"default","site-content-style":"default","site-sidebar-style":"default","ast-global-header-display":"","ast-banner-title-visibility":"","ast-main-header-display":"","ast-hfb-above-header-display":"","ast-hfb-below-header-display":"","ast-hfb-mobile-header-display":"","site-post-title":"","ast-breadcrumbs-content":"","ast-featured-img":"","footer-sml-layout":"","ast-disable-related-posts":"","theme-transparent-header-meta":"","adv-header-id-meta":"","stick-header-meta":"","header-above-stick-meta":"","header-main-stick-meta":"","header-below-stick-meta":"","astra-migrate-meta-layouts":"default","ast-page-background-enabled":"default","ast-page-background-meta":{"desktop":{"background-color":"var(--ast-global-color-5)","background-image":"","background-repeat":"repeat","background-position":"center center","background-size":"auto","background-attachment":"scroll","background-type":"","background-media":"","overlay-type":"","overlay-color":"","overlay-opacity":"","overlay-gradient":""},"tablet":{"background-color":"","background-image":"","background-repeat":"repeat","background-position":"center center","background-size":"auto","background-attachment":"scroll","background-type":"","background-media":"","overlay-type":"","overlay-color":"","overlay-opacity":"","overlay-gradient":""},"mobile":{"background-color":"","background-image":"","background-repeat":"repeat","background-position":"center center","background-size":"auto","background-attachment":"scroll","background-type":"","background-media":"","overlay-type":"","overlay-color":"","overlay-opacity":"","overlay-gradient":""}},"ast-content-background-meta":{"desktop":{"background-color":"var(--ast-global-color-4)","background-image":"","background-repeat":"repeat","background-position":"center center","background-size":"auto","background-attachment":"scroll","background-type":"","background-media":"","overlay-type":"","overlay-color":"","overlay-opacity":"","overlay-gradient":""},"tablet":{"background-color":"var(--ast-global-color-4)","background-image":"","background-repeat":"repeat","background-position":"center center","background-size":"auto","background-attachment":"scroll","background-type":"","background-media":"","overlay-type":"","overlay-color":"","overlay-opacity":"","overlay-gradient":""},"mobile":{"background-color":"var(--ast-global-color-4)","background-image":"","background-repeat":"repeat","background-position":"center center","background-size":"auto","background-attachment":"scroll","background-type":"","background-media":"","overlay-type":"","overlay-color":"","overlay-opacity":"","overlay-gradient":""}}},"product_brand":[21],"product_cat":[4385],"product_tag":[],"class_list":{"0":"post-86851","1":"product","2":"type-product","3":"status-publish","4":"has-post-thumbnail","6":"product_brand-satra","7":"product_cat-home","8":"desktop-align-left","9":"tablet-align-left","10":"mobile-align-left","12":"first","13":"instock","14":"taxable","15":"shipping-taxable","16":"purchasable","17":"product-type-simple"},"_links":{"self":[{"href":"https:\/\/leniro.ee\/et\/wp-json\/wp\/v2\/product\/86851","targetHints":{"allow":["GET"]}}],"collection":[{"href":"https:\/\/leniro.ee\/et\/wp-json\/wp\/v2\/product"}],"about":[{"href":"https:\/\/leniro.ee\/et\/wp-json\/wp\/v2\/types\/product"}],"replies":[{"embeddable":true,"href":"https:\/\/leniro.ee\/et\/wp-json\/wp\/v2\/comments?post=86851"}],"wp:featuredmedia":[{"embeddable":true,"href":"https:\/\/leniro.ee\/et\/wp-json\/wp\/v2\/media\/86852"}],"wp:attachment":[{"href":"https:\/\/leniro.ee\/et\/wp-json\/wp\/v2\/media?parent=86851"}],"wp:term":[{"taxonomy":"product_brand","embeddable":true,"href":"https:\/\/leniro.ee\/et\/wp-json\/wp\/v2\/product_brand?post=86851"},{"taxonomy":"product_cat","embeddable":true,"href":"https:\/\/leniro.ee\/et\/wp-json\/wp\/v2\/product_cat?post=86851"},{"taxonomy":"product_tag","embeddable":true,"href":"https:\/\/leniro.ee\/et\/wp-json\/wp\/v2\/product_tag?post=86851"}],"curies":[{"name":"wp","href":"https:\/\/api.w.org\/{rel}","templated":true}]}}