{"id":84783,"date":"2026-04-03T18:54:19","date_gmt":"2026-04-03T18:54:19","guid":{"rendered":"https:\/\/leniro.ee\/toode\/tig-rod-er316l-stainless-steel-4\/"},"modified":"2026-04-03T18:54:19","modified_gmt":"2026-04-03T18:54:19","slug":"tig-rod-er316l-stainless-steel-4","status":"publish","type":"product","link":"https:\/\/leniro.ee\/et\/toode\/tig-rod-er316l-stainless-steel-4\/","title":{"rendered":"TIGVARRAS ER316L ROOSTEVABAST TERASEST"},"content":{"rendered":"<p class=\"MsoNormal\" style=\"margin-bottom:.0001pt;line-height:normal;\"><span lang=\"en-us\" xml_lang=\"en-us\">ER316L peamine koostisosa on C-12Ni-2Mo, roostevabast terasest traat, mida saab kasutada k\u00f5igi positsioonide keevitamiseks. Sellel on suurep\u00e4rased keevitustulemused, sile ja ilus helmestik ning v\u00e4hem pritsmeid. Kuna see sisaldab Mo, siis on hea korrosioonikindlus \u00e4\u00e4dikhappe, v\u00e4\u00e4velhappe, fosforhappe ja soolade suhtes.<\/span><\/p>\n<\/p>\n<p class=\"MsoNormal\" style=\"margin-bottom:.0001pt;line-height:normal;\"><strong><span lang=\"en-us\" xml_lang=\"en-us\">Kasutamine:<\/span><\/strong><\/p>\n<p class=\"MsoNormal\" style=\"margin-bottom:.0001pt;line-height:normal;\"><span lang=\"en-us\" xml_lang=\"en-us\">Often used for welding petrochemical, fertilizer equipment, such as<span>\u00a0 <\/span>022Cr17Ni12Mo2 (SUS 316L) and other materials.TYPICAL Chemical composition of welding wire (%)<\/span><\/p>\n<p class=\"MsoNormal\" style=\"margin-bottom:.0001pt;line-height:normal;\"><span>C: 0,023 \/Mn: 1,90 \/ Si: 0,42 \/ Cr: 19,12 \/ Ni: 12,59 \/ Mo: 2.59<\/span><\/p>\n<p class=\"MsoNormal\" style=\"margin-bottom:.0001pt;line-height:normal;\"><span lang=\"en-us\" xml_lang=\"en-us\">Oyhers: P: 0,009 \/ S: 0,008<\/span><\/p>\n<\/p>\n<p class=\"MsoNormal\" style=\"margin-bottom:.0001pt;line-height:normal;\"><b><span lang=\"en-us\" xml_lang=\"en-us\">Klassifikatsioon:<\/span><\/b><\/p>\n<p class=\"MsoNormal\" style=\"margin-bottom:.0001pt;line-height:normal;\"><span lang=\"en-us\" xml_lang=\"en-us\">AWS A5.9 ER316L<\/span><\/p>\n<p class=\"MsoNormal\" style=\"margin-bottom:.0001pt;line-height:normal;\"><span lang=\"en-us\" xml_lang=\"en-us\">BS EN ISO 143-43-B-SS316L<\/span><\/p>\n<p class=\"MsoNormal\" style=\"margin-bottom:.0001pt;line-height:normal;\"><span lang=\"en-us\" xml_lang=\"en-us\">JIS Z3321 Y316L<\/span><\/p>\n<p class=\"MsoNormal\" style=\"margin-bottom:.0001pt;line-height:normal;\"><span lang=\"en-us\" xml_lang=\"en-us\">GB 4241\/2 H03Cr19Ni12Mo2Si<\/span><span><\/span><\/p><\/p>","protected":false},"excerpt":{"rendered":"<p>The main ingredient of ER316L is C-12Ni-2Mo, stainless steel wire, can be used for all-position welding. It has excellent welding [&hellip;]<\/p>\n","protected":false},"featured_media":84784,"comment_status":"closed","ping_status":"open","template":"","meta":{"site-sidebar-layout":"default","site-content-layout":"","ast-site-content-layout":"default","site-content-style":"default","site-sidebar-style":"default","ast-global-header-display":"","ast-banner-title-visibility":"","ast-main-header-display":"","ast-hfb-above-header-display":"","ast-hfb-below-header-display":"","ast-hfb-mobile-header-display":"","site-post-title":"","ast-breadcrumbs-content":"","ast-featured-img":"","footer-sml-layout":"","ast-disable-related-posts":"","theme-transparent-header-meta":"","adv-header-id-meta":"","stick-header-meta":"","header-above-stick-meta":"","header-main-stick-meta":"","header-below-stick-meta":"","astra-migrate-meta-layouts":"default","ast-page-background-enabled":"default","ast-page-background-meta":{"desktop":{"background-color":"var(--ast-global-color-5)","background-image":"","background-repeat":"repeat","background-position":"center center","background-size":"auto","background-attachment":"scroll","background-type":"","background-media":"","overlay-type":"","overlay-color":"","overlay-opacity":"","overlay-gradient":""},"tablet":{"background-color":"","background-image":"","background-repeat":"repeat","background-position":"center center","background-size":"auto","background-attachment":"scroll","background-type":"","background-media":"","overlay-type":"","overlay-color":"","overlay-opacity":"","overlay-gradient":""},"mobile":{"background-color":"","background-image":"","background-repeat":"repeat","background-position":"center center","background-size":"auto","background-attachment":"scroll","background-type":"","background-media":"","overlay-type":"","overlay-color":"","overlay-opacity":"","overlay-gradient":""}},"ast-content-background-meta":{"desktop":{"background-color":"var(--ast-global-color-4)","background-image":"","background-repeat":"repeat","background-position":"center center","background-size":"auto","background-attachment":"scroll","background-type":"","background-media":"","overlay-type":"","overlay-color":"","overlay-opacity":"","overlay-gradient":""},"tablet":{"background-color":"var(--ast-global-color-4)","background-image":"","background-repeat":"repeat","background-position":"center center","background-size":"auto","background-attachment":"scroll","background-type":"","background-media":"","overlay-type":"","overlay-color":"","overlay-opacity":"","overlay-gradient":""},"mobile":{"background-color":"var(--ast-global-color-4)","background-image":"","background-repeat":"repeat","background-position":"center center","background-size":"auto","background-attachment":"scroll","background-type":"","background-media":"","overlay-type":"","overlay-color":"","overlay-opacity":"","overlay-gradient":""}}},"product_brand":[21],"product_cat":[4374],"product_tag":[],"class_list":{"0":"post-84783","1":"product","2":"type-product","3":"status-publish","4":"has-post-thumbnail","6":"product_brand-satra","7":"product_cat-industrial-safety","8":"desktop-align-left","9":"tablet-align-left","10":"mobile-align-left","12":"first","13":"instock","14":"taxable","15":"shipping-taxable","16":"purchasable","17":"product-type-simple"},"_links":{"self":[{"href":"https:\/\/leniro.ee\/et\/wp-json\/wp\/v2\/product\/84783","targetHints":{"allow":["GET"]}}],"collection":[{"href":"https:\/\/leniro.ee\/et\/wp-json\/wp\/v2\/product"}],"about":[{"href":"https:\/\/leniro.ee\/et\/wp-json\/wp\/v2\/types\/product"}],"replies":[{"embeddable":true,"href":"https:\/\/leniro.ee\/et\/wp-json\/wp\/v2\/comments?post=84783"}],"wp:featuredmedia":[{"embeddable":true,"href":"https:\/\/leniro.ee\/et\/wp-json\/wp\/v2\/media\/84784"}],"wp:attachment":[{"href":"https:\/\/leniro.ee\/et\/wp-json\/wp\/v2\/media?parent=84783"}],"wp:term":[{"taxonomy":"product_brand","embeddable":true,"href":"https:\/\/leniro.ee\/et\/wp-json\/wp\/v2\/product_brand?post=84783"},{"taxonomy":"product_cat","embeddable":true,"href":"https:\/\/leniro.ee\/et\/wp-json\/wp\/v2\/product_cat?post=84783"},{"taxonomy":"product_tag","embeddable":true,"href":"https:\/\/leniro.ee\/et\/wp-json\/wp\/v2\/product_tag?post=84783"}],"curies":[{"name":"wp","href":"https:\/\/api.w.org\/{rel}","templated":true}]}}