{"id":84781,"date":"2026-04-03T18:54:19","date_gmt":"2026-04-03T18:54:19","guid":{"rendered":"https:\/\/leniro.ee\/toode\/tig-rod-er308lsi-stainless-steel-2\/"},"modified":"2026-04-03T18:54:19","modified_gmt":"2026-04-03T18:54:19","slug":"tig-rod-er308lsi-stainless-steel-2","status":"publish","type":"product","link":"https:\/\/leniro.ee\/et\/toode\/tig-rod-er308lsi-stainless-steel-2\/","title":{"rendered":"TIG ROD ER308LSi Roostevabast terasest"},"content":{"rendered":"<p class=\"MsoNormal\"><span style=\"font-size:12pt;line-height:115%;\">ER308LSi peamine koostisosa on ultra C-18Cr-8Ni, laialdaselt kasutatav austaniitne roostevabast terasest keevitusmaterjal, mida saab kasutada igas asendis keevitamiseks. Si lisamisega voolab sulatatud raud v\u00e4ga h\u00e4sti, moodustades seel\u00e4bi ilusama helmestiku, s\u00f6\u00f6tmise sileda, stabiilse kaare, v\u00e4hem pritsmeid.<\/span><\/p>\n<\/p>\n<p class=\"MsoNormal\"><span style=\"font-size:12pt;line-height:115%;\"><strong>Kasutamine:<\/strong><\/span><\/p>\n<p class=\"MsoNormal\"><span style=\"font-size:12pt;line-height:115%;\">Kasutatakse laialdaselt naftakeemia, surveanumate, toidumasinate, meditsiiniseadmete ja muude seotud t\u00f6\u00f6stusharude keevitamiseks, n\u00e4iteks keevitamiseks 022Cr19Ni10 (SUS 304L) ja muudest materjalidest.<\/span>\u00a0<\/p>\n<p class=\"MsoNormal\"><span style=\"font-size:12pt;line-height:115%;\">Keevitustraadi keemiline koostis (%)<\/span><\/p>\n<p class=\"MsoNormal\"><span style=\"font-size:12pt;line-height:115%;\">C: 0,023 \/ Mn: 2,20 \/ Si: 0,75 \/ Cr: 19,80 \/ Ni: Ni: 10,54 \/ Mo: 0.36<br \/> Muud: P: 0,018 \/ S: 0,011<\/span><\/p>\n<\/p>\n<p>\u00a0<\/p>\n<p class=\"MsoNormal\"><span style=\"font-size:12pt;line-height:115%;\"><strong>Klassifikatsioon:<\/strong><\/span><\/p>\n<p class=\"MsoNormal\"><span style=\"font-size:12pt;line-height:115%;\">AWS A5.9 ER308LSi<\/span><\/p>\n<p class=\"MsoNormal\"><span style=\"font-size:12pt;line-height:115%;\">BS EN ISO 143-43-B-SS308LSi BS EN ISO 143-43-B-SS308LSi<\/span><\/p>\n<p class=\"MsoNormal\"><span style=\"font-size:12pt;line-height:115%;\">JIS Z3321 Y308LSi<\/span><\/p>\n<p class=\"MsoNormal\"><span style=\"font-size:12pt;line-height:115%;\">GB 4241\/2 H03Cr21Ni10Si1<\/span><\/p>\n<\/p>\n<p class=\"MsoNormal\"><\/p>","protected":false},"excerpt":{"rendered":"<p>The main ingredient of ER308LSi is ultra C-18Cr-8Ni, austanitic stainless steel welding material widely used, can be used for all-position [&hellip;]<\/p>\n","protected":false},"featured_media":84782,"comment_status":"closed","ping_status":"open","template":"","meta":{"site-sidebar-layout":"default","site-content-layout":"","ast-site-content-layout":"default","site-content-style":"default","site-sidebar-style":"default","ast-global-header-display":"","ast-banner-title-visibility":"","ast-main-header-display":"","ast-hfb-above-header-display":"","ast-hfb-below-header-display":"","ast-hfb-mobile-header-display":"","site-post-title":"","ast-breadcrumbs-content":"","ast-featured-img":"","footer-sml-layout":"","ast-disable-related-posts":"","theme-transparent-header-meta":"","adv-header-id-meta":"","stick-header-meta":"","header-above-stick-meta":"","header-main-stick-meta":"","header-below-stick-meta":"","astra-migrate-meta-layouts":"default","ast-page-background-enabled":"default","ast-page-background-meta":{"desktop":{"background-color":"var(--ast-global-color-5)","background-image":"","background-repeat":"repeat","background-position":"center center","background-size":"auto","background-attachment":"scroll","background-type":"","background-media":"","overlay-type":"","overlay-color":"","overlay-opacity":"","overlay-gradient":""},"tablet":{"background-color":"","background-image":"","background-repeat":"repeat","background-position":"center center","background-size":"auto","background-attachment":"scroll","background-type":"","background-media":"","overlay-type":"","overlay-color":"","overlay-opacity":"","overlay-gradient":""},"mobile":{"background-color":"","background-image":"","background-repeat":"repeat","background-position":"center center","background-size":"auto","background-attachment":"scroll","background-type":"","background-media":"","overlay-type":"","overlay-color":"","overlay-opacity":"","overlay-gradient":""}},"ast-content-background-meta":{"desktop":{"background-color":"var(--ast-global-color-4)","background-image":"","background-repeat":"repeat","background-position":"center center","background-size":"auto","background-attachment":"scroll","background-type":"","background-media":"","overlay-type":"","overlay-color":"","overlay-opacity":"","overlay-gradient":""},"tablet":{"background-color":"var(--ast-global-color-4)","background-image":"","background-repeat":"repeat","background-position":"center center","background-size":"auto","background-attachment":"scroll","background-type":"","background-media":"","overlay-type":"","overlay-color":"","overlay-opacity":"","overlay-gradient":""},"mobile":{"background-color":"var(--ast-global-color-4)","background-image":"","background-repeat":"repeat","background-position":"center center","background-size":"auto","background-attachment":"scroll","background-type":"","background-media":"","overlay-type":"","overlay-color":"","overlay-opacity":"","overlay-gradient":""}}},"product_brand":[21],"product_cat":[4374],"product_tag":[],"class_list":{"0":"post-84781","1":"product","2":"type-product","3":"status-publish","4":"has-post-thumbnail","6":"product_brand-satra","7":"product_cat-industrial-safety","8":"desktop-align-left","9":"tablet-align-left","10":"mobile-align-left","12":"first","13":"instock","14":"taxable","15":"shipping-taxable","16":"purchasable","17":"product-type-simple"},"_links":{"self":[{"href":"https:\/\/leniro.ee\/et\/wp-json\/wp\/v2\/product\/84781","targetHints":{"allow":["GET"]}}],"collection":[{"href":"https:\/\/leniro.ee\/et\/wp-json\/wp\/v2\/product"}],"about":[{"href":"https:\/\/leniro.ee\/et\/wp-json\/wp\/v2\/types\/product"}],"replies":[{"embeddable":true,"href":"https:\/\/leniro.ee\/et\/wp-json\/wp\/v2\/comments?post=84781"}],"wp:featuredmedia":[{"embeddable":true,"href":"https:\/\/leniro.ee\/et\/wp-json\/wp\/v2\/media\/84782"}],"wp:attachment":[{"href":"https:\/\/leniro.ee\/et\/wp-json\/wp\/v2\/media?parent=84781"}],"wp:term":[{"taxonomy":"product_brand","embeddable":true,"href":"https:\/\/leniro.ee\/et\/wp-json\/wp\/v2\/product_brand?post=84781"},{"taxonomy":"product_cat","embeddable":true,"href":"https:\/\/leniro.ee\/et\/wp-json\/wp\/v2\/product_cat?post=84781"},{"taxonomy":"product_tag","embeddable":true,"href":"https:\/\/leniro.ee\/et\/wp-json\/wp\/v2\/product_tag?post=84781"}],"curies":[{"name":"wp","href":"https:\/\/api.w.org\/{rel}","templated":true}]}}