{"id":84767,"date":"2026-04-03T18:54:14","date_gmt":"2026-04-03T18:54:14","guid":{"rendered":"https:\/\/leniro.ee\/toode\/50pc-brake-caliper-piston-wind-back-tool-set\/"},"modified":"2026-04-03T18:54:16","modified_gmt":"2026-04-03T18:54:16","slug":"50pc-brake-caliper-piston-wind-back-tool-set","status":"publish","type":"product","link":"https:\/\/leniro.ee\/et\/toode\/50pc-brake-caliper-piston-wind-back-tool-set\/","title":{"rendered":"50-kohaline pidurisadulate kolvi tagasip\u00f6\u00f6ramise t\u00f6\u00f6riistade komplekt"},"content":{"rendered":"<ul style=\"list-style-type:disc;\">\n<li><span style=\"color:#070606;\"><strong>SET:<\/strong><\/span><\/li>\n<li><span style=\"color:#070606;\">1pc-press with right thread<\/span><\/li>\n<li><span style=\"color:#070606;\">1pc- Press with left thread<\/span><\/li>\n<li><span style=\"color:#070606;\">0 Disc \u2013 Citroen<\/span><\/li>\n<li><span style=\"color:#070606;\">1-Disc<\/span><\/li>\n<li><span style=\"color:#070606;\">11 \u2013 Jaguar S type<\/span><\/li>\n<li><span style=\"color:#070606;\">12 \u2013 BMW mini<\/span><\/li>\n<li><span style=\"color:#070606;\">5-13\/32\u2033 Adaptor (5) 3\/8\u2033 Dr<\/span><\/li>\n<li><span style=\"color:#070606;\">2 \u2013 Citroen XM.Xantia u.a.<\/span><\/li>\n<li><span style=\"color:#070606;\">3 \u2013 Alfa Romeo, Audi, Austin, BMW, Ford, Honda, Jaguar, Mercedes-Benz, Mitsubishi, Nissan, Rover, Toyota, VW<\/span><\/li>\n<li><span style=\"color:#070606;\">4 \u2013 Alfa Romeo 164 2,0,Ford,Mazada,Saab 9000,Subaru<\/span><\/li>\n<li><span style=\"color:#070606;\">6 \u2013 Nissan Primera, VW-Golf IV<\/span><\/li>\n<li><span style=\"color:#070606;\">7 \u2013 Audi 80,90,V8+100,Ford Sierra ABS+Scorpio as 85, Honda Prelude, Nissan Silvia 1.8 turbo, Rover 8000, Saab 9000, Subaru L+Z, VW-Golf + Passat<\/span><\/li>\n<li><span style=\"color:#070606;\">8 \u2013 GM Motors<\/span><\/li>\n<li><span style=\"color:#070606;\">9 \u2013 GM Motors<\/span><\/li>\n<li><span style=\"color:#070606;\">0 \u2013 GM Motors<\/span><\/li>\n<li><span style=\"color:#070606;\">Disc M \u2013 Ford<\/span><\/li>\n<li><span style=\"color:#070606;\">Disc N \u2013 Saab, Honda<\/span><\/li>\n<li><span style=\"color:#070606;\">Disc Z \u2013 Renault<\/span><\/li>\n<li><span style=\"color:#070606;\">Disc E \u2013 Cefiro, Maxima<\/span><\/li>\n<li><span style=\"color:#070606;\">Disc G \u2013 Opel<\/span><\/li>\n<li><span style=\"color:#070606;\">Disk \u2013 Citroen C5<\/span><\/li>\n<li><span style=\"color:#070606;\">Disc K1,K2 \u2013 Cltron, Renault<\/span><\/li>\n<li><span style=\"color:#070606;\">Disc A \u2013 Nissan Premira 2.0 Bluebird<\/span><\/li>\n<li><span style=\"color:#070606;\">Disc B \u2013 Ford, Lincoln, Subaru<\/span><\/li>\n<li><span style=\"color:#070606;\">Disc C \u2013 Mini Austin<\/span><\/li>\n<li><span style=\"color:#070606;\">Disc D \u2013 Citroen, Renault<\/span><\/li>\n<li><span style=\"color:#070606;\">Disc F \u2013 peugeot 206 cc\/Hdi\/Gti.A 16mm spanner is required with wind back pistons.<\/span><\/li>\n<li><span style=\"color:#070606;\">Disc P \u2013 Audi, BMW, Ford, Lancia, Proton, Renault, Rover, VW.<\/span><\/li>\n<li><span style=\"color:#070606;\">Disc J \u2013 Alfa Romeo 155 1.8-2.0 164 TD(93) 164 3.0 V6(91) | Audi, 80, 90, A3, A4, A6, A8<\/span><\/li>\n<li><span style=\"color:#070606;\">Citron ZX 2 QI 16V | Fiat Tipo TD 16V,Uno Turbo (85) Crama TD,<\/span><\/li>\n<li><span style=\"color:#070606;\">Ford Sierra (ABS bak),Granada(85),(Australia &amp; NZ) Thunderbird Turbo,<\/span><\/li>\n<li><span style=\"color:#070606;\">Honda CRX, 1.6l-16V(8-90), Accord 1800(84-85)2.0i, Prelude 16V(88), Legend V6,<\/span><\/li>\n<li><span style=\"color:#070606;\">Jaguar Xj40series.<\/span><\/li>\n<li><span style=\"color:#070606;\">Lancia Dedra 2.0 Ei Tur(93), Delta 1.6Gti,<\/span><\/li>\n<li><span style=\"color:#070606;\">Nissan,<\/span><\/li>\n<li><span style=\"color:#070606;\">Peugeot,<\/span><\/li>\n<li><span style=\"color:#070606;\">Renault,<\/span><\/li>\n<li><span style=\"color:#070606;\">Seat,<\/span><\/li>\n<li><span style=\"color:#070606;\">Subaru,<\/span><\/li>\n<li><span style=\"color:#070606;\">Volvo V40&amp; S40.<\/span><\/li>\n<li><span style=\"color:#070606;\">R-Ford(Australia &amp; NZ) Telstar,Laser,<\/span><\/li>\n<li><span style=\"color:#070606;\">Mazda 323 Gti, GTX (86-),929(82-),RX7(81-),626 16V(87-)626 GT (86-),929 V6(88-),<\/span><\/li>\n<li><span style=\"color:#070606;\">Mitsubishi Galant GL SI,<\/span><\/li>\n<li><span style=\"color:#070606;\">Toyota Celica, Corolla GT, MR2,<\/span><\/li>\n<li><span style=\"color:#070606;\">S-Audi 100TQi(91),<\/span><\/li>\n<li><span style=\"color:#070606;\">BMW 740i 8cyl.(91),<\/span><\/li>\n<li><span style=\"color:#070606;\">Lancia Delta 1.9 TD(95), Proton 416,<\/span><\/li>\n<li><span style=\"color:#070606;\">Renault Laguna 2.0 (94),Laguna 2.2 D(95),Safrane 2.0-2.2 TD V6,<\/span><\/li>\n<li><span style=\"color:#070606;\">Rover 623 Si,<\/span><\/li>\n<\/ul>","protected":false},"excerpt":{"rendered":"<p>SET: 1pc-press with right thread 1pc- Press with left thread 0 Disc \u2013 Citroen 1-Disc 11 \u2013 Jaguar S type [&hellip;]<\/p>\n","protected":false},"featured_media":84768,"comment_status":"closed","ping_status":"open","template":"","meta":{"site-sidebar-layout":"default","site-content-layout":"","ast-site-content-layout":"default","site-content-style":"default","site-sidebar-style":"default","ast-global-header-display":"","ast-banner-title-visibility":"","ast-main-header-display":"","ast-hfb-above-header-display":"","ast-hfb-below-header-display":"","ast-hfb-mobile-header-display":"","site-post-title":"","ast-breadcrumbs-content":"","ast-featured-img":"","footer-sml-layout":"","ast-disable-related-posts":"","theme-transparent-header-meta":"","adv-header-id-meta":"","stick-header-meta":"","header-above-stick-meta":"","header-main-stick-meta":"","header-below-stick-meta":"","astra-migrate-meta-layouts":"default","ast-page-background-enabled":"default","ast-page-background-meta":{"desktop":{"background-color":"var(--ast-global-color-5)","background-image":"","background-repeat":"repeat","background-position":"center center","background-size":"auto","background-attachment":"scroll","background-type":"","background-media":"","overlay-type":"","overlay-color":"","overlay-opacity":"","overlay-gradient":""},"tablet":{"background-color":"","background-image":"","background-repeat":"repeat","background-position":"center center","background-size":"auto","background-attachment":"scroll","background-type":"","background-media":"","overlay-type":"","overlay-color":"","overlay-opacity":"","overlay-gradient":""},"mobile":{"background-color":"","background-image":"","background-repeat":"repeat","background-position":"center center","background-size":"auto","background-attachment":"scroll","background-type":"","background-media":"","overlay-type":"","overlay-color":"","overlay-opacity":"","overlay-gradient":""}},"ast-content-background-meta":{"desktop":{"background-color":"var(--ast-global-color-4)","background-image":"","background-repeat":"repeat","background-position":"center center","background-size":"auto","background-attachment":"scroll","background-type":"","background-media":"","overlay-type":"","overlay-color":"","overlay-opacity":"","overlay-gradient":""},"tablet":{"background-color":"var(--ast-global-color-4)","background-image":"","background-repeat":"repeat","background-position":"center center","background-size":"auto","background-attachment":"scroll","background-type":"","background-media":"","overlay-type":"","overlay-color":"","overlay-opacity":"","overlay-gradient":""},"mobile":{"background-color":"var(--ast-global-color-4)","background-image":"","background-repeat":"repeat","background-position":"center center","background-size":"auto","background-attachment":"scroll","background-type":"","background-media":"","overlay-type":"","overlay-color":"","overlay-opacity":"","overlay-gradient":""}}},"product_brand":[23],"product_cat":[4344],"product_tag":[],"class_list":{"0":"post-84767","1":"product","2":"type-product","3":"status-publish","4":"has-post-thumbnail","6":"product_brand-asta","7":"product_cat-brakes-system","8":"desktop-align-left","9":"tablet-align-left","10":"mobile-align-left","12":"first","13":"instock","14":"taxable","15":"shipping-taxable","16":"purchasable","17":"product-type-simple"},"_links":{"self":[{"href":"https:\/\/leniro.ee\/et\/wp-json\/wp\/v2\/product\/84767","targetHints":{"allow":["GET"]}}],"collection":[{"href":"https:\/\/leniro.ee\/et\/wp-json\/wp\/v2\/product"}],"about":[{"href":"https:\/\/leniro.ee\/et\/wp-json\/wp\/v2\/types\/product"}],"replies":[{"embeddable":true,"href":"https:\/\/leniro.ee\/et\/wp-json\/wp\/v2\/comments?post=84767"}],"wp:featuredmedia":[{"embeddable":true,"href":"https:\/\/leniro.ee\/et\/wp-json\/wp\/v2\/media\/84768"}],"wp:attachment":[{"href":"https:\/\/leniro.ee\/et\/wp-json\/wp\/v2\/media?parent=84767"}],"wp:term":[{"taxonomy":"product_brand","embeddable":true,"href":"https:\/\/leniro.ee\/et\/wp-json\/wp\/v2\/product_brand?post=84767"},{"taxonomy":"product_cat","embeddable":true,"href":"https:\/\/leniro.ee\/et\/wp-json\/wp\/v2\/product_cat?post=84767"},{"taxonomy":"product_tag","embeddable":true,"href":"https:\/\/leniro.ee\/et\/wp-json\/wp\/v2\/product_tag?post=84767"}],"curies":[{"name":"wp","href":"https:\/\/api.w.org\/{rel}","templated":true}]}}