{"id":84558,"date":"2026-04-03T18:53:51","date_gmt":"2026-04-03T18:53:51","guid":{"rendered":"https:\/\/leniro.ee\/toode\/air-operated-waste-oil-drainer-5\/"},"modified":"2026-04-03T18:53:51","modified_gmt":"2026-04-03T18:53:51","slug":"air-operated-waste-oil-drainer-5","status":"publish","type":"product","link":"https:\/\/leniro.ee\/et\/toode\/air-operated-waste-oil-drainer-5\/","title":{"rendered":"\u00d5HUGA T\u00d6\u00d6TAV \u00d5LIJ\u00c4\u00c4TMETE T\u00dcHJENDAJA"},"content":{"rendered":"<\/p>\n<table class=\"MsoNormalTable\" border=\"0\" cellspacing=\"0\" cellpadding=\"0\" width=\"541\" style=\"height:823px;width:449px;background:#f7f7f7;border-collapse:collapse;\">\n<tbody>\n<tr style=\"height:25.45pt;\">\n<td style=\"background:#F1F0F0;padding:15pt 0cm 15pt 15pt;height:25.45pt;\">\n<p class=\"MsoNormal\"><span style=\"color:#0b0b0b;\">Mahuti mahutavus <\/span><\/p>\n<\/td>\n<td style=\"background:#F1F0F0;padding:15pt 0cm 15pt 15pt;height:25.45pt;\">\n<p class=\"MsoNormal\"><span style=\"color:#0b0b0b;\">65 l<\/span><\/p>\n<\/td>\n<\/tr>\n<tr style=\"height:25.45pt;\">\n<td style=\"background:#FFFFFF;padding:15pt 0cm 15pt 15pt;height:25.45pt;\">\n<p class=\"MsoNormal\"><span style=\"color:#0b0b0b;\">Mahutavus t\u00e4ita vedelikuga<\/span><\/p>\n<\/td>\n<td style=\"background:#FFFFFF;padding:15pt 0cm 15pt 15pt;height:25.45pt;\">\n<p class=\"MsoNormal\"><span style=\"color:#0b0b0b;\">18 l<\/span><\/p>\n<\/td>\n<\/tr>\n<tr style=\"height:25.45pt;\">\n<td style=\"background:#F1F0F0;padding:15pt 0cm 15pt 15pt;height:25.45pt;\">\n<p class=\"MsoNormal\"><span style=\"color:#0b0b0b;\">L\u00e4bim\u00f5\u00f5duga kausside kollektsioon<\/span><\/p>\n<\/td>\n<td style=\"background:#F1F0F0;padding:15pt 0cm 15pt 15pt;height:25.45pt;\">\n<p class=\"MsoNormal\"><span style=\"color:#0b0b0b;\">400 mm<\/span><\/p>\n<\/td>\n<\/tr>\n<tr style=\"height:25.45pt;\">\n<td style=\"background:#FFFFFF;padding:15pt 0cm 15pt 15pt;height:25.45pt;\">\n<p class=\"MsoNormal\"><span style=\"color:#0b0b0b;\">Maksimaalne k\u00f5rgus<\/span><\/p>\n<\/td>\n<td style=\"background:#FFFFFF;padding:15pt 0cm 15pt 15pt;height:25.45pt;\">\n<p class=\"MsoNormal\"><span style=\"color:#0b0b0b;\">1610 mm<\/span><\/p>\n<\/td>\n<\/tr>\n<tr style=\"height:25.45pt;\">\n<td style=\"background:#F1F0F0;padding:15pt 0cm 15pt 15pt;height:25.45pt;\">\n<p class=\"MsoNormal\"><span style=\"color:#0b0b0b;\">Minimaalne k\u00f5rgus<\/span><\/p>\n<\/td>\n<td style=\"background:#F1F0F0;padding:15pt 0cm 15pt 15pt;height:25.45pt;\">\n<p class=\"MsoNormal\"><span style=\"color:#0b0b0b;\">1110 mm<\/span><\/p>\n<\/td>\n<\/tr>\n<tr style=\"height:25.45pt;\">\n<td style=\"background:#FFFFFF;padding:15pt 0cm 15pt 15pt;height:25.45pt;\">\n<p class=\"MsoNormal\"><span style=\"color:#0b0b0b;\">Imitoru pikkus<\/span><\/p>\n<\/td>\n<td style=\"background:#FFFFFF;padding:15pt 0cm 15pt 15pt;height:25.45pt;\">\n<p class=\"MsoNormal\"><span style=\"color:#0b0b0b;\">2000 mm<\/span><\/p>\n<\/td>\n<\/tr>\n<tr style=\"height:25.45pt;\">\n<td style=\"background:#F1F0F0;padding:15pt 0cm 15pt 15pt;height:25.45pt;\">\n<p class=\"MsoNormal\"><span style=\"color:#0b0b0b;\">Max. Betriebsdruck<\/span><\/p>\n<\/td>\n<td style=\"background:#F1F0F0;padding:15pt 0cm 15pt 15pt;height:25.45pt;\">\n<p class=\"MsoNormal\"><span style=\"color:#0b0b0b;\">1 baar<\/span><\/p>\n<\/td>\n<\/tr>\n<tr style=\"height:25.45pt;\">\n<td style=\"background:#FFFFFF;padding:15pt 0cm 15pt 15pt;height:25.45pt;\">\n<p class=\"MsoNormal\"><span style=\"color:#0b0b0b;\">\u00d5hu sisselaskeava pistikupesa<\/span><\/p>\n<\/td>\n<td style=\"background:#FFFFFF;padding:15pt 0cm 15pt 15pt;height:25.45pt;\">\n<p class=\"MsoNormal\"><span style=\"color:#0b0b0b;\">1\/4\" (kiir\u00fchendus); 1\/4\" NPT, mutter<\/span><\/p>\n<\/td>\n<\/tr>\n<tr style=\"height:25.45pt;\">\n<td style=\"background:#F1F0F0;padding:15pt 0cm 15pt 15pt;height:25.45pt;\">\n<p class=\"MsoNormal\"><span style=\"color:#0b0b0b;\">L\u00e4bim\u00f5\u00f5t suumir\u00f5ngas<\/span><\/p>\n<\/td>\n<td style=\"background:#F1F0F0;padding:15pt 0cm 15pt 15pt;height:25.45pt;\">\n<p class=\"MsoNormal\"><span style=\"color:#0b0b0b;\">606 mm<\/span><\/p>\n<\/td>\n<\/tr>\n<tr style=\"height:25.45pt;\">\n<td style=\"background:#FFFFFF;padding:15pt 0cm 15pt 15pt;height:25.45pt;\">\n<p class=\"MsoNormal\"><span style=\"color:#0b0b0b;\">Kaal<\/span><\/p>\n<\/td>\n<td style=\"background:#FFFFFF;padding:15pt 0cm 15pt 15pt;height:25.45pt;\">\n<p class=\"MsoNormal\"><span style=\"color:#0b0b0b;\">29 kg<\/span><\/p>\n<\/td>\n<\/tr>\n<tr style=\"height:1pt;\">\n<td style=\"background:#F1F0F0;padding:15pt 0cm 15pt 15pt;height:1pt;\">\n<p class=\"MsoNormal\"><span style=\"color:#0b0b0b;\">Pakendi m\u00f5\u00f5tmed<\/span><\/p>\n<\/td>\n<td style=\"background:#F1F0F0;padding:15pt 0cm 15pt 15pt;height:1pt;\">\n<p class=\"MsoNormal\"><span style=\"color:#0b0b0b;\">0,209 m\u00b3 (2 kartony)<\/span><\/p>\n<\/td>\n<\/tr>\n<\/tbody>\n<\/table>","protected":false},"excerpt":{"rendered":"<p>Tank capacity 65 l Capacity to fill with liquid 18 l Diameter bowl collection 400 mm Maximum height 1610 mm [&hellip;]<\/p>\n","protected":false},"featured_media":84559,"comment_status":"closed","ping_status":"open","template":"","meta":{"site-sidebar-layout":"default","site-content-layout":"","ast-site-content-layout":"default","site-content-style":"default","site-sidebar-style":"default","ast-global-header-display":"","ast-banner-title-visibility":"","ast-main-header-display":"","ast-hfb-above-header-display":"","ast-hfb-below-header-display":"","ast-hfb-mobile-header-display":"","site-post-title":"","ast-breadcrumbs-content":"","ast-featured-img":"","footer-sml-layout":"","ast-disable-related-posts":"","theme-transparent-header-meta":"","adv-header-id-meta":"","stick-header-meta":"","header-above-stick-meta":"","header-main-stick-meta":"","header-below-stick-meta":"","astra-migrate-meta-layouts":"default","ast-page-background-enabled":"default","ast-page-background-meta":{"desktop":{"background-color":"var(--ast-global-color-5)","background-image":"","background-repeat":"repeat","background-position":"center center","background-size":"auto","background-attachment":"scroll","background-type":"","background-media":"","overlay-type":"","overlay-color":"","overlay-opacity":"","overlay-gradient":""},"tablet":{"background-color":"","background-image":"","background-repeat":"repeat","background-position":"center center","background-size":"auto","background-attachment":"scroll","background-type":"","background-media":"","overlay-type":"","overlay-color":"","overlay-opacity":"","overlay-gradient":""},"mobile":{"background-color":"","background-image":"","background-repeat":"repeat","background-position":"center center","background-size":"auto","background-attachment":"scroll","background-type":"","background-media":"","overlay-type":"","overlay-color":"","overlay-opacity":"","overlay-gradient":""}},"ast-content-background-meta":{"desktop":{"background-color":"var(--ast-global-color-4)","background-image":"","background-repeat":"repeat","background-position":"center center","background-size":"auto","background-attachment":"scroll","background-type":"","background-media":"","overlay-type":"","overlay-color":"","overlay-opacity":"","overlay-gradient":""},"tablet":{"background-color":"var(--ast-global-color-4)","background-image":"","background-repeat":"repeat","background-position":"center center","background-size":"auto","background-attachment":"scroll","background-type":"","background-media":"","overlay-type":"","overlay-color":"","overlay-opacity":"","overlay-gradient":""},"mobile":{"background-color":"var(--ast-global-color-4)","background-image":"","background-repeat":"repeat","background-position":"center center","background-size":"auto","background-attachment":"scroll","background-type":"","background-media":"","overlay-type":"","overlay-color":"","overlay-opacity":"","overlay-gradient":""}}},"product_brand":[23],"product_cat":[4331],"product_tag":[],"class_list":{"0":"post-84558","1":"product","2":"type-product","3":"status-publish","4":"has-post-thumbnail","6":"product_brand-asta","7":"product_cat-air-operated-waste-oli-drainer","8":"desktop-align-left","9":"tablet-align-left","10":"mobile-align-left","12":"first","13":"instock","14":"taxable","15":"shipping-taxable","16":"purchasable","17":"product-type-simple"},"_links":{"self":[{"href":"https:\/\/leniro.ee\/et\/wp-json\/wp\/v2\/product\/84558","targetHints":{"allow":["GET"]}}],"collection":[{"href":"https:\/\/leniro.ee\/et\/wp-json\/wp\/v2\/product"}],"about":[{"href":"https:\/\/leniro.ee\/et\/wp-json\/wp\/v2\/types\/product"}],"replies":[{"embeddable":true,"href":"https:\/\/leniro.ee\/et\/wp-json\/wp\/v2\/comments?post=84558"}],"wp:featuredmedia":[{"embeddable":true,"href":"https:\/\/leniro.ee\/et\/wp-json\/wp\/v2\/media\/84559"}],"wp:attachment":[{"href":"https:\/\/leniro.ee\/et\/wp-json\/wp\/v2\/media?parent=84558"}],"wp:term":[{"taxonomy":"product_brand","embeddable":true,"href":"https:\/\/leniro.ee\/et\/wp-json\/wp\/v2\/product_brand?post=84558"},{"taxonomy":"product_cat","embeddable":true,"href":"https:\/\/leniro.ee\/et\/wp-json\/wp\/v2\/product_cat?post=84558"},{"taxonomy":"product_tag","embeddable":true,"href":"https:\/\/leniro.ee\/et\/wp-json\/wp\/v2\/product_tag?post=84558"}],"curies":[{"name":"wp","href":"https:\/\/api.w.org\/{rel}","templated":true}]}}