{"id":84313,"date":"2026-04-03T18:53:14","date_gmt":"2026-04-03T18:53:14","guid":{"rendered":"https:\/\/leniro.ee\/toode\/3-8%e2%80%b3-dr-e-type-short-hand-socket-12\/"},"modified":"2026-04-03T18:53:17","modified_gmt":"2026-04-03T18:53:17","slug":"3-8%e2%80%b3-dr-e-type-short-hand-socket-12","status":"publish","type":"product","link":"https:\/\/leniro.ee\/et\/toode\/3-8%e2%80%b3-dr-e-type-short-hand-socket-12\/","title":{"rendered":"3\/8\" Dr. E-t\u00fc\u00fcpi l\u00fchike k\u00e4sipesa"},"content":{"rendered":"<p><img decoding=\"async\" src=\"http:\/\/www.techman.com.pl\/wp-content\/uploads\/2022\/04\/pobrane-3-4.jpg\" width=\"222\" height=\"161\" alt=\"allalaaditud-3-4.jpg\" \/><\/p>\n<table class=\"MsoNormalTable\" border=\"0\" cellspacing=\"0\" cellpadding=\"0\" width=\"552\" style=\"height:922px;width:467px;background:#f7f7f7;border-collapse:collapse;\">\n<tbody>\n<tr>\n<td width=\"92\" style=\"width:69pt;background:#FFFFFF;padding:15pt 0cm 15pt 15pt;\">\n<p class=\"MsoNormal\">\n<\/td>\n<td width=\"92\" style=\"width:69pt;background:#FFFFFF;padding:15pt 0cm 15pt 15pt;\">\n<p class=\"MsoNormal\"><span style=\"color:#0c0b0b;\"><b>Suurus<\/b><\/span><\/p>\n<\/td>\n<td width=\"92\" style=\"width:69pt;background:#FFFFFF;padding:15pt 0cm 15pt 15pt;\">\n<p class=\"MsoNormal\"><span style=\"color:#0c0b0b;\"><b>D1 (mm)<\/b><\/span><\/p>\n<p><b><\/b><\/p>\n<p><b><\/b>\n<\/td>\n<td width=\"92\" style=\"width:69pt;background:#FFFFFF;padding:15pt 0cm 15pt 15pt;\">\n<p class=\"MsoNormal\"><span style=\"color:#0c0b0b;\"><b>D2 (mm)<\/b><\/span><\/p>\n<p><b><\/b><\/p>\n<p><b><\/b>\n<\/td>\n<td width=\"92\" style=\"width:69pt;background:#FFFFFF;padding:15pt 0cm 15pt 15pt;\">\n<p class=\"MsoNormal\"><span style=\"color:#0c0b0b;\"><b>T (mm)<\/b><\/span><\/p>\n<p><b><\/b><\/p>\n<p><b><\/b>\n<\/td>\n<td width=\"92\" style=\"width:69pt;background:#FFFFFF;padding:15pt 0cm 15pt 15pt;\">\n<p class=\"MsoNormal\"><span style=\"color:#0c0b0b;\"><b>L (mm)<\/b><\/span><\/p>\n<p><b><\/b><\/p>\n<p><b><\/b>\n<\/td>\n<\/tr>\n<tr>\n<td style=\"background:#F1F0F0;padding:15pt 0cm 15pt 15pt;\">\n<p class=\"MsoNormal\"><span style=\"color:#0c0b0b;\"><b>33604<\/b><\/span><\/p>\n<p><b><\/b><\/p>\n<p><b><\/b>\n<\/td>\n<td style=\"background:#F1F0F0;padding:15pt 0cm 15pt 15pt;\">\n<p class=\"MsoNormal\"><span style=\"color:#0c0b0b;\"><b>E4<\/b><\/span><\/p>\n<p><b><\/b><\/p>\n<p><b><\/b>\n<\/td>\n<td style=\"background:#F1F0F0;padding:15pt 0cm 15pt 15pt;\">\n<p class=\"MsoNormal\"><span style=\"color:#0c0b0b;\"><b>6,9<\/b><\/span><\/p>\n<p><b><\/b><\/p>\n<p><b><\/b>\n<\/td>\n<td style=\"background:#F1F0F0;padding:15pt 0cm 15pt 15pt;\">\n<p class=\"MsoNormal\"><span style=\"color:#0c0b0b;\"><b>17<\/b><\/span><\/p>\n<p><b><\/b><\/p>\n<p><b><\/b>\n<\/td>\n<td style=\"background:#F1F0F0;padding:15pt 0cm 15pt 15pt;\">\n<p class=\"MsoNormal\"><span style=\"color:#0c0b0b;\"><b>5<\/b><\/span><\/p>\n<p><b><\/b><\/p>\n<p><b><\/b>\n<\/td>\n<td style=\"background:#F1F0F0;padding:15pt 0cm 15pt 15pt;\">\n<p class=\"MsoNormal\"><span style=\"color:#0c0b0b;\"><b>63<\/b><\/span><\/p>\n<p><b><\/b><\/p>\n<p><b><\/b>\n<\/td>\n<\/tr>\n<tr>\n<td style=\"background:#FFFFFF;padding:15pt 0cm 15pt 15pt;\">\n<p class=\"MsoNormal\"><span style=\"color:#0c0b0b;\">33605<\/span><\/p>\n<\/p>\n<\/td>\n<td style=\"background:#FFFFFF;padding:15pt 0cm 15pt 15pt;\">\n<p class=\"MsoNormal\"><span style=\"color:#0c0b0b;\">E5<\/span><\/p>\n<\/p>\n<\/td>\n<td style=\"background:#FFFFFF;padding:15pt 0cm 15pt 15pt;\">\n<p class=\"MsoNormal\"><span style=\"color:#0c0b0b;\">8<\/span><\/p>\n<\/p>\n<\/td>\n<td style=\"background:#FFFFFF;padding:15pt 0cm 15pt 15pt;\">\n<p class=\"MsoNormal\"><span style=\"color:#0c0b0b;\">17<\/span><\/p>\n<\/p>\n<\/td>\n<td style=\"background:#FFFFFF;padding:15pt 0cm 15pt 15pt;\">\n<p class=\"MsoNormal\"><span style=\"color:#0c0b0b;\">5<\/span><\/p>\n<\/p>\n<\/td>\n<td style=\"background:#FFFFFF;padding:15pt 0cm 15pt 15pt;\">\n<p class=\"MsoNormal\"><span style=\"color:#0c0b0b;\">63<\/span><\/p>\n<\/p>\n<\/td>\n<\/tr>\n<tr>\n<td style=\"background:#F1F0F0;padding:15pt 0cm 15pt 15pt;\">\n<p class=\"MsoNormal\"><span style=\"color:#0c0b0b;\">33606<\/span><\/p>\n<\/p>\n<\/td>\n<td style=\"background:#F1F0F0;padding:15pt 0cm 15pt 15pt;\">\n<p class=\"MsoNormal\"><span style=\"color:#0c0b0b;\">E6<\/span><\/p>\n<\/p>\n<\/td>\n<td style=\"background:#F1F0F0;padding:15pt 0cm 15pt 15pt;\">\n<p class=\"MsoNormal\"><span style=\"color:#0c0b0b;\">9,2<\/span><\/p>\n<\/p>\n<\/td>\n<td style=\"background:#F1F0F0;padding:15pt 0cm 15pt 15pt;\">\n<p class=\"MsoNormal\"><span style=\"color:#0c0b0b;\">17<\/span><\/p>\n<\/p>\n<\/td>\n<td style=\"background:#F1F0F0;padding:15pt 0cm 15pt 15pt;\">\n<p class=\"MsoNormal\"><span style=\"color:#0c0b0b;\">6<\/span><\/p>\n<\/p>\n<\/td>\n<td style=\"background:#F1F0F0;padding:15pt 0cm 15pt 15pt;\">\n<p class=\"MsoNormal\"><span style=\"color:#0c0b0b;\">63<\/span><\/p>\n<\/p>\n<\/td>\n<\/tr>\n<tr>\n<td style=\"background:#FFFFFF;padding:15pt 0cm 15pt 15pt;\">\n<p class=\"MsoNormal\"><span style=\"color:#0c0b0b;\">33607<\/span><\/p>\n<\/p>\n<\/td>\n<td style=\"background:#FFFFFF;padding:15pt 0cm 15pt 15pt;\">\n<p class=\"MsoNormal\"><span style=\"color:#0c0b0b;\">E7<\/span><\/p>\n<\/p>\n<\/td>\n<td style=\"background:#FFFFFF;padding:15pt 0cm 15pt 15pt;\">\n<p class=\"MsoNormal\"><span style=\"color:#0c0b0b;\">10,6<\/span><\/p>\n<\/p>\n<\/td>\n<td style=\"background:#FFFFFF;padding:15pt 0cm 15pt 15pt;\">\n<p class=\"MsoNormal\"><span style=\"color:#0c0b0b;\">17<\/span><\/p>\n<\/p>\n<\/td>\n<td style=\"background:#FFFFFF;padding:15pt 0cm 15pt 15pt;\">\n<p class=\"MsoNormal\"><span style=\"color:#0c0b0b;\">7<\/span><\/p>\n<\/p>\n<\/td>\n<td style=\"background:#FFFFFF;padding:15pt 0cm 15pt 15pt;\">\n<p class=\"MsoNormal\"><span style=\"color:#0c0b0b;\">63<\/span><\/p>\n<\/p>\n<\/td>\n<\/tr>\n<tr>\n<td style=\"background:#F1F0F0;padding:15pt 0cm 15pt 15pt;\">\n<p class=\"MsoNormal\"><span style=\"color:#0c0b0b;\">33608<\/span><\/p>\n<\/p>\n<\/td>\n<td style=\"background:#F1F0F0;padding:15pt 0cm 15pt 15pt;\">\n<p class=\"MsoNormal\"><span style=\"color:#0c0b0b;\">E8<\/span><\/p>\n<\/p>\n<\/td>\n<td style=\"background:#F1F0F0;padding:15pt 0cm 15pt 15pt;\">\n<p class=\"MsoNormal\"><span style=\"color:#0c0b0b;\">11,8<\/span><\/p>\n<\/p>\n<\/td>\n<td style=\"background:#F1F0F0;padding:15pt 0cm 15pt 15pt;\">\n<p class=\"MsoNormal\"><span style=\"color:#0c0b0b;\">17<\/span><\/p>\n<\/p>\n<\/td>\n<td style=\"background:#F1F0F0;padding:15pt 0cm 15pt 15pt;\">\n<p class=\"MsoNormal\"><span style=\"color:#0c0b0b;\">7<\/span><\/p>\n<\/p>\n<\/td>\n<td style=\"background:#F1F0F0;padding:15pt 0cm 15pt 15pt;\">\n<p class=\"MsoNormal\"><span style=\"color:#0c0b0b;\">63<\/span><\/p>\n<\/p>\n<\/td>\n<\/tr>\n<tr>\n<td style=\"background:#FFFFFF;padding:15pt 0cm 15pt 15pt;\">\n<p class=\"MsoNormal\"><span style=\"color:#0c0b0b;\">33610<\/span><\/p>\n<\/p>\n<\/td>\n<td style=\"background:#FFFFFF;padding:15pt 0cm 15pt 15pt;\">\n<p class=\"MsoNormal\"><span style=\"color:#0c0b0b;\">E10<\/span><\/p>\n<\/p>\n<\/td>\n<td style=\"background:#FFFFFF;padding:15pt 0cm 15pt 15pt;\">\n<p class=\"MsoNormal\"><span style=\"color:#0c0b0b;\">12<\/span><\/p>\n<\/p>\n<\/td>\n<td style=\"background:#FFFFFF;padding:15pt 0cm 15pt 15pt;\">\n<p class=\"MsoNormal\"><span style=\"color:#0c0b0b;\">17<\/span><\/p>\n<\/p>\n<\/td>\n<td style=\"background:#FFFFFF;padding:15pt 0cm 15pt 15pt;\">\n<p class=\"MsoNormal\"><span style=\"color:#0c0b0b;\">8<\/span><\/p>\n<\/p>\n<\/td>\n<td style=\"background:#FFFFFF;padding:15pt 0cm 15pt 15pt;\">\n<p class=\"MsoNormal\"><span style=\"color:#0c0b0b;\">63<\/span><\/p>\n<\/p>\n<\/td>\n<\/tr>\n<tr>\n<td style=\"background:#F1F0F0;padding:15pt 0cm 15pt 15pt;\">\n<p class=\"MsoNormal\"><span style=\"color:#0c0b0b;\">33611<\/span><\/p>\n<\/p>\n<\/td>\n<td style=\"background:#F1F0F0;padding:15pt 0cm 15pt 15pt;\">\n<p class=\"MsoNormal\"><span style=\"color:#0c0b0b;\">E11<\/span><\/p>\n<\/p>\n<\/td>\n<td style=\"background:#F1F0F0;padding:15pt 0cm 15pt 15pt;\">\n<p class=\"MsoNormal\"><span style=\"color:#0c0b0b;\">13<\/span><\/p>\n<\/p>\n<\/td>\n<td style=\"background:#F1F0F0;padding:15pt 0cm 15pt 15pt;\">\n<p class=\"MsoNormal\"><span style=\"color:#0c0b0b;\">17<\/span><\/p>\n<\/p>\n<\/td>\n<td style=\"background:#F1F0F0;padding:15pt 0cm 15pt 15pt;\">\n<p class=\"MsoNormal\"><span style=\"color:#0c0b0b;\">8<\/span><\/p>\n<\/p>\n<\/td>\n<td style=\"background:#F1F0F0;padding:15pt 0cm 15pt 15pt;\">\n<p class=\"MsoNormal\"><span style=\"color:#0c0b0b;\">63<\/span><\/p>\n<\/p>\n<\/td>\n<\/tr>\n<tr>\n<td style=\"background:#FFFFFF;padding:15pt 0cm 15pt 15pt;\">\n<p class=\"MsoNormal\"><span style=\"color:#0c0b0b;\">33612<\/span><\/p>\n<\/p>\n<\/td>\n<td style=\"background:#FFFFFF;padding:15pt 0cm 15pt 15pt;\">\n<p class=\"MsoNormal\"><span style=\"color:#0c0b0b;\">E12<\/span><\/p>\n<\/p>\n<\/td>\n<td style=\"background:#FFFFFF;padding:15pt 0cm 15pt 15pt;\">\n<p class=\"MsoNormal\"><span style=\"color:#0c0b0b;\">14,5<\/span><\/p>\n<\/p>\n<\/td>\n<td style=\"background:#FFFFFF;padding:15pt 0cm 15pt 15pt;\">\n<p class=\"MsoNormal\"><span style=\"color:#0c0b0b;\">17<\/span><\/p>\n<\/p>\n<\/td>\n<td style=\"background:#FFFFFF;padding:15pt 0cm 15pt 15pt;\">\n<p class=\"MsoNormal\"><span style=\"color:#0c0b0b;\">8<\/span><\/p>\n<\/p>\n<\/td>\n<td style=\"background:#FFFFFF;padding:15pt 0cm 15pt 15pt;\">\n<p class=\"MsoNormal\"><span style=\"color:#0c0b0b;\">63<\/span><\/p>\n<\/p>\n<\/td>\n<\/tr>\n<tr>\n<td style=\"background:#F1F0F0;padding:15pt 0cm 15pt 15pt;\">\n<p class=\"MsoNormal\"><span style=\"color:#0c0b0b;\">33614<\/span><\/p>\n<\/p>\n<\/td>\n<td style=\"background:#F1F0F0;padding:15pt 0cm 15pt 15pt;\">\n<p class=\"MsoNormal\"><span style=\"color:#0c0b0b;\">E14<\/span><\/p>\n<\/p>\n<\/td>\n<td style=\"background:#F1F0F0;padding:15pt 0cm 15pt 15pt;\">\n<p class=\"MsoNormal\"><span style=\"color:#0c0b0b;\">18<\/span><\/p>\n<\/p>\n<\/td>\n<td style=\"background:#F1F0F0;padding:15pt 0cm 15pt 15pt;\">\n<p class=\"MsoNormal\"><span style=\"color:#0c0b0b;\">17<\/span><\/p>\n<\/p>\n<\/td>\n<td style=\"background:#F1F0F0;padding:15pt 0cm 15pt 15pt;\">\n<p class=\"MsoNormal\"><span style=\"color:#0c0b0b;\">10<\/span><\/p>\n<\/p>\n<\/td>\n<td style=\"background:#F1F0F0;padding:15pt 0cm 15pt 15pt;\">\n<p class=\"MsoNormal\"><span style=\"color:#0c0b0b;\">63<\/span><\/p>\n<\/p>\n<\/td>\n<\/tr>\n<tr>\n<td style=\"background:#FFFFFF;padding:15pt 0cm 15pt 15pt;\">\n<p class=\"MsoNormal\"><span style=\"color:#0c0b0b;\">33616<\/span><\/p>\n<\/p>\n<\/td>\n<td style=\"background:#FFFFFF;padding:15pt 0cm 15pt 15pt;\">\n<p class=\"MsoNormal\"><span style=\"color:#0c0b0b;\">E16<\/span><\/p>\n<\/p>\n<\/td>\n<td style=\"background:#FFFFFF;padding:15pt 0cm 15pt 15pt;\">\n<p class=\"MsoNormal\"><span style=\"color:#0c0b0b;\">20<\/span><\/p>\n<\/p>\n<\/td>\n<td style=\"background:#FFFFFF;padding:15pt 0cm 15pt 15pt;\">\n<p class=\"MsoNormal\"><span style=\"color:#0c0b0b;\">17<\/span><\/p>\n<\/p>\n<\/td>\n<td style=\"background:#FFFFFF;padding:15pt 0cm 15pt 15pt;\">\n<p class=\"MsoNormal\"><span style=\"color:#0c0b0b;\">10<\/span><\/p>\n<\/p>\n<\/td>\n<td style=\"background:#FFFFFF;padding:15pt 0cm 15pt 15pt;\">\n<p class=\"MsoNormal\"><span style=\"color:#0c0b0b;\">63<\/span><\/p>\n<\/p>\n<\/td>\n<\/tr>\n<tr>\n<td style=\"background:#F1F0F0;padding:15pt 0cm 15pt 15pt;\">\n<p class=\"MsoNormal\"><span style=\"color:#0c0b0b;\">33618<\/span><\/p>\n<\/p>\n<\/td>\n<td style=\"background:#F1F0F0;padding:15pt 0cm 15pt 15pt;\">\n<p class=\"MsoNormal\"><span style=\"color:#0c0b0b;\">E18<\/span><\/p>\n<\/p>\n<\/td>\n<td style=\"background:#F1F0F0;padding:15pt 0cm 15pt 15pt;\">\n<p class=\"MsoNormal\"><span style=\"color:#0c0b0b;\">22<\/span><\/p>\n<\/p>\n<\/td>\n<td style=\"background:#F1F0F0;padding:15pt 0cm 15pt 15pt;\">\n<p class=\"MsoNormal\"><span style=\"color:#0c0b0b;\">19<\/span><\/p>\n<\/p>\n<\/td>\n<td style=\"background:#F1F0F0;padding:15pt 0cm 15pt 15pt;\">\n<p class=\"MsoNormal\"><span style=\"color:#0c0b0b;\">12<\/span><\/p>\n<\/p>\n<\/td>\n<td style=\"background:#F1F0F0;padding:15pt 0cm 15pt 15pt;\">\n<p class=\"MsoNormal\"><span style=\"color:#0c0b0b;\">63<\/span><\/p>\n<\/td>\n<\/tr>\n<\/tbody>\n<\/table><\/p>","protected":false},"excerpt":{"rendered":"<p>Size D1 (mm) D2 (mm) T (mm) L (mm) 33604 E4 6,9 17 5 63 33605 E5 8 17 5 [&hellip;]<\/p>\n","protected":false},"featured_media":84314,"comment_status":"closed","ping_status":"open","template":"","meta":{"site-sidebar-layout":"default","site-content-layout":"","ast-site-content-layout":"default","site-content-style":"default","site-sidebar-style":"default","ast-global-header-display":"","ast-banner-title-visibility":"","ast-main-header-display":"","ast-hfb-above-header-display":"","ast-hfb-below-header-display":"","ast-hfb-mobile-header-display":"","site-post-title":"","ast-breadcrumbs-content":"","ast-featured-img":"","footer-sml-layout":"","ast-disable-related-posts":"","theme-transparent-header-meta":"","adv-header-id-meta":"","stick-header-meta":"","header-above-stick-meta":"","header-main-stick-meta":"","header-below-stick-meta":"","astra-migrate-meta-layouts":"default","ast-page-background-enabled":"default","ast-page-background-meta":{"desktop":{"background-color":"var(--ast-global-color-5)","background-image":"","background-repeat":"repeat","background-position":"center center","background-size":"auto","background-attachment":"scroll","background-type":"","background-media":"","overlay-type":"","overlay-color":"","overlay-opacity":"","overlay-gradient":""},"tablet":{"background-color":"","background-image":"","background-repeat":"repeat","background-position":"center center","background-size":"auto","background-attachment":"scroll","background-type":"","background-media":"","overlay-type":"","overlay-color":"","overlay-opacity":"","overlay-gradient":""},"mobile":{"background-color":"","background-image":"","background-repeat":"repeat","background-position":"center center","background-size":"auto","background-attachment":"scroll","background-type":"","background-media":"","overlay-type":"","overlay-color":"","overlay-opacity":"","overlay-gradient":""}},"ast-content-background-meta":{"desktop":{"background-color":"var(--ast-global-color-4)","background-image":"","background-repeat":"repeat","background-position":"center center","background-size":"auto","background-attachment":"scroll","background-type":"","background-media":"","overlay-type":"","overlay-color":"","overlay-opacity":"","overlay-gradient":""},"tablet":{"background-color":"var(--ast-global-color-4)","background-image":"","background-repeat":"repeat","background-position":"center center","background-size":"auto","background-attachment":"scroll","background-type":"","background-media":"","overlay-type":"","overlay-color":"","overlay-opacity":"","overlay-gradient":""},"mobile":{"background-color":"var(--ast-global-color-4)","background-image":"","background-repeat":"repeat","background-position":"center center","background-size":"auto","background-attachment":"scroll","background-type":"","background-media":"","overlay-type":"","overlay-color":"","overlay-opacity":"","overlay-gradient":""}}},"product_brand":[23],"product_cat":[4368],"product_tag":[],"class_list":{"0":"post-84313","1":"product","2":"type-product","3":"status-publish","4":"has-post-thumbnail","6":"product_brand-asta","7":"product_cat-3-8","8":"desktop-align-left","9":"tablet-align-left","10":"mobile-align-left","12":"first","13":"instock","14":"taxable","15":"shipping-taxable","16":"purchasable","17":"product-type-simple"},"_links":{"self":[{"href":"https:\/\/leniro.ee\/et\/wp-json\/wp\/v2\/product\/84313","targetHints":{"allow":["GET"]}}],"collection":[{"href":"https:\/\/leniro.ee\/et\/wp-json\/wp\/v2\/product"}],"about":[{"href":"https:\/\/leniro.ee\/et\/wp-json\/wp\/v2\/types\/product"}],"replies":[{"embeddable":true,"href":"https:\/\/leniro.ee\/et\/wp-json\/wp\/v2\/comments?post=84313"}],"wp:featuredmedia":[{"embeddable":true,"href":"https:\/\/leniro.ee\/et\/wp-json\/wp\/v2\/media\/84314"}],"wp:attachment":[{"href":"https:\/\/leniro.ee\/et\/wp-json\/wp\/v2\/media?parent=84313"}],"wp:term":[{"taxonomy":"product_brand","embeddable":true,"href":"https:\/\/leniro.ee\/et\/wp-json\/wp\/v2\/product_brand?post=84313"},{"taxonomy":"product_cat","embeddable":true,"href":"https:\/\/leniro.ee\/et\/wp-json\/wp\/v2\/product_cat?post=84313"},{"taxonomy":"product_tag","embeddable":true,"href":"https:\/\/leniro.ee\/et\/wp-json\/wp\/v2\/product_tag?post=84313"}],"curies":[{"name":"wp","href":"https:\/\/api.w.org\/{rel}","templated":true}]}}