{"id":83854,"date":"2026-04-03T18:52:19","date_gmt":"2026-04-03T18:52:19","guid":{"rendered":"https:\/\/leniro.ee\/toode\/1-4%e2%80%b3-dr-e-type-short-hand-socket\/"},"modified":"2026-04-03T18:52:20","modified_gmt":"2026-04-03T18:52:20","slug":"1-4%e2%80%b3-dr-e-type-short-hand-socket","status":"publish","type":"product","link":"https:\/\/leniro.ee\/et\/toode\/1-4%e2%80%b3-dr-e-type-short-hand-socket\/","title":{"rendered":"1\/4\u2033 DR. E-T\u00dc\u00dcPI L\u00dcHIKESE K\u00c4EGA PESA"},"content":{"rendered":"<p><img decoding=\"async\" width=\"197\" height=\"143\" class=\"size-full wp-image-86769 alignright\" src=\"http:\/\/www.techman.com.pl\/wp-content\/uploads\/2022\/04\/pobrane-3-4.jpg\" alt=\"\" \/><\/p>\n<table class=\"MsoNormalTable\" border=\"0\" cellspacing=\"0\" cellpadding=\"0\" width=\"552\" style=\"height:701px;width:490px;background:#f7f7f7;border-collapse:collapse;\">\n<tbody>\n<tr>\n<td width=\"92\" style=\"width:69pt;background:#FFFFFF;padding:15pt 0cm 15pt 15pt;\">\n<p><b><\/b><\/td>\n<td width=\"92\" style=\"width:69pt;background:#FFFFFF;padding:15pt 0cm 15pt 15pt;\">\n<p class=\"MsoNormal\"><span style=\"color:#080707;\"><strong>Suurus<\/strong><\/span><\/p>\n<\/td>\n<td width=\"92\" style=\"width:69pt;background:#FFFFFF;padding:15pt 0cm 15pt 15pt;\">\n<p class=\"MsoNormal\"><span style=\"color:#080707;\"><b>D1 (mm)<\/b><\/span><\/p>\n<p><b><\/b><\/td>\n<td width=\"92\" style=\"width:69pt;background:#FFFFFF;padding:15pt 0cm 15pt 15pt;\">\n<p class=\"MsoNormal\"><span style=\"color:#080707;\"><b>D2 (mm)<\/b><\/span><\/p>\n<p><b><\/b><\/td>\n<td width=\"92\" style=\"width:69pt;background:#FFFFFF;padding:15pt 0cm 15pt 15pt;\">\n<p class=\"MsoNormal\"><span style=\"color:#080707;\"><b>T (mm)<\/b><\/span><\/p>\n<p><b><\/b><\/td>\n<td width=\"92\" style=\"width:69pt;background:#FFFFFF;padding:15pt 0cm 15pt 15pt;\">\n<p class=\"MsoNormal\"><span style=\"color:#080707;\"><b>L (mm)<\/b><\/span><\/p>\n<p><b><\/b><\/td>\n<\/tr>\n<tr>\n<td style=\"background:#F1F0F0;padding:15pt 0cm 15pt 15pt;\">\n<p class=\"MsoNormal\"><strong><span style=\"color:#0b0a0a;\">22604<\/span><\/strong><\/p>\n<\/p>\n<\/td>\n<td style=\"background:#F1F0F0;padding:15pt 0cm 15pt 15pt;\">\n<p class=\"MsoNormal\"><strong><span style=\"color:#0b0a0a;\">E4<\/span><\/strong><\/p>\n<\/p>\n<\/td>\n<td style=\"background:#F1F0F0;padding:15pt 0cm 15pt 15pt;\">\n<p class=\"MsoNormal\"><strong><span style=\"color:#0b0a0a;\">6,2<\/span><\/strong><\/p>\n<\/p>\n<\/td>\n<td style=\"background:#F1F0F0;padding:15pt 0cm 15pt 15pt;\">\n<p class=\"MsoNormal\"><strong><span style=\"color:#0b0a0a;\">12<\/span><\/strong><\/p>\n<\/p>\n<\/td>\n<td style=\"background:#F1F0F0;padding:15pt 0cm 15pt 15pt;\">\n<p class=\"MsoNormal\"><strong><span style=\"color:#0b0a0a;\">5<\/span><\/strong><\/p>\n<\/p>\n<\/td>\n<td style=\"background:#F1F0F0;padding:15pt 0cm 15pt 15pt;\">\n<p class=\"MsoNormal\"><strong><span style=\"color:#0b0a0a;\">25<\/span><\/strong><\/p>\n<\/p>\n<\/td>\n<\/tr>\n<tr>\n<td style=\"background:#FFFFFF;padding:15pt 0cm 15pt 15pt;\">\n<p class=\"MsoNormal\"><span style=\"color:#0b0a0a;\">22605<\/span><\/p>\n<\/p>\n<\/td>\n<td style=\"background:#FFFFFF;padding:15pt 0cm 15pt 15pt;\">\n<p class=\"MsoNormal\"><span style=\"color:#0b0a0a;\">E5<\/span><\/p>\n<\/p>\n<\/td>\n<td style=\"background:#FFFFFF;padding:15pt 0cm 15pt 15pt;\">\n<p class=\"MsoNormal\"><span style=\"color:#0b0a0a;\">7,2<\/span><\/p>\n<\/p>\n<\/td>\n<td style=\"background:#FFFFFF;padding:15pt 0cm 15pt 15pt;\">\n<p class=\"MsoNormal\"><span style=\"color:#0b0a0a;\">12<\/span><\/p>\n<\/p>\n<\/td>\n<td style=\"background:#FFFFFF;padding:15pt 0cm 15pt 15pt;\">\n<p class=\"MsoNormal\"><span style=\"color:#0b0a0a;\">5<\/span><\/p>\n<\/p>\n<\/td>\n<td style=\"background:#FFFFFF;padding:15pt 0cm 15pt 15pt;\">\n<p class=\"MsoNormal\"><span style=\"color:#0b0a0a;\">25<\/span><\/p>\n<\/p>\n<\/td>\n<\/tr>\n<tr>\n<td style=\"background:#F1F0F0;padding:15pt 0cm 15pt 15pt;\">\n<p class=\"MsoNormal\"><span style=\"color:#0b0a0a;\">22606<\/span><\/p>\n<\/p>\n<\/td>\n<td style=\"background:#F1F0F0;padding:15pt 0cm 15pt 15pt;\">\n<p class=\"MsoNormal\"><span style=\"color:#0b0a0a;\">E6<\/span><\/p>\n<\/p>\n<\/td>\n<td style=\"background:#F1F0F0;padding:15pt 0cm 15pt 15pt;\">\n<p class=\"MsoNormal\"><span style=\"color:#0b0a0a;\">8,5<\/span><\/p>\n<\/p>\n<\/td>\n<td style=\"background:#F1F0F0;padding:15pt 0cm 15pt 15pt;\">\n<p class=\"MsoNormal\"><span style=\"color:#0b0a0a;\">12<\/span><\/p>\n<\/p>\n<\/td>\n<td style=\"background:#F1F0F0;padding:15pt 0cm 15pt 15pt;\">\n<p class=\"MsoNormal\"><span style=\"color:#0b0a0a;\">5<\/span><\/p>\n<\/p>\n<\/td>\n<td style=\"background:#F1F0F0;padding:15pt 0cm 15pt 15pt;\">\n<p class=\"MsoNormal\"><span style=\"color:#0b0a0a;\">25<\/span><\/p>\n<\/p>\n<\/td>\n<\/tr>\n<tr>\n<td style=\"background:#FFFFFF;padding:15pt 0cm 15pt 15pt;\">\n<p class=\"MsoNormal\"><span style=\"color:#0b0a0a;\">22607<\/span><\/p>\n<\/p>\n<\/td>\n<td style=\"background:#FFFFFF;padding:15pt 0cm 15pt 15pt;\">\n<p class=\"MsoNormal\"><span style=\"color:#0b0a0a;\">E7<\/span><\/p>\n<\/p>\n<\/td>\n<td style=\"background:#FFFFFF;padding:15pt 0cm 15pt 15pt;\">\n<p class=\"MsoNormal\"><span style=\"color:#0b0a0a;\">9,2<\/span><\/p>\n<\/p>\n<\/td>\n<td style=\"background:#FFFFFF;padding:15pt 0cm 15pt 15pt;\">\n<p class=\"MsoNormal\"><span style=\"color:#0b0a0a;\">12<\/span><\/p>\n<\/p>\n<\/td>\n<td style=\"background:#FFFFFF;padding:15pt 0cm 15pt 15pt;\">\n<p class=\"MsoNormal\"><span style=\"color:#0b0a0a;\">6<\/span><\/p>\n<\/p>\n<\/td>\n<td style=\"background:#FFFFFF;padding:15pt 0cm 15pt 15pt;\">\n<p class=\"MsoNormal\"><span style=\"color:#0b0a0a;\">25<\/span><\/p>\n<\/p>\n<\/td>\n<\/tr>\n<tr>\n<td style=\"background:#F1F0F0;padding:15pt 0cm 15pt 15pt;\">\n<p class=\"MsoNormal\"><span style=\"color:#0b0a0a;\">22608<\/span><\/p>\n<\/p>\n<\/td>\n<td style=\"background:#F1F0F0;padding:15pt 0cm 15pt 15pt;\">\n<p class=\"MsoNormal\"><span style=\"color:#0b0a0a;\">E8<\/span><\/p>\n<\/p>\n<\/td>\n<td style=\"background:#F1F0F0;padding:15pt 0cm 15pt 15pt;\">\n<p class=\"MsoNormal\"><span style=\"color:#0b0a0a;\">10,2<\/span><\/p>\n<\/p>\n<\/td>\n<td style=\"background:#F1F0F0;padding:15pt 0cm 15pt 15pt;\">\n<p class=\"MsoNormal\"><span style=\"color:#0b0a0a;\">12<\/span><\/p>\n<\/p>\n<\/td>\n<td style=\"background:#F1F0F0;padding:15pt 0cm 15pt 15pt;\">\n<p class=\"MsoNormal\"><span style=\"color:#0b0a0a;\">7<\/span><\/p>\n<\/p>\n<\/td>\n<td style=\"background:#F1F0F0;padding:15pt 0cm 15pt 15pt;\">\n<p class=\"MsoNormal\"><span style=\"color:#0b0a0a;\">25<\/span><\/p>\n<\/p>\n<\/td>\n<\/tr>\n<tr>\n<td style=\"background:#FFFFFF;padding:15pt 0cm 15pt 15pt;\">\n<p class=\"MsoNormal\"><span style=\"color:#0b0a0a;\">22610<\/span><\/p>\n<\/p>\n<\/td>\n<td style=\"background:#FFFFFF;padding:15pt 0cm 15pt 15pt;\">\n<p class=\"MsoNormal\"><span style=\"color:#0b0a0a;\">E10<\/span><\/p>\n<\/p>\n<\/td>\n<td style=\"background:#FFFFFF;padding:15pt 0cm 15pt 15pt;\">\n<p class=\"MsoNormal\"><span style=\"color:#0b0a0a;\">12<\/span><\/p>\n<\/p>\n<\/td>\n<td style=\"background:#FFFFFF;padding:15pt 0cm 15pt 15pt;\">\n<p class=\"MsoNormal\"><span style=\"color:#0b0a0a;\">14<\/span><\/p>\n<\/p>\n<\/td>\n<td style=\"background:#FFFFFF;padding:15pt 0cm 15pt 15pt;\">\n<p class=\"MsoNormal\"><span style=\"color:#0b0a0a;\">10<\/span><\/p>\n<\/p>\n<\/td>\n<td style=\"background:#FFFFFF;padding:15pt 0cm 15pt 15pt;\">\n<p class=\"MsoNormal\"><span style=\"color:#0b0a0a;\">25<\/span><\/p>\n<\/p>\n<\/td>\n<\/tr>\n<tr>\n<td style=\"background:#F1F0F0;padding:15pt 0cm 15pt 15pt;\">\n<p class=\"MsoNormal\"><span style=\"color:#0b0a0a;\">22611<\/span><\/p>\n<\/p>\n<\/td>\n<td style=\"background:#F1F0F0;padding:15pt 0cm 15pt 15pt;\">\n<p class=\"MsoNormal\"><span style=\"color:#0b0a0a;\">E11<\/span><\/p>\n<\/p>\n<\/td>\n<td style=\"background:#F1F0F0;padding:15pt 0cm 15pt 15pt;\">\n<p class=\"MsoNormal\"><span style=\"color:#0b0a0a;\">12,2<\/span><\/p>\n<\/p>\n<\/td>\n<td style=\"background:#F1F0F0;padding:15pt 0cm 15pt 15pt;\">\n<p class=\"MsoNormal\"><span style=\"color:#0b0a0a;\">14<\/span><\/p>\n<\/p>\n<\/td>\n<td style=\"background:#F1F0F0;padding:15pt 0cm 15pt 15pt;\">\n<p class=\"MsoNormal\"><span style=\"color:#0b0a0a;\">11<\/span><\/p>\n<\/p>\n<\/td>\n<td style=\"background:#F1F0F0;padding:15pt 0cm 15pt 15pt;\">\n<p class=\"MsoNormal\"><span style=\"color:#0b0a0a;\">25<\/span><\/p>\n<\/p>\n<\/td>\n<\/tr>\n<tr>\n<td style=\"background:#FFFFFF;padding:15pt 0cm 15pt 15pt;\">\n<p class=\"MsoNormal\"><span style=\"color:#0b0a0a;\">22612<\/span><\/p>\n<\/p>\n<\/td>\n<td style=\"background:#FFFFFF;padding:15pt 0cm 15pt 15pt;\">\n<p class=\"MsoNormal\"><span style=\"color:#0b0a0a;\">E12<\/span><\/p>\n<\/p>\n<\/td>\n<td style=\"background:#FFFFFF;padding:15pt 0cm 15pt 15pt;\">\n<p class=\"MsoNormal\"><span style=\"color:#0b0a0a;\">14,5<\/span><\/p>\n<\/p>\n<\/td>\n<td style=\"background:#FFFFFF;padding:15pt 0cm 15pt 15pt;\">\n<p class=\"MsoNormal\"><span style=\"color:#0b0a0a;\">14<\/span><\/p>\n<\/p>\n<\/td>\n<td style=\"background:#FFFFFF;padding:15pt 0cm 15pt 15pt;\">\n<p class=\"MsoNormal\"><span style=\"color:#0b0a0a;\">14<\/span><\/p>\n<\/p>\n<\/td>\n<td style=\"background:#FFFFFF;padding:15pt 0cm 15pt 15pt;\">\n<p class=\"MsoNormal\"><span style=\"color:#0b0a0a;\">25<\/span><\/p>\n<\/td>\n<\/tr>\n<\/tbody>\n<\/table>","protected":false},"excerpt":{"rendered":"<p>Size D1 (mm) D2 (mm) T (mm) L (mm) 22604 E4 6,2 12 5 25 22605 E5 7,2 12 5 [&hellip;]<\/p>\n","protected":false},"featured_media":83855,"comment_status":"closed","ping_status":"open","template":"","meta":{"site-sidebar-layout":"default","site-content-layout":"","ast-site-content-layout":"default","site-content-style":"default","site-sidebar-style":"default","ast-global-header-display":"","ast-banner-title-visibility":"","ast-main-header-display":"","ast-hfb-above-header-display":"","ast-hfb-below-header-display":"","ast-hfb-mobile-header-display":"","site-post-title":"","ast-breadcrumbs-content":"","ast-featured-img":"","footer-sml-layout":"","ast-disable-related-posts":"","theme-transparent-header-meta":"","adv-header-id-meta":"","stick-header-meta":"","header-above-stick-meta":"","header-main-stick-meta":"","header-below-stick-meta":"","astra-migrate-meta-layouts":"default","ast-page-background-enabled":"default","ast-page-background-meta":{"desktop":{"background-color":"var(--ast-global-color-5)","background-image":"","background-repeat":"repeat","background-position":"center center","background-size":"auto","background-attachment":"scroll","background-type":"","background-media":"","overlay-type":"","overlay-color":"","overlay-opacity":"","overlay-gradient":""},"tablet":{"background-color":"","background-image":"","background-repeat":"repeat","background-position":"center center","background-size":"auto","background-attachment":"scroll","background-type":"","background-media":"","overlay-type":"","overlay-color":"","overlay-opacity":"","overlay-gradient":""},"mobile":{"background-color":"","background-image":"","background-repeat":"repeat","background-position":"center center","background-size":"auto","background-attachment":"scroll","background-type":"","background-media":"","overlay-type":"","overlay-color":"","overlay-opacity":"","overlay-gradient":""}},"ast-content-background-meta":{"desktop":{"background-color":"var(--ast-global-color-4)","background-image":"","background-repeat":"repeat","background-position":"center center","background-size":"auto","background-attachment":"scroll","background-type":"","background-media":"","overlay-type":"","overlay-color":"","overlay-opacity":"","overlay-gradient":""},"tablet":{"background-color":"var(--ast-global-color-4)","background-image":"","background-repeat":"repeat","background-position":"center center","background-size":"auto","background-attachment":"scroll","background-type":"","background-media":"","overlay-type":"","overlay-color":"","overlay-opacity":"","overlay-gradient":""},"mobile":{"background-color":"var(--ast-global-color-4)","background-image":"","background-repeat":"repeat","background-position":"center center","background-size":"auto","background-attachment":"scroll","background-type":"","background-media":"","overlay-type":"","overlay-color":"","overlay-opacity":"","overlay-gradient":""}}},"product_brand":[23],"product_cat":[4352],"product_tag":[],"class_list":{"0":"post-83854","1":"product","2":"type-product","3":"status-publish","4":"has-post-thumbnail","6":"product_brand-asta","7":"product_cat-1-4","8":"desktop-align-left","9":"tablet-align-left","10":"mobile-align-left","12":"first","13":"instock","14":"taxable","15":"shipping-taxable","16":"purchasable","17":"product-type-simple"},"_links":{"self":[{"href":"https:\/\/leniro.ee\/et\/wp-json\/wp\/v2\/product\/83854","targetHints":{"allow":["GET"]}}],"collection":[{"href":"https:\/\/leniro.ee\/et\/wp-json\/wp\/v2\/product"}],"about":[{"href":"https:\/\/leniro.ee\/et\/wp-json\/wp\/v2\/types\/product"}],"replies":[{"embeddable":true,"href":"https:\/\/leniro.ee\/et\/wp-json\/wp\/v2\/comments?post=83854"}],"wp:featuredmedia":[{"embeddable":true,"href":"https:\/\/leniro.ee\/et\/wp-json\/wp\/v2\/media\/83855"}],"wp:attachment":[{"href":"https:\/\/leniro.ee\/et\/wp-json\/wp\/v2\/media?parent=83854"}],"wp:term":[{"taxonomy":"product_brand","embeddable":true,"href":"https:\/\/leniro.ee\/et\/wp-json\/wp\/v2\/product_brand?post=83854"},{"taxonomy":"product_cat","embeddable":true,"href":"https:\/\/leniro.ee\/et\/wp-json\/wp\/v2\/product_cat?post=83854"},{"taxonomy":"product_tag","embeddable":true,"href":"https:\/\/leniro.ee\/et\/wp-json\/wp\/v2\/product_tag?post=83854"}],"curies":[{"name":"wp","href":"https:\/\/api.w.org\/{rel}","templated":true}]}}