{"id":83640,"date":"2026-04-03T18:51:51","date_gmt":"2026-04-03T18:51:51","guid":{"rendered":"https:\/\/leniro.ee\/toode\/1-2%e2%80%b3-6pt-short-impact-socket-12\/"},"modified":"2026-04-03T18:51:51","modified_gmt":"2026-04-03T18:51:51","slug":"1-2%e2%80%b3-6pt-short-impact-socket-12","status":"publish","type":"product","link":"https:\/\/leniro.ee\/et\/toode\/1-2%e2%80%b3-6pt-short-impact-socket-12\/","title":{"rendered":"1\/2\" 6PT l\u00fchike l\u00f6\u00f6gimuhv"},"content":{"rendered":"<p><img fetchpriority=\"high\" decoding=\"async\" width=\"266\" height=\"193\" class=\"size-full wp-image-86769 alignright\" src=\"http:\/\/www.techman.com.pl\/wp-content\/uploads\/2022\/04\/pobrane-3-4.jpg\" alt=\"\" \/><\/p>\n<table class=\"MsoNormalTable\" border=\"0\" cellspacing=\"0\" cellpadding=\"0\" width=\"518\" style=\"height:1410px;width:459px;background:rgb(247,247,247);border-collapse:collapse;\">\n<tbody>\n<tr style=\"height:17.6pt;\">\n<td width=\"101\" style=\"width:75.55pt;background:#FFFFFF;padding:15pt 0cm 15pt 15pt;height:17.6pt;\">\n<p class=\"MsoNormal\">\n<\/td>\n<td width=\"83\" style=\"width:62.6pt;background:#FFFFFF;padding:15pt 0cm 15pt 15pt;height:17.6pt;\">\n<p class=\"MsoNormal\"><span style=\"color:rgb(12,12,12);\"><b>Suurus (mm)<\/b><\/span><\/p>\n<p><b><\/b><\/p>\n<p><b><\/b>\n<\/td>\n<td width=\"83\" style=\"width:62.6pt;background:#FFFFFF;padding:15pt 0cm 15pt 15pt;height:17.6pt;\">\n<p class=\"MsoNormal\"><span style=\"color:rgb(12,12,12);\"><b>D1 (mm)<\/b><\/span><\/p>\n<p><b><\/b><\/p>\n<p><b><\/b>\n<\/td>\n<td width=\"83\" style=\"width:62.6pt;background:#FFFFFF;padding:15pt 0cm 15pt 15pt;height:17.6pt;\">\n<p class=\"MsoNormal\"><span style=\"color:rgb(12,12,12);\"><b>D2 (mm)<\/b><\/span><\/p>\n<p><b><\/b><\/p>\n<p><b><\/b>\n<\/td>\n<td width=\"83\" style=\"width:62.6pt;background:#FFFFFF;padding:15pt 0cm 15pt 15pt;height:17.6pt;\">\n<p class=\"MsoNormal\"><span style=\"color:rgb(12,12,12);\"><b>T (mm)<\/b><\/span><\/p>\n<p><b><\/b><\/p>\n<p><b><\/b>\n<\/td>\n<td width=\"83\" style=\"width:62.6pt;background:#FFFFFF;padding:15pt 0cm 15pt 15pt;height:17.6pt;\">\n<p class=\"MsoNormal\"><span style=\"color:rgb(12,12,12);\"><b>L (mm)<\/b><\/span><\/p>\n<p><b><\/b><\/p>\n<p><b><\/b>\n<\/td>\n<\/tr>\n<tr style=\"height:10.9pt;\">\n<td style=\"background:#F1F0F0;padding:15pt 0cm 15pt 15pt;height:10.9pt;\">\n<p class=\"MsoNormal\"><span style=\"color:rgb(12,12,12);\">524608P<\/span><\/p>\n<\/p>\n<\/td>\n<td style=\"background:#F1F0F0;padding:15pt 0cm 15pt 15pt;height:10.9pt;\">\n<p class=\"MsoNormal\"><span style=\"color:rgb(12,12,12);\">8<\/span><\/p>\n<\/p>\n<\/td>\n<td style=\"background:#F1F0F0;padding:15pt 0cm 15pt 15pt;height:10.9pt;\">\n<p class=\"MsoNormal\"><span style=\"color:rgb(12,12,12);\">17<\/span><\/p>\n<\/p>\n<\/td>\n<td style=\"background:#F1F0F0;padding:15pt 0cm 15pt 15pt;height:10.9pt;\">\n<p class=\"MsoNormal\"><span style=\"color:rgb(12,12,12);\">24<\/span><\/p>\n<\/p>\n<\/td>\n<td style=\"background:#F1F0F0;padding:15pt 0cm 15pt 15pt;height:10.9pt;\">\n<p class=\"MsoNormal\"><span style=\"color:rgb(12,12,12);\">9,5<\/span><\/p>\n<\/p>\n<\/td>\n<td style=\"background:#F1F0F0;padding:15pt 0cm 15pt 15pt;height:10.9pt;\">\n<p class=\"MsoNormal\"><span style=\"color:rgb(12,12,12);\">38<\/span><\/p>\n<\/p>\n<\/td>\n<\/tr>\n<tr style=\"height:10.9pt;\">\n<td style=\"background:#FFFFFF;padding:15pt 0cm 15pt 15pt;height:10.9pt;\">\n<p class=\"MsoNormal\"><span style=\"color:rgb(12,12,12);\">524610P<\/span><\/p>\n<\/p>\n<\/td>\n<td style=\"background:#FFFFFF;padding:15pt 0cm 15pt 15pt;height:10.9pt;\">\n<p class=\"MsoNormal\"><span style=\"color:rgb(12,12,12);\">10<\/span><\/p>\n<\/p>\n<\/td>\n<td style=\"background:#FFFFFF;padding:15pt 0cm 15pt 15pt;height:10.9pt;\">\n<p class=\"MsoNormal\"><span style=\"color:rgb(12,12,12);\">17<\/span><\/p>\n<\/p>\n<\/td>\n<td style=\"background:#FFFFFF;padding:15pt 0cm 15pt 15pt;height:10.9pt;\">\n<p class=\"MsoNormal\"><span style=\"color:rgb(12,12,12);\">24<\/span><\/p>\n<\/p>\n<\/td>\n<td style=\"background:#FFFFFF;padding:15pt 0cm 15pt 15pt;height:10.9pt;\">\n<p class=\"MsoNormal\"><span style=\"color:rgb(12,12,12);\">9,5<\/span><\/p>\n<\/p>\n<\/td>\n<td style=\"background:#FFFFFF;padding:15pt 0cm 15pt 15pt;height:10.9pt;\">\n<p class=\"MsoNormal\"><span style=\"color:rgb(12,12,12);\">38<\/span><\/p>\n<\/p>\n<\/td>\n<\/tr>\n<tr style=\"height:10.9pt;\">\n<td style=\"background:#F1F0F0;padding:15pt 0cm 15pt 15pt;height:10.9pt;\">\n<p class=\"MsoNormal\"><span style=\"color:rgb(12,12,12);\">524613P<\/span><\/p>\n<\/p>\n<\/td>\n<td style=\"background:#F1F0F0;padding:15pt 0cm 15pt 15pt;height:10.9pt;\">\n<p class=\"MsoNormal\"><span style=\"color:rgb(12,12,12);\">13<\/span><\/p>\n<\/p>\n<\/td>\n<td style=\"background:#F1F0F0;padding:15pt 0cm 15pt 15pt;height:10.9pt;\">\n<p class=\"MsoNormal\"><span style=\"color:rgb(12,12,12);\">21<\/span><\/p>\n<\/p>\n<\/td>\n<td style=\"background:#F1F0F0;padding:15pt 0cm 15pt 15pt;height:10.9pt;\">\n<p class=\"MsoNormal\"><span style=\"color:rgb(12,12,12);\">24<\/span><\/p>\n<\/p>\n<\/td>\n<td style=\"background:#F1F0F0;padding:15pt 0cm 15pt 15pt;height:10.9pt;\">\n<p class=\"MsoNormal\"><span style=\"color:rgb(12,12,12);\">9,5<\/span><\/p>\n<\/p>\n<\/td>\n<td style=\"background:#F1F0F0;padding:15pt 0cm 15pt 15pt;height:10.9pt;\">\n<p class=\"MsoNormal\"><span style=\"color:rgb(12,12,12);\">38<\/span><\/p>\n<\/p>\n<\/td>\n<\/tr>\n<tr style=\"height:10.9pt;\">\n<td style=\"background:#FFFFFF;padding:15pt 0cm 15pt 15pt;height:10.9pt;\">\n<p class=\"MsoNormal\"><span style=\"color:rgb(12,12,12);\">524617P<\/span><\/p>\n<\/p>\n<\/td>\n<td style=\"background:#FFFFFF;padding:15pt 0cm 15pt 15pt;height:10.9pt;\">\n<p class=\"MsoNormal\"><span style=\"color:rgb(12,12,12);\">17<\/span><\/p>\n<\/p>\n<\/td>\n<td style=\"background:#FFFFFF;padding:15pt 0cm 15pt 15pt;height:10.9pt;\">\n<p class=\"MsoNormal\"><span style=\"color:rgb(12,12,12);\">26<\/span><\/p>\n<\/p>\n<\/td>\n<td style=\"background:#FFFFFF;padding:15pt 0cm 15pt 15pt;height:10.9pt;\">\n<p class=\"MsoNormal\"><span style=\"color:rgb(12,12,12);\">26<\/span><\/p>\n<\/p>\n<\/td>\n<td style=\"background:#FFFFFF;padding:15pt 0cm 15pt 15pt;height:10.9pt;\">\n<p class=\"MsoNormal\"><span style=\"color:rgb(12,12,12);\">9,5<\/span><\/p>\n<\/p>\n<\/td>\n<td style=\"background:#FFFFFF;padding:15pt 0cm 15pt 15pt;height:10.9pt;\">\n<p class=\"MsoNormal\"><span style=\"color:rgb(12,12,12);\">38<\/span><\/p>\n<\/p>\n<\/td>\n<\/tr>\n<tr style=\"height:10.9pt;\">\n<td style=\"background:#F1F0F0;padding:15pt 0cm 15pt 15pt;height:10.9pt;\">\n<p class=\"MsoNormal\"><span style=\"color:rgb(12,12,12);\">524618P<\/span><\/p>\n<\/p>\n<\/td>\n<td style=\"background:#F1F0F0;padding:15pt 0cm 15pt 15pt;height:10.9pt;\">\n<p class=\"MsoNormal\"><span style=\"color:rgb(12,12,12);\">18<\/span><\/p>\n<\/p>\n<\/td>\n<td style=\"background:#F1F0F0;padding:15pt 0cm 15pt 15pt;height:10.9pt;\">\n<p class=\"MsoNormal\"><span style=\"color:rgb(12,12,12);\">28<\/span><\/p>\n<\/p>\n<\/td>\n<td style=\"background:#F1F0F0;padding:15pt 0cm 15pt 15pt;height:10.9pt;\">\n<p class=\"MsoNormal\"><span style=\"color:rgb(12,12,12);\">28<\/span><\/p>\n<\/p>\n<\/td>\n<td style=\"background:#F1F0F0;padding:15pt 0cm 15pt 15pt;height:10.9pt;\">\n<p class=\"MsoNormal\"><span style=\"color:rgb(12,12,12);\">9,5<\/span><\/p>\n<\/p>\n<\/td>\n<td style=\"background:#F1F0F0;padding:15pt 0cm 15pt 15pt;height:10.9pt;\">\n<p class=\"MsoNormal\"><span style=\"color:rgb(12,12,12);\">38<\/span><\/p>\n<\/p>\n<\/td>\n<\/tr>\n<tr style=\"height:10.9pt;\">\n<td style=\"background:#FFFFFF;padding:15pt 0cm 15pt 15pt;height:10.9pt;\">\n<p class=\"MsoNormal\"><span style=\"color:rgb(12,12,12);\">524619P<\/span><\/p>\n<\/p>\n<\/td>\n<td style=\"background:#FFFFFF;padding:15pt 0cm 15pt 15pt;height:10.9pt;\">\n<p class=\"MsoNormal\"><span style=\"color:rgb(12,12,12);\">19<\/span><\/p>\n<\/p>\n<\/td>\n<td style=\"background:#FFFFFF;padding:15pt 0cm 15pt 15pt;height:10.9pt;\">\n<p class=\"MsoNormal\"><span style=\"color:rgb(12,12,12);\">28<\/span><\/p>\n<\/p>\n<\/td>\n<td style=\"background:#FFFFFF;padding:15pt 0cm 15pt 15pt;height:10.9pt;\">\n<p class=\"MsoNormal\"><span style=\"color:rgb(12,12,12);\">28<\/span><\/p>\n<\/p>\n<\/td>\n<td style=\"background:#FFFFFF;padding:15pt 0cm 15pt 15pt;height:10.9pt;\">\n<p class=\"MsoNormal\"><span style=\"color:rgb(12,12,12);\">9,5<\/span><\/p>\n<\/p>\n<\/td>\n<td style=\"background:#FFFFFF;padding:15pt 0cm 15pt 15pt;height:10.9pt;\">\n<p class=\"MsoNormal\"><span style=\"color:rgb(12,12,12);\">38<\/span><\/p>\n<\/p>\n<\/td>\n<\/tr>\n<tr style=\"height:10.55pt;\">\n<td style=\"background:#F1F0F0;padding:15pt 0cm 15pt 15pt;height:10.55pt;\">\n<p class=\"MsoNormal\"><span style=\"color:rgb(12,12,12);\">524621P<\/span><\/p>\n<\/p>\n<\/td>\n<td style=\"background:#F1F0F0;padding:15pt 0cm 15pt 15pt;height:10.55pt;\">\n<p class=\"MsoNormal\"><span style=\"color:rgb(12,12,12);\">21<\/span><\/p>\n<\/p>\n<\/td>\n<td style=\"background:#F1F0F0;padding:15pt 0cm 15pt 15pt;height:10.55pt;\">\n<p class=\"MsoNormal\"><span style=\"color:rgb(12,12,12);\">30<\/span><\/p>\n<\/p>\n<\/td>\n<td style=\"background:#F1F0F0;padding:15pt 0cm 15pt 15pt;height:10.55pt;\">\n<p class=\"MsoNormal\"><span style=\"color:rgb(12,12,12);\">30<\/span><\/p>\n<\/p>\n<\/td>\n<td style=\"background:#F1F0F0;padding:15pt 0cm 15pt 15pt;height:10.55pt;\">\n<p class=\"MsoNormal\"><span style=\"color:rgb(12,12,12);\">11<\/span><\/p>\n<\/p>\n<\/td>\n<td style=\"background:#F1F0F0;padding:15pt 0cm 15pt 15pt;height:10.55pt;\">\n<p class=\"MsoNormal\"><span style=\"color:rgb(12,12,12);\">38<\/span><\/p>\n<\/p>\n<\/td>\n<\/tr>\n<tr style=\"height:10.9pt;\">\n<td style=\"background:#FFFFFF;padding:15pt 0cm 15pt 15pt;height:10.9pt;\">\n<p class=\"MsoNormal\"><span style=\"color:rgb(12,12,12);\">524622P<\/span><\/p>\n<\/p>\n<\/td>\n<td style=\"background:#FFFFFF;padding:15pt 0cm 15pt 15pt;height:10.9pt;\">\n<p class=\"MsoNormal\"><span style=\"color:rgb(12,12,12);\">22<\/span><\/p>\n<\/p>\n<\/td>\n<td style=\"background:#FFFFFF;padding:15pt 0cm 15pt 15pt;height:10.9pt;\">\n<p class=\"MsoNormal\"><span style=\"color:rgb(12,12,12);\">32<\/span><\/p>\n<\/p>\n<\/td>\n<td style=\"background:#FFFFFF;padding:15pt 0cm 15pt 15pt;height:10.9pt;\">\n<p class=\"MsoNormal\"><span style=\"color:rgb(12,12,12);\">30<\/span><\/p>\n<\/p>\n<\/td>\n<td style=\"background:#FFFFFF;padding:15pt 0cm 15pt 15pt;height:10.9pt;\">\n<p class=\"MsoNormal\"><span style=\"color:rgb(12,12,12);\">13<\/span><\/p>\n<\/p>\n<\/td>\n<td style=\"background:#FFFFFF;padding:15pt 0cm 15pt 15pt;height:10.9pt;\">\n<p class=\"MsoNormal\"><span style=\"color:rgb(12,12,12);\">38<\/span><\/p>\n<\/p>\n<\/td>\n<\/tr>\n<tr style=\"height:10.9pt;\">\n<td style=\"background:#F1F0F0;padding:15pt 0cm 15pt 15pt;height:10.9pt;\">\n<p class=\"MsoNormal\"><span style=\"color:rgb(12,12,12);\">524623P<\/span><\/p>\n<\/p>\n<\/td>\n<td style=\"background:#F1F0F0;padding:15pt 0cm 15pt 15pt;height:10.9pt;\">\n<p class=\"MsoNormal\"><span style=\"color:rgb(12,12,12);\">23<\/span><\/p>\n<\/p>\n<\/td>\n<td style=\"background:#F1F0F0;padding:15pt 0cm 15pt 15pt;height:10.9pt;\">\n<p class=\"MsoNormal\"><span style=\"color:rgb(12,12,12);\">34<\/span><\/p>\n<\/p>\n<\/td>\n<td style=\"background:#F1F0F0;padding:15pt 0cm 15pt 15pt;height:10.9pt;\">\n<p class=\"MsoNormal\"><span style=\"color:rgb(12,12,12);\">30<\/span><\/p>\n<\/p>\n<\/td>\n<td style=\"background:#F1F0F0;padding:15pt 0cm 15pt 15pt;height:10.9pt;\">\n<p class=\"MsoNormal\"><span style=\"color:rgb(12,12,12);\">13<\/span><\/p>\n<\/p>\n<\/td>\n<td style=\"background:#F1F0F0;padding:15pt 0cm 15pt 15pt;height:10.9pt;\">\n<p class=\"MsoNormal\"><span style=\"color:rgb(12,12,12);\">38<\/span><\/p>\n<\/p>\n<\/td>\n<\/tr>\n<tr style=\"height:10.9pt;\">\n<td style=\"background:#FFFFFF;padding:15pt 0cm 15pt 15pt;height:10.9pt;\">\n<p class=\"MsoNormal\"><span style=\"color:rgb(12,12,12);\">524624P<\/span><\/p>\n<\/p>\n<\/td>\n<td style=\"background:#FFFFFF;padding:15pt 0cm 15pt 15pt;height:10.9pt;\">\n<p class=\"MsoNormal\"><span style=\"color:rgb(12,12,12);\">24<\/span><\/p>\n<\/p>\n<\/td>\n<td style=\"background:#FFFFFF;padding:15pt 0cm 15pt 15pt;height:10.9pt;\">\n<p class=\"MsoNormal\"><span style=\"color:rgb(12,12,12);\">34<\/span><\/p>\n<\/p>\n<\/td>\n<td style=\"background:#FFFFFF;padding:15pt 0cm 15pt 15pt;height:10.9pt;\">\n<p class=\"MsoNormal\"><span style=\"color:rgb(12,12,12);\">30<\/span><\/p>\n<\/p>\n<\/td>\n<td style=\"background:#FFFFFF;padding:15pt 0cm 15pt 15pt;height:10.9pt;\">\n<p class=\"MsoNormal\"><span style=\"color:rgb(12,12,12);\">13<\/span><\/p>\n<\/p>\n<\/td>\n<td style=\"background:#FFFFFF;padding:15pt 0cm 15pt 15pt;height:10.9pt;\">\n<p class=\"MsoNormal\"><span style=\"color:rgb(12,12,12);\">38<\/span><\/p>\n<\/td>\n<\/tr>\n<tr style=\"height:10.9pt;\">\n<td style=\"background:#F1F0F0;padding:15pt 0cm 15pt 15pt;height:10.9pt;\">\n<p class=\"MsoNormal\"><span style=\"color:rgb(12,12,12);\">524626P<\/span><\/p>\n<\/p>\n<\/td>\n<td style=\"background:#F1F0F0;padding:15pt 0cm 15pt 15pt;height:10.9pt;\">\n<p class=\"MsoNormal\"><span style=\"color:rgb(12,12,12);\">26<\/span><\/p>\n<\/p>\n<\/td>\n<td style=\"background:#F1F0F0;padding:15pt 0cm 15pt 15pt;height:10.9pt;\">\n<p class=\"MsoNormal\"><span style=\"color:rgb(12,12,12);\">38<\/span><\/p>\n<\/p>\n<\/td>\n<td style=\"background:#F1F0F0;padding:15pt 0cm 15pt 15pt;height:10.9pt;\">\n<p class=\"MsoNormal\"><span style=\"color:rgb(12,12,12);\">30<\/span><\/p>\n<\/p>\n<\/td>\n<td style=\"background:#F1F0F0;padding:15pt 0cm 15pt 15pt;height:10.9pt;\">\n<p class=\"MsoNormal\"><span style=\"color:rgb(12,12,12);\">13<\/span><\/p>\n<\/p>\n<\/td>\n<td style=\"background:#F1F0F0;padding:15pt 0cm 15pt 15pt;height:10.9pt;\">\n<p class=\"MsoNormal\"><span style=\"color:rgb(12,12,12);\">40<\/span><\/p>\n<\/p>\n<\/td>\n<\/tr>\n<tr style=\"height:10.9pt;\">\n<td style=\"background:#FFFFFF;padding:15pt 0cm 15pt 15pt;height:10.9pt;\">\n<p class=\"MsoNormal\"><span style=\"color:rgb(12,12,12);\">524627P<\/span><\/p>\n<\/p>\n<\/td>\n<td style=\"background:#FFFFFF;padding:15pt 0cm 15pt 15pt;height:10.9pt;\">\n<p class=\"MsoNormal\"><span style=\"color:rgb(12,12,12);\">27<\/span><\/p>\n<\/p>\n<\/td>\n<td style=\"background:#FFFFFF;padding:15pt 0cm 15pt 15pt;height:10.9pt;\">\n<p class=\"MsoNormal\"><span style=\"color:rgb(12,12,12);\">38<\/span><\/p>\n<\/p>\n<\/td>\n<td style=\"background:#FFFFFF;padding:15pt 0cm 15pt 15pt;height:10.9pt;\">\n<p class=\"MsoNormal\"><span style=\"color:rgb(12,12,12);\">30<\/span><\/p>\n<\/p>\n<\/td>\n<td style=\"background:#FFFFFF;padding:15pt 0cm 15pt 15pt;height:10.9pt;\">\n<p class=\"MsoNormal\"><span style=\"color:rgb(12,12,12);\">13<\/span><\/p>\n<\/p>\n<\/td>\n<td style=\"background:#FFFFFF;padding:15pt 0cm 15pt 15pt;height:10.9pt;\">\n<p class=\"MsoNormal\"><span style=\"color:rgb(12,12,12);\">40<\/span><\/p>\n<\/p>\n<\/td>\n<\/tr>\n<tr style=\"height:10.9pt;\">\n<td style=\"background:#F1F0F0;padding:15pt 0cm 15pt 15pt;height:10.9pt;\">\n<p class=\"MsoNormal\"><span style=\"color:rgb(12,12,12);\">524628P<\/span><\/p>\n<\/p>\n<\/td>\n<td style=\"background:#F1F0F0;padding:15pt 0cm 15pt 15pt;height:10.9pt;\">\n<p class=\"MsoNormal\"><span style=\"color:rgb(12,12,12);\">28<\/span><\/p>\n<\/p>\n<\/td>\n<td style=\"background:#F1F0F0;padding:15pt 0cm 15pt 15pt;height:10.9pt;\">\n<p class=\"MsoNormal\"><span style=\"color:rgb(12,12,12);\">40<\/span><\/p>\n<\/p>\n<\/td>\n<td style=\"background:#F1F0F0;padding:15pt 0cm 15pt 15pt;height:10.9pt;\">\n<p class=\"MsoNormal\"><span style=\"color:rgb(12,12,12);\">30<\/span><\/p>\n<\/p>\n<\/td>\n<td style=\"background:#F1F0F0;padding:15pt 0cm 15pt 15pt;height:10.9pt;\">\n<p class=\"MsoNormal\"><span style=\"color:rgb(12,12,12);\">16,5<\/span><\/p>\n<\/p>\n<\/td>\n<td style=\"background:#F1F0F0;padding:15pt 0cm 15pt 15pt;height:10.9pt;\">\n<p class=\"MsoNormal\"><span style=\"color:rgb(12,12,12);\">42<\/span><\/p>\n<\/p>\n<\/td>\n<\/tr>\n<tr style=\"height:10.9pt;\">\n<td style=\"background:#FFFFFF;padding:15pt 0cm 15pt 15pt;height:10.9pt;\">\n<p class=\"MsoNormal\"><span style=\"color:rgb(12,12,12);\"><strong>524630P<\/strong><\/span><\/p>\n<\/p>\n<\/td>\n<td style=\"background:#FFFFFF;padding:15pt 0cm 15pt 15pt;height:10.9pt;\">\n<p class=\"MsoNormal\"><span style=\"color:rgb(12,12,12);\"><strong>30<\/strong><\/span><\/p>\n<\/p>\n<\/td>\n<td style=\"background:#FFFFFF;padding:15pt 0cm 15pt 15pt;height:10.9pt;\">\n<p class=\"MsoNormal\"><span style=\"color:rgb(12,12,12);\"><strong>42<\/strong><\/span><\/p>\n<\/p>\n<\/td>\n<td style=\"background:#FFFFFF;padding:15pt 0cm 15pt 15pt;height:10.9pt;\">\n<p class=\"MsoNormal\"><span style=\"color:rgb(12,12,12);\"><strong>30<\/strong><\/span><\/p>\n<\/p>\n<\/td>\n<td style=\"background:#FFFFFF;padding:15pt 0cm 15pt 15pt;height:10.9pt;\">\n<p class=\"MsoNormal\"><span style=\"color:rgb(12,12,12);\"><strong>16,5<\/strong><\/span><\/p>\n<\/p>\n<\/td>\n<td style=\"background:#FFFFFF;padding:15pt 0cm 15pt 15pt;height:10.9pt;\">\n<p class=\"MsoNormal\"><span style=\"color:rgb(12,12,12);\"><strong>44<\/strong><\/span><\/p>\n<\/p>\n<\/td>\n<\/tr>\n<tr style=\"height:10.9pt;\">\n<td style=\"background:#F1F0F0;padding:15pt 0cm 15pt 15pt;height:10.9pt;\">\n<p class=\"MsoNormal\"><span style=\"color:rgb(12,12,12);\">524632P<\/span><\/p>\n<\/p>\n<\/td>\n<td style=\"background:#F1F0F0;padding:15pt 0cm 15pt 15pt;height:10.9pt;\">\n<p class=\"MsoNormal\"><span style=\"color:rgb(12,12,12);\">32<\/span><\/p>\n<\/p>\n<\/td>\n<td style=\"background:#F1F0F0;padding:15pt 0cm 15pt 15pt;height:10.9pt;\">\n<p class=\"MsoNormal\"><span style=\"color:rgb(12,12,12);\">44<\/span><\/p>\n<\/p>\n<\/td>\n<td style=\"background:#F1F0F0;padding:15pt 0cm 15pt 15pt;height:10.9pt;\">\n<p class=\"MsoNormal\"><span style=\"color:rgb(12,12,12);\">30<\/span><\/p>\n<\/p>\n<\/td>\n<td style=\"background:#F1F0F0;padding:15pt 0cm 15pt 15pt;height:10.9pt;\">\n<p class=\"MsoNormal\"><span style=\"color:rgb(12,12,12);\">17<\/span><\/p>\n<\/p>\n<\/td>\n<td style=\"background:#F1F0F0;padding:15pt 0cm 15pt 15pt;height:10.9pt;\">\n<p class=\"MsoNormal\"><span style=\"color:rgb(12,12,12);\">44<\/span><\/p>\n<\/p>\n<\/td>\n<\/tr>\n<tr style=\"height:46.75pt;\">\n<td style=\"background:#FFFFFF;padding:15pt 0cm 15pt 15pt;height:46.75pt;\">\n<p class=\"MsoNormal\"><span style=\"color:rgb(12,12,12);\">524634P<\/span><\/p>\n<\/p>\n<\/td>\n<td style=\"background:#FFFFFF;padding:15pt 0cm 15pt 15pt;height:46.75pt;\">\n<p class=\"MsoNormal\"><span style=\"color:rgb(12,12,12);\">34<\/span><\/p>\n<\/p>\n<\/td>\n<td style=\"background:#FFFFFF;padding:15pt 0cm 15pt 15pt;height:46.75pt;\">\n<p class=\"MsoNormal\"><span style=\"color:rgb(12,12,12);\">46<\/span><\/p>\n<\/p>\n<\/td>\n<td style=\"background:#FFFFFF;padding:15pt 0cm 15pt 15pt;height:46.75pt;\">\n<p class=\"MsoNormal\"><span style=\"color:rgb(12,12,12);\">30<\/span><\/p>\n<\/p>\n<\/td>\n<td style=\"background:#FFFFFF;padding:15pt 0cm 15pt 15pt;height:46.75pt;\">\n<p class=\"MsoNormal\"><span style=\"color:rgb(12,12,12);\">20<\/span><\/p>\n<\/p>\n<\/td>\n<td style=\"background:#FFFFFF;padding:15pt 0cm 15pt 15pt;height:46.75pt;\">\n<p class=\"MsoNormal\"><span style=\"color:rgb(12,12,12);\">44<\/span><\/p>\n<\/p>\n<\/td>\n<\/tr>\n<tr style=\"height:10.9pt;\">\n<td style=\"background:#F1F0F0;padding:15pt 0cm 15pt 15pt;height:10.9pt;\">\n<p class=\"MsoNormal\"><span style=\"color:rgb(12,12,12);\">524636P<\/span><\/p>\n<\/p>\n<\/td>\n<td style=\"background:#F1F0F0;padding:15pt 0cm 15pt 15pt;height:10.9pt;\">\n<p class=\"MsoNormal\"><span style=\"color:rgb(12,12,12);\">36<\/span><\/p>\n<\/p>\n<\/td>\n<td style=\"background:#F1F0F0;padding:15pt 0cm 15pt 15pt;height:10.9pt;\">\n<p class=\"MsoNormal\"><span style=\"color:rgb(12,12,12);\">48<\/span><\/p>\n<\/p>\n<\/td>\n<td style=\"background:#F1F0F0;padding:15pt 0cm 15pt 15pt;height:10.9pt;\">\n<p class=\"MsoNormal\"><span style=\"color:rgb(12,12,12);\">30<\/span><\/p>\n<\/p>\n<\/td>\n<td style=\"background:#F1F0F0;padding:15pt 0cm 15pt 15pt;height:10.9pt;\">\n<p class=\"MsoNormal\"><span style=\"color:rgb(12,12,12);\">20<\/span><\/p>\n<\/p>\n<\/td>\n<td style=\"background:#F1F0F0;padding:15pt 0cm 15pt 15pt;height:10.9pt;\">\n<p class=\"MsoNormal\"><span style=\"color:rgb(12,12,12);\">48<\/span><\/p>\n<\/td>\n<\/tr>\n<\/tbody>\n<\/table>","protected":false},"excerpt":{"rendered":"<p>Size (mm) D1 (mm) D2 (mm) T (mm) L (mm) 524608P 8 17 24 9,5 38 524610P 10 17 24 [&hellip;]<\/p>\n","protected":false},"featured_media":83641,"comment_status":"closed","ping_status":"open","template":"","meta":{"site-sidebar-layout":"default","site-content-layout":"","ast-site-content-layout":"default","site-content-style":"default","site-sidebar-style":"default","ast-global-header-display":"","ast-banner-title-visibility":"","ast-main-header-display":"","ast-hfb-above-header-display":"","ast-hfb-below-header-display":"","ast-hfb-mobile-header-display":"","site-post-title":"","ast-breadcrumbs-content":"","ast-featured-img":"","footer-sml-layout":"","ast-disable-related-posts":"","theme-transparent-header-meta":"","adv-header-id-meta":"","stick-header-meta":"","header-above-stick-meta":"","header-main-stick-meta":"","header-below-stick-meta":"","astra-migrate-meta-layouts":"default","ast-page-background-enabled":"default","ast-page-background-meta":{"desktop":{"background-color":"var(--ast-global-color-5)","background-image":"","background-repeat":"repeat","background-position":"center center","background-size":"auto","background-attachment":"scroll","background-type":"","background-media":"","overlay-type":"","overlay-color":"","overlay-opacity":"","overlay-gradient":""},"tablet":{"background-color":"","background-image":"","background-repeat":"repeat","background-position":"center center","background-size":"auto","background-attachment":"scroll","background-type":"","background-media":"","overlay-type":"","overlay-color":"","overlay-opacity":"","overlay-gradient":""},"mobile":{"background-color":"","background-image":"","background-repeat":"repeat","background-position":"center center","background-size":"auto","background-attachment":"scroll","background-type":"","background-media":"","overlay-type":"","overlay-color":"","overlay-opacity":"","overlay-gradient":""}},"ast-content-background-meta":{"desktop":{"background-color":"var(--ast-global-color-4)","background-image":"","background-repeat":"repeat","background-position":"center center","background-size":"auto","background-attachment":"scroll","background-type":"","background-media":"","overlay-type":"","overlay-color":"","overlay-opacity":"","overlay-gradient":""},"tablet":{"background-color":"var(--ast-global-color-4)","background-image":"","background-repeat":"repeat","background-position":"center center","background-size":"auto","background-attachment":"scroll","background-type":"","background-media":"","overlay-type":"","overlay-color":"","overlay-opacity":"","overlay-gradient":""},"mobile":{"background-color":"var(--ast-global-color-4)","background-image":"","background-repeat":"repeat","background-position":"center center","background-size":"auto","background-attachment":"scroll","background-type":"","background-media":"","overlay-type":"","overlay-color":"","overlay-opacity":"","overlay-gradient":""}}},"product_brand":[23],"product_cat":[4343],"product_tag":[],"class_list":{"0":"post-83640","1":"product","2":"type-product","3":"status-publish","4":"has-post-thumbnail","6":"product_brand-asta","7":"product_cat-1-2","8":"desktop-align-left","9":"tablet-align-left","10":"mobile-align-left","12":"first","13":"instock","14":"taxable","15":"shipping-taxable","16":"purchasable","17":"product-type-simple"},"_links":{"self":[{"href":"https:\/\/leniro.ee\/et\/wp-json\/wp\/v2\/product\/83640","targetHints":{"allow":["GET"]}}],"collection":[{"href":"https:\/\/leniro.ee\/et\/wp-json\/wp\/v2\/product"}],"about":[{"href":"https:\/\/leniro.ee\/et\/wp-json\/wp\/v2\/types\/product"}],"replies":[{"embeddable":true,"href":"https:\/\/leniro.ee\/et\/wp-json\/wp\/v2\/comments?post=83640"}],"wp:featuredmedia":[{"embeddable":true,"href":"https:\/\/leniro.ee\/et\/wp-json\/wp\/v2\/media\/83641"}],"wp:attachment":[{"href":"https:\/\/leniro.ee\/et\/wp-json\/wp\/v2\/media?parent=83640"}],"wp:term":[{"taxonomy":"product_brand","embeddable":true,"href":"https:\/\/leniro.ee\/et\/wp-json\/wp\/v2\/product_brand?post=83640"},{"taxonomy":"product_cat","embeddable":true,"href":"https:\/\/leniro.ee\/et\/wp-json\/wp\/v2\/product_cat?post=83640"},{"taxonomy":"product_tag","embeddable":true,"href":"https:\/\/leniro.ee\/et\/wp-json\/wp\/v2\/product_tag?post=83640"}],"curies":[{"name":"wp","href":"https:\/\/api.w.org\/{rel}","templated":true}]}}