{"id":83398,"date":"2026-04-03T18:51:20","date_gmt":"2026-04-03T18:51:20","guid":{"rendered":"https:\/\/leniro.ee\/toode\/33mm-deep-impact-socket-3-4-drive-6-point\/"},"modified":"2026-04-03T18:51:20","modified_gmt":"2026-04-03T18:51:20","slug":"33mm-deep-impact-socket-3-4-drive-6-point","status":"publish","type":"product","link":"https:\/\/leniro.ee\/et\/toode\/33mm-deep-impact-socket-3-4-drive-6-point\/","title":{"rendered":"33mm s\u00fcgav l\u00f6\u00f6gimuhv 3\/4\" Drive 6-punktiline mutter"},"content":{"rendered":"<p><img decoding=\"async\" src=\"http:\/\/www.techman.com.pl\/wp-content\/uploads\/2022\/04\/pobrane-3-4.jpg\" width=\"202\" height=\"147\" alt=\"allalaaditud-3-4.jpg\" \/><\/p>\n<table width=\"498\" style=\"height:624px;\">\n<tbody>\n<tr>\n<td width=\"92\"><\/td>\n<td width=\"92\"><strong><span style=\"color:#0c0b0b;\">Suurus (mm)<\/span><\/strong><\/td>\n<td width=\"92\"><strong><span style=\"color:#0c0b0b;\">D1 (mm)<\/span><\/strong><\/td>\n<td width=\"92\"><strong><span style=\"color:#0c0b0b;\">D2 (mm)<\/span><\/strong><\/td>\n<td width=\"92\"><strong><span style=\"color:#0c0b0b;\">T (mm)<\/span><\/strong><\/td>\n<td width=\"92\"><strong><span style=\"color:#0c0b0b;\">L (mm)<\/span><\/strong><\/td>\n<\/tr>\n<tr>\n<td><span style=\"color:#0c0b0b;\">546617P<\/span><\/td>\n<td><span style=\"color:#0c0b0b;\">17<\/span><\/td>\n<td><span style=\"color:#0c0b0b;\">30<\/span><\/td>\n<td><span style=\"color:#0c0b0b;\">44<\/span><\/td>\n<td><span style=\"color:#0c0b0b;\">26<\/span><\/td>\n<td><span style=\"color:#0c0b0b;\">90<\/span><\/td>\n<\/tr>\n<tr>\n<td><span style=\"color:#0c0b0b;\">544619P<\/span><\/td>\n<td><span style=\"color:#0c0b0b;\">19<\/span><\/td>\n<td><span style=\"color:#0c0b0b;\">33<\/span><\/td>\n<td><span style=\"color:#0c0b0b;\">44<\/span><\/td>\n<td><span style=\"color:#0c0b0b;\">26<\/span><\/td>\n<td><span style=\"color:#0c0b0b;\">90<\/span><\/td>\n<\/tr>\n<tr>\n<td><span style=\"color:#0c0b0b;\">546621P<\/span><\/td>\n<td><span style=\"color:#0c0b0b;\">21<\/span><\/td>\n<td><span style=\"color:#0c0b0b;\">35<\/span><\/td>\n<td><span style=\"color:#0c0b0b;\">44<\/span><\/td>\n<td><span style=\"color:#0c0b0b;\">26<\/span><\/td>\n<td><span style=\"color:#0c0b0b;\">90<\/span><\/td>\n<\/tr>\n<tr>\n<td><span style=\"color:#0c0b0b;\">546622P<\/span><\/td>\n<td><span style=\"color:#0c0b0b;\">22<\/span><\/td>\n<td><span style=\"color:#0c0b0b;\">37<\/span><\/td>\n<td><span style=\"color:#0c0b0b;\">44<\/span><\/td>\n<td><span style=\"color:#0c0b0b;\">26<\/span><\/td>\n<td><span style=\"color:#0c0b0b;\">90<\/span><\/td>\n<\/tr>\n<tr>\n<td><span style=\"color:#0c0b0b;\">546623P<\/span><\/td>\n<td><span style=\"color:#0c0b0b;\">23<\/span><\/td>\n<td><span style=\"color:#0c0b0b;\">38<\/span><\/td>\n<td><span style=\"color:#0c0b0b;\">44<\/span><\/td>\n<td><span style=\"color:#0c0b0b;\">26<\/span><\/td>\n<td><span style=\"color:#0c0b0b;\">90<\/span><\/td>\n<\/tr>\n<tr>\n<td><span style=\"color:#0c0b0b;\">546624P<\/span><\/td>\n<td><span style=\"color:#0c0b0b;\">24<\/span><\/td>\n<td><span style=\"color:#0c0b0b;\">39<\/span><\/td>\n<td><span style=\"color:#0c0b0b;\">44<\/span><\/td>\n<td><span style=\"color:#0c0b0b;\">26<\/span><\/td>\n<td><span style=\"color:#0c0b0b;\">90<\/span><\/td>\n<\/tr>\n<tr>\n<td><span style=\"color:#0c0b0b;\">546626P<\/span><\/td>\n<td><span style=\"color:#0c0b0b;\">26<\/span><\/td>\n<td><span style=\"color:#0c0b0b;\">41<\/span><\/td>\n<td><span style=\"color:#0c0b0b;\">44<\/span><\/td>\n<td><span style=\"color:#0c0b0b;\">28<\/span><\/td>\n<td><span style=\"color:#0c0b0b;\">90<\/span><\/td>\n<\/tr>\n<tr>\n<td><span style=\"color:#0c0b0b;\">546627P<\/span><\/td>\n<td><span style=\"color:#0c0b0b;\">27<\/span><\/td>\n<td><span style=\"color:#0c0b0b;\">43<\/span><\/td>\n<td><span style=\"color:#0c0b0b;\">44<\/span><\/td>\n<td><span style=\"color:#0c0b0b;\">28<\/span><\/td>\n<td><span style=\"color:#0c0b0b;\">90<\/span><\/td>\n<\/tr>\n<tr>\n<td><span style=\"color:#0c0b0b;\">546630P<\/span><\/td>\n<td><span style=\"color:#0c0b0b;\">30<\/span><\/td>\n<td><span style=\"color:#0c0b0b;\">46<\/span><\/td>\n<td><span style=\"color:#0c0b0b;\">44<\/span><\/td>\n<td><span style=\"color:#0c0b0b;\">28<\/span><\/td>\n<td><span style=\"color:#0c0b0b;\">90<\/span><\/td>\n<\/tr>\n<tr>\n<td><span style=\"color:#0c0b0b;\">546632P<\/span><\/td>\n<td><span style=\"color:#0c0b0b;\">32<\/span><\/td>\n<td><span style=\"color:#0c0b0b;\">46<\/span><\/td>\n<td><span style=\"color:#0c0b0b;\">44<\/span><\/td>\n<td><span style=\"color:#0c0b0b;\">30<\/span><\/td>\n<td><span style=\"color:#0c0b0b;\">90<\/span><\/td>\n<\/tr>\n<tr>\n<td><span style=\"color:#0c0b0b;\"><strong>546633P<\/strong><\/span><\/td>\n<td><span style=\"color:#0c0b0b;\"><strong>33<\/strong><\/span><\/td>\n<td><span style=\"color:#0c0b0b;\"><strong>51<\/strong><\/span><\/td>\n<td><span style=\"color:#0c0b0b;\"><strong>44<\/strong><\/span><\/td>\n<td><span style=\"color:#0c0b0b;\"><strong>30<\/strong><\/span><\/td>\n<td><span style=\"color:#0c0b0b;\"><strong>90<\/strong><\/span><\/td>\n<\/tr>\n<tr>\n<td><span style=\"color:#0c0b0b;\">546634P<\/span><\/td>\n<td><span style=\"color:#0c0b0b;\">34<\/span><\/td>\n<td><span style=\"color:#0c0b0b;\">51<\/span><\/td>\n<td><span style=\"color:#0c0b0b;\">44<\/span><\/td>\n<td><span style=\"color:#0c0b0b;\">30<\/span><\/td>\n<td><span style=\"color:#0c0b0b;\">90<\/span><\/td>\n<\/tr>\n<tr>\n<td><span style=\"color:#0c0b0b;\">546636P<\/span><\/td>\n<td><span style=\"color:#0c0b0b;\">36<\/span><\/td>\n<td><span style=\"color:#0c0b0b;\">54<\/span><\/td>\n<td><span style=\"color:#0c0b0b;\">44<\/span><\/td>\n<td><span style=\"color:#0c0b0b;\">34<\/span><\/td>\n<td><span style=\"color:#0c0b0b;\">90<\/span><\/td>\n<\/tr>\n<tr>\n<td><span style=\"color:#0c0b0b;\">546638P<\/span><\/td>\n<td><span style=\"color:#0c0b0b;\">38<\/span><\/td>\n<td><span style=\"color:#0c0b0b;\">56<\/span><\/td>\n<td><span style=\"color:#0c0b0b;\">44<\/span><\/td>\n<td><span style=\"color:#0c0b0b;\">34<\/span><\/td>\n<td><span style=\"color:#0c0b0b;\">90<\/span><\/td>\n<\/tr>\n<tr>\n<td><span style=\"color:#0c0b0b;\">546641P<\/span><\/td>\n<td><span style=\"color:#0c0b0b;\">41<\/span><\/td>\n<td><span style=\"color:#0c0b0b;\">60<\/span><\/td>\n<td><span style=\"color:#0c0b0b;\">54<\/span><\/td>\n<td><span style=\"color:#0c0b0b;\">36<\/span><\/td>\n<td><span style=\"color:#0c0b0b;\">90<\/span><\/td>\n<\/tr>\n<tr>\n<td><span style=\"color:#0c0b0b;\">546646P<\/span><\/td>\n<td><span style=\"color:#0c0b0b;\">46<\/span><\/td>\n<td><span style=\"color:#0c0b0b;\">66<\/span><\/td>\n<td><span style=\"color:#0c0b0b;\">54<\/span><\/td>\n<td><span style=\"color:#0c0b0b;\">36<\/span><\/td>\n<td><span style=\"color:#0c0b0b;\">90<\/span><\/td>\n<\/tr>\n<tr>\n<td><span style=\"color:#0c0b0b;\">546650P<\/span><\/td>\n<td><span style=\"color:#0c0b0b;\">50<\/span><\/td>\n<td><span style=\"color:#0c0b0b;\">71<\/span><\/td>\n<td><span style=\"color:#0c0b0b;\">54<\/span><\/td>\n<td><span style=\"color:#0c0b0b;\">36<\/span><\/td>\n<td><span style=\"color:#0c0b0b;\">90<\/span><\/td>\n<\/tr>\n<tr>\n<td><span style=\"color:#0c0b0b;\">546655P<\/span><\/td>\n<td><span style=\"color:#0c0b0b;\">55<\/span><\/td>\n<td><span style=\"color:#0c0b0b;\">71<\/span><\/td>\n<td><span style=\"color:#0c0b0b;\">54<\/span><\/td>\n<td><span style=\"color:#0c0b0b;\">36<\/span><\/td>\n<td><span style=\"color:#0c0b0b;\">90<\/span><\/td>\n<\/tr>\n<tr>\n<td><span style=\"color:#0c0b0b;\">546660P<\/span><\/td>\n<td><span style=\"color:#0c0b0b;\">60<\/span><\/td>\n<td><span style=\"color:#0c0b0b;\">71<\/span><\/td>\n<td><span style=\"color:#0c0b0b;\">54<\/span><\/td>\n<td><span style=\"color:#0c0b0b;\">36<\/span><\/td>\n<td><span style=\"color:#0c0b0b;\">90<\/span><\/td>\n<\/tr>\n<tr>\n<td><span style=\"color:#0c0b0b;\">546665P<\/span><\/td>\n<td><span style=\"color:#0c0b0b;\">65<\/span><\/td>\n<td><span style=\"color:#0c0b0b;\">71<\/span><\/td>\n<td><span style=\"color:#0c0b0b;\">54<\/span><\/td>\n<td><span style=\"color:#0c0b0b;\">36<\/span><\/td>\n<td><span style=\"color:#0c0b0b;\">90<\/span><\/td>\n<\/tr>\n<\/tbody>\n<\/table><\/p>","protected":false},"excerpt":{"rendered":"<p>Size(mm) D1 (mm) D2 (mm) T (mm) L (mm) 546617P 17 30 44 26 90 544619P 19 33 44 26 [&hellip;]<\/p>\n","protected":false},"featured_media":83399,"comment_status":"closed","ping_status":"open","template":"","meta":{"site-sidebar-layout":"default","site-content-layout":"","ast-site-content-layout":"default","site-content-style":"default","site-sidebar-style":"default","ast-global-header-display":"","ast-banner-title-visibility":"","ast-main-header-display":"","ast-hfb-above-header-display":"","ast-hfb-below-header-display":"","ast-hfb-mobile-header-display":"","site-post-title":"","ast-breadcrumbs-content":"","ast-featured-img":"","footer-sml-layout":"","ast-disable-related-posts":"","theme-transparent-header-meta":"","adv-header-id-meta":"","stick-header-meta":"","header-above-stick-meta":"","header-main-stick-meta":"","header-below-stick-meta":"","astra-migrate-meta-layouts":"default","ast-page-background-enabled":"default","ast-page-background-meta":{"desktop":{"background-color":"var(--ast-global-color-5)","background-image":"","background-repeat":"repeat","background-position":"center center","background-size":"auto","background-attachment":"scroll","background-type":"","background-media":"","overlay-type":"","overlay-color":"","overlay-opacity":"","overlay-gradient":""},"tablet":{"background-color":"","background-image":"","background-repeat":"repeat","background-position":"center center","background-size":"auto","background-attachment":"scroll","background-type":"","background-media":"","overlay-type":"","overlay-color":"","overlay-opacity":"","overlay-gradient":""},"mobile":{"background-color":"","background-image":"","background-repeat":"repeat","background-position":"center center","background-size":"auto","background-attachment":"scroll","background-type":"","background-media":"","overlay-type":"","overlay-color":"","overlay-opacity":"","overlay-gradient":""}},"ast-content-background-meta":{"desktop":{"background-color":"var(--ast-global-color-4)","background-image":"","background-repeat":"repeat","background-position":"center center","background-size":"auto","background-attachment":"scroll","background-type":"","background-media":"","overlay-type":"","overlay-color":"","overlay-opacity":"","overlay-gradient":""},"tablet":{"background-color":"var(--ast-global-color-4)","background-image":"","background-repeat":"repeat","background-position":"center center","background-size":"auto","background-attachment":"scroll","background-type":"","background-media":"","overlay-type":"","overlay-color":"","overlay-opacity":"","overlay-gradient":""},"mobile":{"background-color":"var(--ast-global-color-4)","background-image":"","background-repeat":"repeat","background-position":"center center","background-size":"auto","background-attachment":"scroll","background-type":"","background-media":"","overlay-type":"","overlay-color":"","overlay-opacity":"","overlay-gradient":""}}},"product_brand":[23],"product_cat":[4349],"product_tag":[],"class_list":{"0":"post-83398","1":"product","2":"type-product","3":"status-publish","4":"has-post-thumbnail","6":"product_brand-asta","7":"product_cat-3-4","8":"desktop-align-left","9":"tablet-align-left","10":"mobile-align-left","12":"first","13":"instock","14":"taxable","15":"shipping-taxable","16":"purchasable","17":"product-type-simple"},"_links":{"self":[{"href":"https:\/\/leniro.ee\/et\/wp-json\/wp\/v2\/product\/83398","targetHints":{"allow":["GET"]}}],"collection":[{"href":"https:\/\/leniro.ee\/et\/wp-json\/wp\/v2\/product"}],"about":[{"href":"https:\/\/leniro.ee\/et\/wp-json\/wp\/v2\/types\/product"}],"replies":[{"embeddable":true,"href":"https:\/\/leniro.ee\/et\/wp-json\/wp\/v2\/comments?post=83398"}],"wp:featuredmedia":[{"embeddable":true,"href":"https:\/\/leniro.ee\/et\/wp-json\/wp\/v2\/media\/83399"}],"wp:attachment":[{"href":"https:\/\/leniro.ee\/et\/wp-json\/wp\/v2\/media?parent=83398"}],"wp:term":[{"taxonomy":"product_brand","embeddable":true,"href":"https:\/\/leniro.ee\/et\/wp-json\/wp\/v2\/product_brand?post=83398"},{"taxonomy":"product_cat","embeddable":true,"href":"https:\/\/leniro.ee\/et\/wp-json\/wp\/v2\/product_cat?post=83398"},{"taxonomy":"product_tag","embeddable":true,"href":"https:\/\/leniro.ee\/et\/wp-json\/wp\/v2\/product_tag?post=83398"}],"curies":[{"name":"wp","href":"https:\/\/api.w.org\/{rel}","templated":true}]}}