{"id":82373,"date":"2026-04-03T18:49:05","date_gmt":"2026-04-03T18:49:05","guid":{"rendered":"https:\/\/leniro.ee\/toode\/179pc-socket-set-1-4-3-8-1-2-dr\/"},"modified":"2026-04-03T18:49:05","modified_gmt":"2026-04-03T18:49:05","slug":"179tk-muhvikomplekt-1-4-3-8-1-2-dr","status":"publish","type":"product","link":"https:\/\/leniro.ee\/et\/toode\/179pc-socket-set-1-4-3-8-1-2-dr\/","title":{"rendered":"179tk komplekt - 1\/4\u201d, 3\/8\u201d, 1\/2\u201d Dr."},"content":{"rendered":"<p class=\"MsoNormal\"><span style=\"color:rgb(20,18,18);\"><strong>K\u00f5igil mutriv\u00f5tmetel on Super Lock s\u00fcsteem, mis takistab nende t\u00f6\u00f6 ajal t\u00f6\u00f6otsast maha libisemist.<\/strong><\/span><\/p>\n<p class=\"MsoNormal\"><span style=\"color:rgb(12,11,11);\"><strong>Materjal:<\/strong> kroomvanaadium, kroomitud<\/span><\/p>\n<p class=\"MsoNormal\"><span style=\"color:rgb(12,11,11);\">1\/2\" (12,7mm) t\u00f6\u00f6tav tihvtv\u00f5tme mutriv\u00f5ti, 36 hammastega rat\u0161imehhanism, pikkus 265mm, plastist k\u00e4epide, 1 tk. 125mm pikendus, 1 tk. 250mm pikendus koos 1\/2\u2033 libiseva t\u00f6\u00f6piiga, 1\/2\u2033 \u00fchendus 70mm pikkusega.<\/span><\/p>\n<p class=\"MsoNormal\">\n<p>\u00a0<\/p>\n<p class=\"MsoNormal\"><span style=\"color:rgb(12,11,11);\">- 1\/2\" kuuskantpesad: 10, 11, 12, 13, 14, 15, 16, 17, 18, 19, 20, 21, 22, 24, 27, 30, 32 mm.<\/span><\/p>\n<p class=\"MsoNormal\"><span style=\"color:rgb(12,11,11);\">- E-TORX 1\/2\u2033: E20, E24<\/span><\/p>\n<p class=\"MsoNormal\"><span style=\"color:rgb(12,11,11);\">- 78mm pikkused 1\/2\" kuuskantpesad: 16, 17, 18, 19, 22mm<\/span><\/p>\n<p class=\"MsoNormal\"><span style=\"color:rgb(12,11,11);\">- 1\/2\" s\u00fc\u00fctek\u00fc\u00fcnla pistikupesad: 16, 21mm<\/span><\/p>\n<p class=\"MsoNormal\"><span style=\"color:rgb(12,11,11);\">- Adapter 1\/2\u201e kuni 5\/16\u201d bitid<\/span><\/p>\n<p class=\"MsoNormal\"><span style=\"color:rgb(12,11,11);\">- 5\/16\u201d piigid - lamedad: 8, 10, 12<\/span><\/p>\n<p class=\"MsoNormal\"><span style=\"color:rgb(12,11,11);\">- 5\/16\" piigid - PH: 3, 4<\/span><\/p>\n<p class=\"MsoNormal\"><span style=\"color:rgb(12,11,11);\">- 5\/16\u201d piigid - PZ: 3, 4<\/span><\/p>\n<p class=\"MsoNormal\"><span style=\"color:rgb(12,11,11);\">- 5\/16\" piigid - HEX: 7, 8, 10, 12, 14<\/span><\/p>\n<p class=\"MsoNormal\"><span style=\"color:rgb(12,11,11);\">- 5\/16\u201d piidid - TORX: T40, T45, T50, T55, T60, T70<\/span><\/p>\n<p class=\"MsoNormal\"><span style=\"color:rgb(12,11,11);\">- 5\/16\u201d piidid - TORX koos auguga: TH40, TH45, TH50, TH55, TH60, TH70<\/span><\/p>\n<p class=\"MsoNormal\">\n<p>\u00a0<\/p>\n<p class=\"MsoNormal\"><span style=\"color:rgb(12,11,11);\">3\/8\" (9,5 mm) t\u00f6\u00f6tav tihvtv\u00f5tmega mutriv\u00f5ti, 36 hammastega rat\u0161imehhanism, 200 mm pikk, plastist k\u00e4epide, 1 tk. 150mm pikendus, 3\/8\u2033 \u00fchendus, 52mm pikkune<\/span><\/p>\n<p class=\"MsoNormal\"><span style=\"color:rgb(12,11,11);\">- 3\/8\u201d kuuskantpesad: 10, 11, 12, 13, 14, 15, 16, 17, 18, 19mm<\/span><\/p>\n<p class=\"MsoNormal\"><span style=\"color:rgb(12,11,11);\">- Pesa pikk 63mm, 3\/8\u201d kuuskant: 10, 11, 12, 13, 14, 15mm<\/span><\/p>\n<p class=\"MsoNormal\"><span style=\"color:rgb(12,11,11);\">- E-TORX 3\/8\u2033: E10, E11, E12, E14, E16, E18<\/span><\/p>\n<p class=\"MsoNormal\"><span style=\"color:rgb(12,11,11);\">- 3\/8\u2033 s\u00fc\u00fctek\u00fc\u00fcnla pistikupesad: 18mm<\/span><\/p>\n<p class=\"MsoNormal\"><span style=\"color:rgb(12,11,11);\">- Adapter 3\/8\u2033 kuni 5\/16\u2033 piitidele<\/span><\/p>\n<p class=\"MsoNormal\">\n<p>\u00a0<\/p>\n<p class=\"MsoNormal\"><span style=\"color:rgb(12,11,11);\">1\/4\" (12,7mm) t\u00f6\u00f6tav tihvtv\u00f5tme mutriv\u00f5ti, 36 hammastega rat\u0161kmehhanism, pikkus 150mm, plastist k\u00e4epide, 1 tk. pikendus 52mm, 1 tk. pikendus 103mm, 1 tk. 115mm pikendus 1\/4\u2033 libiseva t\u00f6\u00f6piiga, 1\/4\u2033 liigend pikkusega 36mm, 1\/4\u2033 sirge nupp, mille puhul on v\u00f5imalik kasutada rat\u0161ikav\u00f5ti.<\/span><\/p>\n<p class=\"MsoNormal\">\n<p>\u00a0<\/p>\n<p class=\"MsoNormal\"><span style=\"color:rgb(12,11,11);\">- 1\/4\" l\u00fchikesed kuuskantpesad: 4, 4.5, 5, 5.5, 6, 7, 8, 9, 10, 11, 12, 13, 14mm<\/span><\/p>\n<p class=\"MsoNormal\"><span style=\"color:rgb(12,11,11);\">- E-TORX 1\/4\u2033: E4, E5, E6, E7, E8<\/span><\/p>\n<p class=\"MsoNormal\"><span style=\"color:rgb(12,11,11);\">- 50mm 1\/4\" pikkused kuuskantpesad: 4, 5, 6, 7, 8, 9, 10mm<\/span><\/p>\n<p class=\"MsoNormal\"><span style=\"color:rgb(12,11,11);\">- Bitsid 1\/4\u2033 pistikupesal - lamedad: 4, 5.5, 6.5, 7<\/span><\/p>\n<p class=\"MsoNormal\"><span style=\"color:rgb(12,11,11);\">- 1\/4\" pistikupesad - PH0, PH1, PH2<\/span><\/p>\n<p class=\"MsoNormal\"><span style=\"color:rgb(12,11,11);\">- Bitsid 1\/4\u2033 pesa - PZ0, PZ1, PZ2<\/span><\/p>\n<p class=\"MsoNormal\"><span style=\"color:rgb(12,11,11);\">- 1\/4\" HEX-muhvid: 3, 4, 5, 6<\/span><\/p>\n<p class=\"MsoNormal\"><span style=\"color:rgb(12,11,11);\">- Bitsid 1\/4\u2033 pesa - TORX auguga: T8, T9, T10, T15, T20, T25, T27, T30<\/span><\/p>\n<p class=\"MsoNormal\"><span style=\"color:rgb(12,11,11);\">- Bitsid 1\/4\" pesa - TORX: T8, T9, T10, T15, T20, T25, T27, T30<\/span><\/p>\n<p class=\"MsoNormal\"><span style=\"color:rgb(12,11,11);\">- \u201eL\u201d kuuskantv\u00f5tmed: 1, 1,5, 2, 2,5, 3, 4, 5<\/span><\/p>\n<p class=\"MsoNormal\"><span style=\"color:rgb(12,11,11);\">- 1\/4\" kuni 1\/4\" bitti adapter<\/span><\/p>\n<p class=\"MsoNormal\">\n<p>\u00a0<\/p>\n<p class=\"MsoNormal\"><span style=\"color:rgb(12,11,11);\"><strong>1\/4\" piigid:<\/strong><\/span><\/p>\n<p class=\"MsoNormal\"><span style=\"color:rgb(12,11,11);\">- 1\/4\" piigid - TORX koos auguga: TS10, TS15, TS20, TS25, TS27, TS30, TS40, TS45<\/span><\/p>\n<p class=\"MsoNormal\"><span style=\"color:rgb(12,11,11);\">- 1\/4\" piidid - TORX: T8, T9, T10, T15, T20, T25, T27, T30, T40, T45, T50.<\/span><\/p>\n<p class=\"MsoNormal\"><span style=\"color:rgb(12,11,11);\">- 1\/4\u2033-XZN otsikud: M5,M6,M8<\/span><\/p>\n<p class=\"MsoNormal\"><span style=\"color:rgb(12,11,11);\">- 1\/4\u2033-flaadimispistikud: 4, 5,5<\/span><\/p>\n<p class=\"MsoNormal\"><span style=\"color:rgb(12,11,11);\">- 1\/4\" piigid - PH1, PH2<\/span><\/p>\n<p class=\"MsoNormal\"><span style=\"color:rgb(12,11,11);\">- 1\/4\" piigid - PZ1, PZ2<\/span><\/p><\/p>","protected":false},"excerpt":{"rendered":"<p>All socket wrenches have a Super Lock system that prevents them from slipping off the working spigot during work. Material: [&hellip;]<\/p>\n","protected":false},"featured_media":82374,"comment_status":"closed","ping_status":"open","template":"","meta":{"site-sidebar-layout":"default","site-content-layout":"","ast-site-content-layout":"default","site-content-style":"default","site-sidebar-style":"default","ast-global-header-display":"","ast-banner-title-visibility":"","ast-main-header-display":"","ast-hfb-above-header-display":"","ast-hfb-below-header-display":"","ast-hfb-mobile-header-display":"","site-post-title":"","ast-breadcrumbs-content":"","ast-featured-img":"","footer-sml-layout":"","ast-disable-related-posts":"","theme-transparent-header-meta":"","adv-header-id-meta":"","stick-header-meta":"","header-above-stick-meta":"","header-main-stick-meta":"","header-below-stick-meta":"","astra-migrate-meta-layouts":"default","ast-page-background-enabled":"default","ast-page-background-meta":{"desktop":{"background-color":"var(--ast-global-color-5)","background-image":"","background-repeat":"repeat","background-position":"center center","background-size":"auto","background-attachment":"scroll","background-type":"","background-media":"","overlay-type":"","overlay-color":"","overlay-opacity":"","overlay-gradient":""},"tablet":{"background-color":"","background-image":"","background-repeat":"repeat","background-position":"center center","background-size":"auto","background-attachment":"scroll","background-type":"","background-media":"","overlay-type":"","overlay-color":"","overlay-opacity":"","overlay-gradient":""},"mobile":{"background-color":"","background-image":"","background-repeat":"repeat","background-position":"center center","background-size":"auto","background-attachment":"scroll","background-type":"","background-media":"","overlay-type":"","overlay-color":"","overlay-opacity":"","overlay-gradient":""}},"ast-content-background-meta":{"desktop":{"background-color":"var(--ast-global-color-4)","background-image":"","background-repeat":"repeat","background-position":"center center","background-size":"auto","background-attachment":"scroll","background-type":"","background-media":"","overlay-type":"","overlay-color":"","overlay-opacity":"","overlay-gradient":""},"tablet":{"background-color":"var(--ast-global-color-4)","background-image":"","background-repeat":"repeat","background-position":"center center","background-size":"auto","background-attachment":"scroll","background-type":"","background-media":"","overlay-type":"","overlay-color":"","overlay-opacity":"","overlay-gradient":""},"mobile":{"background-color":"var(--ast-global-color-4)","background-image":"","background-repeat":"repeat","background-position":"center center","background-size":"auto","background-attachment":"scroll","background-type":"","background-media":"","overlay-type":"","overlay-color":"","overlay-opacity":"","overlay-gradient":""}}},"product_brand":[23],"product_cat":[4347],"product_tag":[],"class_list":{"0":"post-82373","1":"product","2":"type-product","3":"status-publish","4":"has-post-thumbnail","6":"product_brand-asta","7":"product_cat-seckets-set","8":"desktop-align-left","9":"tablet-align-left","10":"mobile-align-left","12":"first","13":"instock","14":"taxable","15":"shipping-taxable","16":"purchasable","17":"product-type-simple"},"_links":{"self":[{"href":"https:\/\/leniro.ee\/et\/wp-json\/wp\/v2\/product\/82373","targetHints":{"allow":["GET"]}}],"collection":[{"href":"https:\/\/leniro.ee\/et\/wp-json\/wp\/v2\/product"}],"about":[{"href":"https:\/\/leniro.ee\/et\/wp-json\/wp\/v2\/types\/product"}],"replies":[{"embeddable":true,"href":"https:\/\/leniro.ee\/et\/wp-json\/wp\/v2\/comments?post=82373"}],"wp:featuredmedia":[{"embeddable":true,"href":"https:\/\/leniro.ee\/et\/wp-json\/wp\/v2\/media\/82374"}],"wp:attachment":[{"href":"https:\/\/leniro.ee\/et\/wp-json\/wp\/v2\/media?parent=82373"}],"wp:term":[{"taxonomy":"product_brand","embeddable":true,"href":"https:\/\/leniro.ee\/et\/wp-json\/wp\/v2\/product_brand?post=82373"},{"taxonomy":"product_cat","embeddable":true,"href":"https:\/\/leniro.ee\/et\/wp-json\/wp\/v2\/product_cat?post=82373"},{"taxonomy":"product_tag","embeddable":true,"href":"https:\/\/leniro.ee\/et\/wp-json\/wp\/v2\/product_tag?post=82373"}],"curies":[{"name":"wp","href":"https:\/\/api.w.org\/{rel}","templated":true}]}}