{"id":82135,"date":"2026-04-03T18:48:34","date_gmt":"2026-04-03T18:48:34","guid":{"rendered":"https:\/\/leniro.ee\/toode\/28pcs-glow-plug-repair-tool-for-vw-audi\/"},"modified":"2026-04-03T18:48:35","modified_gmt":"2026-04-03T18:48:35","slug":"28tk-hoogpistikute-remonditooriist-vw-audi-jaoks","status":"publish","type":"product","link":"https:\/\/leniro.ee\/et\/toode\/28pcs-glow-plug-repair-tool-for-vw-audi\/","title":{"rendered":"28TK H\u00d5\u00d5GPISTIKUTE REMONDIT\u00d6\u00d6RIIST VW\/AUDI JAOKS"},"content":{"rendered":"<p><span style=\"color:#0b0a0a;\"><strong>Komplekt sisaldab<\/strong>:<\/span><\/p>\n<p><span style=\"color:#0b0a0a;\">- sisselaskeavade katteplaat<\/span><\/p>\n<p><span style=\"color:#0b0a0a;\">- suru\u00f5hu adapter injektori puurile<\/span><\/p>\n<p><span style=\"color:#0b0a0a;\">- 9,1 mm puur M10 x 1 jaoks<\/span><\/p>\n<p><span style=\"color:#0b0a0a;\">- 11,1 mm puur M12 x 1 jaoks<\/span><\/p>\n<p><span style=\"color:#0b0a0a;\">- juhtmuhviga kraan M10 x 1 keermete jaoks<\/span><\/p>\n<p><span style=\"color:#0b0a0a;\">- juhtmuhviga kraan M12 x 1 keermete jaoks<\/span><\/p>\n<p><span style=\"color:#0b0a0a;\">- 10 keermestatud sisestust M10 x 1 v\u00e4liskeermega M12 x 1<\/span><\/p>\n<p><span style=\"color:#0b0a0a;\">- M6 x 1,25 kraanid<\/span><\/p>\n<p><span style=\"color:#0b0a0a;\">- ekstraheerimisvahend<\/span><\/p>\n<p><span style=\"color:#0b0a0a;\">- 2 reameeter 4,8 mm, pikk ja l\u00fchike t\u00fc\u00fcp<\/span><\/p>\n<p><span style=\"color:#0b0a0a;\">- reameeter 5,8 mm pikkune t\u00fc\u00fcp<\/span><\/p>\n<p><span style=\"color:#0b0a0a;\">- 3 juhtmuhvi<\/span><\/p>\n<p><span style=\"color:#0b0a0a;\">- \u00d8 17,5 mm OD - 38 mm pikkus<\/span><\/p>\n<p><span style=\"color:#0b0a0a;\">- sisemine \u00d8 9 mm ja 13 mm - 63 mm pikkus 13 mm sisemine \u00d8<\/span><\/p>\n<p><span style=\"color:#0b0a0a;\">- 2,4 - 5,5 mm koputuskinnitus 240 mm pikkune 1\/4\u201d ajamiga<\/span><\/p>\n<p><span style=\"color:#0b0a0a;\">- 3 v\u00e4ljat\u00f5mbeelektroodi 2,5 - 3,5 - 4 mm jaoks<\/span><\/p>","protected":false},"excerpt":{"rendered":"<p>Set includes: \u2022 cover plate for intake ports \u2022 compressed air adapter for injector bore \u2022 9.1 mm drill for [&hellip;]<\/p>\n","protected":false},"featured_media":82136,"comment_status":"closed","ping_status":"open","template":"","meta":{"site-sidebar-layout":"default","site-content-layout":"","ast-site-content-layout":"default","site-content-style":"default","site-sidebar-style":"default","ast-global-header-display":"","ast-banner-title-visibility":"","ast-main-header-display":"","ast-hfb-above-header-display":"","ast-hfb-below-header-display":"","ast-hfb-mobile-header-display":"","site-post-title":"","ast-breadcrumbs-content":"","ast-featured-img":"","footer-sml-layout":"","ast-disable-related-posts":"","theme-transparent-header-meta":"","adv-header-id-meta":"","stick-header-meta":"","header-above-stick-meta":"","header-main-stick-meta":"","header-below-stick-meta":"","astra-migrate-meta-layouts":"default","ast-page-background-enabled":"default","ast-page-background-meta":{"desktop":{"background-color":"var(--ast-global-color-5)","background-image":"","background-repeat":"repeat","background-position":"center center","background-size":"auto","background-attachment":"scroll","background-type":"","background-media":"","overlay-type":"","overlay-color":"","overlay-opacity":"","overlay-gradient":""},"tablet":{"background-color":"","background-image":"","background-repeat":"repeat","background-position":"center center","background-size":"auto","background-attachment":"scroll","background-type":"","background-media":"","overlay-type":"","overlay-color":"","overlay-opacity":"","overlay-gradient":""},"mobile":{"background-color":"","background-image":"","background-repeat":"repeat","background-position":"center center","background-size":"auto","background-attachment":"scroll","background-type":"","background-media":"","overlay-type":"","overlay-color":"","overlay-opacity":"","overlay-gradient":""}},"ast-content-background-meta":{"desktop":{"background-color":"var(--ast-global-color-4)","background-image":"","background-repeat":"repeat","background-position":"center center","background-size":"auto","background-attachment":"scroll","background-type":"","background-media":"","overlay-type":"","overlay-color":"","overlay-opacity":"","overlay-gradient":""},"tablet":{"background-color":"var(--ast-global-color-4)","background-image":"","background-repeat":"repeat","background-position":"center center","background-size":"auto","background-attachment":"scroll","background-type":"","background-media":"","overlay-type":"","overlay-color":"","overlay-opacity":"","overlay-gradient":""},"mobile":{"background-color":"var(--ast-global-color-4)","background-image":"","background-repeat":"repeat","background-position":"center center","background-size":"auto","background-attachment":"scroll","background-type":"","background-media":"","overlay-type":"","overlay-color":"","overlay-opacity":"","overlay-gradient":""}}},"product_brand":[23],"product_cat":[4313],"product_tag":[],"class_list":{"0":"post-82135","1":"product","2":"type-product","3":"status-publish","4":"has-post-thumbnail","6":"product_brand-asta","7":"product_cat-engine","8":"desktop-align-left","9":"tablet-align-left","10":"mobile-align-left","12":"first","13":"instock","14":"taxable","15":"shipping-taxable","16":"purchasable","17":"product-type-simple"},"_links":{"self":[{"href":"https:\/\/leniro.ee\/et\/wp-json\/wp\/v2\/product\/82135","targetHints":{"allow":["GET"]}}],"collection":[{"href":"https:\/\/leniro.ee\/et\/wp-json\/wp\/v2\/product"}],"about":[{"href":"https:\/\/leniro.ee\/et\/wp-json\/wp\/v2\/types\/product"}],"replies":[{"embeddable":true,"href":"https:\/\/leniro.ee\/et\/wp-json\/wp\/v2\/comments?post=82135"}],"wp:featuredmedia":[{"embeddable":true,"href":"https:\/\/leniro.ee\/et\/wp-json\/wp\/v2\/media\/82136"}],"wp:attachment":[{"href":"https:\/\/leniro.ee\/et\/wp-json\/wp\/v2\/media?parent=82135"}],"wp:term":[{"taxonomy":"product_brand","embeddable":true,"href":"https:\/\/leniro.ee\/et\/wp-json\/wp\/v2\/product_brand?post=82135"},{"taxonomy":"product_cat","embeddable":true,"href":"https:\/\/leniro.ee\/et\/wp-json\/wp\/v2\/product_cat?post=82135"},{"taxonomy":"product_tag","embeddable":true,"href":"https:\/\/leniro.ee\/et\/wp-json\/wp\/v2\/product_tag?post=82135"}],"curies":[{"name":"wp","href":"https:\/\/api.w.org\/{rel}","templated":true}]}}