{"id":81427,"date":"2026-04-03T18:46:59","date_gmt":"2026-04-03T18:46:59","guid":{"rendered":"https:\/\/leniro.ee\/toode\/2-in-1-waste-oil-drainer-and-changer\/"},"modified":"2026-04-03T18:47:01","modified_gmt":"2026-04-03T18:47:01","slug":"2-in-1-olijaatmete-eemaldaja-ja-olivahetaja","status":"publish","type":"product","link":"https:\/\/leniro.ee\/et\/toode\/2-in-1-waste-oil-drainer-and-changer\/","title":{"rendered":"2-IN-1 \u00d5LIJ\u00c4\u00c4TMETE EEMALDAJA JA \u00d5LIVAHETAJA"},"content":{"rendered":"<p><span style=\"color:#080808;\">Mahuti maht 90 l<\/span><\/p>\n<p><span style=\"color:#080808;\">T\u00e4itev\u00f5ime vedelikuga 60 - 70<\/span><\/p>\n<p><span style=\"color:#080808;\">imemis\u00f5hu r\u00f5hk 7-8 bar<\/span><\/p>\n<p><span style=\"color:#080808;\">Tihendamisaeg 150 - 180 s<\/span><\/p>\n<p><span style=\"color:#080808;\">Imemisv\u00f5imsus 1,5-2 l\/min<\/span><\/p>\n<p><span style=\"color:#080808;\">Imitoru pikkus 2000 mm<\/span><\/p>\n<p><span style=\"color:#080808;\">Kogumisn\u00f5u mahutavus 18 l<\/span><\/p>\n<p><span style=\"color:#080808;\">L\u00e4bim\u00f5\u00f5t kausi kollektsioon 400 mm<\/span><\/p>\n<p><span style=\"color:#080808;\">Maksimaalne k\u00f5rgus 1800 mm<\/span><\/p>\n<p><span style=\"color:#080808;\">Minimaalne k\u00f5rgus 1100 mm<\/span><\/p>\n<p><span style=\"color:#080808;\">Suumir\u00f5nga l\u00e4bim\u00f5\u00f5t 606 mm<\/span><\/p>\n<p><span style=\"color:#080808;\">Maksimaalne t\u00f6\u00f6r\u00f5hk 70 l<\/span><\/p>\n<p><span style=\"color:#080808;\">Maksimaalne t\u00f6\u00f6r\u00f5hk \u00e4ravoolu puhul 1 baar<\/span><\/p>\n<p><span style=\"color:#080808;\">T\u00fchjendusjuhtme pikkus 2000 mm<\/span><\/p>\n<p><span style=\"color:#080808;\">\u00d5hu sisselaske\u00fchendus 1\/4\u201d (kiir\u00fchendus)\/1\/4\u201d NPT, mutter<\/span><\/p>\n<p><span style=\"color:#080808;\">Kaal 40 kg<\/span><\/p>\n<p><span style=\"color:#080808;\">Pakendi m\u00f5\u00f5tmed 3 karpi<\/span><\/p>\n<\/p><\/p>","protected":false},"excerpt":{"rendered":"<p>Tank capacity\u00a0 90 l Capacity to fill with liquid 60 &#8211; 70 suction air pressure 7-8 bar Time unsealing\u00a0 150 [&hellip;]<\/p>\n","protected":false},"featured_media":81428,"comment_status":"closed","ping_status":"open","template":"","meta":{"site-sidebar-layout":"default","site-content-layout":"","ast-site-content-layout":"default","site-content-style":"default","site-sidebar-style":"default","ast-global-header-display":"","ast-banner-title-visibility":"","ast-main-header-display":"","ast-hfb-above-header-display":"","ast-hfb-below-header-display":"","ast-hfb-mobile-header-display":"","site-post-title":"","ast-breadcrumbs-content":"","ast-featured-img":"","footer-sml-layout":"","ast-disable-related-posts":"","theme-transparent-header-meta":"","adv-header-id-meta":"","stick-header-meta":"","header-above-stick-meta":"","header-main-stick-meta":"","header-below-stick-meta":"","astra-migrate-meta-layouts":"default","ast-page-background-enabled":"default","ast-page-background-meta":{"desktop":{"background-color":"var(--ast-global-color-5)","background-image":"","background-repeat":"repeat","background-position":"center center","background-size":"auto","background-attachment":"scroll","background-type":"","background-media":"","overlay-type":"","overlay-color":"","overlay-opacity":"","overlay-gradient":""},"tablet":{"background-color":"","background-image":"","background-repeat":"repeat","background-position":"center center","background-size":"auto","background-attachment":"scroll","background-type":"","background-media":"","overlay-type":"","overlay-color":"","overlay-opacity":"","overlay-gradient":""},"mobile":{"background-color":"","background-image":"","background-repeat":"repeat","background-position":"center center","background-size":"auto","background-attachment":"scroll","background-type":"","background-media":"","overlay-type":"","overlay-color":"","overlay-opacity":"","overlay-gradient":""}},"ast-content-background-meta":{"desktop":{"background-color":"var(--ast-global-color-4)","background-image":"","background-repeat":"repeat","background-position":"center center","background-size":"auto","background-attachment":"scroll","background-type":"","background-media":"","overlay-type":"","overlay-color":"","overlay-opacity":"","overlay-gradient":""},"tablet":{"background-color":"var(--ast-global-color-4)","background-image":"","background-repeat":"repeat","background-position":"center center","background-size":"auto","background-attachment":"scroll","background-type":"","background-media":"","overlay-type":"","overlay-color":"","overlay-opacity":"","overlay-gradient":""},"mobile":{"background-color":"var(--ast-global-color-4)","background-image":"","background-repeat":"repeat","background-position":"center center","background-size":"auto","background-attachment":"scroll","background-type":"","background-media":"","overlay-type":"","overlay-color":"","overlay-opacity":"","overlay-gradient":""}}},"product_brand":[23],"product_cat":[4331],"product_tag":[],"class_list":{"0":"post-81427","1":"product","2":"type-product","3":"status-publish","4":"has-post-thumbnail","6":"product_brand-asta","7":"product_cat-air-operated-waste-oli-drainer","8":"desktop-align-left","9":"tablet-align-left","10":"mobile-align-left","12":"first","13":"instock","14":"taxable","15":"shipping-taxable","16":"purchasable","17":"product-type-simple"},"_links":{"self":[{"href":"https:\/\/leniro.ee\/et\/wp-json\/wp\/v2\/product\/81427","targetHints":{"allow":["GET"]}}],"collection":[{"href":"https:\/\/leniro.ee\/et\/wp-json\/wp\/v2\/product"}],"about":[{"href":"https:\/\/leniro.ee\/et\/wp-json\/wp\/v2\/types\/product"}],"replies":[{"embeddable":true,"href":"https:\/\/leniro.ee\/et\/wp-json\/wp\/v2\/comments?post=81427"}],"wp:featuredmedia":[{"embeddable":true,"href":"https:\/\/leniro.ee\/et\/wp-json\/wp\/v2\/media\/81428"}],"wp:attachment":[{"href":"https:\/\/leniro.ee\/et\/wp-json\/wp\/v2\/media?parent=81427"}],"wp:term":[{"taxonomy":"product_brand","embeddable":true,"href":"https:\/\/leniro.ee\/et\/wp-json\/wp\/v2\/product_brand?post=81427"},{"taxonomy":"product_cat","embeddable":true,"href":"https:\/\/leniro.ee\/et\/wp-json\/wp\/v2\/product_cat?post=81427"},{"taxonomy":"product_tag","embeddable":true,"href":"https:\/\/leniro.ee\/et\/wp-json\/wp\/v2\/product_tag?post=81427"}],"curies":[{"name":"wp","href":"https:\/\/api.w.org\/{rel}","templated":true}]}}