{"id":81421,"date":"2026-04-03T18:46:59","date_gmt":"2026-04-03T18:46:59","guid":{"rendered":"https:\/\/leniro.ee\/toode\/radiator-pressure-tester-vacuum-type-cooling-system-kit\/"},"modified":"2026-04-03T18:47:00","modified_gmt":"2026-04-03T18:47:00","slug":"radiator-pressure-tester-vacuum-type-cooling-system-kit","status":"publish","type":"product","link":"https:\/\/leniro.ee\/et\/toode\/radiator-pressure-tester-vacuum-type-cooling-system-kit\/","title":{"rendered":"RADIAATORI R\u00d5HU TESTER JA VAAKUM-T\u00dc\u00dcPI JAHUTUSS\u00dcSTEEMI KOMPLEKT"},"content":{"rendered":"<p><span style=\"color:#0a0909;\">The instrument allows for easy diagnosis and quick detection of head gasket failure. <\/span><\/p>\n<p><span style=\"color:#0a0909;\">In the case of a damaged head gasket or the head of the combustion gases, including a CO2 goes into the cooling system. <\/span><\/p>\n<\/p>\n<p><span style=\"color:#0a0909;\">The principle of operation is based on the measurement of CO2 content in the cooling system.<\/span><\/p>\n<\/p>\n<p><span style=\"color:#0a0909;\"><strong>Set:<\/strong><\/span><\/p>\n<p><span style=\"color:#0a0909;\">\u2022The device for measuring the head gasket leak. (it has two chambers separated by a filter and a universal connection to the radiator cap)<\/span><\/p>\n<p><span style=\"color:#0a0909;\">\u2022Hand pump for sucking gas from the cooling system<\/span><\/p>\n<p><span style=\"color:#0a0909;\">\u2022The container with the liquid reaction medium 250ml<\/span><\/p>\n<p><span style=\"color:#0a0909;\">\u2022Empty container for waste fluid (liquid if the reaction did not change the color can be used several times, provided that they do not got to the coolant)<\/span><\/p>\n<p><span style=\"color:#0a0909;\">\u2022Connection terminated quick, allows for tight connection and thus more accurate measurement.<\/span><\/p>\n<p><span style=\"color:#0a0909;\"><strong>Applicable for:<\/strong><\/span><\/p>\n<p><span style=\"color:#0a0909;\">\u20221) Mercedes-Benz, GM (Buick) oraz Jeep\u00a0<\/span><\/p>\n<p><span style=\"color:#0a0909;\">\u20222) Peugeot, Subaru, Chrysler, Acura, GM (Nova, Spectrum and Sprint), Mitsubishi, Nissan, Mazda, Toyota, Infiniti, Geo, Suzuki, Isuzu oraz Ford\u00a0<\/span><\/p>\n<p><span style=\"color:#0a0909;\">\u20223) Honda, Toyota, Suzuki, Mitsubishi, Chrysler oraz Acura.<\/span><\/p><\/p>","protected":false},"excerpt":{"rendered":"<p>The instrument allows for easy diagnosis and quick detection of head gasket failure. In the case of a damaged head [&hellip;]<\/p>\n","protected":false},"featured_media":81422,"comment_status":"closed","ping_status":"open","template":"","meta":{"site-sidebar-layout":"default","site-content-layout":"","ast-site-content-layout":"default","site-content-style":"default","site-sidebar-style":"default","ast-global-header-display":"","ast-banner-title-visibility":"","ast-main-header-display":"","ast-hfb-above-header-display":"","ast-hfb-below-header-display":"","ast-hfb-mobile-header-display":"","site-post-title":"","ast-breadcrumbs-content":"","ast-featured-img":"","footer-sml-layout":"","ast-disable-related-posts":"","theme-transparent-header-meta":"","adv-header-id-meta":"","stick-header-meta":"","header-above-stick-meta":"","header-main-stick-meta":"","header-below-stick-meta":"","astra-migrate-meta-layouts":"default","ast-page-background-enabled":"default","ast-page-background-meta":{"desktop":{"background-color":"var(--ast-global-color-5)","background-image":"","background-repeat":"repeat","background-position":"center center","background-size":"auto","background-attachment":"scroll","background-type":"","background-media":"","overlay-type":"","overlay-color":"","overlay-opacity":"","overlay-gradient":""},"tablet":{"background-color":"","background-image":"","background-repeat":"repeat","background-position":"center center","background-size":"auto","background-attachment":"scroll","background-type":"","background-media":"","overlay-type":"","overlay-color":"","overlay-opacity":"","overlay-gradient":""},"mobile":{"background-color":"","background-image":"","background-repeat":"repeat","background-position":"center center","background-size":"auto","background-attachment":"scroll","background-type":"","background-media":"","overlay-type":"","overlay-color":"","overlay-opacity":"","overlay-gradient":""}},"ast-content-background-meta":{"desktop":{"background-color":"var(--ast-global-color-4)","background-image":"","background-repeat":"repeat","background-position":"center center","background-size":"auto","background-attachment":"scroll","background-type":"","background-media":"","overlay-type":"","overlay-color":"","overlay-opacity":"","overlay-gradient":""},"tablet":{"background-color":"var(--ast-global-color-4)","background-image":"","background-repeat":"repeat","background-position":"center center","background-size":"auto","background-attachment":"scroll","background-type":"","background-media":"","overlay-type":"","overlay-color":"","overlay-opacity":"","overlay-gradient":""},"mobile":{"background-color":"var(--ast-global-color-4)","background-image":"","background-repeat":"repeat","background-position":"center center","background-size":"auto","background-attachment":"scroll","background-type":"","background-media":"","overlay-type":"","overlay-color":"","overlay-opacity":"","overlay-gradient":""}}},"product_brand":[23],"product_cat":[4345],"product_tag":[],"class_list":{"0":"post-81421","1":"product","2":"type-product","3":"status-publish","4":"has-post-thumbnail","6":"product_brand-asta","7":"product_cat-cooling-system","8":"desktop-align-left","9":"tablet-align-left","10":"mobile-align-left","12":"first","13":"instock","14":"taxable","15":"shipping-taxable","16":"purchasable","17":"product-type-simple"},"_links":{"self":[{"href":"https:\/\/leniro.ee\/et\/wp-json\/wp\/v2\/product\/81421","targetHints":{"allow":["GET"]}}],"collection":[{"href":"https:\/\/leniro.ee\/et\/wp-json\/wp\/v2\/product"}],"about":[{"href":"https:\/\/leniro.ee\/et\/wp-json\/wp\/v2\/types\/product"}],"replies":[{"embeddable":true,"href":"https:\/\/leniro.ee\/et\/wp-json\/wp\/v2\/comments?post=81421"}],"wp:featuredmedia":[{"embeddable":true,"href":"https:\/\/leniro.ee\/et\/wp-json\/wp\/v2\/media\/81422"}],"wp:attachment":[{"href":"https:\/\/leniro.ee\/et\/wp-json\/wp\/v2\/media?parent=81421"}],"wp:term":[{"taxonomy":"product_brand","embeddable":true,"href":"https:\/\/leniro.ee\/et\/wp-json\/wp\/v2\/product_brand?post=81421"},{"taxonomy":"product_cat","embeddable":true,"href":"https:\/\/leniro.ee\/et\/wp-json\/wp\/v2\/product_cat?post=81421"},{"taxonomy":"product_tag","embeddable":true,"href":"https:\/\/leniro.ee\/et\/wp-json\/wp\/v2\/product_tag?post=81421"}],"curies":[{"name":"wp","href":"https:\/\/api.w.org\/{rel}","templated":true}]}}