{"id":81307,"date":"2026-04-03T18:46:43","date_gmt":"2026-04-03T18:46:43","guid":{"rendered":"https:\/\/leniro.ee\/toode\/954010-1-10pc-1-2-dr-triple-square-xzn-spline-socket-bit-set-m4-m18-metal-rail\/"},"modified":"2026-04-03T18:46:44","modified_gmt":"2026-04-03T18:46:44","slug":"954010-1-10pc-1-2-dr-triple-square-xzn-spline-socket-bit-set-m4-m18-metal-rail","status":"publish","type":"product","link":"https:\/\/leniro.ee\/et\/toode\/954010-1-10pc-1-2-dr-triple-square-xzn-spline-socket-bit-set-m4-m18-metal-rail\/","title":{"rendered":"954010-1 10tk 1\/2\" Dr Triple Square XZN Spline Spline mutriv\u00f5tme komplekt M4-M18 metallr\u00f6\u00f6pmel"},"content":{"rendered":"<p>Nr kat. size (mm) L (mm)<\/p>\n<p>740404\u00a0 \u00a0 \u00a0 \u00a0 \u00a0 4\u00a0 \u00a0 \u00a0 \u00a0 \u00a0 \u00a062<\/p>\n<p>740405\u00a0 \u00a0 \u00a0 \u00a0 \u00a0 5\u00a0 \u00a0 \u00a0 \u00a0 \u00a0 \u00a062<\/p>\n<p>740406\u00a0 \u00a0 \u00a0 \u00a0 \u00a0 6\u00a0 \u00a0 \u00a0 \u00a0 \u00a0 \u00a062<\/p>\n<p>740407\u00a0 \u00a0 \u00a0 \u00a0 \u00a0 7\u00a0 \u00a0 \u00a0 \u00a0 \u00a0 \u00a062<\/p>\n<p>740408\u00a0 \u00a0 \u00a0 \u00a0 \u00a0 8\u00a0 \u00a0 \u00a0 \u00a0 \u00a0 \u00a062<\/p>\n<p>740410\u00a0 \u00a0 \u00a0 \u00a0 10\u00a0 \u00a0 \u00a0 \u00a0 \u00a0 \u00a062<\/p>\n<p>740404\u00a0 \u00a0 \u00a0 \u00a0 12\u00a0 \u00a0 \u00a0 \u00a0 \u00a0 \u00a062<\/p>\n<p>740414\u00a0 \u00a0 \u00a0 \u00a0 14\u00a0 \u00a0 \u00a0 \u00a0 \u00a0 \u00a062<\/p>\n<p>740416\u00a0 \u00a0 \u00a0 \u00a016\u00a0 \u00a0 \u00a0 \u00a0 \u00a0 \u00a0 62<\/p>\n<p>740418\u00a0 \u00a0 \u00a0 \u00a018\u00a0 \u00a0 \u00a0 \u00a0 \u00a0 \u00a0 62<\/p>","protected":false},"excerpt":{"rendered":"<p>Nr kat. size (mm) L (mm) 740404\u00a0 \u00a0 \u00a0 \u00a0 \u00a0 4\u00a0 \u00a0 \u00a0 \u00a0 \u00a0 \u00a062 740405\u00a0 \u00a0 \u00a0 [&hellip;]<\/p>\n","protected":false},"featured_media":81308,"comment_status":"closed","ping_status":"open","template":"","meta":{"site-sidebar-layout":"default","site-content-layout":"","ast-site-content-layout":"default","site-content-style":"default","site-sidebar-style":"default","ast-global-header-display":"","ast-banner-title-visibility":"","ast-main-header-display":"","ast-hfb-above-header-display":"","ast-hfb-below-header-display":"","ast-hfb-mobile-header-display":"","site-post-title":"","ast-breadcrumbs-content":"","ast-featured-img":"","footer-sml-layout":"","ast-disable-related-posts":"","theme-transparent-header-meta":"","adv-header-id-meta":"","stick-header-meta":"","header-above-stick-meta":"","header-main-stick-meta":"","header-below-stick-meta":"","astra-migrate-meta-layouts":"default","ast-page-background-enabled":"default","ast-page-background-meta":{"desktop":{"background-color":"var(--ast-global-color-5)","background-image":"","background-repeat":"repeat","background-position":"center center","background-size":"auto","background-attachment":"scroll","background-type":"","background-media":"","overlay-type":"","overlay-color":"","overlay-opacity":"","overlay-gradient":""},"tablet":{"background-color":"","background-image":"","background-repeat":"repeat","background-position":"center center","background-size":"auto","background-attachment":"scroll","background-type":"","background-media":"","overlay-type":"","overlay-color":"","overlay-opacity":"","overlay-gradient":""},"mobile":{"background-color":"","background-image":"","background-repeat":"repeat","background-position":"center center","background-size":"auto","background-attachment":"scroll","background-type":"","background-media":"","overlay-type":"","overlay-color":"","overlay-opacity":"","overlay-gradient":""}},"ast-content-background-meta":{"desktop":{"background-color":"var(--ast-global-color-4)","background-image":"","background-repeat":"repeat","background-position":"center center","background-size":"auto","background-attachment":"scroll","background-type":"","background-media":"","overlay-type":"","overlay-color":"","overlay-opacity":"","overlay-gradient":""},"tablet":{"background-color":"var(--ast-global-color-4)","background-image":"","background-repeat":"repeat","background-position":"center center","background-size":"auto","background-attachment":"scroll","background-type":"","background-media":"","overlay-type":"","overlay-color":"","overlay-opacity":"","overlay-gradient":""},"mobile":{"background-color":"var(--ast-global-color-4)","background-image":"","background-repeat":"repeat","background-position":"center center","background-size":"auto","background-attachment":"scroll","background-type":"","background-media":"","overlay-type":"","overlay-color":"","overlay-opacity":"","overlay-gradient":""}}},"product_brand":[23],"product_cat":[4347],"product_tag":[],"class_list":{"0":"post-81307","1":"product","2":"type-product","3":"status-publish","4":"has-post-thumbnail","6":"product_brand-asta","7":"product_cat-seckets-set","8":"desktop-align-left","9":"tablet-align-left","10":"mobile-align-left","12":"first","13":"instock","14":"taxable","15":"shipping-taxable","16":"purchasable","17":"product-type-simple"},"_links":{"self":[{"href":"https:\/\/leniro.ee\/et\/wp-json\/wp\/v2\/product\/81307","targetHints":{"allow":["GET"]}}],"collection":[{"href":"https:\/\/leniro.ee\/et\/wp-json\/wp\/v2\/product"}],"about":[{"href":"https:\/\/leniro.ee\/et\/wp-json\/wp\/v2\/types\/product"}],"replies":[{"embeddable":true,"href":"https:\/\/leniro.ee\/et\/wp-json\/wp\/v2\/comments?post=81307"}],"wp:featuredmedia":[{"embeddable":true,"href":"https:\/\/leniro.ee\/et\/wp-json\/wp\/v2\/media\/81308"}],"wp:attachment":[{"href":"https:\/\/leniro.ee\/et\/wp-json\/wp\/v2\/media?parent=81307"}],"wp:term":[{"taxonomy":"product_brand","embeddable":true,"href":"https:\/\/leniro.ee\/et\/wp-json\/wp\/v2\/product_brand?post=81307"},{"taxonomy":"product_cat","embeddable":true,"href":"https:\/\/leniro.ee\/et\/wp-json\/wp\/v2\/product_cat?post=81307"},{"taxonomy":"product_tag","embeddable":true,"href":"https:\/\/leniro.ee\/et\/wp-json\/wp\/v2\/product_tag?post=81307"}],"curies":[{"name":"wp","href":"https:\/\/api.w.org\/{rel}","templated":true}]}}