{"id":81061,"date":"2026-04-03T18:46:11","date_gmt":"2026-04-03T18:46:11","guid":{"rendered":"https:\/\/leniro.ee\/toode\/pantograph-oil-suction-drainer-90-l\/"},"modified":"2026-04-03T18:46:12","modified_gmt":"2026-04-03T18:46:12","slug":"pantograafi-olipuudja-90-l","status":"publish","type":"product","link":"https:\/\/leniro.ee\/et\/toode\/pantograph-oil-suction-drainer-90-l\/","title":{"rendered":"PANTOGRAAFI \u00d5LIP\u00dc\u00dcDJA 90 L"},"content":{"rendered":"<table width=\"510\" style=\"height:651px;border:0px;margin:0px;padding:0px;list-style-type:none;border-collapse:collapse;border-spacing:0px;font-family:'Titillium Web', sans-serif;font-size:16px;background-color:#f7f7f7;\">\n<tbody style=\"border:0px;margin:0px;padding:0px;list-style-type:none;\">\n<tr style=\"border:0px;margin:0px;padding:0px;list-style-type:none;background:#ffffff;\">\n<th style=\"border:0px;margin:0px;padding:0px 0px 0px 20px;list-style-type:none;font-size:0.85em;font-family:Muli;text-align:left;color:#636363;\"><\/th>\n<th style=\"border:0px;margin:0px;padding:0px 0px 0px 20px;list-style-type:none;font-size:0.85em;font-family:Muli;text-align:left;color:#636363;\"><\/th>\n<\/tr>\n<tr style=\"border:0px;margin:0px;padding:0px;list-style-type:none;background:#f1f0f0;\">\n<td style=\"border:0px;margin:0px;padding:20px 0px 20px 20px;list-style-type:none;font-size:0.85em;font-family:Muli;color:#636363;\"><span style=\"color:#010101;font-family:Muli;\"><span style=\"font-size:13.6px;\">Mahuti mahutavus<\/span><\/span><\/td>\n<td style=\"border:0px;margin:0px;padding:20px 0px 20px 20px;list-style-type:none;font-size:0.85em;font-family:Muli;color:#636363;\"><span style=\"color:#010101;\">90l<\/span><\/td>\n<\/tr>\n<tr style=\"border:0px;margin:0px;padding:0px;list-style-type:none;background:#ffffff;\">\n<td style=\"border:0px;margin:0px;padding:20px 0px 20px 20px;list-style-type:none;font-size:0.85em;font-family:Muli;color:#636363;\"><span style=\"color:#010101;font-family:Muli;\"><span style=\"font-size:13.6px;\">Mahutavus t\u00e4ita vedelikuga<\/span><\/span><\/td>\n<td style=\"border:0px;margin:0px;padding:20px 0px 20px 20px;list-style-type:none;font-size:0.85em;font-family:Muli;color:#636363;\"><span style=\"color:#010101;\">65l<\/span><\/td>\n<\/tr>\n<tr style=\"border:0px;margin:0px;padding:0px;list-style-type:none;background:#f1f0f0;\">\n<td style=\"border:0px;margin:0px;padding:20px 0px 20px 20px;list-style-type:none;font-size:0.85em;font-family:Muli;color:#636363;\"><span style=\"color:#010101;font-family:Muli;\"><span style=\"font-size:13.6px;\">Kogumisn\u00f5u mahutavus<\/span><\/span><\/td>\n<td style=\"border:0px;margin:0px;padding:20px 0px 20px 20px;list-style-type:none;font-size:0.85em;font-family:Muli;color:#636363;\"><span style=\"color:#010101;\">65l<\/span><\/td>\n<\/tr>\n<tr style=\"border:0px;margin:0px;padding:0px;list-style-type:none;background:#ffffff;\">\n<td style=\"border:0px;margin:0px;padding:20px 0px 20px 20px;list-style-type:none;font-size:0.85em;font-family:Muli;color:#636363;\"><span style=\"color:#010101;font-family:Muli;\"><span style=\"font-size:13.6px;\">T\u00f6\u00f6r\u00f5hk<\/span><\/span><\/td>\n<td style=\"border:0px;margin:0px;padding:20px 0px 20px 20px;list-style-type:none;font-size:0.85em;font-family:Muli;color:#636363;\"><span style=\"color:#010101;\">7-8 baari<\/span><\/td>\n<\/tr>\n<tr style=\"border:0px;margin:0px;padding:0px;list-style-type:none;background:#f1f0f0;\">\n<td style=\"border:0px;margin:0px;padding:20px 0px 20px 20px;list-style-type:none;font-size:0.85em;font-family:Muli;color:#636363;\"><span style=\"color:#010101;font-family:Muli;\"><span style=\"font-size:13.6px;\">Imemisv\u00f5imsus<\/span><\/span><\/td>\n<td style=\"border:0px;margin:0px;padding:20px 0px 20px 20px;list-style-type:none;font-size:0.85em;font-family:Muli;color:#636363;\"><span style=\"color:#010101;\">2l\/min.<\/span><\/td>\n<\/tr>\n<tr style=\"border:0px;margin:0px;padding:0px;list-style-type:none;background:#ffffff;\">\n<td style=\"border:0px;margin:0px;padding:20px 0px 20px 20px;list-style-type:none;font-size:0.85em;font-family:Muli;color:#636363;\"><span style=\"color:#010101;font-family:Muli;\"><span style=\"font-size:13.6px;\">T\u00fchjendusjuhtme pikkus<\/span><\/span><\/td>\n<td style=\"border:0px;margin:0px;padding:20px 0px 20px 20px;list-style-type:none;font-size:0.85em;font-family:Muli;color:#636363;\"><span style=\"color:#010101;\">2m<\/span><\/td>\n<\/tr>\n<tr style=\"border:0px;margin:0px;padding:0px;list-style-type:none;background:#f1f0f0;\">\n<td style=\"border:0px;margin:0px;padding:20px 0px 20px 20px;list-style-type:none;font-size:0.85em;font-family:Muli;color:#636363;\"><span style=\"color:#010101;\">Maksimaalne k\u00f5rgus<\/span><\/td>\n<td style=\"border:0px;margin:0px;padding:20px 0px 20px 20px;list-style-type:none;font-size:0.85em;font-family:Muli;color:#636363;\"><span style=\"color:#010101;\">1540 mm<\/span><\/td>\n<\/tr>\n<tr style=\"border:0px;margin:0px;padding:0px;list-style-type:none;background:#ffffff;\">\n<td style=\"border:0px;margin:0px;padding:20px 0px 20px 20px;list-style-type:none;font-size:0.85em;font-family:Muli;color:#636363;\"><span style=\"color:#010101;\">Minimaalne k\u00f5rgus<\/span><\/td>\n<td style=\"border:0px;margin:0px;padding:20px 0px 20px 20px;list-style-type:none;font-size:0.85em;font-family:Muli;color:#636363;\"><span style=\"color:#010101;\">900 mm<\/span><\/td>\n<\/tr>\n<tr style=\"border:0px;margin:0px;padding:0px;list-style-type:none;background:#f1f0f0;\">\n<td style=\"border:0px;margin:0px;padding:20px 0px 20px 20px;list-style-type:none;font-size:0.85em;font-family:Muli;color:#636363;\"><span style=\"color:#010101;font-family:Muli;\"><span style=\"font-size:13.6px;\">Imitoru pikkus<\/span><\/span><\/td>\n<td style=\"border:0px;margin:0px;padding:20px 0px 20px 20px;list-style-type:none;font-size:0.85em;font-family:Muli;color:#636363;\"><span style=\"color:#010101;\">2 m<\/span><\/td>\n<\/tr>\n<tr style=\"border:0px;margin:0px;padding:0px;list-style-type:none;background:#ffffff;\">\n<td style=\"border:0px;margin:0px;padding:20px 0px 20px 20px;list-style-type:none;font-size:0.85em;font-family:Muli;color:#636363;\"><span style=\"color:#010101;font-family:Muli;\"><span style=\"font-size:13.6px;\">Kaal<\/span><\/span><\/td>\n<td style=\"border:0px;margin:0px;padding:20px 0px 20px 20px;list-style-type:none;font-size:0.85em;font-family:Muli;color:#636363;\">\n<p><span style=\"color:#010101;\">75 kg<\/span><\/p>\n<\/td>\n<\/tr>\n<\/tbody>\n<\/table>","protected":false},"excerpt":{"rendered":"<p>Tank capacity 90l Capacity to fill\u00a0with liquid 65l Collecting pan capacity 65l Working pressure 7-8 bar Intake capacity 2l\/min. Drain [&hellip;]<\/p>\n","protected":false},"featured_media":81062,"comment_status":"closed","ping_status":"open","template":"","meta":{"site-sidebar-layout":"default","site-content-layout":"","ast-site-content-layout":"default","site-content-style":"default","site-sidebar-style":"default","ast-global-header-display":"","ast-banner-title-visibility":"","ast-main-header-display":"","ast-hfb-above-header-display":"","ast-hfb-below-header-display":"","ast-hfb-mobile-header-display":"","site-post-title":"","ast-breadcrumbs-content":"","ast-featured-img":"","footer-sml-layout":"","ast-disable-related-posts":"","theme-transparent-header-meta":"","adv-header-id-meta":"","stick-header-meta":"","header-above-stick-meta":"","header-main-stick-meta":"","header-below-stick-meta":"","astra-migrate-meta-layouts":"default","ast-page-background-enabled":"default","ast-page-background-meta":{"desktop":{"background-color":"var(--ast-global-color-5)","background-image":"","background-repeat":"repeat","background-position":"center center","background-size":"auto","background-attachment":"scroll","background-type":"","background-media":"","overlay-type":"","overlay-color":"","overlay-opacity":"","overlay-gradient":""},"tablet":{"background-color":"","background-image":"","background-repeat":"repeat","background-position":"center center","background-size":"auto","background-attachment":"scroll","background-type":"","background-media":"","overlay-type":"","overlay-color":"","overlay-opacity":"","overlay-gradient":""},"mobile":{"background-color":"","background-image":"","background-repeat":"repeat","background-position":"center center","background-size":"auto","background-attachment":"scroll","background-type":"","background-media":"","overlay-type":"","overlay-color":"","overlay-opacity":"","overlay-gradient":""}},"ast-content-background-meta":{"desktop":{"background-color":"var(--ast-global-color-4)","background-image":"","background-repeat":"repeat","background-position":"center center","background-size":"auto","background-attachment":"scroll","background-type":"","background-media":"","overlay-type":"","overlay-color":"","overlay-opacity":"","overlay-gradient":""},"tablet":{"background-color":"var(--ast-global-color-4)","background-image":"","background-repeat":"repeat","background-position":"center center","background-size":"auto","background-attachment":"scroll","background-type":"","background-media":"","overlay-type":"","overlay-color":"","overlay-opacity":"","overlay-gradient":""},"mobile":{"background-color":"var(--ast-global-color-4)","background-image":"","background-repeat":"repeat","background-position":"center center","background-size":"auto","background-attachment":"scroll","background-type":"","background-media":"","overlay-type":"","overlay-color":"","overlay-opacity":"","overlay-gradient":""}}},"product_brand":[23],"product_cat":[4331],"product_tag":[],"class_list":{"0":"post-81061","1":"product","2":"type-product","3":"status-publish","4":"has-post-thumbnail","6":"product_brand-asta","7":"product_cat-air-operated-waste-oli-drainer","8":"desktop-align-left","9":"tablet-align-left","10":"mobile-align-left","12":"first","13":"instock","14":"taxable","15":"shipping-taxable","16":"purchasable","17":"product-type-simple"},"_links":{"self":[{"href":"https:\/\/leniro.ee\/et\/wp-json\/wp\/v2\/product\/81061","targetHints":{"allow":["GET"]}}],"collection":[{"href":"https:\/\/leniro.ee\/et\/wp-json\/wp\/v2\/product"}],"about":[{"href":"https:\/\/leniro.ee\/et\/wp-json\/wp\/v2\/types\/product"}],"replies":[{"embeddable":true,"href":"https:\/\/leniro.ee\/et\/wp-json\/wp\/v2\/comments?post=81061"}],"wp:featuredmedia":[{"embeddable":true,"href":"https:\/\/leniro.ee\/et\/wp-json\/wp\/v2\/media\/81062"}],"wp:attachment":[{"href":"https:\/\/leniro.ee\/et\/wp-json\/wp\/v2\/media?parent=81061"}],"wp:term":[{"taxonomy":"product_brand","embeddable":true,"href":"https:\/\/leniro.ee\/et\/wp-json\/wp\/v2\/product_brand?post=81061"},{"taxonomy":"product_cat","embeddable":true,"href":"https:\/\/leniro.ee\/et\/wp-json\/wp\/v2\/product_cat?post=81061"},{"taxonomy":"product_tag","embeddable":true,"href":"https:\/\/leniro.ee\/et\/wp-json\/wp\/v2\/product_tag?post=81061"}],"curies":[{"name":"wp","href":"https:\/\/api.w.org\/{rel}","templated":true}]}}