{"id":80965,"date":"2026-04-03T18:45:55","date_gmt":"2026-04-03T18:45:55","guid":{"rendered":"https:\/\/leniro.ee\/toode\/locking-tool-set-for-ford-2-0-2-4-tddi-tdci\/"},"modified":"2026-04-03T18:45:57","modified_gmt":"2026-04-03T18:45:57","slug":"locking-tool-set-for-ford-2-0-2-4-tddi-tdci","status":"publish","type":"product","link":"https:\/\/leniro.ee\/et\/toode\/locking-tool-set-for-ford-2-0-2-4-tddi-tdci\/","title":{"rendered":"Lukustust\u00f6\u00f6riistade komplekt Ford 2.0 \/ 2.4 TDDi \/ TDCi jaoks"},"content":{"rendered":"<p><span style=\"color:#0b0b0b;\"><strong>ENGINES<\/strong><\/span><\/p>\n<p><span style=\"color:#0b0b0b;\">\u20222.0\u2013ABFA, D3FA, D5BA, D6BA, F3FA, FIFA, FMBA, HJBA, HJBB, HJBC, HJBE, N7BA, N7BB<\/span><\/p>\n<p><span style=\"color:#0b0b0b;\">\u20222.2 (Pompa HP nap\u0119dzana \u0142a\u0144cuchem)\u2013 QJBA(BG), QJBB, QJBC, QJBD<\/span><\/p>\n<p><span style=\"color:#0b0b0b;\">\u20222.2 (Pompa HP nap\u0119dzana paskiem) \u2013 4HM, 4HU, 4HV, P8FA, P22DTE, QVFA, QWFA<\/span><\/p>\n<p><span style=\"color:#0b0b0b;\">\u20222.4\u2013244DT,D0FA, D2FA, D2FB, D4FA, F4FA, FXFA, H9FA, H9FB, HEFA, HFFA, JXFA, PHFA, ZSD 424<\/span><\/p>\n<p><span style=\"color:#0b0b0b;\">\u20223.2\u2013SAFA (tylko rozrz\u0105d)<\/span><\/p>\n<\/p>\n<p><span style=\"color:#0b0b0b;\"><strong>MODELS<\/strong><\/span><\/p>\n<p><span style=\"color:#0b0b0b;\"><strong>\u2022FORD:<\/strong> Mondeo (00-07) Transit (00-11)<\/span><\/p>\n<p><span style=\"color:#0b0b0b;\"><strong>\u2022FIAT:<\/strong> Ducato (06-11)<\/span><\/p>\n<p><span style=\"color:#0b0b0b;\"><strong>\u2022JAGUAR:<\/strong> X-Type (01-10)<\/span><\/p>\n<p><span style=\"color:#0b0b0b;\"><strong>\u2022LAND ROVER:<\/strong> Defender (07-11)<\/span><\/p>\n<p><span style=\"color:#0b0b0b;\"><strong>\u2022CITRO\u00cbN:<\/strong>Relay (06-11)<\/span><\/p>\n<p><span style=\"color:#0b0b0b;\"><strong>\u2022PEUGEOT:<\/strong> Boxer 3 (06-11)<\/span><\/p>\n<p><span style=\"color:#0b0b0b;\"><strong>\u2022LDV:<\/strong> Convoy (02-06)<\/span><\/p>","protected":false},"excerpt":{"rendered":"<p>ENGINES \u20222.0\u2013ABFA, D3FA, D5BA, D6BA, F3FA, FIFA, FMBA, HJBA, HJBB, HJBC, HJBE, N7BA, N7BB \u20222.2 (Pompa HP nap\u0119dzana \u0142a\u0144cuchem)\u2013 QJBA(BG), [&hellip;]<\/p>\n","protected":false},"featured_media":80966,"comment_status":"closed","ping_status":"open","template":"","meta":{"site-sidebar-layout":"default","site-content-layout":"","ast-site-content-layout":"default","site-content-style":"default","site-sidebar-style":"default","ast-global-header-display":"","ast-banner-title-visibility":"","ast-main-header-display":"","ast-hfb-above-header-display":"","ast-hfb-below-header-display":"","ast-hfb-mobile-header-display":"","site-post-title":"","ast-breadcrumbs-content":"","ast-featured-img":"","footer-sml-layout":"","ast-disable-related-posts":"","theme-transparent-header-meta":"","adv-header-id-meta":"","stick-header-meta":"","header-above-stick-meta":"","header-main-stick-meta":"","header-below-stick-meta":"","astra-migrate-meta-layouts":"default","ast-page-background-enabled":"default","ast-page-background-meta":{"desktop":{"background-color":"var(--ast-global-color-5)","background-image":"","background-repeat":"repeat","background-position":"center center","background-size":"auto","background-attachment":"scroll","background-type":"","background-media":"","overlay-type":"","overlay-color":"","overlay-opacity":"","overlay-gradient":""},"tablet":{"background-color":"","background-image":"","background-repeat":"repeat","background-position":"center center","background-size":"auto","background-attachment":"scroll","background-type":"","background-media":"","overlay-type":"","overlay-color":"","overlay-opacity":"","overlay-gradient":""},"mobile":{"background-color":"","background-image":"","background-repeat":"repeat","background-position":"center center","background-size":"auto","background-attachment":"scroll","background-type":"","background-media":"","overlay-type":"","overlay-color":"","overlay-opacity":"","overlay-gradient":""}},"ast-content-background-meta":{"desktop":{"background-color":"var(--ast-global-color-4)","background-image":"","background-repeat":"repeat","background-position":"center center","background-size":"auto","background-attachment":"scroll","background-type":"","background-media":"","overlay-type":"","overlay-color":"","overlay-opacity":"","overlay-gradient":""},"tablet":{"background-color":"var(--ast-global-color-4)","background-image":"","background-repeat":"repeat","background-position":"center center","background-size":"auto","background-attachment":"scroll","background-type":"","background-media":"","overlay-type":"","overlay-color":"","overlay-opacity":"","overlay-gradient":""},"mobile":{"background-color":"var(--ast-global-color-4)","background-image":"","background-repeat":"repeat","background-position":"center center","background-size":"auto","background-attachment":"scroll","background-type":"","background-media":"","overlay-type":"","overlay-color":"","overlay-opacity":"","overlay-gradient":""}}},"product_brand":[23],"product_cat":[4355],"product_tag":[],"class_list":{"0":"post-80965","1":"product","2":"type-product","3":"status-publish","4":"has-post-thumbnail","6":"product_brand-asta","7":"product_cat-ford","8":"desktop-align-left","9":"tablet-align-left","10":"mobile-align-left","12":"first","13":"instock","14":"taxable","15":"shipping-taxable","16":"purchasable","17":"product-type-simple"},"_links":{"self":[{"href":"https:\/\/leniro.ee\/et\/wp-json\/wp\/v2\/product\/80965","targetHints":{"allow":["GET"]}}],"collection":[{"href":"https:\/\/leniro.ee\/et\/wp-json\/wp\/v2\/product"}],"about":[{"href":"https:\/\/leniro.ee\/et\/wp-json\/wp\/v2\/types\/product"}],"replies":[{"embeddable":true,"href":"https:\/\/leniro.ee\/et\/wp-json\/wp\/v2\/comments?post=80965"}],"wp:featuredmedia":[{"embeddable":true,"href":"https:\/\/leniro.ee\/et\/wp-json\/wp\/v2\/media\/80966"}],"wp:attachment":[{"href":"https:\/\/leniro.ee\/et\/wp-json\/wp\/v2\/media?parent=80965"}],"wp:term":[{"taxonomy":"product_brand","embeddable":true,"href":"https:\/\/leniro.ee\/et\/wp-json\/wp\/v2\/product_brand?post=80965"},{"taxonomy":"product_cat","embeddable":true,"href":"https:\/\/leniro.ee\/et\/wp-json\/wp\/v2\/product_cat?post=80965"},{"taxonomy":"product_tag","embeddable":true,"href":"https:\/\/leniro.ee\/et\/wp-json\/wp\/v2\/product_tag?post=80965"}],"curies":[{"name":"wp","href":"https:\/\/api.w.org\/{rel}","templated":true}]}}