{"id":80732,"date":"2026-04-03T18:45:25","date_gmt":"2026-04-03T18:45:25","guid":{"rendered":"https:\/\/leniro.ee\/toode\/electric-brake-bleeding-device-with-accessory\/"},"modified":"2026-04-03T18:45:28","modified_gmt":"2026-04-03T18:45:28","slug":"elektriline-pidurite-tuhjendusseade-koos-lisaseadmega","status":"publish","type":"product","link":"https:\/\/leniro.ee\/et\/toode\/electric-brake-bleeding-device-with-accessory\/","title":{"rendered":"ELEKTRILINE PIDURITE T\u00dcHJENDUSSEADE KOOS LISASEADMEGA"},"content":{"rendered":"<p><span style=\"color:#0e0d0d;\">Roostevabast terasest elektriline piduri hooldusseade. Kompaktne ja mobiilne versioon koos manomeetri, voolikute ja 12 V aku \u00fchenduskaabliga. Seadet iseloomustab kiire, lihtne ja ohutu t\u00f6\u00f6..:<\/span><\/p>\n<p><span style=\"color:#0e0d0d;\">- Automaatne v\u00e4ljal\u00fclitus, kui mahuti on t\u00fchi - ei teki r\u00f5hku<\/span><\/p>\n<p><span style=\"color:#0e0d0d;\">- Automaatne r\u00f5hu alandamine v\u00f5imaldab adapteri r\u00f5huta eemaldamist s\u00f5iduki paisupaagist.<\/span><\/p>\n<p><span style=\"color:#0e0d0d;\">-Ona-mehe operatsioon<\/span><\/p>\n<p><span style=\"color:#0e0d0d;\">- Seadme konstruktsioon takistab pidurivedeliku lekkimist - ohutu keskkonnale<\/span><\/p>\n<p><span style=\"color:#0e0d0d;\">- Kohaldatakse ka ABS-s\u00fcsteemidega<\/span><\/p>\n<p><span style=\"color:#0e0d0d;\">- Korpus, INOX (roostevaba teras)<\/span><\/p>\n<p><span style=\"color:#0e0d0d;\">-0 - 2,5 bar reguleeritav r\u00f5hk<\/span><\/p>\n<p><span style=\"color:#0e0d0d;\">-Konteineri suurus: 5 liitrit<\/span><\/p>\n<p><span style=\"color:#0e0d0d;\">- T\u00e4itevooliku pikkus, 3m koos kiirliitmikuga<\/span><\/p>\n<p><span style=\"color:#0e0d0d;\">- Pinge: 12V - autoaku toide<\/span><\/p>\n<p><span style=\"color:#0e0d0d;\">- Kaal umbes 13.20kg<\/span><\/p>\n<p><span style=\"color:#0e0d0d;\">- M\u00f5\u00f5tmed (k\u00f5rgus x laius x s\u00fcgavus), 830mm x330mmx290mm<\/span><\/p>\n<p><span style=\"color:#0e0d0d;\">Kohaletoimetamine:<\/span><\/p>\n<p><span style=\"color:#0e0d0d;\">- Pidurite t\u00fchjendusseade<\/span><\/p>\n<p><span style=\"color:#0e0d0d;\">- 3m t\u00e4itevoolik kiir\u00fchendusega<\/span><\/p>\n<p><span style=\"color:#0e0d0d;\">- Pidurivedeliku paisupaagi adapter - Euroopa s\u00f5idukid<\/span><\/p>","protected":false},"excerpt":{"rendered":"<p>Electric brake maintenance device made of stainless steel. Compact and mobile version with pressure gauge, hoses and 12V battery connection [&hellip;]<\/p>\n","protected":false},"featured_media":80733,"comment_status":"closed","ping_status":"open","template":"","meta":{"site-sidebar-layout":"default","site-content-layout":"","ast-site-content-layout":"default","site-content-style":"default","site-sidebar-style":"default","ast-global-header-display":"","ast-banner-title-visibility":"","ast-main-header-display":"","ast-hfb-above-header-display":"","ast-hfb-below-header-display":"","ast-hfb-mobile-header-display":"","site-post-title":"","ast-breadcrumbs-content":"","ast-featured-img":"","footer-sml-layout":"","ast-disable-related-posts":"","theme-transparent-header-meta":"","adv-header-id-meta":"","stick-header-meta":"","header-above-stick-meta":"","header-main-stick-meta":"","header-below-stick-meta":"","astra-migrate-meta-layouts":"default","ast-page-background-enabled":"default","ast-page-background-meta":{"desktop":{"background-color":"var(--ast-global-color-5)","background-image":"","background-repeat":"repeat","background-position":"center center","background-size":"auto","background-attachment":"scroll","background-type":"","background-media":"","overlay-type":"","overlay-color":"","overlay-opacity":"","overlay-gradient":""},"tablet":{"background-color":"","background-image":"","background-repeat":"repeat","background-position":"center center","background-size":"auto","background-attachment":"scroll","background-type":"","background-media":"","overlay-type":"","overlay-color":"","overlay-opacity":"","overlay-gradient":""},"mobile":{"background-color":"","background-image":"","background-repeat":"repeat","background-position":"center center","background-size":"auto","background-attachment":"scroll","background-type":"","background-media":"","overlay-type":"","overlay-color":"","overlay-opacity":"","overlay-gradient":""}},"ast-content-background-meta":{"desktop":{"background-color":"var(--ast-global-color-4)","background-image":"","background-repeat":"repeat","background-position":"center center","background-size":"auto","background-attachment":"scroll","background-type":"","background-media":"","overlay-type":"","overlay-color":"","overlay-opacity":"","overlay-gradient":""},"tablet":{"background-color":"var(--ast-global-color-4)","background-image":"","background-repeat":"repeat","background-position":"center center","background-size":"auto","background-attachment":"scroll","background-type":"","background-media":"","overlay-type":"","overlay-color":"","overlay-opacity":"","overlay-gradient":""},"mobile":{"background-color":"var(--ast-global-color-4)","background-image":"","background-repeat":"repeat","background-position":"center center","background-size":"auto","background-attachment":"scroll","background-type":"","background-media":"","overlay-type":"","overlay-color":"","overlay-opacity":"","overlay-gradient":""}}},"product_brand":[23],"product_cat":[4344],"product_tag":[],"class_list":{"0":"post-80732","1":"product","2":"type-product","3":"status-publish","4":"has-post-thumbnail","6":"product_brand-asta","7":"product_cat-brakes-system","8":"desktop-align-left","9":"tablet-align-left","10":"mobile-align-left","12":"first","13":"instock","14":"taxable","15":"shipping-taxable","16":"purchasable","17":"product-type-simple"},"_links":{"self":[{"href":"https:\/\/leniro.ee\/et\/wp-json\/wp\/v2\/product\/80732","targetHints":{"allow":["GET"]}}],"collection":[{"href":"https:\/\/leniro.ee\/et\/wp-json\/wp\/v2\/product"}],"about":[{"href":"https:\/\/leniro.ee\/et\/wp-json\/wp\/v2\/types\/product"}],"replies":[{"embeddable":true,"href":"https:\/\/leniro.ee\/et\/wp-json\/wp\/v2\/comments?post=80732"}],"wp:featuredmedia":[{"embeddable":true,"href":"https:\/\/leniro.ee\/et\/wp-json\/wp\/v2\/media\/80733"}],"wp:attachment":[{"href":"https:\/\/leniro.ee\/et\/wp-json\/wp\/v2\/media?parent=80732"}],"wp:term":[{"taxonomy":"product_brand","embeddable":true,"href":"https:\/\/leniro.ee\/et\/wp-json\/wp\/v2\/product_brand?post=80732"},{"taxonomy":"product_cat","embeddable":true,"href":"https:\/\/leniro.ee\/et\/wp-json\/wp\/v2\/product_cat?post=80732"},{"taxonomy":"product_tag","embeddable":true,"href":"https:\/\/leniro.ee\/et\/wp-json\/wp\/v2\/product_tag?post=80732"}],"curies":[{"name":"wp","href":"https:\/\/api.w.org\/{rel}","templated":true}]}}