{"id":80209,"date":"2026-04-03T18:44:20","date_gmt":"2026-04-03T18:44:20","guid":{"rendered":"https:\/\/leniro.ee\/toode\/17mm-hex-allen-socket-key-bit-tool-1-2-drive-h17-short-62mm-in-length\/"},"modified":"2026-04-03T18:44:23","modified_gmt":"2026-04-03T18:44:23","slug":"17mm-kuuskantvotme-mutrivotme-tooriist-1-2-drive-h17-luhike-62mm-pikkusega","status":"publish","type":"product","link":"https:\/\/leniro.ee\/et\/toode\/17mm-hex-allen-socket-key-bit-tool-1-2-drive-h17-short-62mm-in-length\/","title":{"rendered":"17mm kuusnurkse\/ kuuskant mutriv\u00f5tme t\u00f6\u00f6riist 1\/2\" Drive H17 l\u00fchike 62mm pikkusega"},"content":{"rendered":"<p><img decoding=\"async\" class=\"alignright\" src=\"http:\/\/www.techman.com.pl\/wp-content\/uploads\/2019\/02\/Rysunek-do-720202...-2.jpg\" width=\"203\" height=\"203\" alt=\"Rysunek-do-720202...-2.jpg\" \/><\/p>\n<table class=\"MsoNormalTable\" border=\"0\" cellspacing=\"0\" cellpadding=\"0\" width=\"460\" style=\"width:345pt;background:#F7F7F7;border-collapse:collapse;\">\n<tbody>\n<tr>\n<td width=\"92\" style=\"width:69pt;background:#FFFFFF;padding:15pt 0cm 15pt 15pt;\"><\/td>\n<td width=\"92\" style=\"width:69pt;background:#FFFFFF;padding:15pt 0cm 15pt 15pt;\">\n<p class=\"MsoNormal\"><span style=\"color:#100f0f;\"><b>Suurus (mm)<\/b><\/span><\/p>\n<\/p>\n<p><span style=\"color:#100f0f;\"><b><\/b><\/span><\/td>\n<td width=\"92\" style=\"width:69pt;background:#FFFFFF;padding:15pt 0cm 15pt 15pt;\">\n<p class=\"MsoNormal\"><span style=\"color:#100f0f;\"><b>D2 (mm)<\/b><\/span><\/p>\n<\/p>\n<p><span style=\"color:#100f0f;\"><b><\/b><\/span><\/td>\n<td width=\"92\" style=\"width:69pt;background:#FFFFFF;padding:15pt 0cm 15pt 15pt;\">\n<p class=\"MsoNormal\"><span style=\"color:#100f0f;\"><b>T (mm)<\/b><\/span><\/p>\n<\/p>\n<p><span style=\"color:#100f0f;\"><b><\/b><\/span><\/td>\n<td width=\"92\" style=\"width:69pt;background:#FFFFFF;padding:15pt 0cm 15pt 15pt;\">\n<p class=\"MsoNormal\"><span style=\"color:#100f0f;\"><b>L (mm)<\/b><\/span><\/p>\n<\/p>\n<p><span style=\"color:#100f0f;\"><b><\/b><\/span><\/td>\n<\/tr>\n<tr>\n<td style=\"background:#F1F0F0;padding:15pt 0cm 15pt 15pt;\">\n<p class=\"MsoNormal\"><span style=\"color:#100f0f;\">720404<\/span><\/p>\n<\/p>\n<\/td>\n<td style=\"background:#F1F0F0;padding:15pt 0cm 15pt 15pt;\">\n<p class=\"MsoNormal\"><span style=\"color:#100f0f;\">4<\/span><\/p>\n<\/p>\n<\/td>\n<td style=\"background:#F1F0F0;padding:15pt 0cm 15pt 15pt;\">\n<p class=\"MsoNormal\"><span style=\"color:#100f0f;\">23,9<\/span><\/p>\n<\/p>\n<\/td>\n<td style=\"background:#F1F0F0;padding:15pt 0cm 15pt 15pt;\">\n<p class=\"MsoNormal\"><span style=\"color:#100f0f;\">24<\/span><\/p>\n<\/p>\n<\/td>\n<td style=\"background:#F1F0F0;padding:15pt 0cm 15pt 15pt;\">\n<p class=\"MsoNormal\"><span style=\"color:#100f0f;\">62<\/span><\/p>\n<\/p>\n<\/td>\n<\/tr>\n<tr>\n<td style=\"background:#FFFFFF;padding:15pt 0cm 15pt 15pt;\">\n<p class=\"MsoNormal\"><span style=\"color:#100f0f;\">720405<\/span><\/p>\n<\/p>\n<\/td>\n<td style=\"background:#FFFFFF;padding:15pt 0cm 15pt 15pt;\">\n<p class=\"MsoNormal\"><span style=\"color:#100f0f;\">5<\/span><\/p>\n<\/p>\n<\/td>\n<td style=\"background:#FFFFFF;padding:15pt 0cm 15pt 15pt;\">\n<p class=\"MsoNormal\"><span style=\"color:#100f0f;\">23,9<\/span><\/p>\n<\/p>\n<\/td>\n<td style=\"background:#FFFFFF;padding:15pt 0cm 15pt 15pt;\">\n<p class=\"MsoNormal\"><span style=\"color:#100f0f;\">24<\/span><\/p>\n<\/p>\n<\/td>\n<td style=\"background:#FFFFFF;padding:15pt 0cm 15pt 15pt;\">\n<p class=\"MsoNormal\"><span style=\"color:#100f0f;\">62<\/span><\/p>\n<\/p>\n<\/td>\n<\/tr>\n<tr>\n<td style=\"background:#F1F0F0;padding:15pt 0cm 15pt 15pt;\">\n<p class=\"MsoNormal\"><span style=\"color:#100f0f;\">720406<\/span><\/p>\n<\/p>\n<\/td>\n<td style=\"background:#F1F0F0;padding:15pt 0cm 15pt 15pt;\">\n<p class=\"MsoNormal\"><span style=\"color:#100f0f;\">6<\/span><\/p>\n<\/p>\n<\/td>\n<td style=\"background:#F1F0F0;padding:15pt 0cm 15pt 15pt;\">\n<p class=\"MsoNormal\"><span style=\"color:#100f0f;\">23,9<\/span><\/p>\n<\/p>\n<\/td>\n<td style=\"background:#F1F0F0;padding:15pt 0cm 15pt 15pt;\">\n<p class=\"MsoNormal\"><span style=\"color:#100f0f;\">24<\/span><\/p>\n<\/p>\n<\/td>\n<td style=\"background:#F1F0F0;padding:15pt 0cm 15pt 15pt;\">\n<p class=\"MsoNormal\"><span style=\"color:#100f0f;\">62<\/span><\/p>\n<\/p>\n<\/td>\n<\/tr>\n<tr>\n<td style=\"background:#FFFFFF;padding:15pt 0cm 15pt 15pt;\">\n<p class=\"MsoNormal\"><span style=\"color:#100f0f;\">720407<\/span><\/p>\n<\/p>\n<\/td>\n<td style=\"background:#FFFFFF;padding:15pt 0cm 15pt 15pt;\">\n<p class=\"MsoNormal\"><span style=\"color:#100f0f;\">7<\/span><\/p>\n<\/p>\n<\/td>\n<td style=\"background:#FFFFFF;padding:15pt 0cm 15pt 15pt;\">\n<p class=\"MsoNormal\"><span style=\"color:#100f0f;\">23,9<\/span><\/p>\n<\/p>\n<\/td>\n<td style=\"background:#FFFFFF;padding:15pt 0cm 15pt 15pt;\">\n<p class=\"MsoNormal\"><span style=\"color:#100f0f;\">24<\/span><\/p>\n<\/p>\n<\/td>\n<td style=\"background:#FFFFFF;padding:15pt 0cm 15pt 15pt;\">\n<p class=\"MsoNormal\"><span style=\"color:#100f0f;\">62<\/span><\/p>\n<\/p>\n<\/td>\n<\/tr>\n<tr>\n<td style=\"background:#F1F0F0;padding:15pt 0cm 15pt 15pt;\">\n<p class=\"MsoNormal\"><span style=\"color:#100f0f;\">720408<\/span><\/p>\n<\/p>\n<\/td>\n<td style=\"background:#F1F0F0;padding:15pt 0cm 15pt 15pt;\">\n<p class=\"MsoNormal\"><span style=\"color:#100f0f;\">8<\/span><\/p>\n<\/p>\n<\/td>\n<td style=\"background:#F1F0F0;padding:15pt 0cm 15pt 15pt;\">\n<p class=\"MsoNormal\"><span style=\"color:#100f0f;\">23,9<\/span><\/p>\n<\/p>\n<\/td>\n<td style=\"background:#F1F0F0;padding:15pt 0cm 15pt 15pt;\">\n<p class=\"MsoNormal\"><span style=\"color:#100f0f;\">24<\/span><\/p>\n<\/p>\n<\/td>\n<td style=\"background:#F1F0F0;padding:15pt 0cm 15pt 15pt;\">\n<p class=\"MsoNormal\"><span style=\"color:#100f0f;\">62<\/span><\/p>\n<\/p>\n<\/td>\n<\/tr>\n<tr>\n<td style=\"background:#FFFFFF;padding:15pt 0cm 15pt 15pt;\">\n<p class=\"MsoNormal\"><span style=\"color:#100f0f;\">720410<\/span><\/p>\n<\/p>\n<\/td>\n<td style=\"background:#FFFFFF;padding:15pt 0cm 15pt 15pt;\">\n<p class=\"MsoNormal\"><span style=\"color:#100f0f;\">10<\/span><\/p>\n<\/p>\n<\/td>\n<td style=\"background:#FFFFFF;padding:15pt 0cm 15pt 15pt;\">\n<p class=\"MsoNormal\"><span style=\"color:#100f0f;\">23,9<\/span><\/p>\n<\/p>\n<\/td>\n<td style=\"background:#FFFFFF;padding:15pt 0cm 15pt 15pt;\">\n<p class=\"MsoNormal\"><span style=\"color:#100f0f;\">24<\/span><\/p>\n<\/p>\n<\/td>\n<td style=\"background:#FFFFFF;padding:15pt 0cm 15pt 15pt;\">\n<p class=\"MsoNormal\"><span style=\"color:#100f0f;\">62<\/span><\/p>\n<\/p>\n<\/td>\n<\/tr>\n<tr>\n<td style=\"background:#F1F0F0;padding:15pt 0cm 15pt 15pt;\">\n<p class=\"MsoNormal\"><span style=\"color:#100f0f;\">720412<\/span><\/p>\n<\/p>\n<\/td>\n<td style=\"background:#F1F0F0;padding:15pt 0cm 15pt 15pt;\">\n<p class=\"MsoNormal\"><span style=\"color:#100f0f;\">12<\/span><\/p>\n<\/p>\n<\/td>\n<td style=\"background:#F1F0F0;padding:15pt 0cm 15pt 15pt;\">\n<p class=\"MsoNormal\"><span style=\"color:#100f0f;\">23,9<\/span><\/p>\n<\/p>\n<\/td>\n<td style=\"background:#F1F0F0;padding:15pt 0cm 15pt 15pt;\">\n<p class=\"MsoNormal\"><span style=\"color:#100f0f;\">24<\/span><\/p>\n<\/p>\n<\/td>\n<td style=\"background:#F1F0F0;padding:15pt 0cm 15pt 15pt;\">\n<p class=\"MsoNormal\"><span style=\"color:#100f0f;\">62<\/span><\/p>\n<\/p>\n<\/td>\n<\/tr>\n<tr>\n<td style=\"background:#FFFFFF;padding:15pt 0cm 15pt 15pt;\">\n<p class=\"MsoNormal\"><span style=\"color:#100f0f;\">720414<\/span><\/p>\n<\/p>\n<\/td>\n<td style=\"background:#FFFFFF;padding:15pt 0cm 15pt 15pt;\">\n<p class=\"MsoNormal\"><span style=\"color:#100f0f;\">14<\/span><\/p>\n<\/p>\n<\/td>\n<td style=\"background:#FFFFFF;padding:15pt 0cm 15pt 15pt;\">\n<p class=\"MsoNormal\"><span style=\"color:#100f0f;\">23,9<\/span><\/p>\n<\/p>\n<\/td>\n<td style=\"background:#FFFFFF;padding:15pt 0cm 15pt 15pt;\">\n<p class=\"MsoNormal\"><span style=\"color:#100f0f;\">24<\/span><\/p>\n<\/p>\n<\/td>\n<td style=\"background:#FFFFFF;padding:15pt 0cm 15pt 15pt;\">\n<p class=\"MsoNormal\"><span style=\"color:#100f0f;\">62<\/span><\/p>\n<\/p>\n<\/td>\n<\/tr>\n<tr>\n<td style=\"background:#F1F0F0;padding:15pt 0cm 15pt 15pt;\">\n<p class=\"MsoNormal\"><span style=\"color:#100f0f;\">720416<\/span><\/p>\n<\/p>\n<\/td>\n<td style=\"background:#F1F0F0;padding:15pt 0cm 15pt 15pt;\">\n<p class=\"MsoNormal\"><span style=\"color:#100f0f;\">16<\/span><\/p>\n<\/p>\n<\/td>\n<td style=\"background:#F1F0F0;padding:15pt 0cm 15pt 15pt;\">\n<p class=\"MsoNormal\"><span style=\"color:#100f0f;\">25,9<\/span><\/p>\n<\/p>\n<\/td>\n<td style=\"background:#F1F0F0;padding:15pt 0cm 15pt 15pt;\">\n<p class=\"MsoNormal\"><span style=\"color:#100f0f;\">24<\/span><\/p>\n<\/p>\n<\/td>\n<td style=\"background:#F1F0F0;padding:15pt 0cm 15pt 15pt;\">\n<p class=\"MsoNormal\"><span style=\"color:#100f0f;\">62<\/span><\/p>\n<\/p>\n<\/td>\n<\/tr>\n<tr style=\"height:1pt;\">\n<td style=\"background:#FFFFFF;padding:15pt 0cm 15pt 15pt;height:1pt;\">\n<p class=\"MsoNormal\"><strong><span style=\"color:#100f0f;\">720417<\/span><\/strong><\/p>\n<\/p>\n<\/td>\n<td style=\"background:#FFFFFF;padding:15pt 0cm 15pt 15pt;height:1pt;\">\n<p class=\"MsoNormal\"><strong><span style=\"color:#100f0f;\">17<\/span><\/strong><\/p>\n<\/p>\n<\/td>\n<td style=\"background:#FFFFFF;padding:15pt 0cm 15pt 15pt;height:1pt;\">\n<p class=\"MsoNormal\"><strong><span style=\"color:#100f0f;\">25,9<\/span><\/strong><\/p>\n<\/p>\n<\/td>\n<td style=\"background:#FFFFFF;padding:15pt 0cm 15pt 15pt;height:1pt;\">\n<p class=\"MsoNormal\"><strong><span style=\"color:#100f0f;\">24<\/span><\/strong><\/p>\n<\/p>\n<\/td>\n<td style=\"background:#FFFFFF;padding:15pt 0cm 15pt 15pt;height:1pt;\">\n<p class=\"MsoNormal\"><strong><span style=\"color:#100f0f;\">62<\/span><\/strong><\/p>\n<\/p>\n<\/td>\n<\/tr>\n<tr>\n<td style=\"background:#F1F0F0;padding:15pt 0cm 15pt 15pt;\">\n<p class=\"MsoNormal\"><span style=\"color:#100f0f;\">720419<\/span><\/p>\n<\/p>\n<\/td>\n<td style=\"background:#F1F0F0;padding:15pt 0cm 15pt 15pt;\">\n<p class=\"MsoNormal\"><span style=\"color:#100f0f;\">19<\/span><\/p>\n<\/p>\n<\/td>\n<td style=\"background:#F1F0F0;padding:15pt 0cm 15pt 15pt;\">\n<p class=\"MsoNormal\"><span style=\"color:#100f0f;\">25,9<\/span><\/p>\n<\/p>\n<\/td>\n<td style=\"background:#F1F0F0;padding:15pt 0cm 15pt 15pt;\">\n<p class=\"MsoNormal\"><span style=\"color:#100f0f;\">24<\/span><\/p>\n<\/p>\n<\/td>\n<td style=\"background:#F1F0F0;padding:15pt 0cm 15pt 15pt;\">\n<p class=\"MsoNormal\"><span style=\"color:#100f0f;\">62<\/span><\/p>\n<\/p>\n<\/td>\n<\/tr>\n<\/tbody>\n<\/table>","protected":false},"excerpt":{"rendered":"<p>Size\u00c2\u00a0(mm) D2 (mm) T (mm) L (mm) 720404 4 23,9 24 62 720405 5 23,9 24 62 720406 6 23,9 [&hellip;]<\/p>\n","protected":false},"featured_media":80210,"comment_status":"closed","ping_status":"open","template":"","meta":{"site-sidebar-layout":"default","site-content-layout":"","ast-site-content-layout":"default","site-content-style":"default","site-sidebar-style":"default","ast-global-header-display":"","ast-banner-title-visibility":"","ast-main-header-display":"","ast-hfb-above-header-display":"","ast-hfb-below-header-display":"","ast-hfb-mobile-header-display":"","site-post-title":"","ast-breadcrumbs-content":"","ast-featured-img":"","footer-sml-layout":"","ast-disable-related-posts":"","theme-transparent-header-meta":"","adv-header-id-meta":"","stick-header-meta":"","header-above-stick-meta":"","header-main-stick-meta":"","header-below-stick-meta":"","astra-migrate-meta-layouts":"default","ast-page-background-enabled":"default","ast-page-background-meta":{"desktop":{"background-color":"var(--ast-global-color-5)","background-image":"","background-repeat":"repeat","background-position":"center center","background-size":"auto","background-attachment":"scroll","background-type":"","background-media":"","overlay-type":"","overlay-color":"","overlay-opacity":"","overlay-gradient":""},"tablet":{"background-color":"","background-image":"","background-repeat":"repeat","background-position":"center center","background-size":"auto","background-attachment":"scroll","background-type":"","background-media":"","overlay-type":"","overlay-color":"","overlay-opacity":"","overlay-gradient":""},"mobile":{"background-color":"","background-image":"","background-repeat":"repeat","background-position":"center center","background-size":"auto","background-attachment":"scroll","background-type":"","background-media":"","overlay-type":"","overlay-color":"","overlay-opacity":"","overlay-gradient":""}},"ast-content-background-meta":{"desktop":{"background-color":"var(--ast-global-color-4)","background-image":"","background-repeat":"repeat","background-position":"center center","background-size":"auto","background-attachment":"scroll","background-type":"","background-media":"","overlay-type":"","overlay-color":"","overlay-opacity":"","overlay-gradient":""},"tablet":{"background-color":"var(--ast-global-color-4)","background-image":"","background-repeat":"repeat","background-position":"center center","background-size":"auto","background-attachment":"scroll","background-type":"","background-media":"","overlay-type":"","overlay-color":"","overlay-opacity":"","overlay-gradient":""},"mobile":{"background-color":"var(--ast-global-color-4)","background-image":"","background-repeat":"repeat","background-position":"center center","background-size":"auto","background-attachment":"scroll","background-type":"","background-media":"","overlay-type":"","overlay-color":"","overlay-opacity":"","overlay-gradient":""}}},"product_brand":[23],"product_cat":[4348],"product_tag":[],"class_list":{"0":"post-80209","1":"product","2":"type-product","3":"status-publish","4":"has-post-thumbnail","6":"product_brand-asta","7":"product_cat-hex-and-torx-keys","8":"desktop-align-left","9":"tablet-align-left","10":"mobile-align-left","12":"first","13":"instock","14":"taxable","15":"shipping-taxable","16":"purchasable","17":"product-type-simple"},"_links":{"self":[{"href":"https:\/\/leniro.ee\/et\/wp-json\/wp\/v2\/product\/80209","targetHints":{"allow":["GET"]}}],"collection":[{"href":"https:\/\/leniro.ee\/et\/wp-json\/wp\/v2\/product"}],"about":[{"href":"https:\/\/leniro.ee\/et\/wp-json\/wp\/v2\/types\/product"}],"replies":[{"embeddable":true,"href":"https:\/\/leniro.ee\/et\/wp-json\/wp\/v2\/comments?post=80209"}],"wp:featuredmedia":[{"embeddable":true,"href":"https:\/\/leniro.ee\/et\/wp-json\/wp\/v2\/media\/80210"}],"wp:attachment":[{"href":"https:\/\/leniro.ee\/et\/wp-json\/wp\/v2\/media?parent=80209"}],"wp:term":[{"taxonomy":"product_brand","embeddable":true,"href":"https:\/\/leniro.ee\/et\/wp-json\/wp\/v2\/product_brand?post=80209"},{"taxonomy":"product_cat","embeddable":true,"href":"https:\/\/leniro.ee\/et\/wp-json\/wp\/v2\/product_cat?post=80209"},{"taxonomy":"product_tag","embeddable":true,"href":"https:\/\/leniro.ee\/et\/wp-json\/wp\/v2\/product_tag?post=80209"}],"curies":[{"name":"wp","href":"https:\/\/api.w.org\/{rel}","templated":true}]}}