{"id":80201,"date":"2026-04-03T18:44:20","date_gmt":"2026-04-03T18:44:20","guid":{"rendered":"https:\/\/leniro.ee\/toode\/3-4%e2%80%b3-dr-6pt-short-impact-socket\/"},"modified":"2026-04-03T18:44:22","modified_gmt":"2026-04-03T18:44:22","slug":"3-4%e2%80%b3-dr-6pt-luhike-loogipesa","status":"publish","type":"product","link":"https:\/\/leniro.ee\/et\/toode\/3-4%e2%80%b3-dr-6pt-short-impact-socket\/","title":{"rendered":"3\/4\" Dr. 6PT l\u00fchike l\u00f6\u00f6gimuhviga mutter"},"content":{"rendered":"<p><img decoding=\"async\" class=\"wp-image-86721 alignleft\" src=\"http:\/\/www.techman.com.pl\/wp-content\/uploads\/2019\/02\/pobrane-1.jpg\" alt=\"\" width=\"202\" height=\"147\" \/><\/p>\n<\/p>\n<table class=\"MsoNormalTable\" border=\"0\" cellspacing=\"0\" cellpadding=\"0\" width=\"458\" style=\"width:343.5pt;background:#F7F7F7;border-collapse:collapse;\">\n<tbody>\n<tr>\n<td width=\"92\" style=\"width:69pt;background:#FFFFFF;padding:15pt 0cm 15pt 15pt;\">\n<p class=\"MsoNormal\">\n<\/td>\n<td width=\"92\" style=\"width:69pt;background:#FFFFFF;padding:15pt 0cm 15pt 15pt;\">\n<p class=\"MsoNormal\"><span style=\"color:#131111;\"><b>Suurus (mm)<\/b><\/span><\/p>\n<p><b><\/b><\/p>\n<p><b><\/b>\n<\/td>\n<td width=\"92\" style=\"width:69pt;background:#FFFFFF;padding:15pt 0cm 15pt 15pt;\">\n<p class=\"MsoNormal\"><span style=\"color:#131111;\"><b>D1(mm)<\/b><\/span><\/p>\n<p><b><\/b><\/p>\n<p><b><\/b>\n<\/td>\n<td width=\"92\" style=\"width:69pt;background:#FFFFFF;padding:15pt 0cm 15pt 15pt;\">\n<p class=\"MsoNormal\"><span style=\"color:#131111;\"><b>D2 (mm)<\/b><\/span><\/p>\n<p><b><\/b><\/p>\n<p><b><\/b>\n<\/td>\n<td width=\"92\" style=\"width:69pt;background:#FFFFFF;padding:15pt 0cm 15pt 15pt;\">\n<p class=\"MsoNormal\"><span style=\"color:#131111;\"><b>T(mm)<\/b><\/span><\/p>\n<p><b><\/b><\/p>\n<p><b><\/b>\n<\/td>\n<td width=\"92\" style=\"width:69pt;background:#FFFFFF;padding:15pt 0cm 15pt 15pt;\">\n<p class=\"MsoNormal\"><span style=\"color:#131111;\"><b>L (mm)<\/b><\/span><\/p>\n<p><b><\/b><\/p>\n<p><b><\/b>\n<\/td>\n<\/tr>\n<tr>\n<td style=\"background:#F1F0F0;padding:15pt 0cm 15pt 15pt;\">\n<p class=\"MsoNormal\"><span style=\"color:#131111;\">526617P<\/span><\/p>\n<\/p>\n<\/td>\n<td style=\"background:#F1F0F0;padding:15pt 0cm 15pt 15pt;\">\n<p class=\"MsoNormal\"><span style=\"color:#131111;\">17<\/span><\/p>\n<\/p>\n<\/td>\n<td style=\"background:#F1F0F0;padding:15pt 0cm 15pt 15pt;\">\n<p class=\"MsoNormal\"><span style=\"color:#131111;\">30<\/span><\/p>\n<\/p>\n<\/td>\n<td style=\"background:#F1F0F0;padding:15pt 0cm 15pt 15pt;\">\n<p class=\"MsoNormal\"><span style=\"color:#131111;\">38<\/span><\/p>\n<\/p>\n<\/td>\n<td style=\"background:#F1F0F0;padding:15pt 0cm 15pt 15pt;\">\n<p class=\"MsoNormal\"><span style=\"color:#131111;\">14<\/span><\/p>\n<\/p>\n<\/td>\n<td style=\"background:#F1F0F0;padding:15pt 0cm 15pt 15pt;\">\n<p class=\"MsoNormal\"><span style=\"color:#131111;\">51<\/span><\/p>\n<\/p>\n<\/td>\n<\/tr>\n<tr>\n<td style=\"background:#FFFFFF;padding:15pt 0cm 15pt 15pt;\">\n<p class=\"MsoNormal\"><span style=\"color:#131111;\"><b>526619P<\/b><\/span><\/p>\n<p><b><\/b><\/p>\n<p><b><\/b>\n<\/td>\n<td style=\"background:#FFFFFF;padding:15pt 0cm 15pt 15pt;\">\n<p class=\"MsoNormal\"><span style=\"color:#131111;\"><b>19<\/b><\/span><\/p>\n<p><b><\/b><\/p>\n<p><b><\/b>\n<\/td>\n<td style=\"background:#FFFFFF;padding:15pt 0cm 15pt 15pt;\">\n<p class=\"MsoNormal\"><span style=\"color:#131111;\"><b>32<\/b><\/span><\/p>\n<p><b><\/b><\/p>\n<p><b><\/b>\n<\/td>\n<td style=\"background:#FFFFFF;padding:15pt 0cm 15pt 15pt;\">\n<p class=\"MsoNormal\"><span style=\"color:#131111;\"><b>38<\/b><\/span><\/p>\n<p><b><\/b><\/p>\n<p><b><\/b>\n<\/td>\n<td style=\"background:#FFFFFF;padding:15pt 0cm 15pt 15pt;\">\n<p class=\"MsoNormal\"><span style=\"color:#131111;\"><b>14<\/b><\/span><\/p>\n<p><b><\/b><\/p>\n<p><b><\/b>\n<\/td>\n<td style=\"background:#FFFFFF;padding:15pt 0cm 15pt 15pt;\">\n<p class=\"MsoNormal\"><span style=\"color:#131111;\"><b>51<\/b><\/span><\/p>\n<p><b><\/b><\/p>\n<p><b><\/b>\n<\/td>\n<\/tr>\n<tr>\n<td style=\"background:#F1F0F0;padding:15pt 0cm 15pt 15pt;\">\n<p class=\"MsoNormal\"><span style=\"color:#131111;\">526621P<\/span><\/p>\n<\/p>\n<\/td>\n<td style=\"background:#F1F0F0;padding:15pt 0cm 15pt 15pt;\">\n<p class=\"MsoNormal\"><span style=\"color:#131111;\">21<\/span><\/p>\n<\/p>\n<\/td>\n<td style=\"background:#F1F0F0;padding:15pt 0cm 15pt 15pt;\">\n<p class=\"MsoNormal\"><span style=\"color:#131111;\">34<\/span><\/p>\n<\/p>\n<\/td>\n<td style=\"background:#F1F0F0;padding:15pt 0cm 15pt 15pt;\">\n<p class=\"MsoNormal\"><span style=\"color:#131111;\">38<\/span><\/p>\n<\/p>\n<\/td>\n<td style=\"background:#F1F0F0;padding:15pt 0cm 15pt 15pt;\">\n<p class=\"MsoNormal\"><span style=\"color:#131111;\">14<\/span><\/p>\n<\/p>\n<\/td>\n<td style=\"background:#F1F0F0;padding:15pt 0cm 15pt 15pt;\">\n<p class=\"MsoNormal\"><span style=\"color:#131111;\">51<\/span><\/p>\n<\/p>\n<\/td>\n<\/tr>\n<tr>\n<td style=\"background:#FFFFFF;padding:15pt 0cm 15pt 15pt;\">\n<p class=\"MsoNormal\"><span style=\"color:#131111;\">526622P<\/span><\/p>\n<\/p>\n<\/td>\n<td style=\"background:#FFFFFF;padding:15pt 0cm 15pt 15pt;\">\n<p class=\"MsoNormal\"><span style=\"color:#131111;\">22<\/span><\/p>\n<\/p>\n<\/td>\n<td style=\"background:#FFFFFF;padding:15pt 0cm 15pt 15pt;\">\n<p class=\"MsoNormal\"><span style=\"color:#131111;\">35<\/span><\/p>\n<\/p>\n<\/td>\n<td style=\"background:#FFFFFF;padding:15pt 0cm 15pt 15pt;\">\n<p class=\"MsoNormal\"><span style=\"color:#131111;\">38<\/span><\/p>\n<\/p>\n<\/td>\n<td style=\"background:#FFFFFF;padding:15pt 0cm 15pt 15pt;\">\n<p class=\"MsoNormal\"><span style=\"color:#131111;\">14<\/span><\/p>\n<\/p>\n<\/td>\n<td style=\"background:#FFFFFF;padding:15pt 0cm 15pt 15pt;\">\n<p class=\"MsoNormal\"><span style=\"color:#131111;\">51<\/span><\/p>\n<\/p>\n<\/td>\n<\/tr>\n<tr>\n<td style=\"background:#F1F0F0;padding:15pt 0cm 15pt 15pt;\">\n<p class=\"MsoNormal\"><span style=\"color:#131111;\">526623P<\/span><\/p>\n<\/p>\n<\/td>\n<td style=\"background:#F1F0F0;padding:15pt 0cm 15pt 15pt;\">\n<p class=\"MsoNormal\"><span style=\"color:#131111;\">23<\/span><\/p>\n<\/p>\n<\/td>\n<td style=\"background:#F1F0F0;padding:15pt 0cm 15pt 15pt;\">\n<p class=\"MsoNormal\"><span style=\"color:#131111;\">36<\/span><\/p>\n<\/p>\n<\/td>\n<td style=\"background:#F1F0F0;padding:15pt 0cm 15pt 15pt;\">\n<p class=\"MsoNormal\"><span style=\"color:#131111;\">38<\/span><\/p>\n<\/p>\n<\/td>\n<td style=\"background:#F1F0F0;padding:15pt 0cm 15pt 15pt;\">\n<p class=\"MsoNormal\"><span style=\"color:#131111;\">14<\/span><\/p>\n<\/p>\n<\/td>\n<td style=\"background:#F1F0F0;padding:15pt 0cm 15pt 15pt;\">\n<p class=\"MsoNormal\"><span style=\"color:#131111;\">51<\/span><\/p>\n<\/p>\n<\/td>\n<\/tr>\n<tr>\n<td style=\"background:#FFFFFF;padding:15pt 0cm 15pt 15pt;\">\n<p class=\"MsoNormal\"><span style=\"color:#131111;\">526624P<\/span><\/p>\n<\/p>\n<\/td>\n<td style=\"background:#FFFFFF;padding:15pt 0cm 15pt 15pt;\">\n<p class=\"MsoNormal\"><span style=\"color:#131111;\">24<\/span><\/p>\n<\/p>\n<\/td>\n<td style=\"background:#FFFFFF;padding:15pt 0cm 15pt 15pt;\">\n<p class=\"MsoNormal\"><span style=\"color:#131111;\">38<\/span><\/p>\n<\/p>\n<\/td>\n<td style=\"background:#FFFFFF;padding:15pt 0cm 15pt 15pt;\">\n<p class=\"MsoNormal\"><span style=\"color:#131111;\">38<\/span><\/p>\n<\/p>\n<\/td>\n<td style=\"background:#FFFFFF;padding:15pt 0cm 15pt 15pt;\">\n<p class=\"MsoNormal\"><span style=\"color:#131111;\">20<\/span><\/p>\n<\/p>\n<\/td>\n<td style=\"background:#FFFFFF;padding:15pt 0cm 15pt 15pt;\">\n<p class=\"MsoNormal\"><span style=\"color:#131111;\">53<\/span><\/p>\n<\/p>\n<\/td>\n<\/tr>\n<tr>\n<td style=\"background:#F1F0F0;padding:15pt 0cm 15pt 15pt;\">\n<p class=\"MsoNormal\"><span style=\"color:#131111;\">526626P<\/span><\/p>\n<\/p>\n<\/td>\n<td style=\"background:#F1F0F0;padding:15pt 0cm 15pt 15pt;\">\n<p class=\"MsoNormal\"><span style=\"color:#131111;\">26<\/span><\/p>\n<\/p>\n<\/td>\n<td style=\"background:#F1F0F0;padding:15pt 0cm 15pt 15pt;\">\n<p class=\"MsoNormal\"><span style=\"color:#131111;\">38<\/span><\/p>\n<\/p>\n<\/td>\n<td style=\"background:#F1F0F0;padding:15pt 0cm 15pt 15pt;\">\n<p class=\"MsoNormal\"><span style=\"color:#131111;\">38<\/span><\/p>\n<\/p>\n<\/td>\n<td style=\"background:#F1F0F0;padding:15pt 0cm 15pt 15pt;\">\n<p class=\"MsoNormal\"><span style=\"color:#131111;\">20<\/span><\/p>\n<\/p>\n<\/td>\n<td style=\"background:#F1F0F0;padding:15pt 0cm 15pt 15pt;\">\n<p class=\"MsoNormal\"><span style=\"color:#131111;\">51<\/span><\/p>\n<\/p>\n<\/td>\n<\/tr>\n<tr>\n<td style=\"background:#FFFFFF;padding:15pt 0cm 15pt 15pt;\">\n<p class=\"MsoNormal\"><span style=\"color:#131111;\">526627P<\/span><\/p>\n<\/p>\n<\/td>\n<td style=\"background:#FFFFFF;padding:15pt 0cm 15pt 15pt;\">\n<p class=\"MsoNormal\"><span style=\"color:#131111;\">27<\/span><\/p>\n<\/p>\n<\/td>\n<td style=\"background:#FFFFFF;padding:15pt 0cm 15pt 15pt;\">\n<p class=\"MsoNormal\"><span style=\"color:#131111;\">40<\/span><\/p>\n<\/p>\n<\/td>\n<td style=\"background:#FFFFFF;padding:15pt 0cm 15pt 15pt;\">\n<p class=\"MsoNormal\"><span style=\"color:#131111;\">40<\/span><\/p>\n<\/p>\n<\/td>\n<td style=\"background:#FFFFFF;padding:15pt 0cm 15pt 15pt;\">\n<p class=\"MsoNormal\"><span style=\"color:#131111;\">20<\/span><\/p>\n<\/p>\n<\/td>\n<td style=\"background:#FFFFFF;padding:15pt 0cm 15pt 15pt;\">\n<p class=\"MsoNormal\"><span style=\"color:#131111;\">53<\/span><\/p>\n<\/p>\n<\/td>\n<\/tr>\n<tr>\n<td style=\"background:#F1F0F0;padding:15pt 0cm 15pt 15pt;\">\n<p class=\"MsoNormal\"><span style=\"color:#131111;\">526628P<\/span><\/p>\n<\/p>\n<\/td>\n<td style=\"background:#F1F0F0;padding:15pt 0cm 15pt 15pt;\">\n<p class=\"MsoNormal\"><span style=\"color:#131111;\">28<\/span><\/p>\n<\/p>\n<\/td>\n<td style=\"background:#F1F0F0;padding:15pt 0cm 15pt 15pt;\">\n<p class=\"MsoNormal\"><span style=\"color:#131111;\">44<\/span><\/p>\n<\/p>\n<\/td>\n<td style=\"background:#F1F0F0;padding:15pt 0cm 15pt 15pt;\">\n<p class=\"MsoNormal\"><span style=\"color:#131111;\">44<\/span><\/p>\n<\/p>\n<\/td>\n<td style=\"background:#F1F0F0;padding:15pt 0cm 15pt 15pt;\">\n<p class=\"MsoNormal\"><span style=\"color:#131111;\">20<\/span><\/p>\n<\/p>\n<\/td>\n<td style=\"background:#F1F0F0;padding:15pt 0cm 15pt 15pt;\">\n<p class=\"MsoNormal\"><span style=\"color:#131111;\">53<\/span><\/p>\n<\/p>\n<\/td>\n<\/tr>\n<tr>\n<td style=\"background:#FFFFFF;padding:15pt 0cm 15pt 15pt;\">\n<p class=\"MsoNormal\"><span style=\"color:#131111;\">526630P<\/span><\/p>\n<\/p>\n<\/td>\n<td style=\"background:#FFFFFF;padding:15pt 0cm 15pt 15pt;\">\n<p class=\"MsoNormal\"><span style=\"color:#131111;\">30<\/span><\/p>\n<\/p>\n<\/td>\n<td style=\"background:#FFFFFF;padding:15pt 0cm 15pt 15pt;\">\n<p class=\"MsoNormal\"><span style=\"color:#131111;\">44<\/span><\/p>\n<\/p>\n<\/td>\n<td style=\"background:#FFFFFF;padding:15pt 0cm 15pt 15pt;\">\n<p class=\"MsoNormal\"><span style=\"color:#131111;\">44<\/span><\/p>\n<\/p>\n<\/td>\n<td style=\"background:#FFFFFF;padding:15pt 0cm 15pt 15pt;\">\n<p class=\"MsoNormal\"><span style=\"color:#131111;\">20<\/span><\/p>\n<\/p>\n<\/td>\n<td style=\"background:#FFFFFF;padding:15pt 0cm 15pt 15pt;\">\n<p class=\"MsoNormal\"><span style=\"color:#131111;\">53<\/span><\/p>\n<\/p>\n<\/td>\n<\/tr>\n<tr>\n<td style=\"background:#F1F0F0;padding:15pt 0cm 15pt 15pt;\">\n<p class=\"MsoNormal\"><span style=\"color:#131111;\">526632P<\/span><\/p>\n<\/p>\n<\/td>\n<td style=\"background:#F1F0F0;padding:15pt 0cm 15pt 15pt;\">\n<p class=\"MsoNormal\"><span style=\"color:#131111;\">32<\/span><\/p>\n<\/p>\n<\/td>\n<td style=\"background:#F1F0F0;padding:15pt 0cm 15pt 15pt;\">\n<p class=\"MsoNormal\"><span style=\"color:#131111;\">48<\/span><\/p>\n<\/p>\n<\/td>\n<td style=\"background:#F1F0F0;padding:15pt 0cm 15pt 15pt;\">\n<p class=\"MsoNormal\"><span style=\"color:#131111;\">44<\/span><\/p>\n<\/p>\n<\/td>\n<td style=\"background:#F1F0F0;padding:15pt 0cm 15pt 15pt;\">\n<p class=\"MsoNormal\"><span style=\"color:#131111;\">21<\/span><\/p>\n<\/p>\n<\/td>\n<td style=\"background:#F1F0F0;padding:15pt 0cm 15pt 15pt;\">\n<p class=\"MsoNormal\"><span style=\"color:#131111;\">57<\/span><\/p>\n<\/p>\n<\/td>\n<\/tr>\n<tr>\n<td style=\"background:#FFFFFF;padding:15pt 0cm 15pt 15pt;\">\n<p class=\"MsoNormal\"><span style=\"color:#131111;\">526633P<\/span><\/p>\n<\/p>\n<\/td>\n<td style=\"background:#FFFFFF;padding:15pt 0cm 15pt 15pt;\">\n<p class=\"MsoNormal\"><span style=\"color:#131111;\">33<\/span><\/p>\n<\/p>\n<\/td>\n<td style=\"background:#FFFFFF;padding:15pt 0cm 15pt 15pt;\">\n<p class=\"MsoNormal\"><span style=\"color:#131111;\">48<\/span><\/p>\n<\/p>\n<\/td>\n<td style=\"background:#FFFFFF;padding:15pt 0cm 15pt 15pt;\">\n<p class=\"MsoNormal\"><span style=\"color:#131111;\">44<\/span><\/p>\n<\/p>\n<\/td>\n<td style=\"background:#FFFFFF;padding:15pt 0cm 15pt 15pt;\">\n<p class=\"MsoNormal\"><span style=\"color:#131111;\">21<\/span><\/p>\n<\/p>\n<\/td>\n<td style=\"background:#FFFFFF;padding:15pt 0cm 15pt 15pt;\">\n<p class=\"MsoNormal\"><span style=\"color:#131111;\">57<\/span><\/p>\n<\/p>\n<\/td>\n<\/tr>\n<tr>\n<td style=\"background:#F1F0F0;padding:15pt 0cm 15pt 15pt;\">\n<p class=\"MsoNormal\"><span style=\"color:#131111;\">526634P<\/span><\/p>\n<\/p>\n<\/td>\n<td style=\"background:#F1F0F0;padding:15pt 0cm 15pt 15pt;\">\n<p class=\"MsoNormal\"><span style=\"color:#131111;\">34<\/span><\/p>\n<\/p>\n<\/td>\n<td style=\"background:#F1F0F0;padding:15pt 0cm 15pt 15pt;\">\n<p class=\"MsoNormal\"><span style=\"color:#131111;\">48<\/span><\/p>\n<\/p>\n<\/td>\n<td style=\"background:#F1F0F0;padding:15pt 0cm 15pt 15pt;\">\n<p class=\"MsoNormal\"><span style=\"color:#131111;\">44<\/span><\/p>\n<\/p>\n<\/td>\n<td style=\"background:#F1F0F0;padding:15pt 0cm 15pt 15pt;\">\n<p class=\"MsoNormal\"><span style=\"color:#131111;\">21<\/span><\/p>\n<\/p>\n<\/td>\n<td style=\"background:#F1F0F0;padding:15pt 0cm 15pt 15pt;\">\n<p class=\"MsoNormal\"><span style=\"color:#131111;\">57<\/span><\/p>\n<\/p>\n<\/td>\n<\/tr>\n<tr>\n<td style=\"background:#FFFFFF;padding:15pt 0cm 15pt 15pt;\">\n<p class=\"MsoNormal\"><span style=\"color:#131111;\">526636P<\/span><\/p>\n<\/p>\n<\/td>\n<td style=\"background:#FFFFFF;padding:15pt 0cm 15pt 15pt;\">\n<p class=\"MsoNormal\"><span style=\"color:#131111;\">36<\/span><\/p>\n<\/p>\n<\/td>\n<td style=\"background:#FFFFFF;padding:15pt 0cm 15pt 15pt;\">\n<p class=\"MsoNormal\"><span style=\"color:#131111;\">56<\/span><\/p>\n<\/p>\n<\/td>\n<td style=\"background:#FFFFFF;padding:15pt 0cm 15pt 15pt;\">\n<p class=\"MsoNormal\"><span style=\"color:#131111;\">44<\/span><\/p>\n<\/p>\n<\/td>\n<td style=\"background:#FFFFFF;padding:15pt 0cm 15pt 15pt;\">\n<p class=\"MsoNormal\"><span style=\"color:#131111;\">21<\/span><\/p>\n<\/p>\n<\/td>\n<td style=\"background:#FFFFFF;padding:15pt 0cm 15pt 15pt;\">\n<p class=\"MsoNormal\"><span style=\"color:#131111;\">57<\/span><\/p>\n<\/p>\n<\/td>\n<\/tr>\n<tr>\n<td style=\"background:#F1F0F0;padding:15pt 0cm 15pt 15pt;\">\n<p class=\"MsoNormal\"><span style=\"color:#131111;\">526638P<\/span><\/p>\n<\/p>\n<\/td>\n<td style=\"background:#F1F0F0;padding:15pt 0cm 15pt 15pt;\">\n<p class=\"MsoNormal\"><span style=\"color:#131111;\">38<\/span><\/p>\n<\/p>\n<\/td>\n<td style=\"background:#F1F0F0;padding:15pt 0cm 15pt 15pt;\">\n<p class=\"MsoNormal\"><span style=\"color:#131111;\">56<\/span><\/p>\n<\/p>\n<\/td>\n<td style=\"background:#F1F0F0;padding:15pt 0cm 15pt 15pt;\">\n<p class=\"MsoNormal\"><span style=\"color:#131111;\">44<\/span><\/p>\n<\/p>\n<\/td>\n<td style=\"background:#F1F0F0;padding:15pt 0cm 15pt 15pt;\">\n<p class=\"MsoNormal\"><span style=\"color:#131111;\">21<\/span><\/p>\n<\/p>\n<\/td>\n<td style=\"background:#F1F0F0;padding:15pt 0cm 15pt 15pt;\">\n<p class=\"MsoNormal\"><span style=\"color:#131111;\">57<\/span><\/p>\n<\/p>\n<\/td>\n<\/tr>\n<tr>\n<td style=\"background:#FFFFFF;padding:15pt 0cm 15pt 15pt;\">\n<p class=\"MsoNormal\"><span style=\"color:#131111;\">526641P<\/span><\/p>\n<\/p>\n<\/td>\n<td style=\"background:#FFFFFF;padding:15pt 0cm 15pt 15pt;\">\n<p class=\"MsoNormal\"><span style=\"color:#131111;\">41<\/span><\/p>\n<\/p>\n<\/td>\n<td style=\"background:#FFFFFF;padding:15pt 0cm 15pt 15pt;\">\n<p class=\"MsoNormal\"><span style=\"color:#131111;\">60<\/span><\/p>\n<\/p>\n<\/td>\n<td style=\"background:#FFFFFF;padding:15pt 0cm 15pt 15pt;\">\n<p class=\"MsoNormal\"><span style=\"color:#131111;\">44<\/span><\/p>\n<\/p>\n<\/td>\n<td style=\"background:#FFFFFF;padding:15pt 0cm 15pt 15pt;\">\n<p class=\"MsoNormal\"><span style=\"color:#131111;\">22<\/span><\/p>\n<\/p>\n<\/td>\n<td style=\"background:#FFFFFF;padding:15pt 0cm 15pt 15pt;\">\n<p class=\"MsoNormal\"><span style=\"color:#131111;\">57<\/span><\/p>\n<\/p>\n<\/td>\n<\/tr>\n<tr>\n<td style=\"background:#F1F0F0;padding:15pt 0cm 15pt 15pt;\">\n<p class=\"MsoNormal\"><span style=\"color:#131111;\">526646P<\/span><\/p>\n<\/p>\n<\/td>\n<td style=\"background:#F1F0F0;padding:15pt 0cm 15pt 15pt;\">\n<p class=\"MsoNormal\"><span style=\"color:#131111;\">46<\/span><\/p>\n<\/p>\n<\/td>\n<td style=\"background:#F1F0F0;padding:15pt 0cm 15pt 15pt;\">\n<p class=\"MsoNormal\"><span style=\"color:#131111;\">66<\/span><\/p>\n<\/p>\n<\/td>\n<td style=\"background:#F1F0F0;padding:15pt 0cm 15pt 15pt;\">\n<p class=\"MsoNormal\"><span style=\"color:#131111;\">44<\/span><\/p>\n<\/p>\n<\/td>\n<td style=\"background:#F1F0F0;padding:15pt 0cm 15pt 15pt;\">\n<p class=\"MsoNormal\"><span style=\"color:#131111;\">25<\/span><\/p>\n<\/p>\n<\/td>\n<td style=\"background:#F1F0F0;padding:15pt 0cm 15pt 15pt;\">\n<p class=\"MsoNormal\"><span style=\"color:#131111;\">62<\/span><\/p>\n<\/p>\n<\/td>\n<\/tr>\n<tr>\n<td style=\"background:#FFFFFF;padding:15pt 0cm 15pt 15pt;\">\n<p class=\"MsoNormal\"><span style=\"color:#131111;\">526650P<\/span><\/p>\n<\/p>\n<\/td>\n<td style=\"background:#FFFFFF;padding:15pt 0cm 15pt 15pt;\">\n<p class=\"MsoNormal\"><span style=\"color:#131111;\">50<\/span><\/p>\n<\/p>\n<\/td>\n<td style=\"background:#FFFFFF;padding:15pt 0cm 15pt 15pt;\">\n<p class=\"MsoNormal\"><span style=\"color:#131111;\">71<\/span><\/p>\n<\/p>\n<\/td>\n<td style=\"background:#FFFFFF;padding:15pt 0cm 15pt 15pt;\">\n<p class=\"MsoNormal\"><span style=\"color:#131111;\">54<\/span><\/p>\n<\/p>\n<\/td>\n<td style=\"background:#FFFFFF;padding:15pt 0cm 15pt 15pt;\">\n<p class=\"MsoNormal\"><span style=\"color:#131111;\">30<\/span><\/p>\n<\/p>\n<\/td>\n<td style=\"background:#FFFFFF;padding:15pt 0cm 15pt 15pt;\">\n<p class=\"MsoNormal\"><span style=\"color:#131111;\">72<\/span><\/p>\n<\/p>\n<\/td>\n<\/tr>\n<tr>\n<td style=\"background:#F1F0F0;padding:15pt 0cm 15pt 15pt;\">\n<p class=\"MsoNormal\"><span style=\"color:#131111;\">526655P<\/span><\/p>\n<\/p>\n<\/td>\n<td style=\"background:#F1F0F0;padding:15pt 0cm 15pt 15pt;\">\n<p class=\"MsoNormal\"><span style=\"color:#131111;\">55<\/span><\/p>\n<\/p>\n<\/td>\n<td style=\"background:#F1F0F0;padding:15pt 0cm 15pt 15pt;\">\n<p class=\"MsoNormal\"><span style=\"color:#131111;\">78<\/span><\/p>\n<\/p>\n<\/td>\n<td style=\"background:#F1F0F0;padding:15pt 0cm 15pt 15pt;\">\n<p class=\"MsoNormal\"><span style=\"color:#131111;\">54<\/span><\/p>\n<\/p>\n<\/td>\n<td style=\"background:#F1F0F0;padding:15pt 0cm 15pt 15pt;\">\n<p class=\"MsoNormal\"><span style=\"color:#131111;\">32<\/span><\/p>\n<\/p>\n<\/td>\n<td style=\"background:#F1F0F0;padding:15pt 0cm 15pt 15pt;\">\n<p class=\"MsoNormal\"><span style=\"color:#131111;\">74<\/span><\/p>\n<\/p>\n<\/td>\n<\/tr>\n<tr>\n<td style=\"background:#FFFFFF;padding:15pt 0cm 15pt 15pt;\">\n<p class=\"MsoNormal\"><span style=\"color:#131111;\">526660P<\/span><\/p>\n<\/p>\n<\/td>\n<td style=\"background:#FFFFFF;padding:15pt 0cm 15pt 15pt;\">\n<p class=\"MsoNormal\"><span style=\"color:#131111;\">60<\/span><\/p>\n<\/p>\n<\/td>\n<td style=\"background:#FFFFFF;padding:15pt 0cm 15pt 15pt;\">\n<p class=\"MsoNormal\"><span style=\"color:#131111;\">84<\/span><\/p>\n<\/p>\n<\/td>\n<td style=\"background:#FFFFFF;padding:15pt 0cm 15pt 15pt;\">\n<p class=\"MsoNormal\"><span style=\"color:#131111;\">54<\/span><\/p>\n<\/p>\n<\/td>\n<td style=\"background:#FFFFFF;padding:15pt 0cm 15pt 15pt;\">\n<p class=\"MsoNormal\"><span style=\"color:#131111;\">32<\/span><\/p>\n<\/p>\n<\/td>\n<td style=\"background:#FFFFFF;padding:15pt 0cm 15pt 15pt;\">\n<p class=\"MsoNormal\"><span style=\"color:#131111;\">75<\/span><\/p>\n<\/p>\n<\/td>\n<\/tr>\n<tr>\n<td style=\"background:#F1F0F0;padding:15pt 0cm 15pt 15pt;\">\n<p class=\"MsoNormal\"><span style=\"color:#131111;\">526665P<\/span><\/p>\n<\/p>\n<\/td>\n<td style=\"background:#F1F0F0;padding:15pt 0cm 15pt 15pt;\">\n<p class=\"MsoNormal\"><span style=\"color:#131111;\">65<\/span><\/p>\n<\/p>\n<\/td>\n<td style=\"background:#F1F0F0;padding:15pt 0cm 15pt 15pt;\">\n<p class=\"MsoNormal\"><span style=\"color:#131111;\">84<\/span><\/p>\n<\/p>\n<\/td>\n<td style=\"background:#F1F0F0;padding:15pt 0cm 15pt 15pt;\">\n<p class=\"MsoNormal\"><span style=\"color:#131111;\">54<\/span><\/p>\n<\/p>\n<\/td>\n<td style=\"background:#F1F0F0;padding:15pt 0cm 15pt 15pt;\">\n<p class=\"MsoNormal\"><span style=\"color:#131111;\">32<\/span><\/p>\n<\/p>\n<\/td>\n<td style=\"background:#F1F0F0;padding:15pt 0cm 15pt 15pt;\">\n<p class=\"MsoNormal\"><span style=\"color:#131111;\">75<\/span><\/p>\n<\/p>\n<\/td>\n<\/tr>\n<\/tbody>\n<\/table><\/p>","protected":false},"excerpt":{"rendered":"<p>Size(mm) D1(mm) D2(mm) T(mm) L(mm) 526617P 17 30 38 14 51 526619P 19 32 38 14 51 526621P 21 34 [&hellip;]<\/p>\n","protected":false},"featured_media":80202,"comment_status":"closed","ping_status":"open","template":"","meta":{"site-sidebar-layout":"default","site-content-layout":"","ast-site-content-layout":"default","site-content-style":"default","site-sidebar-style":"default","ast-global-header-display":"","ast-banner-title-visibility":"","ast-main-header-display":"","ast-hfb-above-header-display":"","ast-hfb-below-header-display":"","ast-hfb-mobile-header-display":"","site-post-title":"","ast-breadcrumbs-content":"","ast-featured-img":"","footer-sml-layout":"","ast-disable-related-posts":"","theme-transparent-header-meta":"","adv-header-id-meta":"","stick-header-meta":"","header-above-stick-meta":"","header-main-stick-meta":"","header-below-stick-meta":"","astra-migrate-meta-layouts":"default","ast-page-background-enabled":"default","ast-page-background-meta":{"desktop":{"background-color":"var(--ast-global-color-5)","background-image":"","background-repeat":"repeat","background-position":"center center","background-size":"auto","background-attachment":"scroll","background-type":"","background-media":"","overlay-type":"","overlay-color":"","overlay-opacity":"","overlay-gradient":""},"tablet":{"background-color":"","background-image":"","background-repeat":"repeat","background-position":"center center","background-size":"auto","background-attachment":"scroll","background-type":"","background-media":"","overlay-type":"","overlay-color":"","overlay-opacity":"","overlay-gradient":""},"mobile":{"background-color":"","background-image":"","background-repeat":"repeat","background-position":"center center","background-size":"auto","background-attachment":"scroll","background-type":"","background-media":"","overlay-type":"","overlay-color":"","overlay-opacity":"","overlay-gradient":""}},"ast-content-background-meta":{"desktop":{"background-color":"var(--ast-global-color-4)","background-image":"","background-repeat":"repeat","background-position":"center center","background-size":"auto","background-attachment":"scroll","background-type":"","background-media":"","overlay-type":"","overlay-color":"","overlay-opacity":"","overlay-gradient":""},"tablet":{"background-color":"var(--ast-global-color-4)","background-image":"","background-repeat":"repeat","background-position":"center center","background-size":"auto","background-attachment":"scroll","background-type":"","background-media":"","overlay-type":"","overlay-color":"","overlay-opacity":"","overlay-gradient":""},"mobile":{"background-color":"var(--ast-global-color-4)","background-image":"","background-repeat":"repeat","background-position":"center center","background-size":"auto","background-attachment":"scroll","background-type":"","background-media":"","overlay-type":"","overlay-color":"","overlay-opacity":"","overlay-gradient":""}}},"product_brand":[23],"product_cat":[4349],"product_tag":[],"class_list":{"0":"post-80201","1":"product","2":"type-product","3":"status-publish","4":"has-post-thumbnail","6":"product_brand-asta","7":"product_cat-3-4","8":"desktop-align-left","9":"tablet-align-left","10":"mobile-align-left","12":"first","13":"instock","14":"taxable","15":"shipping-taxable","16":"purchasable","17":"product-type-simple"},"_links":{"self":[{"href":"https:\/\/leniro.ee\/et\/wp-json\/wp\/v2\/product\/80201","targetHints":{"allow":["GET"]}}],"collection":[{"href":"https:\/\/leniro.ee\/et\/wp-json\/wp\/v2\/product"}],"about":[{"href":"https:\/\/leniro.ee\/et\/wp-json\/wp\/v2\/types\/product"}],"replies":[{"embeddable":true,"href":"https:\/\/leniro.ee\/et\/wp-json\/wp\/v2\/comments?post=80201"}],"wp:featuredmedia":[{"embeddable":true,"href":"https:\/\/leniro.ee\/et\/wp-json\/wp\/v2\/media\/80202"}],"wp:attachment":[{"href":"https:\/\/leniro.ee\/et\/wp-json\/wp\/v2\/media?parent=80201"}],"wp:term":[{"taxonomy":"product_brand","embeddable":true,"href":"https:\/\/leniro.ee\/et\/wp-json\/wp\/v2\/product_brand?post=80201"},{"taxonomy":"product_cat","embeddable":true,"href":"https:\/\/leniro.ee\/et\/wp-json\/wp\/v2\/product_cat?post=80201"},{"taxonomy":"product_tag","embeddable":true,"href":"https:\/\/leniro.ee\/et\/wp-json\/wp\/v2\/product_tag?post=80201"}],"curies":[{"name":"wp","href":"https:\/\/api.w.org\/{rel}","templated":true}]}}