{"id":80115,"date":"2026-04-03T18:44:10","date_gmt":"2026-04-03T18:44:10","guid":{"rendered":"https:\/\/leniro.ee\/toode\/6pc-adjustable-hook-pin-wrench-set\/"},"modified":"2026-04-03T18:44:11","modified_gmt":"2026-04-03T18:44:11","slug":"6tk-reguleeritava-konksu-votmekomplekt","status":"publish","type":"product","link":"https:\/\/leniro.ee\/et\/toode\/6pc-adjustable-hook-pin-wrench-set\/","title":{"rendered":"6-OSALINE REGULEERITAV KONKSU- JA TIHVTIV\u00d5TMETE KOMPLEKT"},"content":{"rendered":"<table style=\"border:0px;margin:0px;padding:0px;list-style-type:none;border-collapse:collapse;border-spacing:0px;font-family:'Titillium Web', sans-serif;font-size:16px;background-color:#f7f7f7;\">\n<tbody style=\"border:0px;margin:0px;padding:0px;list-style-type:none;\">\n<tr style=\"border:0px;margin:0px;padding:0px;list-style-type:none;background:#ffffff;\">\n<th style=\"border:0px;margin:0px;padding:0px 0px 0px 20px;list-style-type:none;font-size:.85em;font-family:Muli;text-align:left;color:#636363;\">L\u00e4bim\u00f5\u00f5t (mm)<\/th>\n<th style=\"border:0px;margin:0px;padding:0px 0px 0px 20px;list-style-type:none;font-size:.85em;font-family:Muli;text-align:left;color:#636363;\">Konksu s\u00fcgavus (mm)_<\/th>\n<th style=\"border:0px;margin:0px;padding:0px 0px 0px 20px;list-style-type:none;font-size:.85em;font-family:Muli;text-align:left;color:#636363;\">Konksu paksus (mm)<\/th>\n<th style=\"border:0px;margin:0px;padding:0px 0px 0px 20px;list-style-type:none;font-size:.85em;font-family:Muli;text-align:left;color:#636363;\">Kogupikkus (tollides)<\/th>\n<\/tr>\n<tr style=\"border:0px;margin:0px;padding:0px;list-style-type:none;background:#f1f0f0;\">\n<td style=\"border:0px;margin:0px;padding:20px 0px 20px 20px;list-style-type:none;font-size:.85em;font-family:Muli;color:#636363;\"><\/td>\n<td style=\"border:0px;margin:0px;padding:20px 0px 20px 20px;list-style-type:none;font-size:.85em;font-family:Muli;color:#636363;\"><\/td>\n<td style=\"border:0px;margin:0px;padding:20px 0px 20px 20px;list-style-type:none;font-size:.85em;font-family:Muli;color:#636363;\"><\/td>\n<td style=\"border:0px;margin:0px;padding:20px 0px 20px 20px;list-style-type:none;font-size:.85em;font-family:Muli;color:#636363;\"><\/td>\n<\/tr>\n<tr style=\"border:0px;margin:0px;padding:0px;list-style-type:none;background:#ffffff;\">\n<td style=\"border:0px;margin:0px;padding:20px 0px 20px 20px;list-style-type:none;font-size:.85em;font-family:Muli;color:#636363;\">35-60<\/td>\n<td style=\"border:0px;margin:0px;padding:20px 0px 20px 20px;list-style-type:none;font-size:.85em;font-family:Muli;color:#636363;\">2.8<\/td>\n<td style=\"border:0px;margin:0px;padding:20px 0px 20px 20px;list-style-type:none;font-size:.85em;font-family:Muli;color:#636363;\">5<\/td>\n<td style=\"border:0px;margin:0px;padding:20px 0px 20px 20px;list-style-type:none;font-size:.85em;font-family:Muli;color:#636363;\">175<\/td>\n<\/tr>\n<tr style=\"border:0px;margin:0px;padding:0px;list-style-type:none;background:#f1f0f0;\">\n<td style=\"border:0px;margin:0px;padding:20px 0px 20px 20px;list-style-type:none;font-size:.85em;font-family:Muli;color:#636363;\">60-90<\/td>\n<td style=\"border:0px;margin:0px;padding:20px 0px 20px 20px;list-style-type:none;font-size:.85em;font-family:Muli;color:#636363;\">3<\/td>\n<td style=\"border:0px;margin:0px;padding:20px 0px 20px 20px;list-style-type:none;font-size:.85em;font-family:Muli;color:#636363;\">10<\/td>\n<td style=\"border:0px;margin:0px;padding:20px 0px 20px 20px;list-style-type:none;font-size:.85em;font-family:Muli;color:#636363;\">200<\/td>\n<\/tr>\n<tr style=\"border:0px;margin:0px;padding:0px;list-style-type:none;background:#ffffff;\">\n<td style=\"border:0px;margin:0px;padding:20px 0px 20px 20px;list-style-type:none;font-size:.85em;font-family:Muli;color:#636363;\">90-120<\/td>\n<td style=\"border:0px;margin:0px;padding:20px 0px 20px 20px;list-style-type:none;font-size:.85em;font-family:Muli;color:#636363;\">4<\/td>\n<td style=\"border:0px;margin:0px;padding:20px 0px 20px 20px;list-style-type:none;font-size:.85em;font-family:Muli;color:#636363;\">12<\/td>\n<td style=\"border:0px;margin:0px;padding:20px 0px 20px 20px;list-style-type:none;font-size:.85em;font-family:Muli;color:#636363;\">290<\/td>\n<\/tr>\n<\/tbody>\n<\/table>","protected":false},"excerpt":{"rendered":"<p>Span Diameter (mm) Hook Depth (mm)_ Grubo\u015b\u0107 haka (mm) D\u0142ugo\u015b\u0107 ca\u0142kowita (cale) 35-60 2.8 5 175 60-90 3 10 200 [&hellip;]<\/p>\n","protected":false},"featured_media":80116,"comment_status":"closed","ping_status":"open","template":"","meta":{"site-sidebar-layout":"default","site-content-layout":"","ast-site-content-layout":"default","site-content-style":"default","site-sidebar-style":"default","ast-global-header-display":"","ast-banner-title-visibility":"","ast-main-header-display":"","ast-hfb-above-header-display":"","ast-hfb-below-header-display":"","ast-hfb-mobile-header-display":"","site-post-title":"","ast-breadcrumbs-content":"","ast-featured-img":"","footer-sml-layout":"","ast-disable-related-posts":"","theme-transparent-header-meta":"","adv-header-id-meta":"","stick-header-meta":"","header-above-stick-meta":"","header-main-stick-meta":"","header-below-stick-meta":"","astra-migrate-meta-layouts":"default","ast-page-background-enabled":"default","ast-page-background-meta":{"desktop":{"background-color":"var(--ast-global-color-5)","background-image":"","background-repeat":"repeat","background-position":"center center","background-size":"auto","background-attachment":"scroll","background-type":"","background-media":"","overlay-type":"","overlay-color":"","overlay-opacity":"","overlay-gradient":""},"tablet":{"background-color":"","background-image":"","background-repeat":"repeat","background-position":"center center","background-size":"auto","background-attachment":"scroll","background-type":"","background-media":"","overlay-type":"","overlay-color":"","overlay-opacity":"","overlay-gradient":""},"mobile":{"background-color":"","background-image":"","background-repeat":"repeat","background-position":"center center","background-size":"auto","background-attachment":"scroll","background-type":"","background-media":"","overlay-type":"","overlay-color":"","overlay-opacity":"","overlay-gradient":""}},"ast-content-background-meta":{"desktop":{"background-color":"var(--ast-global-color-4)","background-image":"","background-repeat":"repeat","background-position":"center center","background-size":"auto","background-attachment":"scroll","background-type":"","background-media":"","overlay-type":"","overlay-color":"","overlay-opacity":"","overlay-gradient":""},"tablet":{"background-color":"var(--ast-global-color-4)","background-image":"","background-repeat":"repeat","background-position":"center center","background-size":"auto","background-attachment":"scroll","background-type":"","background-media":"","overlay-type":"","overlay-color":"","overlay-opacity":"","overlay-gradient":""},"mobile":{"background-color":"var(--ast-global-color-4)","background-image":"","background-repeat":"repeat","background-position":"center center","background-size":"auto","background-attachment":"scroll","background-type":"","background-media":"","overlay-type":"","overlay-color":"","overlay-opacity":"","overlay-gradient":""}}},"product_brand":[23],"product_cat":[4318],"product_tag":[],"class_list":{"0":"post-80115","1":"product","2":"type-product","3":"status-publish","4":"has-post-thumbnail","6":"product_brand-asta","7":"product_cat-additional-engine-tools","8":"desktop-align-left","9":"tablet-align-left","10":"mobile-align-left","12":"first","13":"instock","14":"taxable","15":"shipping-taxable","16":"purchasable","17":"product-type-simple"},"_links":{"self":[{"href":"https:\/\/leniro.ee\/et\/wp-json\/wp\/v2\/product\/80115","targetHints":{"allow":["GET"]}}],"collection":[{"href":"https:\/\/leniro.ee\/et\/wp-json\/wp\/v2\/product"}],"about":[{"href":"https:\/\/leniro.ee\/et\/wp-json\/wp\/v2\/types\/product"}],"replies":[{"embeddable":true,"href":"https:\/\/leniro.ee\/et\/wp-json\/wp\/v2\/comments?post=80115"}],"wp:featuredmedia":[{"embeddable":true,"href":"https:\/\/leniro.ee\/et\/wp-json\/wp\/v2\/media\/80116"}],"wp:attachment":[{"href":"https:\/\/leniro.ee\/et\/wp-json\/wp\/v2\/media?parent=80115"}],"wp:term":[{"taxonomy":"product_brand","embeddable":true,"href":"https:\/\/leniro.ee\/et\/wp-json\/wp\/v2\/product_brand?post=80115"},{"taxonomy":"product_cat","embeddable":true,"href":"https:\/\/leniro.ee\/et\/wp-json\/wp\/v2\/product_cat?post=80115"},{"taxonomy":"product_tag","embeddable":true,"href":"https:\/\/leniro.ee\/et\/wp-json\/wp\/v2\/product_tag?post=80115"}],"curies":[{"name":"wp","href":"https:\/\/api.w.org\/{rel}","templated":true}]}}