{"id":80087,"date":"2026-04-03T18:44:05","date_gmt":"2026-04-03T18:44:05","guid":{"rendered":"https:\/\/leniro.ee\/toode\/air-operated-waste-oil-drainer-2\/"},"modified":"2026-04-03T18:44:07","modified_gmt":"2026-04-03T18:44:07","slug":"air-operated-waste-oil-drainer-2","status":"publish","type":"product","link":"https:\/\/leniro.ee\/et\/toode\/air-operated-waste-oil-drainer-2\/","title":{"rendered":"\u00d5HUGA T\u00d6\u00d6TAV \u00d5LIJ\u00c4\u00c4TMETE T\u00dcHJENDAJA"},"content":{"rendered":"<table class=\"MsoTableGrid\" border=\"1\" cellspacing=\"0\" cellpadding=\"0\" style=\"height:622px;border-collapse:collapse;border:none;\" width=\"534\">\n<tbody>\n<tr style=\"height:25.8pt;\">\n<td width=\"307\" valign=\"top\" style=\"width:230.3pt;border:none;padding:0cm 5.4pt 0cm 5.4pt;height:25.8pt;\">\n<p class=\"MsoNormal\" style=\"margin-bottom:.0001pt;line-height:normal;\"><strong><span style=\"color:#0b0909;\">Mahuti mahutavus<\/span><\/strong><\/p>\n<\/p>\n<\/td>\n<td width=\"307\" valign=\"top\" style=\"width:230.3pt;border:none;padding:0cm 5.4pt 0cm 5.4pt;height:25.8pt;\">\n<p class=\"MsoNormal\" style=\"margin-bottom:.0001pt;line-height:normal;\"><span style=\"color:#0b0909;\">65 l<\/span><\/p>\n<\/p>\n<\/td>\n<\/tr>\n<tr style=\"height:25.8pt;\">\n<td width=\"307\" valign=\"top\" style=\"width:230.3pt;border:none;padding:0cm 5.4pt 0cm 5.4pt;height:25.8pt;\">\n<p class=\"MsoNormal\" style=\"margin-bottom:.0001pt;line-height:normal;\"><strong><span lang=\"en-us\" style=\"color:#0b0909;\" xml_lang=\"en-us\">Mahutavus t\u00e4ita vedelikuga\u00a0<\/span><\/strong><\/p>\n<\/p>\n<\/td>\n<td width=\"307\" valign=\"top\" style=\"width:230.3pt;border:none;padding:0cm 5.4pt 0cm 5.4pt;height:25.8pt;\">\n<p class=\"MsoNormal\" style=\"margin-bottom:.0001pt;line-height:normal;\"><span style=\"color:#0b0909;\">42-45 l<\/span><\/p>\n<\/p>\n<\/td>\n<\/tr>\n<tr style=\"height:25.8pt;\">\n<td width=\"307\" valign=\"top\" style=\"width:230.3pt;border:none;padding:0cm 5.4pt 0cm 5.4pt;height:25.8pt;\">\n<p class=\"MsoNormal\" style=\"margin-bottom:.0001pt;line-height:normal;\"><strong><span style=\"color:#0b0909;\">Suction air pressure<\/span><\/strong><\/p>\n<\/p>\n<\/td>\n<td width=\"307\" valign=\"top\" style=\"width:230.3pt;border:none;padding:0cm 5.4pt 0cm 5.4pt;height:25.8pt;\">\n<p class=\"MsoNormal\" style=\"margin-bottom:.0001pt;line-height:normal;\"><span style=\"color:#0b0909;\">7-8 baari<\/span><\/p>\n<\/p>\n<\/td>\n<\/tr>\n<tr style=\"height:25.8pt;\">\n<td width=\"307\" valign=\"top\" style=\"width:230.3pt;border:none;padding:0cm 5.4pt 0cm 5.4pt;height:25.8pt;\">\n<p class=\"MsoNormal\" style=\"margin-bottom:.0001pt;line-height:normal;\"><strong><span style=\"color:#0b0909;\">Aja lahtipitseerimine\u00a0<\/span><\/strong><\/p>\n<\/p>\n<\/td>\n<td width=\"307\" valign=\"top\" style=\"width:230.3pt;border:none;padding:0cm 5.4pt 0cm 5.4pt;height:25.8pt;\">\n<p class=\"MsoNormal\" style=\"margin-bottom:.0001pt;line-height:normal;\"><span style=\"color:#0b0909;\">120-150 <span>\u00a0<\/span>s<\/span><\/p>\n<\/p>\n<\/td>\n<\/tr>\n<tr style=\"height:25.8pt;\">\n<td width=\"307\" valign=\"top\" style=\"width:230.3pt;border:none;padding:0cm 5.4pt 0cm 5.4pt;height:25.8pt;\">\n<p class=\"MsoNormal\" style=\"margin-bottom:.0001pt;line-height:normal;\"><strong><span style=\"color:#0b0909;\">Imemisv\u00f5imsus\u00a0<\/span><\/strong><\/p>\n<\/p>\n<\/td>\n<td width=\"307\" valign=\"top\" style=\"width:230.3pt;border:none;padding:0cm 5.4pt 0cm 5.4pt;height:25.8pt;\">\n<p class=\"MsoNormal\" style=\"margin-bottom:.0001pt;line-height:normal;\"><span style=\"color:#0b0909;\">1,5-2 l\/min<\/span><\/p>\n<\/p>\n<\/td>\n<\/tr>\n<tr style=\"height:25.8pt;\">\n<td width=\"307\" valign=\"top\" style=\"width:230.3pt;border:none;padding:0cm 5.4pt 0cm 5.4pt;height:25.8pt;\">\n<p class=\"MsoNormal\" style=\"margin-bottom:.0001pt;line-height:normal;\"><strong><span style=\"color:#0b0909;\">Imitoru pikkus\u00a0<\/span><\/strong><\/p>\n<\/p>\n<\/td>\n<td width=\"307\" valign=\"top\" style=\"width:230.3pt;border:none;padding:0cm 5.4pt 0cm 5.4pt;height:25.8pt;\">\n<p class=\"MsoNormal\" style=\"margin-bottom:.0001pt;line-height:normal;\"><span style=\"color:#0b0909;\">2000 mm<\/span><\/p>\n<\/p>\n<\/td>\n<\/tr>\n<tr style=\"height:25.8pt;\">\n<td width=\"307\" valign=\"top\" style=\"width:230.3pt;border:none;padding:0cm 5.4pt 0cm 5.4pt;height:25.8pt;\">\n<p class=\"MsoNormal\" style=\"margin-bottom:.0001pt;line-height:normal;\"><strong><span lang=\"en-us\" style=\"color:#0b0909;\" xml_lang=\"en-us\">Drenaa\u017ei maksimaalne t\u00f6\u00f6r\u00f5hk<\/span><\/strong><\/p>\n<\/p>\n<\/td>\n<td width=\"307\" valign=\"top\" style=\"width:230.3pt;border:none;padding:0cm 5.4pt 0cm 5.4pt;height:25.8pt;\">\n<p class=\"MsoNormal\" style=\"margin-bottom:.0001pt;line-height:normal;\"><span style=\"color:#0b0909;\">45 l<\/span><\/p>\n<\/p>\n<\/td>\n<\/tr>\n<tr style=\"height:25.8pt;\">\n<td width=\"307\" valign=\"top\" style=\"width:230.3pt;border:none;padding:0cm 5.4pt 0cm 5.4pt;height:25.8pt;\">\n<p class=\"MsoNormal\" style=\"margin-bottom:.0001pt;line-height:normal;\"><strong><span lang=\"en-us\" style=\"color:#0b0909;\" xml_lang=\"en-us\">Drenaa\u017ei maksimaalne t\u00f6\u00f6r\u00f5hk<\/span><\/strong><\/p>\n<\/p>\n<\/td>\n<td width=\"307\" valign=\"top\" style=\"width:230.3pt;border:none;padding:0cm 5.4pt 0cm 5.4pt;height:25.8pt;\">\n<p class=\"MsoNormal\" style=\"margin-bottom:.0001pt;line-height:normal;\"><span style=\"color:#0b0909;\">1 baar<\/span><\/p>\n<\/p>\n<\/td>\n<\/tr>\n<tr style=\"height:25.8pt;\">\n<td width=\"307\" valign=\"top\" style=\"width:230.3pt;border:none;padding:0cm 5.4pt 0cm 5.4pt;height:25.8pt;\">\n<p class=\"MsoNormal\" style=\"margin-bottom:.0001pt;line-height:normal;\"><strong><span style=\"color:#0b0909;\">T\u00fchjendusjuhtme pikkus<\/span><\/strong><\/p>\n<\/p>\n<\/td>\n<td width=\"307\" valign=\"top\" style=\"width:230.3pt;border:none;padding:0cm 5.4pt 0cm 5.4pt;height:25.8pt;\">\n<p class=\"MsoNormal\" style=\"margin-bottom:.0001pt;line-height:normal;\"><span style=\"color:#0b0909;\">2000 mm<\/span><\/p>\n<\/td>\n<\/tr>\n<tr style=\"height:25.8pt;\">\n<td width=\"307\" valign=\"top\" style=\"width:230.3pt;border:none;padding:0cm 5.4pt 0cm 5.4pt;height:25.8pt;\">\n<p class=\"MsoNormal\" style=\"margin-bottom:.0001pt;line-height:normal;\"><strong><span style=\"color:#0b0909;\">\u00d5hu sisselaskeava pistikupesa\u00a0<\/span><\/strong><\/p>\n<\/p>\n<\/td>\n<td width=\"307\" valign=\"top\" style=\"width:230.3pt;border:none;padding:0cm 5.4pt 0cm 5.4pt;height:25.8pt;\">\n<p class=\"MsoNormal\" style=\"margin-bottom:.0001pt;line-height:normal;\"><span style=\"color:#0b0909;\">1\/4&#8243; (szybkoz\u0142\u0105czka); <\/span><\/p>\n<p class=\"MsoNormal\" style=\"margin-bottom:.0001pt;line-height:normal;\"><span style=\"color:#0b0909;\">1\/4&#8243; NPT, nakr\u0119tna<\/span><\/p>\n<\/p>\n<\/td>\n<\/tr>\n<\/tbody>\n<\/table>","protected":false},"excerpt":{"rendered":"<p>Tank capacity 65 l Capacity to fill with liquid\u00a0 42-45 l Suction air pressure 7-8 bar Time unsealing\u00a0 120-150 \u00a0s [&hellip;]<\/p>\n","protected":false},"featured_media":80088,"comment_status":"closed","ping_status":"open","template":"","meta":{"site-sidebar-layout":"default","site-content-layout":"","ast-site-content-layout":"default","site-content-style":"default","site-sidebar-style":"default","ast-global-header-display":"","ast-banner-title-visibility":"","ast-main-header-display":"","ast-hfb-above-header-display":"","ast-hfb-below-header-display":"","ast-hfb-mobile-header-display":"","site-post-title":"","ast-breadcrumbs-content":"","ast-featured-img":"","footer-sml-layout":"","ast-disable-related-posts":"","theme-transparent-header-meta":"","adv-header-id-meta":"","stick-header-meta":"","header-above-stick-meta":"","header-main-stick-meta":"","header-below-stick-meta":"","astra-migrate-meta-layouts":"default","ast-page-background-enabled":"default","ast-page-background-meta":{"desktop":{"background-color":"var(--ast-global-color-5)","background-image":"","background-repeat":"repeat","background-position":"center center","background-size":"auto","background-attachment":"scroll","background-type":"","background-media":"","overlay-type":"","overlay-color":"","overlay-opacity":"","overlay-gradient":""},"tablet":{"background-color":"","background-image":"","background-repeat":"repeat","background-position":"center center","background-size":"auto","background-attachment":"scroll","background-type":"","background-media":"","overlay-type":"","overlay-color":"","overlay-opacity":"","overlay-gradient":""},"mobile":{"background-color":"","background-image":"","background-repeat":"repeat","background-position":"center center","background-size":"auto","background-attachment":"scroll","background-type":"","background-media":"","overlay-type":"","overlay-color":"","overlay-opacity":"","overlay-gradient":""}},"ast-content-background-meta":{"desktop":{"background-color":"var(--ast-global-color-4)","background-image":"","background-repeat":"repeat","background-position":"center center","background-size":"auto","background-attachment":"scroll","background-type":"","background-media":"","overlay-type":"","overlay-color":"","overlay-opacity":"","overlay-gradient":""},"tablet":{"background-color":"var(--ast-global-color-4)","background-image":"","background-repeat":"repeat","background-position":"center center","background-size":"auto","background-attachment":"scroll","background-type":"","background-media":"","overlay-type":"","overlay-color":"","overlay-opacity":"","overlay-gradient":""},"mobile":{"background-color":"var(--ast-global-color-4)","background-image":"","background-repeat":"repeat","background-position":"center center","background-size":"auto","background-attachment":"scroll","background-type":"","background-media":"","overlay-type":"","overlay-color":"","overlay-opacity":"","overlay-gradient":""}}},"product_brand":[23],"product_cat":[4332],"product_tag":[],"class_list":{"0":"post-80087","1":"product","2":"type-product","3":"status-publish","4":"has-post-thumbnail","6":"product_brand-asta","7":"product_cat-oil-grease","8":"desktop-align-left","9":"tablet-align-left","10":"mobile-align-left","12":"first","13":"instock","14":"taxable","15":"shipping-taxable","16":"purchasable","17":"product-type-simple"},"_links":{"self":[{"href":"https:\/\/leniro.ee\/et\/wp-json\/wp\/v2\/product\/80087","targetHints":{"allow":["GET"]}}],"collection":[{"href":"https:\/\/leniro.ee\/et\/wp-json\/wp\/v2\/product"}],"about":[{"href":"https:\/\/leniro.ee\/et\/wp-json\/wp\/v2\/types\/product"}],"replies":[{"embeddable":true,"href":"https:\/\/leniro.ee\/et\/wp-json\/wp\/v2\/comments?post=80087"}],"wp:featuredmedia":[{"embeddable":true,"href":"https:\/\/leniro.ee\/et\/wp-json\/wp\/v2\/media\/80088"}],"wp:attachment":[{"href":"https:\/\/leniro.ee\/et\/wp-json\/wp\/v2\/media?parent=80087"}],"wp:term":[{"taxonomy":"product_brand","embeddable":true,"href":"https:\/\/leniro.ee\/et\/wp-json\/wp\/v2\/product_brand?post=80087"},{"taxonomy":"product_cat","embeddable":true,"href":"https:\/\/leniro.ee\/et\/wp-json\/wp\/v2\/product_cat?post=80087"},{"taxonomy":"product_tag","embeddable":true,"href":"https:\/\/leniro.ee\/et\/wp-json\/wp\/v2\/product_tag?post=80087"}],"curies":[{"name":"wp","href":"https:\/\/api.w.org\/{rel}","templated":true}]}}